{"id":34871,"date":"2026-03-17T18:11:33","date_gmt":"2026-03-17T17:11:33","guid":{"rendered":"https:\/\/kobra.si\/spletna-trgovina-kobra\/mini-racunalnik-geekom-a6-z-amd-ryzen-7-6800-16-gb-1-tb-windows-11-pro\/"},"modified":"2026-04-21T21:05:55","modified_gmt":"2026-04-21T19:05:55","slug":"mini-racunalnik-geekom-a6-z-amd-ryzen-7-6800-16-gb-1-tb-windows-11-pro","status":"publish","type":"product","link":"https:\/\/kobra.si\/en\/spletna-trgovina-kobra\/mini-racunalnik-geekom-a6-z-amd-ryzen-7-6800-16-gb-1-tb-windows-11-pro\/","title":{"rendered":"Mini ra\u010dunalnik GEEKOM A6 z AMD Ryzen\u2122 7 6800, 16 GB, 1 TB + Windows 11 Pro"},"content":{"rendered":"<h3>Mini ra\u010dunalnik GEEKOM A6 z AMD Ryzen\u2122 7 6800, 16 GB, 1 TB + Windows 11 Pro<\/h3>\n<p>GEEKOM A6 z AMD Ryzen\u2122 7 6800H + 16 GB DDR5 + 1 TB SSD je kompakten, a izjemno zmogljiv ra\u010dunalnik z dimenzijami le 10 \u00d7 10 cm, zasnovan za ve\u010dopravilnost, ustvarjalne aplikacije in IT-okolja. Procesor Ryzen\u2122 7 6800H v kombinaciji z grafi\u010dno kartico Radeon\u2122 680M zagotavlja nemoteno delovanje zahtevnih aplikacij, podporo za ve\u010d 4K monitorjev in u\u010dinkovito multimedijsko obdelavo. Hiter pomnilnik DDR5 in SSD-pomnilnik zagotavljata bliskovito zagon sistema in aplikacij, medtem ko vam 2 \u00d7 USB4 in 2 \u00d7 HDMI-priklju\u010dki omogo\u010dajo raz\u0161iritev delovne postaje z dodatno opremo. Poleg tega 2,5 Gb\/s Ethernet in WiFi 6E zagotavljata stabilno in hitro omre\u017eno povezavo.<\/p>\n<p>\n<img decoding=\"async\" alt=\"2 gray Geekom Mini PCs on a dark table, orange backlight in the background\" border=\"0\" src=\"https:\/\/assets.innpro.pl\/19836\/26434\/1.jpg\" title=\"\">\n<\/p>\n<h3>Vsestranska zmogljivost Ryzen\u2122 7<\/h3>\n<p>Srce naprave je procesor AMD Ryzen\u2122 7 6800H, ki v kombinaciji z grafi\u010dno kartico Radeon\u2122 680M zagotavlja gladko in odzivno delovanje v pisarni\u0161kih, ustvarjalnih in zabavnih okoljih. Ra\u010dunalnik je idealen za delo na daljavo, IT-okolja, urejanje videov, produkcijo glasbe in celo za lahke do srednje zahtevne igre. S hitrim 1 TB SSD-jem in 16 GB pomnilnika DDR5 sistem deluje dinami\u010dno, aplikacije pa se zaganjajo takoj.<\/p>\n<p>\n<img decoding=\"async\" alt=\"Close-up of the computer&#x27;s AMD Ryzen processor and its internal components\" border=\"0\" src=\"https:\/\/assets.innpro.pl\/19836\/26434\/12.jpg\" title=\"\">\n<\/p>\n<h3>Tiho in stabilno delovanje<\/h3>\n<p>V modelu A6 se zrak usmerja skozi razli\u010dne plasti sistema in izpu\u0161\u010da iz zadnje strani ohi\u0161ja, kar pove\u010da u\u010dinkovitost izmenjave toplote. Lastni\u0161ka tehnologija IceBlast ohranja stabilno temperaturo tudi pri visoki obremenitvi. Rezultat je tiho, energetsko u\u010dinkovito in zanesljivo delovanje, ne glede na intenzivnost opravil.<\/p>\n<p>\n<img decoding=\"async\" alt=\"Cooling system and internal components of the mini PC on a dark background\" border=\"0\" src=\"https:\/\/assets.innpro.pl\/19836\/26434\/13.jpg\" title=\"\">\n<\/p>\n<h3>Preverjena zanesljivost<\/h3>\n<p>Vsak mini PC GEEKOM je podvr\u017een strogim testom kakovosti, zato ste lahko prepri\u010dani, da vam bo naprava dolgo slu\u017eila. Model A6 je prestal 120 ur testiranja pri visokih in nizkih temperaturah ter 90 minut testiranja vibracij, kar potrjuje njegovo stabilno delovanje tudi v zahtevnih pogojih. USB-priklju\u010dki so bili podvr\u017eeni 15.000 ciklom priklju\u010devanja in odklapljanja, da se zagotovi njihova vzdr\u017eljivost za dolgoletno uporabo. Naprava je opravila tudi teste elektromagnetnih motenj v obmo\u010dju od 30 MHz do 1 GHz ter 330 ur testov stabilnosti sistema.<\/p>\n<p>\n<img decoding=\"async\" alt=\"Gray Mini PC with visible internal components on a light background\" border=\"0\" src=\"https:\/\/assets.innpro.pl\/19836\/26434\/10.jpg\" title=\"\">\n<\/p>\n<h3>Razli\u010dne mo\u017enosti priklju\u010ditve<\/h3>\n<p>GEEKOM A6 ponuja obse\u017een nabor vrat, vklju\u010dno z 2 \u00d7 HDMI in 2 \u00d7 USB4, kar omogo\u010da podporo do \u0161tirih 4K monitorjev. Enostavno lahko priklju\u010dite visokohitrostne naprave za shranjevanje podatkov in zmogljive periferne naprave. Komplet vklju\u010duje tudi VESA nosilec, ki omogo\u010da namestitev ra\u010dunalnika za monitorjem in ustvarjanje urejenega, ergonomskega delovnega mesta.<\/p>\n<p>\n<img decoding=\"async\" alt=\"Close-up of the ports and power button of the Geekom mini PC on a light background\" border=\"0\" src=\"https:\/\/assets.innpro.pl\/19836\/26434\/17.jpg\" title=\"\">\n<\/p>\n<h3>Pripravljen za razli\u010dne naloge<\/h3>\n<p>A6 je kot nala\u0161\u010d za vsakodnevno produktivnost, saj omogo\u010da nemoteno delo v aplikacijah, kot so Adobe Acrobat, Microsoft Excel, Slack, Google Drive in Zoom. Odli\u010dno deluje tudi pri ustvarjalnih projektih, saj omogo\u010da urejanje videov v Adobe Premiere Pro, ustvarjanje glasbe v Ableton Live ali oblikovanje grafike v Adobe Photoshop. Programatorji bodo cenili njegovo zdru\u017eljivost s platformami, kot so Visual Studio, Eclipse, Docker, Postman in Fiddler, ter mo\u017enost priklju\u010ditve ve\u010d monitorjev in zunanjih naprav. Z grafi\u010dno kartico Radeon\u2122 680M lahko u\u017eivate tudi v nemotenem igranju iger, kot so League of Legends, CS:GO, Fortnite, Genshin Impact, Apex Legends in Valorant, kar A6 naredi za vsestransko re\u0161itev tudi za zabavo.<\/p>\n<p>\n<img decoding=\"async\" alt=\"A man working on a computer in a graphics program, with a MINI PC between two monitors\" border=\"0\" src=\"https:\/\/assets.innpro.pl\/19836\/26434\/2.jpg\" title=\"\">\n<\/p>\n<h3>Zanesljiva omre\u017ena povezava<\/h3>\n<p>A6 je opremljen z 2,5 Gb\/s Ethernetom in WiFi 6E ter zagotavlja hitro in zanesljivo \u017ei\u010dno in brez\u017ei\u010dno povezljivost. Je idealna re\u0161itev za igranje spletnih iger brez zamud, pretakanje v lo\u010dljivosti 8K ali okolja VR v realnem \u010dasu. Stabilnost povezave pomeni vsakodnevno udobje in ve\u010djo produktivnost.<\/p>\n<p>\n<img decoding=\"async\" alt=\"Geekom mini PC connected to a monitor on a wooden desk\" border=\"0\" src=\"https:\/\/assets.innpro.pl\/19836\/26434\/5.jpg\" title=\"\">\n<\/p>\n<h3>Prilagodljivost sistema<\/h3>\n<p>Mini PC je opremljen s predname\u0161\u010denim operacijskim sistemom Windows 11 Pro in je takoj po izpakiranju pripravljen za uporabo. A6 podpira tudi druge operacijske sisteme, vklju\u010dno z Linuxom, kar vam omogo\u010da prilagoditev okolja va\u0161im osebnim ali poslovnim potrebam. Zmo\u017enost zagonu razli\u010dnih sistemov pove\u010duje prilagodljivost naprave za pisarni\u0161ke in multimedijske aplikacije.<\/p>\n<p>\n<img decoding=\"async\" alt=\"Mini PC connected to two monitors on a desk in a large, bright room\" border=\"0\" src=\"https:\/\/assets.innpro.pl\/19836\/26434\/19.jpg\" title=\"\">\n<\/p>\n<h3>Vklju\u010deno<\/h3>\n<ul class=\"list-disc pl-5\">\n<li>Mini PC<\/li>\n<li>VESA nosilec<\/li>\n<\/ul>\n<div class=\"table-wrapper\">\n<p>\u00a0<\/p>\n<h3><\/h3>\n<table>\n<tbody>\n<tr>\n<th>Proizvajalec<\/th>\n<td>GEEKOM<\/td>\n<\/tr>\n<tr>\n<th>Model<\/th>\n<td>A6<\/td>\n<\/tr>\n<tr>\n<th>Procesor<\/th>\n<td>AMD Ryzen\u2122 7 6800H<\/td>\n<\/tr>\n<tr>\n<th>Grafi\u010dna kartica<\/th>\n<td>AMD Radeon\u2122 680M (vgrajena)<\/td>\n<\/tr>\n<tr>\n<th>RAM<\/th>\n<td>16 GB DDR5<\/td>\n<\/tr>\n<tr>\n<th>Disk<\/th>\n<td>1 TB SSD<\/td>\n<\/tr>\n<tr>\n<th>\u017di\u010dna povezljivost<\/th>\n<td>2,5 Gb\/s Ethernet<\/td>\n<\/tr>\n<tr>\n<th>Brez\u017ei\u010dna povezljivost<\/th>\n<td>WiFi 6E<\/td>\n<\/tr>\n<tr>\n<th>Vrata<\/th>\n<td>2 \u00d7 HDMI<br \/>2 \u00d7 USB4<\/td>\n<\/tr>\n<tr>\n<th>Namestitev<\/th>\n<td>VESA-nosilec (vklju\u010den)<\/td>\n<\/tr>\n<tr>\n<th>Ohi\u0161je<\/th>\n<td>Aluminijeva zlitina<\/td>\n<\/tr>\n<tr>\n<th>Dimenzije<\/th>\n<td>10 x 10 cm<\/td>\n<\/tr>\n<tr>\n<th>Operacijski sistem<\/th>\n<td>Windows 11 Pro (vnaprej name\u0161\u010den)<\/td>\n<\/tr>\n<tr>\n<th>Podprti operacijski sistem<\/th>\n<td>Linux<\/td>\n<\/tr>\n<\/tbody>\n<\/table>\n<\/div>","protected":false},"excerpt":{"rendered":"<p>Na zalogi pri zunanjem dobavitelju. Rok dobave 3-7 delovnih dni.<\/p>","protected":false},"featured_media":34866,"template":"","meta":{"_monsterinsights_skip_tracking":false,"_monsterinsights_sitenote_active":false,"_monsterinsights_sitenote_note":"","_monsterinsights_sitenote_category":0},"product_brand":[320],"product_cat":[276,64],"product_tag":[],"class_list":{"0":"post-34871","1":"product","2":"type-product","3":"status-publish","4":"has-post-thumbnail","6":"product_brand-geekom","7":"product_cat-mini-namizni-racunalniki","8":"product_cat-racunalnistvo","10":"first","11":"instock","12":"taxable","13":"shipping-taxable","14":"purchasable","15":"product-type-simple"},"jetpack_sharing_enabled":true,"_links":{"self":[{"href":"https:\/\/kobra.si\/en\/wp-json\/wp\/v2\/product\/34871","targetHints":{"allow":["GET"]}}],"collection":[{"href":"https:\/\/kobra.si\/en\/wp-json\/wp\/v2\/product"}],"about":[{"href":"https:\/\/kobra.si\/en\/wp-json\/wp\/v2\/types\/product"}],"version-history":[{"count":0,"href":"https:\/\/kobra.si\/en\/wp-json\/wp\/v2\/product\/34871\/revisions"}],"wp:featuredmedia":[{"embeddable":true,"href":"https:\/\/kobra.si\/en\/wp-json\/wp\/v2\/media\/34866"}],"wp:attachment":[{"href":"https:\/\/kobra.si\/en\/wp-json\/wp\/v2\/media?parent=34871"}],"wp:term":[{"taxonomy":"product_brand","embeddable":true,"href":"https:\/\/kobra.si\/en\/wp-json\/wp\/v2\/product_brand?post=34871"},{"taxonomy":"product_cat","embeddable":true,"href":"https:\/\/kobra.si\/en\/wp-json\/wp\/v2\/product_cat?post=34871"},{"taxonomy":"product_tag","embeddable":true,"href":"https:\/\/kobra.si\/en\/wp-json\/wp\/v2\/product_tag?post=34871"}],"curies":[{"name":"wp","href":"https:\/\/api.w.org\/{rel}","templated":true}]}}