{"id":34865,"date":"2026-03-17T18:11:22","date_gmt":"2026-03-17T17:11:22","guid":{"rendered":"https:\/\/kobra.si\/spletna-trgovina-kobra\/mini-racunalnik-geekom-gt1mega-z-intel-core-ultra-9-185h-16-gb-1-tb-windows-11-pro\/"},"modified":"2026-04-21T21:05:51","modified_gmt":"2026-04-21T19:05:51","slug":"mini-racunalnik-geekom-gt1mega-z-intel-core-ultra-9-185h-16-gb-1-tb-windows-11-pro","status":"publish","type":"product","link":"https:\/\/kobra.si\/en\/spletna-trgovina-kobra\/mini-racunalnik-geekom-gt1mega-z-intel-core-ultra-9-185h-16-gb-1-tb-windows-11-pro\/","title":{"rendered":"Mini ra\u010dunalnik GEEKOM GT1MEGA z Intel\u00ae Core\u2122 Ultra 9 185H, 16 GB, 1 TB + Windows 11 Pro"},"content":{"rendered":"<h3>Mini ra\u010dunalnik GEEKOM GT1MEGA z Intel\u00ae Core\u2122 Ultra 9 185H, 16 GB, 1 TB + Windows 11 Pro<\/h3>\n<p>GEEKOM GT1 MEGA s procesorjem Intel\u00ae Core\u2122 Ultra 9 185H in 16 GB pomnilnika DDR5 je mini PC, zasnovan za uporabnike, ki pri\u010dakujejo najve\u010djo zmogljivost v kompaktni obliki. Trislojna arhitektura CPU, GPU in NPU s podporo za napredne AI-modele, grafi\u010dno kartico Intel\u00ae Arc\u2122, dvojni 2,5 Gbps LAN in podporo za do \u0161tiri 4K-zaslone omogo\u010da, da je ta naprava primerna za najrazli\u010dnej\u0161e naloge.<\/p>\n<p>\n<img decoding=\"async\" alt=\"Geekom MINI PC on a desk next to a monitor in a dark room\" border=\"0\" src=\"https:\/\/assets.innpro.pl\/19834\/26431\/15.jpg\" title=\"\">\n<\/p>\n<h3>Zmogljivost na podlagi umetne inteligence<\/h3>\n<p>GT1 MEGA, opremljen s procesorjem Intel\u00ae Core\u2122 Ultra 9 185H in 16 GB pomnilnika DDR5, je kompakten ra\u010dunalni\u0161ki center naslednje generacije, zasnovan za umetno inteligenco. S procesorjem Intel\u00ae Core\u2122 Ultra 9 185H in trislojno arhitekturo obdelave CPU + GPU + NPU naprava izkori\u0161\u010da polni potencial umetne inteligence. Vgrajeni Intel AI Boost NPU deluje z ve\u010d kot 500 modeli umetne inteligence v ve\u010d kot 20 kategorijah in zagotavlja visoko zmogljivost ob nizki porabi energije. Izbolj\u0161evanje obrazov in zamegljevanje ozadja pri videoklicih, odstranjevanje vokala iz karaoke pesmi ali ustvarjanje slik na podlagi besedilnih ali glasovnih ukazov \u2013 naloge, ki so neko\u010d trajale ure, je zdaj mogo\u010de opraviti v nekaj trenutkih.<\/p>\n<p>\n<img decoding=\"async\" alt=\"A man is sitting at a desk in front of a monitor. Around him are 5 screens with text and graphics\" border=\"0\" src=\"https:\/\/assets.innpro.pl\/19834\/26431\/18.jpg\" title=\"\">\n<\/p>\n<h3>Vsestranska omre\u017ena povezljivost<\/h3>\n<p>Dva 2,5-Gbps Ethernet-priklju\u010dka zagotavljata hitro in stabilno \u017ei\u010dno povezavo, idealno za pisarni\u0161ko delo, prenos velikih datotek ali poslovna okolja. V kombinaciji z ustrezno programsko opremo lahko mini PC deluje kot programski usmerjevalnik, virtualni stroj, strojna po\u017earna pregrada ali doma\u010di stre\u017enik \u2013 in tako postane sredi\u0161\u010de va\u0161e omre\u017ene infrastrukture. Poleg tega standard WiFi 7 podpira \u0161ir\u0161o pasovno \u0161irino kanala, delovanje Multi-Link in vi\u0161ji QAM. To pomeni \u0161e hitrej\u0161o internetno povezavo, manj\u0161o zakasnitev in ve\u010djo stabilnost \u2013 zlasti za zahtevne aplikacije, kot so igranje v oblaku, raz\u0161irjena resni\u010dnost ali pretakanje v lo\u010dljivosti 8K.<\/p>\n<p>\n<img decoding=\"async\" alt=\"Close-up of the ports of a MINI PC lying on a desk in a dark room\" border=\"0\" src=\"https:\/\/assets.innpro.pl\/19834\/26431\/14.jpg\" title=\"\">\n<\/p>\n<h3>Vgrajeni vmesniki<\/h3>\n<p>Za tako majhno zasnovo GT1 MEGA navdu\u0161uje s svojo izbiro vrat. Na voljo imate 6\u00d7 USB-A in 2\u00d7 USB4 Type-C, tako da lahko enostavno hkrati priklju\u010dite vso svojo periferno opremo. Vrata USB4 ponujajo hitrosti prenosa podatkov do 40 Gb\/s, podporo za napajanje (Power Delivery) in na\u010din DisplayPort Alt Mode, kar vam omogo\u010da priklju\u010ditev mobilnih SSD-jev, eGPU-jev ali monitorjev z visoko lo\u010dljivostjo. Poleg tega mini PC podpira do \u0161tiri 4K-monitorje hkrati, s \u010dimer ustvarja prostrano delovno okolje ali prostor za zabavo z izjemnim do\u017eivetjem.<\/p>\n<p>\n<img decoding=\"async\" alt=\"A gray Geekom MINI PC with a cable connected to it lies on a desk next to a monitor in a room with purple lighting\" border=\"0\" src=\"https:\/\/assets.innpro.pl\/19834\/26431\/4.jpg\" title=\"\">\n<\/p>\n<h3>Napredna grafika<\/h3>\n<p>Vgrajena grafi\u010dna kartica Intel\u00ae Arc\u2122 je velik korak naprej od Iris\u00ae Xe, saj ponuja 8 jedr Xe, dinami\u010dne takte do 2,35 GHz in popolno podporo za kodiranje in dekodiranje najbolj priljubljenih video formatov. Rezultat? Hitrej\u0161e upodabljanje 3D-grafike, bolj teko\u010de urejanje videov z visoko lo\u010dljivostjo, nemoteno neposredno predvajanje in bolj\u0161e sodelovanje z aplikacijami, ki uporabljajo algoritme umetne inteligence v ustvarjalnih in poslovnih procesih.<\/p>\n<p>\n<img decoding=\"async\" alt=\"A woman with long hair sits at a desk and types on a keyboard, with a mini PC and monitor in front of her\" border=\"0\" src=\"https:\/\/assets.innpro.pl\/19834\/26431\/1.jpg\" title=\"\">\n<\/p>\n<h3>Privla\u010den dizajn<\/h3>\n<p>Ohi\u0161je iz visokokakovostne aluminijeve zlitine daje napravi eleganten videz. Zaradi kompaktnih dimenzij 135 \u00d7 132 \u00d7 46,9 mm (0,8 l) se zlahka prilega na vsako mizo, v prostor za skupinsko delo ali v torbo za vsakodnevno potovanje v slu\u017ebo.<\/p>\n<p>\n<img decoding=\"async\" alt=\"2 gray Geekom MINI PCs on a gray-purple background with the inscription GT1 MEGA\" border=\"0\" src=\"https:\/\/assets.innpro.pl\/19834\/26431\/19.jpg\" title=\"\">\n<\/p>\n<h3>Nova raven igranja<\/h3>\n<p>Grafi\u010dna kartica Intel\u00ae Arc\u2122 dvigne igranje iger na mini ra\u010dunalniku na povsem novo raven. Igre, kot so Dolmen, Hitman 3 in The Riftbreaker, te\u010dejo gladko ter ponujajo visoko kakovost slike in stabilno \u0161tevilo sli\u010dic na sekundo. Tehnologija Intel\u00ae XeSS AI Super Sampling omogo\u010da pove\u010danje lo\u010dljivosti s 1080p na 4K z rekonstrukcijo podrobnosti na ravni podpikslov, kar zagotavlja \u0161e bolj\u0161o vizualno izku\u0161njo brez poseganja v zmogljivost.<\/p>\n<p>\n<img decoding=\"async\" alt=\"A woman sits at a desk with headphones on and plays a computer game\" border=\"0\" src=\"https:\/\/assets.innpro.pl\/19834\/26431\/2.jpg\" title=\"\">\n<\/p>\n<h3>Enostavna nadgradljivost<\/h3>\n<p>Spodnji pokrov ohi\u0161ja je enostaven za odstranitev, kar omogo\u010da hitro in priro\u010dno raz\u0161iritev konfiguracije. Lahko enostavno zamenjate ali nadgradite RAM, SSD ali brez\u017ei\u010dne kartice, da prilagodite strojno opremo svojim rasto\u010dim potrebam.<\/p>\n<p>\n<img decoding=\"async\" alt=\"Geekom MINI PC with visible internal components and colorful bands of light passing through the device\" border=\"0\" src=\"https:\/\/assets.innpro.pl\/19834\/26431\/17.jpg\" title=\"\">\n<\/p>\n<h3>Hlajenje IceBlast 2.0<\/h3>\n<p>Lastni\u0161ki sistem hlajenja IceBlast 2.0 je zasnovan za stabilno delovanje pri visokih obremenitvah. Ve\u010dji ventilator CPU in pove\u010dan hladilnik u\u010dinkovito odvajata toploto ter ohranjata optimalne temperature, tudi ko procesor deluje pri 65 W TDP. To zagotavlja tiho in zanesljivo delovanje dolge ure.<\/p>\n<p>\n<img decoding=\"async\" alt=\"A gray Geekom MINI PC with a cable connected on a black desk\" border=\"0\" src=\"https:\/\/assets.innpro.pl\/19834\/26431\/11.jpg\" title=\"\">\n<\/p>\n<h3>Pripravljen za uporabo<\/h3>\n<p>Mini PC je opremljen s predname\u0161\u010denim sistemom Windows 11 Pro, tako da lahko za\u010dnete delati takoj po izpakiranju. Naprava podpira tudi druge sisteme, zdru\u017eljive z x86, kot so Manjaro, Ubuntu in Android x86, kar vam omogo\u010da popolno prilagodljivost delovnega okolja.<\/p>\n<p>\n<img decoding=\"async\" alt=\"A woman with long hair and headphones on is sitting at a desk and looking at a monitor\" border=\"0\" src=\"https:\/\/assets.innpro.pl\/19834\/26431\/3.jpg\" title=\"\">\n<\/p>\n<div class=\"table-wrapper\">\n<p>\u00a0<\/p>\n<h3><\/h3>\n<table>\n<tbody>\n<tr>\n<th>Proizvajalec<\/th>\n<td>GEEKOM<\/td>\n<\/tr>\n<tr>\n<th>Model<\/th>\n<td>GT1 MEGA<\/td>\n<\/tr>\n<tr>\n<th>Procesor<\/th>\n<td>Intel\u00ae Core\u2122 Ultra 9 185H<\/td>\n<\/tr>\n<tr>\n<th>Arhitektura obdelave<\/th>\n<td>CPU + GPU + NPU (trislojna arhitektura)<\/td>\n<\/tr>\n<tr>\n<th>AI \u010dip<\/th>\n<td>Intel AI Boost NPU (podpira ve\u010d kot 500 modelov AI v ve\u010d kot 20 kategorijah)<\/td>\n<\/tr>\n<tr>\n<th>TDP procesorja<\/th>\n<td>65 W<\/td>\n<\/tr>\n<tr>\n<th>Grafika<\/th>\n<td>Intel\u00ae Arc\u2122 (vgrajena)<\/td>\n<\/tr>\n<tr>\n<th>Jedra GPU<\/th>\n<td>8 jedr Xe<\/td>\n<\/tr>\n<tr>\n<th>Hitrost grafi\u010dnega procesorja<\/th>\n<td>do 2,35 GHz (dinami\u010dno)<\/td>\n<\/tr>\n<tr>\n<th>RAM<\/th>\n<td>16 GB DDR5<\/td>\n<\/tr>\n<tr>\n<th>Mo\u017enost raz\u0161iritve RAM<\/th>\n<td>da<\/td>\n<\/tr>\n<tr>\n<th>Disk<\/th>\n<td>1 TB SSD<\/td>\n<\/tr>\n<tr>\n<th>Vrata<\/th>\n<td>6 \u00d7 USB-A<br \/>USB-C \/ USB4 vrata<br \/>2 \u00d7 USB4 Type-C (do 40 Gb\/s, Power Delivery, DisplayPort Alt Mode)<\/td>\n<\/tr>\n<tr>\n<th>\u017di\u010dno omre\u017eje<\/th>\n<td>2 \u00d7 Ethernet 2,5 Gb\/s<\/td>\n<\/tr>\n<tr>\n<th>Brez\u017ei\u010dna povezljivost<\/th>\n<td>WiFi 7<\/td>\n<\/tr>\n<tr>\n<th>Material ohi\u0161ja<\/th>\n<td>aluminij<\/td>\n<\/tr>\n<tr>\n<th>Dimenzije<\/th>\n<td>135 \u00d7 132 \u00d7 46,9 mm<\/td>\n<\/tr>\n<tr>\n<th>Operacijski sistem<\/th>\n<td>Windows 11 Pro (vnaprej name\u0161\u010den, licenciran)<\/td>\n<\/tr>\n<tr>\n<th>Podprti operacijski sistemi<\/th>\n<td>Manjaro<br \/>Ubuntu<br \/>Android x86<\/td>\n<\/tr>\n<\/tbody>\n<\/table>\n<\/div>","protected":false},"excerpt":{"rendered":"<p>Na zalogi pri zunanjem dobavitelju. Rok dobave 3-7 delovnih dni.<\/p>","protected":false},"featured_media":34858,"template":"","meta":{"_monsterinsights_skip_tracking":false,"_monsterinsights_sitenote_active":false,"_monsterinsights_sitenote_note":"","_monsterinsights_sitenote_category":0},"product_brand":[320],"product_cat":[276,64],"product_tag":[],"class_list":{"0":"post-34865","1":"product","2":"type-product","3":"status-publish","4":"has-post-thumbnail","6":"product_brand-geekom","7":"product_cat-mini-namizni-racunalniki","8":"product_cat-racunalnistvo","10":"first","11":"instock","12":"taxable","13":"shipping-taxable","14":"purchasable","15":"product-type-simple"},"jetpack_sharing_enabled":true,"_links":{"self":[{"href":"https:\/\/kobra.si\/en\/wp-json\/wp\/v2\/product\/34865","targetHints":{"allow":["GET"]}}],"collection":[{"href":"https:\/\/kobra.si\/en\/wp-json\/wp\/v2\/product"}],"about":[{"href":"https:\/\/kobra.si\/en\/wp-json\/wp\/v2\/types\/product"}],"version-history":[{"count":0,"href":"https:\/\/kobra.si\/en\/wp-json\/wp\/v2\/product\/34865\/revisions"}],"wp:featuredmedia":[{"embeddable":true,"href":"https:\/\/kobra.si\/en\/wp-json\/wp\/v2\/media\/34858"}],"wp:attachment":[{"href":"https:\/\/kobra.si\/en\/wp-json\/wp\/v2\/media?parent=34865"}],"wp:term":[{"taxonomy":"product_brand","embeddable":true,"href":"https:\/\/kobra.si\/en\/wp-json\/wp\/v2\/product_brand?post=34865"},{"taxonomy":"product_cat","embeddable":true,"href":"https:\/\/kobra.si\/en\/wp-json\/wp\/v2\/product_cat?post=34865"},{"taxonomy":"product_tag","embeddable":true,"href":"https:\/\/kobra.si\/en\/wp-json\/wp\/v2\/product_tag?post=34865"}],"curies":[{"name":"wp","href":"https:\/\/api.w.org\/{rel}","templated":true}]}}