{"id":34848,"date":"2026-03-17T18:10:47","date_gmt":"2026-03-17T17:10:47","guid":{"rendered":"https:\/\/kobra.si\/spletna-trgovina-kobra\/mini-racunalnik-geekom-it13-z-intel-core-i5-13600h-16-gb-1-tb-windows-11-pro\/"},"modified":"2026-04-22T21:06:32","modified_gmt":"2026-04-22T19:06:32","slug":"mini-racunalnik-geekom-it13-z-intel-core-i5-13600h-16-gb-1-tb-windows-11-pro","status":"publish","type":"product","link":"https:\/\/kobra.si\/en\/spletna-trgovina-kobra\/mini-racunalnik-geekom-it13-z-intel-core-i5-13600h-16-gb-1-tb-windows-11-pro\/","title":{"rendered":"Mini ra\u010dunalnik GEEKOM IT13 z Intel\u00ae Core i5-13600H, 16 GB, 1 TB + Windows 11 Pro"},"content":{"rendered":"<h3>Mini ra\u010dunalnik GEEKOM IT13 z Intel\u00ae Core i5-13600H, 16 GB, 1 TB + Windows 11 Pro<\/h3>\n<p>GEEKOM IT13 s procesorjem Intel\u00ae Core i5-13600H je idealen za tiste, ki i\u0161\u010dejo zmogljiv, a kompakten ra\u010dunalnik za delo in zabavo. Naprava deluje gladko tudi pod veliko obremenitvijo, sistem hlajenja IceBlast pa zagotavlja tiho in u\u010dinkovito delovanje v razli\u010dnih pogojih. S \u0161iroko paleto vrat, vklju\u010dno z USB4, HDMI in 2,5G Ethernetom, je ra\u010dunalnik pripravljen za priklop vseh naprav in dodatkov, ki jih potrebujete. Tako hiter 2,5 Gbps Ethernet priklju\u010dek kot WiFi 6E zagotavljata stabilen dostop do interneta \u2013 brez zamud, tudi pri pretakanju 4K videov ali delu na daljavo v oblaku. Poleg tega je na mini ra\u010dunalniku \u017ee name\u0161\u010den Windows 11 Pro, tako da ga lahko uporabljate takoj po izpakiranju.<\/p>\n<p>\n<img decoding=\"async\" alt=\"Geekom Mini PC on a black rock\" border=\"0\" src=\"https:\/\/assets.innpro.pl\/19823\/26419\/2.jpg\" title=\"\">\n<\/p>\n<h3>Mo\u010d, na katero se lahko zanesete<\/h3>\n<p>Srce tega modela je 10-jedrni procesor Intel\u00ae Core i5-13600H, ki zdru\u017euje 6 zmogljivih jeder in 4 energetsko u\u010dinkovita jedra. V kombinaciji z 16 GB pomnilnika DDR4 RAM in hitrim 1 TB SSD-jem PCIe Gen4 mini PC deluje gladko tudi pod veliko obremenitvijo.<\/p>\n<p>\n<img decoding=\"async\" alt=\"Internal components of the MINI PC with visible Intel processor\" border=\"0\" src=\"https:\/\/assets.innpro.pl\/19823\/26419\/5.jpg\" title=\"\">\n<\/p>\n<h3>Vgrajena grafi\u010dna kartica Intel Iris Xe<\/h3>\n<p>Vgrajeni grafi\u010dni \u010dip Intel Iris Xe omogo\u010da udobno delo z multimedijskimi vsebinami, vklju\u010dno s predvajanjem filmov v lo\u010dljivosti do 8K. Strojna oprema dobro obvladuje tudi enostavnej\u0161e igre in grafi\u010dne programe, pri priklopu na ve\u010d monitorjev pa tudi naprednej\u0161e urejanje videov. Dva HDMI-priklju\u010dka in dva USB4-priklju\u010dka omogo\u010dajo priro\u010dno raz\u0161iritev va\u0161e delovne postaje.<\/p>\n<p>\n<img decoding=\"async\" alt=\"Geekom MINI PC on a black background with blue backlighting\" border=\"0\" src=\"https:\/\/assets.innpro.pl\/19823\/26419\/17.jpg\" title=\"\">\n<\/p>\n<h3>Funkcionalen in kompakten<\/h3>\n<p>Ohi\u0161je naprave je izdelano iz aluminija, kar pove\u010duje njeno vzdr\u017eljivost in ji daje estetski videz. Zaradi majhnih dimenzij se IT13 prilega tudi na zelo omejen prostor na mizi. Kljub kompaktni velikosti ponuja \u0161iroko paleto priklju\u010dkov: \u0161tiri USB-A vrata, dva USB4 vrata, dva HDMI vrata, \u010ditalnik SD kartic, 2,5 Gbps Ethernet in 3,5 mm priklju\u010dek za slu\u0161alke.<\/p>\n<p>\n<img decoding=\"async\" alt=\"Plug-in cables from the ports of the MINI PC, which is lying on a dark desk\" border=\"0\" src=\"https:\/\/assets.innpro.pl\/19823\/26419\/10.jpg\" title=\"\">\n<\/p>\n<h3>Hlajenje, ki naredi razliko<\/h3>\n<p>Hladilni sistem IceBlast u\u010dinkovito odvaja toploto in zagotavlja tiho in stabilno delovanje naprave 24 ur na dan. To omogo\u010da ra\u010dunalniku, da se spopade z razli\u010dnimi pogoji \u2013 celo pri temperaturah od -20 \u00b0C do 55 \u00b0C.<\/p>\n<p>\n<img decoding=\"async\" alt=\"Close-up of the MINI PC cooling system\" border=\"0\" src=\"https:\/\/assets.innpro.pl\/19823\/26419\/8.jpg\" title=\"\">\n<\/p>\n<div class=\"table-wrapper\">\n<p>\u00a0<\/p>\n<h3><\/h3>\n<table>\n<tbody>\n<tr>\n<th>Proizvajalec<\/th>\n<td>Geekom<\/td>\n<\/tr>\n<tr>\n<th>Model<\/th>\n<td>IT13<\/td>\n<\/tr>\n<tr>\n<th>Procesor<\/th>\n<td>Intel\u00ae Core\u2122 i5-13600H<\/td>\n<\/tr>\n<tr>\n<th>Jedra\/nitke<\/th>\n<td>10 jeder (6 zmogljivih + 4 u\u010dinkovitih) \/ 16 niti<\/td>\n<\/tr>\n<tr>\n<th>Predpomnilnik<\/th>\n<td>24 MB L3 predpomnilnika (Intel\u00ae Smart Cache)<\/td>\n<\/tr>\n<tr>\n<th>Vgrajena grafi\u010dna kartica<\/th>\n<td>Intel\u00ae Iris Xe Graphics (iGPU)<\/td>\n<\/tr>\n<tr>\n<th>RAM<\/th>\n<td>16 GB DDR4<\/td>\n<\/tr>\n<tr>\n<th>Hitrost takta RAM<\/th>\n<td>3200 MHz<\/td>\n<\/tr>\n<tr>\n<th>Na\u010din delovanja RAM<\/th>\n<td>dvokanalni<\/td>\n<\/tr>\n<tr>\n<th>Disk<\/th>\n<td>1 TB SSD<\/td>\n<\/tr>\n<tr>\n<th>Format pogona<\/th>\n<td>PCIe Gen4<\/td>\n<\/tr>\n<tr>\n<th>Vrata in priklju\u010dki<\/th>\n<td>2 \u00d7 USB4<br \/>4 \u00d7 USB-A<br \/>2 \u00d7 HDMI<br \/>1 \u00d7 \u010ditalnik SD kartic<br \/>1 \u00d7 RJ-45 (2,5 Gbps Ethernet)<br \/>1 \u00d7 3,5 mm priklju\u010dek za slu\u0161alke<\/td>\n<\/tr>\n<tr>\n<th>Povezljivost<\/th>\n<td>Wi-Fi 6E<br \/>2,5 Gbps Ethernet<\/td>\n<\/tr>\n<tr>\n<th>Operacijski sistem<\/th>\n<td>Windows 11 Pro<\/td>\n<\/tr>\n<tr>\n<th>Ohi\u0161je<\/th>\n<td>Aluminij<\/td>\n<\/tr>\n<\/tbody>\n<\/table>\n<\/div>","protected":false},"excerpt":{"rendered":"<p>Na zalogi pri zunanjem dobavitelju. Rok dobave 3-7 delovnih dni.<\/p>","protected":false},"featured_media":34841,"template":"","meta":{"_monsterinsights_skip_tracking":false,"_monsterinsights_sitenote_active":false,"_monsterinsights_sitenote_note":"","_monsterinsights_sitenote_category":0},"product_brand":[320],"product_cat":[276,64],"product_tag":[],"class_list":{"0":"post-34848","1":"product","2":"type-product","3":"status-publish","4":"has-post-thumbnail","6":"product_brand-geekom","7":"product_cat-mini-namizni-racunalniki","8":"product_cat-racunalnistvo","10":"first","11":"instock","12":"taxable","13":"shipping-taxable","14":"purchasable","15":"product-type-simple"},"jetpack_sharing_enabled":true,"_links":{"self":[{"href":"https:\/\/kobra.si\/en\/wp-json\/wp\/v2\/product\/34848","targetHints":{"allow":["GET"]}}],"collection":[{"href":"https:\/\/kobra.si\/en\/wp-json\/wp\/v2\/product"}],"about":[{"href":"https:\/\/kobra.si\/en\/wp-json\/wp\/v2\/types\/product"}],"version-history":[{"count":0,"href":"https:\/\/kobra.si\/en\/wp-json\/wp\/v2\/product\/34848\/revisions"}],"wp:featuredmedia":[{"embeddable":true,"href":"https:\/\/kobra.si\/en\/wp-json\/wp\/v2\/media\/34841"}],"wp:attachment":[{"href":"https:\/\/kobra.si\/en\/wp-json\/wp\/v2\/media?parent=34848"}],"wp:term":[{"taxonomy":"product_brand","embeddable":true,"href":"https:\/\/kobra.si\/en\/wp-json\/wp\/v2\/product_brand?post=34848"},{"taxonomy":"product_cat","embeddable":true,"href":"https:\/\/kobra.si\/en\/wp-json\/wp\/v2\/product_cat?post=34848"},{"taxonomy":"product_tag","embeddable":true,"href":"https:\/\/kobra.si\/en\/wp-json\/wp\/v2\/product_tag?post=34848"}],"curies":[{"name":"wp","href":"https:\/\/api.w.org\/{rel}","templated":true}]}}