{"id":34834,"date":"2026-03-17T18:10:21","date_gmt":"2026-03-17T17:10:21","guid":{"rendered":"https:\/\/kobra.si\/spletna-trgovina-kobra\/mini-racunalnik-geekom-a7max-z-ryzen-9-7940hs-16-gb-ram-1-tb-ssd-windows-11-pro\/"},"modified":"2026-04-21T21:05:44","modified_gmt":"2026-04-21T19:05:44","slug":"mini-racunalnik-geekom-a7max-z-ryzen-9-7940hs-16-gb-ram-1-tb-ssd-windows-11-pro","status":"publish","type":"product","link":"https:\/\/kobra.si\/en\/spletna-trgovina-kobra\/mini-racunalnik-geekom-a7max-z-ryzen-9-7940hs-16-gb-ram-1-tb-ssd-windows-11-pro\/","title":{"rendered":"Mini ra\u010dunalnik GEEKOM A7MAX z Ryzen 9 7940HS, 16 GB RAM, 1 TB SSD + Windows 11 Pro"},"content":{"rendered":"<h3>Mini ra\u010dunalnik GEEKOM A7MAX z Ryzen 9 7940HS, 16 GB RAM, 1 TB SSD + Windows 11 Pro<\/h3>\n<p>GEEKOM A7 Max je kompakten namizni ra\u010dunalnik, ki zdru\u017euje visoko zmogljivost procesorja, zmogljivo integrirano grafi\u010dno kartico, hiter pomnilnik DDR5 in pogon PCIe 4.0. Omogo\u010da hitro povezljivost z dvojnim USB4, obse\u017enim naborom vrat in naprednimi mo\u017enostmi mre\u017enega povezovanja. Tiho hlajenje zagotavlja stabilno delovanje, varnostne re\u0161itve in certifikati poslovnega razreda pa pove\u010dujejo njegovo zanesljivost. Z vnaprej name\u0161\u010denim sistemom Windows 11 Pro in mo\u017enostjo namestitve na VESA-nosilec je pripravljen za delo, zabavo in ustvarjalne aplikacije skoraj takoj po zagonu.<\/p>\n<p>\n<img decoding=\"async\" alt=\"White mini PC on a blue background\" border=\"0\" src=\"https:\/\/assets.innpro.pl\/19519\/26009\/7-Mini-PC-GEEKOM-A7MAX-lifestyle-7.jpg\" title=\"\">\n<\/p>\n<h3>Brezkompromisna zmogljivost<\/h3>\n<p>Srce naprave je procesor AMD Ryzen\u2122 9 7940HS z 8 jedri in 16 nitmi ter nastavljivo TDP do 54 W. Te specifikacije zagotavljajo nemoteno delovanje pri urejanju videov, programiranju, analiziranju velikih preglednic ali izvajanju intenzivnega ve\u010dopravilnega dela. Ne glede na to, ali ustvarjate vsebine, razvijate programsko opremo ali delate v poslovnem okolju, A7 Max ponuja stabilnost in rezervo mo\u010di za prihodnost.<\/p>\n<p>\n<img decoding=\"async\" alt=\"White compact computer floating above graphics showing various applications and programs\" border=\"0\" src=\"https:\/\/assets.innpro.pl\/19519\/26009\/5-Mini-PC-GEEKOM-A7MAX-lifestyle-5.jpg\" title=\"\">\n<\/p>\n<h3>Grafika, pripravljena na ve\u010d<\/h3>\n<p>Vgrajeni \u010dip AMD Radeon\u2122 780M, ki temelji na arhitekturi RDNA3, je veliko ve\u010d kot standardna grafi\u010dna kartica iGPU. Z lahkoto obvladuje priljubljene e-\u0161portne igre v lo\u010dljivosti 1080p, hkrati pa blesti pri urejanju fotografij, la\u017ejih 3D projektih in predvajanju 4K videov. Je popolno ravnovesje med zabavo in ustvarjalnim delom.<\/p>\n<p>\n<img decoding=\"async\" alt=\"Mini PC standing on a desk between two monitors displaying a graphics program and a messenger\" border=\"0\" src=\"https:\/\/assets.innpro.pl\/19519\/26009\/3-Mini-PC-GEEKOM-A7MAX-lifestyle-3.jpg\" title=\"\">\n<\/p>\n<h3>Hiter pomnilnik DDR5 in pogon PCIe 4.0<\/h3>\n<p>Ra\u010dunalnik podpira dvosmerni pomnilnik DDR5 5600 MHz z mo\u017enostjo raz\u0161iritve do 64 GB, kar pomeni bliskovito odzivnost sistema in udobno delo z razli\u010dnimi aplikacijami. Pogon NVMe PCIe 4.0 x4 M.2 2280 zagotavlja zelo kratek \u010das zagona sistema, hiter prenos datotek in takoj\u0161nje nalaganje programov.<\/p>\n<p>\n<img decoding=\"async\" alt=\"GEEKOM computer standing with its back to the camera, behind it is the same model enlarged and blurred\" border=\"0\" src=\"https:\/\/assets.innpro.pl\/19519\/26009\/8-Mini-PC-GEEKOM-A7MAX-lifestyle-8.jpg\" title=\"\">\n<\/p>\n<h3>\u0160tevilni priklju\u010dki<\/h3>\n<p>Kljub majhni velikosti A7 Max ponuja povezljivost, primerljivo s tradicionalnimi namiznimi ra\u010dunalniki. Dva USB4-priklju\u010dka s podporo za napajanje in DisplayPort Alt Mode omogo\u010data priklju\u010ditev naprednih monitorjev, dokovalnih postaj in visokohitrostnih pomnilni\u0161kih naprav. To dopolnjujejo \u0161tevilni USB 3.2 Gen 2 Type-A-priklju\u010dki, en USB 2.0-priklju\u010dek in sprednji 3,5-mm avdio priklju\u010dek, kar ra\u010dunalnik naredi za popoln osrednji element va\u0161e delovne postaje.<\/p>\n<p>\n<img decoding=\"async\" alt=\"two mini computers on a blue background, one of them standing with its back to the camera and the other facing the camera\" border=\"0\" src=\"https:\/\/assets.innpro.pl\/19519\/26009\/10-Mini-PC-GEEKOM-A7MAX-lifestyle-10.jpg\" title=\"\">\n<\/p>\n<h3>Povezava brez zamud<\/h3>\n<p>Za komunikacijo skrbita dva 2,5GbE LAN-priklju\u010dka ter Wi-Fi 7 z Bluetooth 5.4. Ta kombinacija je idealna za okolja, ki zahtevajo visoko pasovno \u0161irino in stabilnost, kot so NAS-stre\u017eniki, virtualizacija, doma\u010di laboratoriji in delo na daljavo. Gre za re\u0161itev za uporabnike, ki pri\u010dakujejo stabilno povezavo brez zamud pri prenosu podatkov.<\/p>\n<p>\n<img decoding=\"async\" alt=\"close-up of the ports of a Geekom computer to which cables are connected\" border=\"0\" src=\"https:\/\/assets.innpro.pl\/19519\/26009\/4-Mini-PC-GEEKOM-A7MAX-lifestyle-4.jpg\" title=\"\">\n<\/p>\n<h3>Tiho in u\u010dinkovito hlajenje<\/h3>\n<p>Kompaktno ohi\u0161je velikosti 135 \u00d7 132 \u00d7 45,9 mm vsebuje napreden hladilni sistem IceBlast 2.0, ki lahko ohranja polno zmogljivost pri 54 W TDP. To ohranja ra\u010dunalnik hladen in tih tudi med dolgimi delovnimi sejami, kar ga naredi idealno izbiro za pisarno, dnevno sobo ali konferen\u010dno sobo, tudi v na\u010dinu neprekinjenega delovanja.<\/p>\n<p>\n<img decoding=\"async\" alt=\"three models of Geekom computers on a production line, which are welded by mechanical arms\" border=\"0\" src=\"https:\/\/assets.innpro.pl\/19519\/26009\/2-Mini-PC-GEEKOM-A7MAX-lifestyle-2.jpg\" title=\"\">\n<\/p>\n<h3>Varnost in kakovost poslovnega razreda<\/h3>\n<p>GEEKOM A7 Max je opremljen s podporo za Kensington klju\u010davnico, modulom dTPM 2.0 in izpolnjuje \u0161tevilne mednarodne standarde in certifikate, kot so CE, FCC in RoHS. Ta oprema je zasnovana za profesionalno uporabo v podjetjih, izobra\u017eevalnih ustanovah in okoljih, ki zahtevajo visoko raven varnosti.<\/p>\n<p>\n<img decoding=\"async\" alt=\"a white Geekom mini PC connected to a monitor displaying abstract graphics\" border=\"0\" src=\"https:\/\/assets.innpro.pl\/19519\/26009\/1-Mini-PC-GEEKOM-A7MAX-lifestyle-1.jpg\" title=\"\">\n<\/p>\n<h3>Pripravljen za delo \u017ee ob prvem zagonu<\/h3>\n<p>Ra\u010dunalnik je opremljen s predname\u0161\u010denim operacijskim sistemom Windows 11 Pro, tako da lahko za\u010dnete delati takoj po izpakiranju. Podpora za na\u010din Modern Standby in VESA-pritrditev vam omogo\u010data ustvarjanje estetsko urejene delovne postaje brez nepotrebnih kablov. GEEKOM A7 Max je vsestranska re\u0161itev za dom, pisarno in ustvarjalno delo, ki ponuja \u0161tevilne mo\u017enosti.<\/p>\n<p>\n<img decoding=\"async\" alt=\"a Geekom computer standing next to a box and accessories on a gradient, light background\" border=\"0\" src=\"https:\/\/assets.innpro.pl\/19519\/26009\/6-Mini-PC-GEEKOM-A7MAX-lifestyle-6.jpg\" title=\"\">\n<\/p>\n<h3>Vklju\u010deno v komplet<\/h3>\n<ul class=\"list-disc pl-5\">\n<li>mini PC<\/li>\n<li>power supply<\/li>\n<li>napajalni kabel<\/li>\n<li>HDMI kabel<\/li>\n<li>nosilec za monta\u017eo VESA<\/li>\n<li>uporabni\u0161ki priro\u010dnik<\/li>\n<\/ul>\n<div class=\"table-wrapper\">\n<p>\u00a0<\/p>\n<h3><\/h3>\n<table>\n<tbody>\n<tr>\n<th>Proizvajalec<\/th>\n<td>Geekom<\/td>\n<\/tr>\n<tr>\n<th>Model<\/th>\n<td>A7 MAX<\/td>\n<\/tr>\n<tr>\n<th>Procesor<\/th>\n<td>AMD Ryzen\u2122 9 7940HS<\/td>\n<\/tr>\n<tr>\n<th>\u0160tevilo jeder\/nit<\/th>\n<td>8\/16<\/td>\n<\/tr>\n<tr>\n<th>Nastavljiva TDP<\/th>\n<td>do 54 W<\/td>\n<\/tr>\n<tr>\n<th>Grafi\u010dni \u010dip<\/th>\n<td>vgrajen AMD Radeon\u2122 780M (arhitektura RDNA3)<\/td>\n<\/tr>\n<tr>\n<th>RAM<\/th>\n<td>16 GB DDR5 5600 MHz, dvosmerni kanal<\/td>\n<\/tr>\n<tr>\n<th>Najve\u010dji podprti RAM<\/th>\n<td>do 64 GB DDR5<\/td>\n<\/tr>\n<tr>\n<th>Disk<\/th>\n<td>1 TB SSD NVMe PCIe 4.0 x4 (M.2 2280)<\/td>\n<\/tr>\n<tr>\n<th>\u017di\u010dna povezljivost<\/th>\n<td>2 \u00d7 LAN 2,5 GbE<\/td>\n<\/tr>\n<tr>\n<th>Brez\u017ei\u010dna povezljivost<\/th>\n<td>Wi-Fi 7, Bluetooth 5.4<\/td>\n<\/tr>\n<tr>\n<th>USB-priklju\u010dki<\/th>\n<td>2 \u00d7 USB4 (podpira Power Delivery, DisplayPort Alt Mode), 5 \u00d7 USB 3.2 Gen 2 Type-A (vklju\u010dno z 1 vti\u010dnico Always-On), USB 2.0<\/td>\n<\/tr>\n<tr>\n<th>Avdio priklju\u010dki<\/th>\n<td>Sprednji 3,5-mm priklju\u010dek<\/td>\n<\/tr>\n<tr>\n<th>Podpora zaslona<\/th>\n<td>4K, delovanje z ve\u010d monitorji<\/td>\n<\/tr>\n<tr>\n<th>Hlajenje<\/th>\n<td>Sistem IceBlast 2.0<\/td>\n<\/tr>\n<tr>\n<th>Dimenzije ohi\u0161ja<\/th>\n<td>135 \u00d7 132 \u00d7 45,9 mm<\/td>\n<\/tr>\n<tr>\n<th>Varnost<\/th>\n<td>Re\u017ea za klju\u010davnico Kensington, vgrajen dTPM 2.0<\/td>\n<\/tr>\n<tr>\n<th>Certifikati<\/th>\n<td>CE, FCC, CB, CCC, SRRC, RoHS<\/td>\n<\/tr>\n<tr>\n<th>Operacijski sistem<\/th>\n<td>Windows 11 Pro (vnaprej name\u0161\u010den)<\/td>\n<\/tr>\n<tr>\n<th>Dodatne funkcije<\/th>\n<td>Mo\u017enost namestitve na VESA (opcijsko)<\/td>\n<\/tr>\n<\/tbody>\n<\/table>\n<\/div>","protected":false},"excerpt":{"rendered":"<p>Na zalogi pri zunanjem dobavitelju. Rok dobave 3-7 delovnih dni.<\/p>","protected":false},"featured_media":34826,"template":"","meta":{"_monsterinsights_skip_tracking":false,"_monsterinsights_sitenote_active":false,"_monsterinsights_sitenote_note":"","_monsterinsights_sitenote_category":0},"product_brand":[320],"product_cat":[276,64],"product_tag":[],"class_list":{"0":"post-34834","1":"product","2":"type-product","3":"status-publish","4":"has-post-thumbnail","6":"product_brand-geekom","7":"product_cat-mini-namizni-racunalniki","8":"product_cat-racunalnistvo","10":"first","11":"instock","12":"taxable","13":"shipping-taxable","14":"purchasable","15":"product-type-simple"},"jetpack_sharing_enabled":true,"_links":{"self":[{"href":"https:\/\/kobra.si\/en\/wp-json\/wp\/v2\/product\/34834","targetHints":{"allow":["GET"]}}],"collection":[{"href":"https:\/\/kobra.si\/en\/wp-json\/wp\/v2\/product"}],"about":[{"href":"https:\/\/kobra.si\/en\/wp-json\/wp\/v2\/types\/product"}],"version-history":[{"count":0,"href":"https:\/\/kobra.si\/en\/wp-json\/wp\/v2\/product\/34834\/revisions"}],"wp:featuredmedia":[{"embeddable":true,"href":"https:\/\/kobra.si\/en\/wp-json\/wp\/v2\/media\/34826"}],"wp:attachment":[{"href":"https:\/\/kobra.si\/en\/wp-json\/wp\/v2\/media?parent=34834"}],"wp:term":[{"taxonomy":"product_brand","embeddable":true,"href":"https:\/\/kobra.si\/en\/wp-json\/wp\/v2\/product_brand?post=34834"},{"taxonomy":"product_cat","embeddable":true,"href":"https:\/\/kobra.si\/en\/wp-json\/wp\/v2\/product_cat?post=34834"},{"taxonomy":"product_tag","embeddable":true,"href":"https:\/\/kobra.si\/en\/wp-json\/wp\/v2\/product_tag?post=34834"}],"curies":[{"name":"wp","href":"https:\/\/api.w.org\/{rel}","templated":true}]}}