{"id":34806,"date":"2026-03-17T17:55:46","date_gmt":"2026-03-17T16:55:46","guid":{"rendered":"https:\/\/kobra.si\/spletna-trgovina-kobra\/mini-racunalnik-minix-n512-s-procesorjem-i5-12600h-16-gb-pomnilnika-in-1-tb-prostora-na-disku-windows-11-pro\/"},"modified":"2026-04-21T21:05:39","modified_gmt":"2026-04-21T19:05:39","slug":"mini-racunalnik-minix-n512-s-procesorjem-i5-12600h-16-gb-pomnilnika-in-1-tb-prostora-na-disku-windows-11-pro","status":"publish","type":"product","link":"https:\/\/kobra.si\/en\/spletna-trgovina-kobra\/mini-racunalnik-minix-n512-s-procesorjem-i5-12600h-16-gb-pomnilnika-in-1-tb-prostora-na-disku-windows-11-pro\/","title":{"rendered":"Mini ra\u010dunalnik Minix N512 s procesorjem i5-12600H, 16 GB pomnilnika in 1 TB prostora na disku, Windows 11 Pro"},"content":{"rendered":"<h3>Mini PC Minix N512 i5 12600H 16+1000<\/h3>\n<p>MINIX NGC N512 je kompakten ra\u010dunalnik, ki v izjemno majhni obliki zdru\u017euje napredno zmogljivost in sodobno povezljivost. Opremljen je z zmogljivim 12-jedrnim procesorjem Intel Core i5-12600H, ki omogo\u010da napredno obdelavo podatkov in intenzivno ve\u010dopravilnost. Vgrajena je superhitra 1 TB PCIe 4.0 NVMe SSD, dodatni M.2 re\u017ea pa omogo\u010da enostavno raz\u0161iritev prostora za shranjevanje. Naprava podpira dvosmerni pomnilnik DDR5 do 96 GB in ponuja \u0161tiri video izhode \u2013 vklju\u010dno z HDMI 2.1 in Thunderbolt 4 \u2013 z mo\u017enostjo prikazovanja slik v lo\u010dljivosti do 8K. Vgrajeni Wi-Fi 6, Bluetooth 5.2 in dvojni LAN omogo\u010dajo, da je ta mini PC pripravljen za delo v vsakem okolju, ne glede na panogo ali uporabo.<\/p>\n<p>\n<img decoding=\"async\" alt=\"Two Minix Mini PCs standing on a raised platform, one positioned vertically, one horizontally. Next to them is a sign with the words Intel Core.\" border=\"0\" src=\"https:\/\/assets.innpro.pl\/19207\/25602\/2-Mini-PC-Minix-N512-i5-12600h-lifestyle-2.jpg\" title=\"\">\n<\/p>\n<h3>Zmogljiv procesor Intel\u00ae Core\u2122 i5-12600H<\/h3>\n<p>Srce modela N512 je energetsko u\u010dinkovit, a zmogljiv procesor Intel i5-12600H, ki z 18 MB predpomnilnika in najve\u010djo taktsko frekvenco do 4,5 GHz z lahkoto obvladuje tudi najbolj zahtevne pisarni\u0161ke, oblikovalske ali multimedijske aplikacije. Podpora ve\u010dnitnosti in ve\u010djedrnosti zagotavlja hitro delovanje, kar pomeni udobno delo tako v doma\u010dem kot v profesionalnem okolju.<\/p>\n<p>\n<img decoding=\"async\" alt=\"Intel Core I5 computer processor plugged into the motherboard, with illuminated cables.\" border=\"0\" src=\"https:\/\/assets.innpro.pl\/19207\/25602\/9-Mini-PC-Minix-N512-i5-12600h-lifestyle-9.jpg\" title=\"\">\n<\/p>\n<h3>Hiter pomnilnik DDR5 in prilagodljive mo\u017enosti raz\u0161iritve<\/h3>\n<p>Ra\u010dunalnik je opremljen z 16 GB pomnilnika DDR5 RAM, ki deluje v dvo-kanalnem na\u010dinu, kar zagotavlja visoko pasovno \u0161irino in nemoteno delovanje aplikacij. Z dvema re\u017eama SO-DIMM lahko uporabniki pomnilnik raz\u0161irijo do 96 GB, kar omogo\u010da, da je naprava pripravljena na zahtevna virtualna okolja, napredno urejanje videov ali CAD programsko opremo.<\/p>\n<p>\n<img decoding=\"async\" alt=\"The bottom of the Minix Mini PC with a schematic diagram of the cooling system in the case.\" border=\"0\" src=\"https:\/\/assets.innpro.pl\/19207\/25602\/7-Mini-PC-Minix-N512-i5-12600h-lifestyle-7.jpg\" title=\"\">\n<\/p>\n<h3>Superhiter SSD in dodatni M.2 re\u017ea<\/h3>\n<p>MINIX N512 je opremljen s predhodno name\u0161\u010denim 1 TB PCIe 4.0 NVMe SSD-jem, ki ne zagotavlja le bliskovito hitro nalaganje sistema Windows 11 Pro, ampak omogo\u010da tudi priro\u010dno shranjevanje velikih datotek in projektov. Dodatni M.2-re\u017e, zdru\u017eljiv s PCIe 3.0 in SATA, omogo\u010da prilagodljivo raz\u0161iritev pomnilnika brez zamenjave glavnega diska.<\/p>\n<p>\n<img decoding=\"async\" alt=\"Minix N512 Mini PC standing on a desk, with four monitors running various programs in the background and a keyboard in the foreground.\" border=\"0\" src=\"https:\/\/assets.innpro.pl\/19207\/25602\/5-Mini-PC-Minix-N512-i5-12600h-lifestyle-5.jpg\" title=\"\">\n<\/p>\n<h3>Podpora za slike 4K in 8K \u2013 idealno za delo in zabavo<\/h3>\n<p>Naprava ponuja podporo za \u0161tiri neodvisne video izhode, vklju\u010dno z HDMI 2.1 in Thunderbolt 4, hkrati pa podpira lo\u010dljivosti 4K pri 60 Hz in celo 8K pri 60 Hz. Ta konfiguracija ra\u010dunalnik naredi idealnega tako za profesionalne aplikacije, kot so urejanje videa in grafi\u010dno oblikovanje, kot tudi za zabavo na najvi\u0161ji vizualni ravni.<\/p>\n<p>\n<img decoding=\"async\" alt=\"A monitor with 8K image quality, next to it stands the Mini PC N512 connected to the monitor.\" border=\"0\" src=\"https:\/\/assets.innpro.pl\/19207\/25602\/1-Mini-PC-Minix-N512-i5-12600h-lifestyle-1.jpg\" title=\"\">\n<\/p>\n<h3>Kompaktna zasnova z bogato ponudbo priklju\u010dkov<\/h3>\n<p>Ohi\u0161je, izdelano iz visokokakovostne kovinske zlitine in plastike, tehta le 472 g in meri manj kot 119,3 \u00d7 119,3 \u00d7 38,9 mm, kar omogo\u010da enostavno namestitev kjerkoli \u2013 celo za monitorjem zaradi zdru\u017eljivosti z VESA. Mini PC je opremljen z ve\u010d vrati USB 3.2 Gen 2 (tipa A in C), dvema LAN-vrati (2,5G in 1G), avdio priklju\u010dkom in podporo za Thunderbolt 4. Tak\u0161na obse\u017ena povezljivost vam omogo\u010da priklju\u010ditev razli\u010dnih dodatkov in perifernih naprav brez kompromisov.<\/p>\n<p>\n<img decoding=\"async\" alt=\"How to connect the Mini PC N512 to the monitor using a VESA mount and the already connected Mini PC.\" border=\"0\" src=\"https:\/\/assets.innpro.pl\/19207\/25602\/8-Mini-PC-Minix-N512-i5-12600h-lifestyle-8.jpg\" title=\"\">\n<\/p>\n<h3>Vklju\u010deno<\/h3>\n<ul class=\"list-disc pl-5\">\n<li>1x Minix N512 Mini PC<\/li>\n<li>1x VESA nosilec<\/li>\n<li>1x HDMI kabel<\/li>\n<li>1x napajalnik 20 V\/5 A<\/li>\n<\/ul>\n<div class=\"table-wrapper\">\n<p>\u00a0<\/p>\n<h3><\/h3>\n<table>\n<tbody>\n<tr>\n<th>Proizvajalec<\/th>\n<td>MINIX<\/td>\n<\/tr>\n<tr>\n<th>Ime<\/th>\n<td>PRD MiniPC<\/td>\n<\/tr>\n<tr>\n<th>Model<\/th>\n<td>N512<\/td>\n<\/tr>\n<tr>\n<th>Color<\/th>\n<td>Siva<\/td>\n<\/tr>\n<tr>\n<th>Material<\/th>\n<td>Plastika + kovina<\/td>\n<\/tr>\n<tr>\n<th>Procesor<\/th>\n<td>Intel\u00ae Core\u2122 i5-12600H (12 jeder, 18 MB predpomnilnika (do 4,5 GHz)<\/td>\n<\/tr>\n<tr>\n<th>Grafi\u010dna kartica<\/th>\n<td>Grafi\u010dna kartica Intel\u00ae Iris\u00ae Xe<\/td>\n<\/tr>\n<tr>\n<th>DDR<\/th>\n<td>16 GB DDR5-4800 MHz<\/td>\n<\/tr>\n<tr>\n<th>DDR re\u017ea<\/th>\n<td>2 \u00d7 DDR5 SO-DIMM (do 96 GB, ni vklju\u010deno)<\/td>\n<\/tr>\n<tr>\n<th>SSD<\/th>\n<td>1 TB M.2 SSD 2280 PCIe 4.0\u00d74<\/td>\n<\/tr>\n<tr>\n<th>Raz\u0161iritev SSD<\/th>\n<td>Re\u017ea M.2 SSD 2280 PCIe 3.0\u00d74<\/td>\n<\/tr>\n<tr>\n<th>Wi-Fi in Bluetooth<\/th>\n<td>M.2 2230 Intel\u00ae 802.11AX201 Tri-band Wi-Fi 6 (2,4 GHz\/5 GHz), BT5.2<\/td>\n<\/tr>\n<tr>\n<th>Sprednji gumb<\/th>\n<td>1\u00d7Gumb za vklop<\/td>\n<\/tr>\n<tr>\n<th>Sprednji avdio priklju\u010dek<\/th>\n<td>1\u00d73,5 mm kombinirani avdio izhod<\/td>\n<\/tr>\n<tr>\n<th>Sprednji USB-A priklju\u010dek<\/th>\n<td>2\u00d7USB-A 3.2 Gen2<\/td>\n<\/tr>\n<tr>\n<th>Sprednji USB-C priklju\u010dek<\/th>\n<td>USB tipa C 3.2 Gen2 (4K 60 Hz) (polna funkcionalnost)<\/td>\n<\/tr>\n<tr>\n<th>Gumb za ponastavitev na sprednji strani<\/th>\n<td>1\u00d7Gumb za vklop<\/td>\n<\/tr>\n<tr>\n<th>Zadnji RJ45<\/th>\n<td>2\u00d7RJ-45 2,5G Ethernet (2,5G+1G)<\/td>\n<\/tr>\n<tr>\n<th>Zadnji USB tipa A<\/th>\n<td>2\u00d7USB-A 3.2 Gen2<\/td>\n<\/tr>\n<tr>\n<th>Zadnji HDMI<\/th>\n<td>2\u00d7HDMI 2.1 TMDS (4K pri 60 Hz)<\/td>\n<\/tr>\n<tr>\n<th>Zadnji USB tipa C<\/th>\n<td>1\u00d7TBT4 (8K pri 60 Hz) (DP, PD, podatki)<\/td>\n<\/tr>\n<tr>\n<th>Zadnji DC priklju\u010dek<\/th>\n<td>1\u00d7AC vhod 100~240 V, PD izhod 20 V 5 A 100 W max. (Podpira RTC, adapter za EU, ZDA in Veliko Britanijo)<\/td>\n<\/tr>\n<tr>\n<th>Kensington klju\u010davnica na desni strani<\/th>\n<td>Da (podpira RTC, adapter za EU, ZDA in Veliko Britanijo)<\/td>\n<\/tr>\n<tr>\n<th>Operacijski sistem<\/th>\n<td>Windows 11 Pro<\/td>\n<\/tr>\n<tr>\n<th>Podprti jeziki<\/th>\n<td>Ve\u010djezi\u010dna podpora<\/td>\n<\/tr>\n<tr>\n<th>Certifikacija<\/th>\n<td>FCC CE UKCA ROHS WEEE PSE<\/td>\n<\/tr>\n<tr>\n<th>Certifikacija Wi-Fi<\/th>\n<td>Model: AX201NGW; FCC ID: PD9AX201NG; IC: 1000M-AX201NG; CMIIT ID: 2028AJ7550(M); NCC ID: CCAH18LP3520T2; Standardi IMDA: DB02941; ICC ID: RC-INT-AX201NGW; TELEC RF: 003-180232; TELEK TEL: D180131003; \u0160tevilka prodajalca: 0018841\/09; TA RTTE: ER69428\/19<\/td>\n<\/tr>\n<\/tbody>\n<\/table>\n<\/div>","protected":false},"excerpt":{"rendered":"<p>Na zalogi pri zunanjem dobavitelju. Rok dobave 3-7 delovnih dni.<\/p>","protected":false},"featured_media":34802,"template":"","meta":{"_monsterinsights_skip_tracking":false,"_monsterinsights_sitenote_active":false,"_monsterinsights_sitenote_note":"","_monsterinsights_sitenote_category":0},"product_brand":[318],"product_cat":[276,64],"product_tag":[],"class_list":{"0":"post-34806","1":"product","2":"type-product","3":"status-publish","4":"has-post-thumbnail","6":"product_brand-minix","7":"product_cat-mini-namizni-racunalniki","8":"product_cat-racunalnistvo","10":"first","11":"instock","12":"taxable","13":"shipping-taxable","14":"purchasable","15":"product-type-simple"},"jetpack_sharing_enabled":true,"_links":{"self":[{"href":"https:\/\/kobra.si\/en\/wp-json\/wp\/v2\/product\/34806","targetHints":{"allow":["GET"]}}],"collection":[{"href":"https:\/\/kobra.si\/en\/wp-json\/wp\/v2\/product"}],"about":[{"href":"https:\/\/kobra.si\/en\/wp-json\/wp\/v2\/types\/product"}],"version-history":[{"count":0,"href":"https:\/\/kobra.si\/en\/wp-json\/wp\/v2\/product\/34806\/revisions"}],"wp:featuredmedia":[{"embeddable":true,"href":"https:\/\/kobra.si\/en\/wp-json\/wp\/v2\/media\/34802"}],"wp:attachment":[{"href":"https:\/\/kobra.si\/en\/wp-json\/wp\/v2\/media?parent=34806"}],"wp:term":[{"taxonomy":"product_brand","embeddable":true,"href":"https:\/\/kobra.si\/en\/wp-json\/wp\/v2\/product_brand?post=34806"},{"taxonomy":"product_cat","embeddable":true,"href":"https:\/\/kobra.si\/en\/wp-json\/wp\/v2\/product_cat?post=34806"},{"taxonomy":"product_tag","embeddable":true,"href":"https:\/\/kobra.si\/en\/wp-json\/wp\/v2\/product_tag?post=34806"}],"curies":[{"name":"wp","href":"https:\/\/api.w.org\/{rel}","templated":true}]}}