{"id":34796,"date":"2026-03-17T17:55:31","date_gmt":"2026-03-17T16:55:31","guid":{"rendered":"https:\/\/kobra.si\/spletna-trgovina-kobra\/mini-racunalnik-minix-z350-n350-16-gb-512-gb-windows-11-pro\/"},"modified":"2026-04-21T21:05:33","modified_gmt":"2026-04-21T19:05:33","slug":"mini-racunalnik-minix-z350-n350-16-gb-512-gb-windows-11-pro","status":"publish","type":"product","link":"https:\/\/kobra.si\/en\/spletna-trgovina-kobra\/mini-racunalnik-minix-z350-n350-16-gb-512-gb-windows-11-pro\/","title":{"rendered":"Mini ra\u010dunalnik Minix Z350 N350 16 GB 512 GB Windows 11 Pro"},"content":{"rendered":"<h3>Mini PC Minix Z350 N350 16+512 GB<\/h3>\n<p>MINIX Z350-0dB je sodoben mini PC brez ventilatorja, ki zdru\u017euje visoko zmogljivost s tiho delovanjem. Opremljen je z energetsko u\u010dinkovitim procesorjem Intel\u00ae Core\u2122 i3-N350 (do 3,9 GHz), 16 GB pomnilnika DDR4 RAM in hitrim 512 GB PCIe 3.0 NVMe SSD, kar zagotavlja zanesljivo zmogljivost za vsakodnevne aplikacije \u2013 bodisi v pisarni, izobra\u017eevanju ali multimediji. Dva vrata HDMI 2.1 omogo\u010data 4K video pri 60 Hz, medtem ko povezljivost Wi-Fi 6, Bluetooth 5.2 in 2,5G LAN zagotavlja stabilne \u017ei\u010dne in brez\u017ei\u010dne povezave. S tiho pasivno hlajenje, kompaktnim, celokovinskim ohi\u0161jem in vnaprej name\u0161\u010denim Windows 11 Pro je naprava pripravljena za delo takoj, ko jo zagnate.<\/p>\n<p>\n<img decoding=\"async\" alt=\"Two Minix Mini PCs one standing, the other lying down. They have communication antennas plugged in, standing on a gray background.\" border=\"0\" src=\"https:\/\/assets.innpro.pl\/19200\/25595\/8-Mini-PC-komputer-Minix-Z350-N350-lifestyle-8.jpg\" title=\"\">\n<\/p>\n<h3>Stabilna zmogljivost procesorja Intel\u00ae Core\u2122 i3 brez upada zmogljivosti<\/h3>\n<p>Uporabljeni procesor Intel\u00ae Core\u2122 i3-N350 deluje s frekvenco do 3,9 GHz in ponuja 8 niti ter 8 jeder, kar vam omogo\u010da nemoteno so\u010dasno opravljanje ve\u010d nalog. Grafi\u010dni \u010dip Intel\u00ae UHD Graphics zagotavlja u\u010dinkovito podporo za vsebine v lo\u010dljivosti 4K ter urejanje videov in grafike. Zahvaljujo\u010d pasivnemu hlajenju ra\u010dunalnik ohranja polno ra\u010dunalni\u0161ko mo\u010d tudi med dalj\u0161o uporabo, brez omejevanja, tj. zmanj\u0161ane zmogljivosti zaradi visokih temperatur. To je idealno za uporabnike, ki \u017eelijo stabilnost in neprekinjeno zmogljivost v kompaktni obliki.<\/p>\n<p>\n<img decoding=\"async\" alt=\"Mini PC Minix as a backdrop for the flowing interfaces of Kimtigo&#039;s design programs and RAM dice.\" border=\"0\" src=\"https:\/\/assets.innpro.pl\/19200\/25595\/1-Mini-PC-komputer-Minix-Z350-N350-lifestyle-1.jpg\" title=\"\">\n<\/p>\n<h3>Pomnilnik in shranjevanje z velikim potencialom za raz\u0161iritev<\/h3>\n<p>MINIX Z350-0dB ima 16 GB visokohitrostnega pomnilnika DDR4 3200 MHz v formatu SO-DIMM in 512 GB SSD PCIe 3.0 za takoj\u0161en dostop do datotek in aplikacij. Pomnilnik je mogo\u010de raz\u0161iriti do 4 TB prek priklju\u010dka M.2 NVMe in dodati kartico microSD do 2 TB. Tak\u0161na re\u0161itev vam omogo\u010da, da ra\u010dunalnik udobno prilagodite svojim individualnim potrebam \u2013 tako v smislu prostora za shranjevanje kot tudi pove\u010dane zmogljivosti za delo na ve\u010djih projektih.<\/p>\n<p>\n<img decoding=\"async\" alt=\"The back of the Mini PC Minix with various inputs and an ethernet cable plugged in, against a blue background.\" border=\"0\" src=\"https:\/\/assets.innpro.pl\/19200\/25595\/5-Mini-PC-komputer-Minix-Z350-N350-lifestyle-5.jpg\" title=\"\">\n<\/p>\n<h3>Hitra povezljivost in bogat nabor vrat<\/h3>\n<p>Naprava ponuja sodobne komunikacijske re\u0161itve \u2013 dvopasovni Wi-Fi 6 (Intel\u00ae AX201), Bluetooth 5.2 in \u017ei\u010dni Ethernet 2,5G vmesnik zagotavljajo hiter prenos podatkov in stabilne omre\u017ene povezave. Dva vmesnika HDMI 2.1 omogo\u010data priklju\u010ditev dveh 4K-zaslonov, vmesnika USB-A 3.2 Gen2 in USB-C 3.2 Gen2 (vsi 10 Gbps) pa omogo\u010data priklju\u010ditev sodobnih perifernih naprav. Na voljo so tudi vmesniki USB 2.0, kombinirani priklju\u010dek za slu\u0161alke\/mikrofon in re\u017ea za kartico TF, kar uporabnikom zagotavlja popolno fleksibilnost pri konfiguraciji.<\/p>\n<p>\n<img decoding=\"async\" alt=\"Mini PC Minix standing with its back with imitation communication waves going over the antennas. Next to it the symbols for WI-FI 6 and Bluetooth 5.2.\" border=\"0\" src=\"https:\/\/assets.innpro.pl\/19200\/25595\/4-Mini-PC-komputer-Minix-Z350-N350-lifestyle-4.jpg\" title=\"\">\n<\/p>\n<h3>Inteligentno upravljanje porabe energije in avtomatske funkcije<\/h3>\n<p>MINIX Z350-0dB je opremljen z naprednimi funkcijami upravljanja z energijo, kot so Wake-on-LAN, RTC Wake in Auto Power On. Zaradi tega je ra\u010dunalnik idealen za oddaljene aplikacije ali industrijska okolja, kjer sta zanesljivost in daljinsko upravljanje klju\u010dnega pomena. Uporabnik ima tudi dostop do nastavitev BIOS-a (AMI EFI GX4), da lahko prilagodi delovanje naprave posebnim operativnim potrebam.<\/p>\n<p>\n<img decoding=\"async\" alt=\"Mini PC Minix on gray background, next to blue product box.\" border=\"0\" src=\"https:\/\/assets.innpro.pl\/19200\/25595\/7-Mini-PC-komputer-Minix-Z350-N350-lifestyle-7.jpg\" title=\"\">\n<\/p>\n<h3>Trpe\u017ena kovinska konstrukcija in zanesljivost v vseh pogojih<\/h3>\n<p>Ohi\u0161je ra\u010dunalnika je izdelano iz trpe\u017enega aluminija in SGCC jekla, kar ne le omogo\u010da u\u010dinkovito pasivno hlajenje, temve\u010d tudi pove\u010duje odpornost proti mehanskim po\u0161kodbam in elektrostati\u010dnim motnjam. Kompaktne dimenzije (120,8 \u00d7 132,7 \u00d7 42,9 mm) in skladnost s standardom VESA omogo\u010dajo enostavno namestitev kjerkoli \u2013 na mizi, za monitorjem ali v zaprtem prostoru. Naprava deluje stabilno v \u0161irokem temperaturnem razponu (0\u201350 \u00b0C) in vla\u017enosti, \u0161tevilna certifikata (CE, FCC, ROHS, WEEE, UKCA, PSE) pa potrjujejo njeno kakovost, vzdr\u017eljivost in skladnost z mednarodnimi varnostnimi standardi.<\/p>\n<p>\n<img decoding=\"async\" alt=\"Diagram showing the construction of the Minix mini PC, with the case&#039;s ability to dissipate heat shown.\" border=\"0\" src=\"https:\/\/assets.innpro.pl\/19200\/25595\/2-Mini-PC-komputer-Minix-Z350-N350-lifestyle-2.jpg\" title=\"\">\n<\/p>\n<h3>Vklju\u010deno<\/h3>\n<ul class=\"list-disc pl-5\">\n<li>1 x mini PC<\/li>\n<li>1 x adapter<\/li>\n<li>1 x HDMI kabel<\/li>\n<li>1 x VESA nosilec<\/li>\n<li>2 x dvopasovna antena<\/li>\n<\/ul>\n<p><\/p>\n<div class=\"table-wrapper\">\n<p>\u00a0<\/p>\n<h3><\/h3>\n<table>\n<tbody>\n<tr>\n<th>Blagovna znamka<\/th>\n<td>MINIX<\/td>\n<\/tr>\n<tr>\n<th>Tip<\/th>\n<td>Mini PC<\/td>\n<\/tr>\n<tr>\n<th>Model<\/th>\n<td>NEO Z350-0dB<\/td>\n<\/tr>\n<tr>\n<th>Color<\/th>\n<td>\u010drna<\/td>\n<\/tr>\n<tr>\n<th>Material<\/th>\n<td>V celoti iz kovine<\/td>\n<\/tr>\n<tr>\n<th>Procesor<\/th>\n<td>Procesor Intel\u00ae Core\u2122 i3-N350 (6 MB predpomnilnika (do 3,90 GHz)<\/td>\n<\/tr>\n<tr>\n<th>Grafi\u010dna kartica<\/th>\n<td>Intel\u00ae UHD Graphics<\/td>\n<\/tr>\n<tr>\n<th>Sistem<\/th>\n<td>Windows 11 Pro (podpora ve\u010d jezikov)<\/td>\n<\/tr>\n<tr>\n<th>Ohi\u0161je<\/th>\n<td>Kovinsko ohi\u0161je<\/td>\n<\/tr>\n<tr>\n<th>Zahteve glede napajanja<\/th>\n<td>12 V\/3 A DC-IN<\/td>\n<\/tr>\n<tr>\n<th>Poraba energije<\/th>\n<td>12 W (tipi\u010dna), 25 W (maks.)<\/td>\n<\/tr>\n<tr>\n<th>Certifikati<\/th>\n<td>FCC CE UKCA ROHS WEEE PSE<\/td>\n<\/tr>\n<tr>\n<th>DDR pomnilnik<\/th>\n<td>16 GB DDR4-3200 MHz (SO-DIMM)<\/td>\n<\/tr>\n<tr>\n<th>Re\u017ea za DDR<\/th>\n<td>1\u00d7DDR4 SO-DIMM (do 16 GB)<\/td>\n<\/tr>\n<tr>\n<th>SSD<\/th>\n<td>512 GB M.2 2280 PCIe 3.0 x 4 NVMe SSD<\/td>\n<\/tr>\n<tr>\n<th>Re\u017ea za SSD<\/th>\n<td>1\u00d7M.2 re\u017ea 2280 PCIe 3.0 x 4 NVMe SSD (do 4 TB, ni vklju\u010deno)<\/td>\n<\/tr>\n<tr>\n<th>TF re\u017ea<\/th>\n<td>1\u00d7 TF (kartica MicroSD) re\u017ea (do 2 TB, ni vklju\u010dena)<\/td>\n<\/tr>\n<tr>\n<th>BIOS<\/th>\n<td>AMI EFI GX4<\/td>\n<\/tr>\n<tr>\n<th>Ethernet<\/th>\n<td>1\u00d7RTL8125BG, 2,5 GbE (Gigabit Ethernet)<\/td>\n<\/tr>\n<tr>\n<th>LED indikatorji<\/th>\n<td>LED-i za napajanje, LAN (aktivno, stanje)<\/td>\n<\/tr>\n<tr>\n<th>Wi-Fi\/BT<\/th>\n<td>M.2 2230 Intel\u00ae 802.11AX201 dvopasovna 6 (2,4 GHz\/5 GHz) kartica Wi-Fi, BT5.2<\/td>\n<\/tr>\n<tr>\n<th>Gumb za vklop<\/th>\n<td>Gumb za vklop z belo LED<\/td>\n<\/tr>\n<tr>\n<th>USB tipa A<\/th>\n<td>2 \u00d7 USB-A 3.2 Gen2 (10 Gbps)<\/td>\n<\/tr>\n<tr>\n<th>Avdio priklju\u010dek<\/th>\n<td>1 \u00d7 kombinirani avdio izhod (slu\u0161alke in mikrofon)<\/td>\n<\/tr>\n<tr>\n<th>USB tipa C<\/th>\n<td>1 \u00d7 USB-C 3.2 Gen2 (10 Gbps)<\/td>\n<\/tr>\n<tr>\n<th>Re\u017ea za TF kartico<\/th>\n<td>1 \u00d7 re\u017ea za TF kartico (re\u017ea za kartico MicroSD)<\/td>\n<\/tr>\n<tr>\n<th>Gumb za ponastavitev<\/th>\n<td>1 \u00d7 gumb za ponastavitev<\/td>\n<\/tr>\n<tr>\n<th>Vti\u010dnica za enosmerno napajanje<\/th>\n<td>1 \u00d7 DC vhod (AC 100~240 V, izhod: 12 V\u2393 4 A, maks. 48 W; priklju\u010dek: 2,5\/5,5 mm)<\/td>\n<\/tr>\n<tr>\n<th>USB tipa A<\/th>\n<td>2 \u00d7 USB-A 2.0 (480 Mbps)<\/td>\n<\/tr>\n<tr>\n<th>RJ45 Ethernet<\/th>\n<td>1 \u00d7 RJ-45 2,5G Ethernet vti\u010dnica (2500 Mbps)<\/td>\n<\/tr>\n<tr>\n<th>HDMI izhod<\/th>\n<td>2 \u00d7 HDMI 2.1 TMDS vrata (podpira 4K pri 60 Hz)<\/td>\n<\/tr>\n<tr>\n<th>Working temperature<\/th>\n<td>0 ~ 50 \u00b0C pri 5 ~ 85 % relativni vlagi<\/td>\n<\/tr>\n<tr>\n<th>Storage temperature<\/th>\n<td>-20 ~ 70 \u00b0C<\/td>\n<\/tr>\n<tr>\n<th>Relative humidity<\/th>\n<td>10 ~ 95 % RH pri 40 \u00b0C\/104 \u00b0F, brez kondenzacije<\/td>\n<\/tr>\n<tr>\n<th>Velikost izdelka<\/th>\n<td>120,8 x 132,7 x 42,9 mm<\/td>\n<\/tr>\n<tr>\n<th>Velikost pakiranja<\/th>\n<td>175 x 230 x 72 mm<\/td>\n<\/tr>\n<tr>\n<th>Te\u017ea izdelka<\/th>\n<td>898 g<\/td>\n<\/tr>\n<tr>\n<th>Te\u017ea paketa<\/th>\n<td>1643,5 g<\/td>\n<\/tr>\n<tr><\/tr>\n<\/tbody>\n<\/table>\n<\/div>","protected":false},"excerpt":{"rendered":"<p>Na zalogi pri zunanjem dobavitelju. Rok dobave 3-7 delovnih dni.<\/p>","protected":false},"featured_media":34793,"template":"","meta":{"_monsterinsights_skip_tracking":false,"_monsterinsights_sitenote_active":false,"_monsterinsights_sitenote_note":"","_monsterinsights_sitenote_category":0},"product_brand":[318],"product_cat":[276,64],"product_tag":[],"class_list":{"0":"post-34796","1":"product","2":"type-product","3":"status-publish","4":"has-post-thumbnail","6":"product_brand-minix","7":"product_cat-mini-namizni-racunalniki","8":"product_cat-racunalnistvo","10":"first","11":"instock","12":"taxable","13":"shipping-taxable","14":"purchasable","15":"product-type-simple"},"jetpack_sharing_enabled":true,"_links":{"self":[{"href":"https:\/\/kobra.si\/en\/wp-json\/wp\/v2\/product\/34796","targetHints":{"allow":["GET"]}}],"collection":[{"href":"https:\/\/kobra.si\/en\/wp-json\/wp\/v2\/product"}],"about":[{"href":"https:\/\/kobra.si\/en\/wp-json\/wp\/v2\/types\/product"}],"version-history":[{"count":0,"href":"https:\/\/kobra.si\/en\/wp-json\/wp\/v2\/product\/34796\/revisions"}],"wp:featuredmedia":[{"embeddable":true,"href":"https:\/\/kobra.si\/en\/wp-json\/wp\/v2\/media\/34793"}],"wp:attachment":[{"href":"https:\/\/kobra.si\/en\/wp-json\/wp\/v2\/media?parent=34796"}],"wp:term":[{"taxonomy":"product_brand","embeddable":true,"href":"https:\/\/kobra.si\/en\/wp-json\/wp\/v2\/product_brand?post=34796"},{"taxonomy":"product_cat","embeddable":true,"href":"https:\/\/kobra.si\/en\/wp-json\/wp\/v2\/product_cat?post=34796"},{"taxonomy":"product_tag","embeddable":true,"href":"https:\/\/kobra.si\/en\/wp-json\/wp\/v2\/product_tag?post=34796"}],"curies":[{"name":"wp","href":"https:\/\/api.w.org\/{rel}","templated":true}]}}