{"id":34782,"date":"2026-03-17T17:50:48","date_gmt":"2026-03-17T16:50:48","guid":{"rendered":"https:\/\/kobra.si\/spletna-trgovina-kobra\/mini-racunalnik-gmktec-evo-x1-amd-ryzen-ai-9-hx-370-32-gb-ram-1-tb-ssd-windows-11-pro\/"},"modified":"2026-03-18T21:05:33","modified_gmt":"2026-03-18T20:05:33","slug":"mini-racunalnik-gmktec-evo-x1-amd-ryzen-ai-9-hx-370-32-gb-ram-1-tb-ssd-windows-11-pro","status":"publish","type":"product","link":"https:\/\/kobra.si\/en\/spletna-trgovina-kobra\/mini-racunalnik-gmktec-evo-x1-amd-ryzen-ai-9-hx-370-32-gb-ram-1-tb-ssd-windows-11-pro\/","title":{"rendered":"Mini ra\u010dunalnik GMKtec EVO-X1 \u2013 AMD Ryzen AI 9 HX 370 \u2013 32 GB RAM + 1 TB SSD, Windows 11 Pro"},"content":{"rendered":"<h3>EVO-X1 \u2013 AMD Ryzen AI 9 HX 370 \u2013 32 GB RAM + 1 TB SSD<\/h3>\n<p>EVO-X1 je kompakten vir brezprimerne mo\u010di, ki zdru\u017euje 12-jedrni procesor AMD Ryzen AI 9 HX 370 z inovativnim koprocesorjem 50 TOPS XDNA 2 \u2013 idealen za napredne ra\u010dunalni\u0161ke in grafi\u010dne naloge. Vgrajeni \u010dip AMD Radeon 890M zagotavlja gladko in ostro grafiko, tudi v najnovej\u0161ih 3D (tridimenzionalnih) igrah in aplikacijah, zmo\u017enost prikazovanja slik na treh monitorjih v visoki kakovosti pa odpira nova obzorja dela in zabave. \u0160tirikanalni pomnilnik LPDDR5X in dva izjemno u\u010dinkovita pogona NVMe zagotavljata bliskovito zagon programov in nemoteno ve\u010dopravilnost. EVO-X1 ponuja tudi povezljivost Wi-Fi in Bluetooth ter bogat nabor vrat, medtem ko napreden sistem hlajenja zagotavlja stabilno delovanje tudi pri polni obremenitvi. Izberite EVO-X1 in do\u017eivite resni\u010dno zmogljivost brez kompromisov!<\/p>\n<p>\n<img decoding=\"async\" alt=\"2 Mini PCs on a black surface. Orange sky and moon in the background.\" border=\"0\" src=\"https:\/\/assets.innpro.pl\/17718\/23491\/10.jpg\" title=\"\">\n<\/p>\n<h3>Nova era zmogljivosti<\/h3>\n<p>EVO-X1 je kompaktna, a izjemno zmogljiva naprava, zasnovana za uporabnike, ki i\u0161\u010dejo profesionalno in zmogljivo re\u0161itev za delo na daljavo, pisarno ali zabavo. Opremljen je s procesorjem AMD Ryzen AI 9 HX 370 z arhitekturo Zen 5, ki ponuja 12 jeder, 24 niti in najve\u010djo taktsko frekvenco 5,1 GHz. EVO-X1 lahko obvladuje najzahtevnej\u0161e naloge \u2013 od kompleksnih simulacij, ustvarjanja video vsebin v lo\u010dljivosti 8K do najnovej\u0161ih AAA iger (Triple-A, visokoprora\u010dunske produkcije v industriji video iger).<\/p>\n<p>\n<img decoding=\"async\" alt=\"Close-up of AMD Ryzen processor on orange and black background.\" border=\"0\" src=\"https:\/\/assets.innpro.pl\/17718\/23491\/5.jpg\" title=\"\">\n<\/p>\n<h3>Grafika na najvi\u0161ji ravni<\/h3>\n<p>Vgrajeni \u010dip AMD Radeon 890M, ki temelji na jedrih RDNA 3.5, deluje s hitrostjo do 2.900 MHz in ponuja zmogljivost, primerljivo s priljubljenimi modeli grafi\u010dnih kartic. Ne glede na to, ali urejate videoposnetke, ustvarjate napredne vizualizacije ali igrate igre na treh monitorjih pri 8K@60 Hz \u2013 HDMI 2.1 (High-Definition Multimedia Interface, vmesnik za prenos videa in zvoka v HD in vi\u0161ji kakovosti), DP 2.1 (DisplayPort, vmesnik za prenos videa in zvoka v visoki lo\u010dljivosti), USB 4.0 (Universal Serial Bus, standard za prenos podatkov in napajanje med napravami) \u2013 bo EVO-X1 zagotovil gladko in neopore\u010dno kakovost slike.<\/p>\n<p>\n<img decoding=\"async\" alt=\"A tablet leaning against a desk. In front of it lies the GMKtec Mini PC.\" border=\"0\" src=\"https:\/\/assets.innpro.pl\/17718\/23491\/6.jpg\" title=\"\">\n<\/p>\n<h3>Raz\u0161iritve in izjemno u\u010dinkoviti SSD-ji<\/h3>\n<p>Dva PCIe 4.0 M.2 NVMe (Non-Volatile Memory Express, protokol za SSD-je, ki zagotavlja bliskovito branje in pisanje z minimalno zakasnitvijo) v standardu 2280 omogo\u010data namestitev SSD (Solid State Drive, polprevodni\u0161ki pogon, ki omogo\u010da visokohitrostno branje in pisanje podatkov) medijev s skupno zmogljivostjo do 1 TB, medtem ko prenosi ve\u010d tiso\u010d megabajtov na sekundo skraj\u0161ajo \u010dase nalaganja aplikacij na minimum. Podpora za PCIe 3.0 in 4.0 (Peripheral Component Interconnect Express, standard raz\u0161iritvenega vodila, ki povezuje mati\u010dno plo\u0161\u010do s klju\u010dnimi komponentami, kot so grafi\u010dne kartice in omre\u017eni krmilniki) zagotavlja zdru\u017eljivost s \u0161iroko paleto pogonov, s podporo za OCuLink (Optical-Copper Link, omogo\u010da u\u010dinkovito podalj\u0161anje PCIe vodov zunaj ohi\u0161ja ra\u010dunalnika z uporabo bakrenih ali opti\u010dnih kablov) s hitrostjo 64 Gbps lahko priklju\u010dite zunanjo grafi\u010dno kartico in EVO-X1 spremenite v mobilno delovno postajo.<\/p>\n<p>\n<img decoding=\"async\" alt=\"Close-up of the PCIe Mini PC against a dark background.\" border=\"0\" src=\"https:\/\/assets.innpro.pl\/17718\/23491\/4.jpg\" title=\"\">\n<\/p>\n<h3>Neprekosljiv pomnilnik LPDDR5X<\/h3>\n<p>S hitrostjo 7.500 MT\/s je \u0161tirikanalni pomnilnik LPDDR5X (Low Power Double Data Rate, standard delovnega pomnilnika, optimiziran za minimalno porabo energije) trenutno najhitrej\u0161a nizkonapetostna re\u0161itev, ki je na voljo na trgu. Zahvaljujo\u010d nizki zakasnitvi je EVO-X1 bliskovito hiter tudi v najbolj zapletenih scenarijih ve\u010dopravilnosti, kar izbolj\u0161a zmogljivost videokonferenc, urejanja fotografij in pisarni\u0161kih aplikacij za do 71 % v primerjavi s tradicionalnimi moduli DDR5 (Double Data Rate, dvakrat hitrej\u0161i prenos podatkov z uporabo obeh robov takta) SODIMM (Small Outline Dual In-line Memory Module, tanka oblika RAM-a za tanke in kompaktne naprave).<\/p>\n<p>\n<img decoding=\"async\" alt=\"A black Mini PC GMKtec on a black and orange background.\" border=\"0\" src=\"https:\/\/assets.innpro.pl\/17718\/23491\/8.jpg\" title=\"\">\n<\/p>\n<h3>Izbolj\u0161ana povezljivost in hlajenje<\/h3>\n<p>EVO-X1 ponuja dvojna 2,5 GbE Intel i226V vrata (Gigabit Ethernet, omre\u017eni vmesnik, ki omogo\u010da hitrosti prenosa podatkov 1 GB na sekundo), zdru\u017eljivost z Linuxom, Ubuntu, ESXi in VMware, visokohitrostni Wi-Fi 6 in Bluetooth 5.2, pa tudi niz vrat USB 4.0, USB 3.2, HDMI 2.1 in DisplayPort 2.1. Zahvaljujo\u010d sistemu z dvema ventilatorjema in premi\u0161ljeni zasnovi prezra\u010devanja ostaja naprava hladna in tiho deluje tudi med dalj\u0161im delovanjem pod visoko obremenitvijo.<\/p>\n<p>\n<img decoding=\"async\" alt=\"Mini PC lies on a desk connected to another device.\" border=\"0\" src=\"https:\/\/assets.innpro.pl\/17718\/23491\/3.jpg\" title=\"\">\n<\/p>\n<h3>Vklju\u010den<\/h3>\n<ul class=\"list-disc pl-5\">\n<li>mini PC EVO-X1<\/li>\n<li>napajalni kabel<\/li>\n<li>power supply<\/li>\n<li>HDMI kabel<\/li>\n<li>vertikalni stojalo<\/li>\n<li>uporabni\u0161ki priro\u010dnik<\/li>\n<\/ul>\n<div class=\"table-wrapper\">\n<p>\u00a0<\/p>\n<h3>General<\/h3>\n<table>\n<tbody>\n<tr>\n<th>Proizvajalec<\/th>\n<td>GMK<\/td>\n<\/tr>\n<tr>\n<th>Model<\/th>\n<td>EVO-X1<\/td>\n<\/tr>\n<tr>\n<th>Color<\/th>\n<td>\u010crna<\/td>\n<\/tr>\n<tr>\n<th>Delovni pomnilnik<\/th>\n<td>LPDDR5X \u0161tirikanalni @ 7.500 MT\/s<\/td>\n<\/tr>\n<tr>\n<th>Operacijski sistem<\/th>\n<td>Windows 11 Pro<\/td>\n<\/tr>\n<\/tbody>\n<\/table>\n<p>\u00a0<\/p>\n<h3>Procesor<\/h3>\n<table>\n<tbody>\n<tr>\n<th>Model<\/th>\n<td>AMD Ryzen AI 9 HX 370<\/td>\n<\/tr>\n<tr>\n<th>Arhitektura<\/th>\n<td>Zen 5 z XDNA 2 NPU<\/td>\n<\/tr>\n<tr>\n<th>\u0160tevilo jeder<\/th>\n<td>12<\/td>\n<\/tr>\n<tr>\n<th>\u0160tevilo niti<\/th>\n<td>24<\/td>\n<\/tr>\n<tr>\n<th>Osnovna frekvenca<\/th>\n<td>5,1 GHz<\/td>\n<\/tr>\n<tr>\n<th>Pomnilnik<\/th>\n<td>36 MB L3 predpomnilnika (24 MB + 12 MB)<\/td>\n<\/tr>\n<tr>\n<th>TDP faktor<\/th>\n<td>65 W<\/td>\n<\/tr>\n<tr>\n<th>Zmogljivost NPU<\/th>\n<td>50 TOPS<\/td>\n<\/tr>\n<\/tbody>\n<\/table>\n<p>\u00a0<\/p>\n<h3>Grafi\u010dni \u010dip<\/h3>\n<table>\n<tbody>\n<tr>\n<th>Model<\/th>\n<td>AMD Radeon 890 M (RDNA 3.5)<\/td>\n<\/tr>\n<tr>\n<th>\u0160tevilo ra\u010dunskih enot (CU)<\/th>\n<td>16<\/td>\n<\/tr>\n<tr>\n<th>Osnovna frekvenca GPU<\/th>\n<td>800 MHz<\/td>\n<\/tr>\n<tr>\n<th>Pove\u010dana frekvenca GPU<\/th>\n<td>2900 MHz<\/td>\n<\/tr>\n<tr>\n<th>\u0160tevilo jeder<\/th>\n<td>12<\/td>\n<\/tr>\n<tr>\n<th>Enote sen\u010denja<\/th>\n<td>1024<\/td>\n<\/tr>\n<tr>\n<th>TMU (mapiranje tekstur)<\/th>\n<td>64<\/td>\n<\/tr>\n<tr>\n<th>ROP (rendering)<\/th>\n<td>40<\/td>\n<\/tr>\n<tr>\n<th>Skupna poraba energije (TGP)<\/th>\n<td>15 W<\/td>\n<\/tr>\n<\/tbody>\n<\/table>\n<p>\u00a0<\/p>\n<h3>Shranjevanje podatkov<\/h3>\n<table>\n<tbody>\n<tr>\n<th>Re\u017ee<\/th>\n<td>M.2 2280 NVMe PCIe 4.0<\/td>\n<\/tr>\n<tr>\n<th>Capacity<\/th>\n<td>1 TB<\/td>\n<\/tr>\n<tr>\n<th>Zdru\u017eljivost<\/th>\n<td>PCIe 3.0 in 4.0<\/td>\n<\/tr>\n<tr>\n<th>RAM<\/th>\n<td>32 GB<\/td>\n<\/tr>\n<\/tbody>\n<\/table>\n<p>\u00a0<\/p>\n<h3>Omre\u017eje<\/h3>\n<table>\n<tbody>\n<tr>\n<th>LAN<\/th>\n<td>Dvojni LAN RJ45 Intel i226-V 2,5 Gbps<\/td>\n<\/tr>\n<tr>\n<th>Zdru\u017eljivost<\/th>\n<td>Linux, Ubuntu, ESXi, VMware<\/td>\n<\/tr>\n<tr>\n<th>WiFi<\/th>\n<td>Wi-Fi 6 (802.11ax)<\/td>\n<\/tr>\n<tr>\n<th>Bluetooth<\/th>\n<td>5.2<\/td>\n<\/tr>\n<\/tbody>\n<\/table>\n<p>\u00a0<\/p>\n<h3>Vrata<\/h3>\n<table>\n<tbody>\n<tr>\n<th>Video izhodi<\/th>\n<td>HDMI 2.1, DisplayPort 2.1, USB 4.0<\/td>\n<\/tr>\n<tr>\n<th>Podpora monitorjev<\/th>\n<td>Podpora za tri neodvisne zaslone (HDMI + DP + USB4)<\/td>\n<\/tr>\n<tr>\n<th>USB in avdio vrata<\/th>\n<td>USB 3.2 Gen 2 x4, USB 4.0, avdio priklju\u010dek CTIA<\/td>\n<\/tr>\n<tr>\n<th>OCuLink<\/th>\n<td>Podpora za zunanje grafi\u010dne kartice do 64 Gbps<\/td>\n<\/tr>\n<\/tbody>\n<\/table>\n<\/div>","protected":false},"excerpt":{"rendered":"<p>Na zalogi pri zunanjem dobavitelju. Rok dobave 3-7 delovnih dni.<\/p>","protected":false},"featured_media":34778,"template":"","meta":{"_monsterinsights_skip_tracking":false,"_monsterinsights_sitenote_active":false,"_monsterinsights_sitenote_note":"","_monsterinsights_sitenote_category":0},"product_brand":[317],"product_cat":[276,64],"product_tag":[],"class_list":{"0":"post-34782","1":"product","2":"type-product","3":"status-publish","4":"has-post-thumbnail","6":"product_brand-gmktec","7":"product_cat-mini-namizni-racunalniki","8":"product_cat-racunalnistvo","10":"first","11":"outofstock","12":"taxable","13":"shipping-taxable","14":"purchasable","15":"product-type-simple"},"jetpack_sharing_enabled":true,"_links":{"self":[{"href":"https:\/\/kobra.si\/en\/wp-json\/wp\/v2\/product\/34782","targetHints":{"allow":["GET"]}}],"collection":[{"href":"https:\/\/kobra.si\/en\/wp-json\/wp\/v2\/product"}],"about":[{"href":"https:\/\/kobra.si\/en\/wp-json\/wp\/v2\/types\/product"}],"version-history":[{"count":0,"href":"https:\/\/kobra.si\/en\/wp-json\/wp\/v2\/product\/34782\/revisions"}],"wp:featuredmedia":[{"embeddable":true,"href":"https:\/\/kobra.si\/en\/wp-json\/wp\/v2\/media\/34778"}],"wp:attachment":[{"href":"https:\/\/kobra.si\/en\/wp-json\/wp\/v2\/media?parent=34782"}],"wp:term":[{"taxonomy":"product_brand","embeddable":true,"href":"https:\/\/kobra.si\/en\/wp-json\/wp\/v2\/product_brand?post=34782"},{"taxonomy":"product_cat","embeddable":true,"href":"https:\/\/kobra.si\/en\/wp-json\/wp\/v2\/product_cat?post=34782"},{"taxonomy":"product_tag","embeddable":true,"href":"https:\/\/kobra.si\/en\/wp-json\/wp\/v2\/product_tag?post=34782"}],"curies":[{"name":"wp","href":"https:\/\/api.w.org\/{rel}","templated":true}]}}