{"id":34777,"date":"2026-03-17T17:50:40","date_gmt":"2026-03-17T16:50:40","guid":{"rendered":"https:\/\/kobra.si\/spletna-trgovina-kobra\/mini-racunalnik-gmktec-g10-amd-ryzen-5-3500u-16-gb-ram-1-tb-ssd-windows-11-pro\/"},"modified":"2026-04-21T21:03:51","modified_gmt":"2026-04-21T19:03:51","slug":"mini-racunalnik-gmktec-g10-amd-ryzen-5-3500u-16-gb-ram-1-tb-ssd-windows-11-pro","status":"publish","type":"product","link":"https:\/\/kobra.si\/en\/spletna-trgovina-kobra\/mini-racunalnik-gmktec-g10-amd-ryzen-5-3500u-16-gb-ram-1-tb-ssd-windows-11-pro\/","title":{"rendered":"Mini ra\u010dunalnik GMKtec G10 \u2013 AMD Ryzen 5 3500U \u2013 16 GB RAM + 1 TB SSD, Windows 11 Pro"},"content":{"rendered":"<h3>MiniPC G10 \u2013 AMD Ryzen 5 3500U \u2013 16 GB RAM + 1 TB SSD<\/h3>\n<p>MiniPC G10 je kompaktna naprava, ki v majhni obliki skriva pravo mo\u010d zahvaljujo\u010d procesorju AMD Ryzen 5 3500U. Opremljen z 16 GB pomnilnika DDR4 in hitrim 1 TB M.2 2280 SSD-jem, zagotavlja bliskovito hiter dostop do podatkov in nemoteno ve\u010dopravilnost. \u0160tevilna vrata omogo\u010dajo priklju\u010ditev monitorjev, projektorja, NAS-a ali slu\u0161alk, podpora za tri zaslone pri 4K@60 Hz pa zabavo in produktivnost dvigne na vi\u0161jo raven. Napreden sistem hlajenja poskrbi za tiho delovanje, integrirana grafi\u010dna kartica AMD Radeon Vega 8 pa zagotavlja ostre slike. Zdru\u017eljiv je z operacijskimi sistemi Windows 11 Pro, Windows 10 in Linux, zaradi svoje lahke te\u017ee pa bo MiniPC G10 kot nala\u0161\u010d za vsak delovni prostor.<\/p>\n<p>\n<img decoding=\"async\" alt=\"A man is working in front of a computer. The monitors display charts and a map.\" border=\"0\" src=\"https:\/\/assets.innpro.pl\/17717\/23490\/3.jpg\" title=\"\">\n<\/p>\n<h3>Mo\u010d v kompaktni obliki<\/h3>\n<p>Srce naprave je energetsko u\u010dinkovit procesor AMD Ryzen 5 3500U, ki ponuja \u0161tiri jedra in osem niti s turbo hitrostjo do 3,7 GHz. To omogo\u010da G10, da obvladuje zahtevne pisarni\u0161ke naloge, obdelavo fotografij ali videov, hkrati pa je odli\u010den pri ve\u010dopravilnosti. Vgrajeni 4 MB predpomnilnik dodatno pospe\u0161i izvajanje procesov in zagotavlja, da sistem takoj odziva na vsak va\u0161 klik.<\/p>\n<p>\n<img decoding=\"async\" alt=\"Mini PC attached to the computer monitor.\" border=\"0\" src=\"https:\/\/assets.innpro.pl\/17717\/23490\/10.jpg\" title=\"\">\n<\/p>\n<h3>Pomnilnik in shranjevanje brez kompromisov<\/h3>\n<p>MiniPC G10 ponuja 16 GB RAM-a (pomnilnika z naklju\u010dnim dostopom\/glavnega pomnilnika). To zagotavlja svobodo pri hkratnem zagonu ve\u010d aplikacij in delu z velikimi datotekami. Vgrajeni 1 TB M.2 2280 SSD zagotavlja bliskovito hiter dostop do podatkov in hiter zagon sistemov in programov. Ne glede na to, ali arhivirate ogromne medijske knji\u017enice ali ustvarjate 3D (tridimenzionalne) projekte, vam prostora nikoli ne bo zmanjkalo.<\/p>\n<p>\n<img decoding=\"async\" alt=\"Mini PC lies on the desk next to the monitor, smartwatch and keyboard.\" border=\"0\" src=\"https:\/\/assets.innpro.pl\/17717\/23490\/7.jpg\" title=\"\">\n<\/p>\n<h3>\u0160tevilni priklju\u010dki za ve\u010dstransko uporabo<\/h3>\n<p>MiniPC G10 presene\u010da s \u0161tevilom in raznolikostjo vrat, ki so na voljo na ohi\u0161ju. Dve vrata USB 3.2 (Universal Serial Bus, standardni vmesnik za prenos podatkov ali napajanje naprav) s hitrostjo 5 Gbps v kombinaciji z vratom USB 2.0 omogo\u010dajo bliskovito hiter prenos podatkov in priklju\u010ditev perifernih naprav. Dva priklju\u010dka tipa C \u2013 eden podpira PD (Power Delivery, standard za hitro polnjenje), drugi pa DP (DisplayPort, omogo\u010da prenos zvoka in videa), prenos podatkov in polnjenje naprav \u2013 zagotavljata najve\u010djo prilagodljivost. Z vmesnikoma HDMI 2.1 (High-Definition Multimedia Interface, ki se uporablja za prenos digitalnega videa in zvoka v visoki kakovosti) in DisplayPort 1.4 lahko enostavno ustvarite grafi\u010dno postajo s podporo za lo\u010dljivost 4K pri 60 Hz, medtem ko re\u017ea za 2,5-gigabitni LAN (Local Area Network, lokalno omre\u017eje) omogo\u010da izjemno hiter omre\u017eni priklju\u010dek. Na ohi\u0161ju boste na\u0161li tudi vhod CTIA (The Wireless Association, prvotno znan kot Cellular Telephone Industries Association), Kensington klju\u010davnico za dodatno varnost in jasen gumb za vklop.<\/p>\n<p>\n<img decoding=\"async\" alt=\"A silver Mini PC held in hand with various ports.\" border=\"0\" src=\"https:\/\/assets.innpro.pl\/17717\/23490\/1.jpg\" title=\"\">\n<\/p>\n<h3>Ultra HD na treh zaslonih<\/h3>\n<p>\u010ce delate na ve\u010d monitorjih ali \u017eelite svojo zabavo dvigniti na vi\u0161jo raven, je MiniPC G10 kos izzivu. Podpora za tri neodvisne zaslone HD (High Definition, visoka lo\u010dljivost) vam omogo\u010da ustvarjanje raz\u0161irjene delovne postaje z ve\u010d monitorji, nativna podpora za 4K pri 60 Hz pa bo poskrbela, da bodo filmi, igre ali predstavitve osupljivo ostre in teko\u010de. Preprosto priklju\u010dite monitorje ali televizor in v trenutku ustvarite impresivno ve\u010dzaslonsko postavitev.<\/p>\n<p>\n<img decoding=\"async\" alt=\"2 monitors and a laptop lie on a desk next to a keyboard and Mini PC.\" border=\"0\" src=\"https:\/\/assets.innpro.pl\/17717\/23490\/9.jpg\" title=\"\">\n<\/p>\n<h3>Tiho delovanje zahvaljujo\u010d inteligentnemu hlajenju<\/h3>\n<p>Napreden sistem hlajenja MiniPC G10 omogo\u010da izjemno tiho delovanje, saj hrup ohranja pod 35 dB. To je manj kot \u0161epet v knji\u017enici, zato se lahko osredoto\u010dite na delo ali zabavo, ne da bi vas motil hrup ventilatorja. Hkrati sistem hlajenja u\u010dinkovito odvaja toploto, kar omogo\u010da procesorju in grafi\u010dnemu \u010dipu Radeon Vega 8 (s taktom do 1200 MHz) delovanje s polno zmogljivostjo brez strahu pred pregrevanjem.<\/p>\n<p>\n<img decoding=\"async\" alt=\"Mini PC cooling system on a white background.\" border=\"0\" src=\"https:\/\/assets.innpro.pl\/17717\/23490\/4.jpg\" title=\"\">\n<\/p>\n<h3>Popolna zdru\u017eljivost sistema<\/h3>\n<p>MiniPC G10 deluje enako dobro v sistemih Windows 11 Pro in Windows 10 ter v sistemu Linux. Ne glede na to, ali se zana\u0161ate na stabilnost in znani vmesnik Microsoft ali pa izberete odprtost in prilagodljivost drugih sistemov, vam bo MiniPC G10 zagotovil zanesljivo podporo za vse va\u0161e klju\u010dne aplikacije.<\/p>\n<p>\n<img decoding=\"async\" alt=\"2 monitors and a laptop stand on a desk next to a keyboard and Mini PC.\" border=\"0\" src=\"https:\/\/assets.innpro.pl\/17717\/23490\/2.jpg\" title=\"\">\n<\/p>\n<h3>Kompaktna zasnova, odli\u010dne zmogljivosti<\/h3>\n<p>Z prostornino le 0,42 litra in minimalisti\u010dno, elegantno obdelavo se MiniPC G10 popolnoma prilega na vsako mizo, za monitor ali na poti. Je idealen za profesionalce, ustvarjalce vsebin in ljubitelje tehnologije, ki cenijo maksimalno zmogljivost na minimalnem prostoru. Va\u0161o delovno postajo bo naredil bolj organizirano in pove\u010dal mobilnost.<\/p>\n<p>\n<img decoding=\"async\" alt=\"Mini PC on a white background.\" border=\"0\" src=\"https:\/\/assets.innpro.pl\/17717\/23490\/8.jpg\" title=\"\">\n<\/p>\n<div class=\"table-wrapper\">\n<p>\u00a0<\/p>\n<h3><\/h3>\n<table>\n<tbody>\n<tr>\n<th>Proizvajalec<\/th>\n<td>GMK<\/td>\n<\/tr>\n<tr>\n<th>Model<\/th>\n<td>G10<\/td>\n<\/tr>\n<tr>\n<th>Dimenzije<\/th>\n<td>103 x 98 x 42 mm<\/td>\n<\/tr>\n<tr>\n<th>Material ohi\u0161ja<\/th>\n<td>Plastika<\/td>\n<\/tr>\n<tr>\n<th>Weight<\/th>\n<td>284 g<\/td>\n<\/tr>\n<tr>\n<th>Procesor<\/th>\n<td>AMD Ryzen\u2122 5 3500U<\/td>\n<\/tr>\n<tr>\n<th>Najve\u010dja frekvenca<\/th>\n<td>3,7 GHz<\/td>\n<\/tr>\n<tr>\n<th>Poraba energije<\/th>\n<td>35 W<\/td>\n<\/tr>\n<tr>\n<th>Pomnilnik<\/th>\n<td>DDR4 2400<\/td>\n<\/tr>\n<tr>\n<th>Zmogljivost pomnilnika<\/th>\n<td>16 GB (DDR)<\/td>\n<\/tr>\n<tr>\n<th>EMMC<\/th>\n<td>Ne<\/td>\n<\/tr>\n<tr>\n<th>SSD<\/th>\n<td>M.2 2280 512 GB\/1 TB (tovarni\u0161ko), podpira do 8 TB \/ M.2 2280 (raz\u0161iritev); podpira 8 TB \/ maks. skupna podprta zmogljivost 8 TB x 2 = 16 TB<\/td>\n<\/tr>\n<tr>\n<th>Podpora za 2,5-pal\u010dni HDD\/SSD<\/th>\n<td>Ne<\/td>\n<\/tr>\n<tr>\n<th>Bralnik kartic TF<\/th>\n<td>Ne<\/td>\n<\/tr>\n<tr>\n<th>Zagon ure v realnem \u010dasu<\/th>\n<td>Podprto<\/td>\n<\/tr>\n<tr>\n<th>Podpora BIOS-a<\/th>\n<td>Da<\/td>\n<\/tr>\n<tr>\n<th>TPM<\/th>\n<td>Podpora TPM 2.0<\/td>\n<\/tr>\n<tr>\n<th>Video izhodi<\/th>\n<td>HDMI, DP, Type-C (DP\/DATA\/PD)<\/td>\n<\/tr>\n<tr>\n<th>Kazalnik stanja<\/th>\n<td>LED za stanje napajanja<\/td>\n<\/tr>\n<tr>\n<th>Wi-Fi<\/th>\n<td>Wi-Fi 5<\/td>\n<\/tr>\n<tr>\n<th>Vrsta vmesnika<\/th>\n<td>PCIe<\/td>\n<\/tr>\n<tr>\n<th>Bluetooth<\/th>\n<td>Bluetooth 5.0<\/td>\n<\/tr>\n<tr>\n<th>Vmesnik<\/th>\n<td>Bluetooth, USB 2.0<\/td>\n<\/tr>\n<tr>\n<th>Vgrajen Wi-Fi<\/th>\n<td>Da (prek PCIe)<\/td>\n<\/tr>\n<tr>\n<th>Vgrajen Bluetooth<\/th>\n<td>Da (prek USB 2.0)<\/td>\n<\/tr>\n<tr>\n<th>LAN<\/th>\n<td>1 x Giga LAN (2500M \/ 1000M \/ 100M \/ 10M)<\/td>\n<\/tr>\n<tr>\n<th>USB 2.0<\/th>\n<td>1x USB-A 2.0<\/td>\n<\/tr>\n<tr>\n<th>USB 3.2<\/th>\n<td>2 x USB-A 3.2<\/td>\n<\/tr>\n<tr>\n<th>Raz\u0161iritev zunanjega pomnilnika<\/th>\n<td>Ne<\/td>\n<\/tr>\n<tr>\n<th>Avdio\/video izhodi<\/th>\n<td>1x HDMI 2.1<\/td>\n<\/tr>\n<tr>\n<th>Ethernetna vrata<\/th>\n<td>1x RJ45<\/td>\n<\/tr>\n<tr>\n<th>Prenos podatkov<\/th>\n<td>Da<\/td>\n<\/tr>\n<tr>\n<th>Gumbi<\/th>\n<td>Gumb za vklop x1<\/td>\n<\/tr>\n<tr>\n<th>DC IN<\/th>\n<td>Da<\/td>\n<\/tr>\n<tr>\n<th>Avdio vhod\/izhod<\/th>\n<td>1x 3,5-mm priklju\u010dek za slu\u0161alke (vhod\/izhod)<\/td>\n<\/tr>\n<tr>\n<th>Antene<\/th>\n<td>WiFi, Bluetooth<\/td>\n<\/tr>\n<tr>\n<th>Operacijski sistem<\/th>\n<td>Namestljen Windows 11 Pro, podpira Linux<\/td>\n<\/tr>\n<tr>\n<th>Working temperature<\/th>\n<td>0 \u00b0C do 40 \u00b0C<\/td>\n<\/tr>\n<tr>\n<th>Storage temperature<\/th>\n<td>Ni relevantno<\/td>\n<\/tr>\n<tr>\n<th>Vlaga<\/th>\n<td>Ni relevantno<\/td>\n<\/tr>\n<tr>\n<th>Power supply<\/th>\n<td>Tip C 19 V\/3,42 A 64,98 W<\/td>\n<\/tr>\n<tr>\n<th>IR daljinski upravljalnik<\/th>\n<td>Ne<\/td>\n<\/tr>\n<tr>\n<th>VESA<\/th>\n<td>Da<\/td>\n<\/tr>\n<tr>\n<th>Radijski pasovi<\/th>\n<td>Wi-Fi 2,4 GHz \/ Wi-Fi 5 GHz \/ BT<\/td>\n<\/tr>\n<tr>\n<th>Najve\u010dja oddajna mo\u010d<\/th>\n<td>18 dBm \/ 17 dBm \/ 4 dBm<\/td>\n<\/tr>\n<\/tbody>\n<\/table>\n<\/div>","protected":false},"excerpt":{"rendered":"<p>Na zalogi pri zunanjem dobavitelju. Rok dobave 3-7 delovnih dni.<\/p>","protected":false},"featured_media":34774,"template":"","meta":{"_monsterinsights_skip_tracking":false,"_monsterinsights_sitenote_active":false,"_monsterinsights_sitenote_note":"","_monsterinsights_sitenote_category":0},"product_brand":[317],"product_cat":[276,64],"product_tag":[],"class_list":{"0":"post-34777","1":"product","2":"type-product","3":"status-publish","4":"has-post-thumbnail","6":"product_brand-gmktec","7":"product_cat-mini-namizni-racunalniki","8":"product_cat-racunalnistvo","10":"first","11":"instock","12":"taxable","13":"shipping-taxable","14":"purchasable","15":"product-type-simple"},"jetpack_sharing_enabled":true,"_links":{"self":[{"href":"https:\/\/kobra.si\/en\/wp-json\/wp\/v2\/product\/34777","targetHints":{"allow":["GET"]}}],"collection":[{"href":"https:\/\/kobra.si\/en\/wp-json\/wp\/v2\/product"}],"about":[{"href":"https:\/\/kobra.si\/en\/wp-json\/wp\/v2\/types\/product"}],"version-history":[{"count":0,"href":"https:\/\/kobra.si\/en\/wp-json\/wp\/v2\/product\/34777\/revisions"}],"wp:featuredmedia":[{"embeddable":true,"href":"https:\/\/kobra.si\/en\/wp-json\/wp\/v2\/media\/34774"}],"wp:attachment":[{"href":"https:\/\/kobra.si\/en\/wp-json\/wp\/v2\/media?parent=34777"}],"wp:term":[{"taxonomy":"product_brand","embeddable":true,"href":"https:\/\/kobra.si\/en\/wp-json\/wp\/v2\/product_brand?post=34777"},{"taxonomy":"product_cat","embeddable":true,"href":"https:\/\/kobra.si\/en\/wp-json\/wp\/v2\/product_cat?post=34777"},{"taxonomy":"product_tag","embeddable":true,"href":"https:\/\/kobra.si\/en\/wp-json\/wp\/v2\/product_tag?post=34777"}],"curies":[{"name":"wp","href":"https:\/\/api.w.org\/{rel}","templated":true}]}}