{"id":34773,"date":"2026-03-17T17:50:33","date_gmt":"2026-03-17T16:50:33","guid":{"rendered":"https:\/\/kobra.si\/spletna-trgovina-kobra\/mini-racunalnik-gmktec-m3-z-intel-i5-12450h-16-gb-ram-512-gb-ssd-windows-11-pro\/"},"modified":"2026-04-21T21:01:58","modified_gmt":"2026-04-21T19:01:58","slug":"mini-racunalnik-gmktec-m3-z-intel-i5-12450h-16-gb-ram-512-gb-ssd-windows-11-pro","status":"publish","type":"product","link":"https:\/\/kobra.si\/en\/spletna-trgovina-kobra\/mini-racunalnik-gmktec-m3-z-intel-i5-12450h-16-gb-ram-512-gb-ssd-windows-11-pro\/","title":{"rendered":"Mini ra\u010dunalnik GMKtec M3 z Intel i5-12450H, 16 GB RAM + 512 GB SSD, Windows 11 Pro"},"content":{"rendered":"<h3>Mini PC GMKtec M3 Intel i5-12450H 16 GB RAM + 512 GB SSD WIN 11 Pro<\/h3>\n<p>GMKtec M3 je naprava, ki temelji na 8-jedrnem procesorju Intel Core i5-12450H z 12 nitmi, ki deluje s frekvenco do 4,4 GHz in zagotavlja visoko zmogljivost za ve\u010dopravilnost. Uporaba 16 GB DDR4 dvokanalnega pomnilnika RAM in 512 GB SSD-ja PCIe 3.0 omogo\u010da hiter zagon, bliskovito nalaganje podatkov in stabilno delovanje aplikacij. Mini PC podpira so\u010dasno delovanje na 3 monitorjih z lo\u010dljivostjo 4K \u2013 2 izhoda HDMI 2.0 in USB-C vrata s podporo za DisplayPort 1.4 vam omogo\u010dajo raz\u0161iritev delovne postaje brez dodatnih adapterjev. Naprava podpira Wi-Fi 6, Bluetooth 5.2 in \u017ei\u010dno omre\u017eje 2,5G. Kompaktna oblika (114 x 106 x 42,5 mm) gre z roko v roki z obilico vrat in vnaprej name\u0161\u010denim sistemom Windows 11 Pro. Ra\u010dunalnik GMKtec M3 lahko postavite neposredno na mizo ali ga pritrdite na zadnjo stran monitorja s prilo\u017eenim VESA nosilcem.<\/p>\n<p>\n<img decoding=\"async\" alt=\"\" border=\"0\" src=\"https:\/\/assets.innpro.pl\/13850\/17099\/4.jpg\" title=\"\">\n<\/p>\n<h3>Procesor Intel Core i5-12450H<\/h3>\n<p>Za zmogljivost ra\u010dunalnika skrbi procesor Intel Core i5-12450H z 8 jedri in 12 nitmi. Z osnovno taktsko frekvenco 3,3 GHz in turbo zmogljivostjo do 4,4 GHz zagotavlja visoko odzivnost sistema in nemoteno delovanje pri pisarni\u0161kih, multimedijskih in grafi\u010dnih nalogah. Vgrajena grafi\u010dna kartica Intel UHD Graphics (48EU) omogo\u010da u\u010dinkovito obdelavo slik.<\/p>\n<p>\n<img decoding=\"async\" alt=\"\" border=\"0\" src=\"https:\/\/assets.innpro.pl\/13850\/17099\/3.jpg\" title=\"\">\n<\/p>\n<h3>Podpora za do tri 4K-zaslone<\/h3>\n<p>Z 2 vrati HDMI 2.0 in enim USB-C s podporo za DisplayPort 1.4 mini PC GMKtec M3 omogo\u010da hkratno priklju\u010ditev 3 monitorjev in prikaz slike v lo\u010dljivosti 4K s hitrostjo osve\u017eevanja 60 Hz. Tako lahko na primer udobno delate s preglednico, brskalnikom in pisarni\u0161ko aplikacijo \u2013 vse bo vidno na lo\u010denih zaslonih. Uporabljena re\u0161itev je \u0161e posebej uporabna za analizo podatkov, urejanje vsebin ali vodenje projektov.<\/p>\n<p>\n<img decoding=\"async\" alt=\"\" border=\"0\" src=\"https:\/\/assets.innpro.pl\/13850\/17099\/1.jpg\" title=\"\">\n<\/p>\n<h3>Hiter dostop do podatkov<\/h3>\n<p>512 GB SSD PCIe 3.0 zagotavlja u\u010dinkovito delovanje sistema in aplikacij. Branje podatkov s hitrostjo do 3.500 MB\/s skraj\u0161a \u010das zagona in izbolj\u0161a splo\u0161no odzivnost ra\u010dunalnika. Naprava omogo\u010da raz\u0161iritev prostora za shranjevanje \u2013 podpira medije M.2 2280 PCIe do 2 TB in medije M.2 2242 SATA do 2 TB.<\/p>\n<p>\n<img decoding=\"async\" alt=\"\" border=\"0\" src=\"https:\/\/assets.innpro.pl\/13850\/17099\/7.jpg\" title=\"\">\n<\/p>\n<h3>Dvokanalni 16 GB DDR4 RAM<\/h3>\n<p>Vgrajeni 16 GB pomnilnika DDR4 s frekvenco 3200 MHz deluje v dvo-kanalnem na\u010dinu (2 x 8 GB), kar izbolj\u0161a zmogljivost in stabilnost sistema pri so\u010dasnem izvajanju ve\u010d aplikacij. Ta konfiguracija je primerna za pisarni\u0161ke in izobra\u017eevalne naloge ter za obdelavo enostavnih grafi\u010dnih ali multimedijskih projektov.<\/p>\n<p>\n<img decoding=\"async\" alt=\"\" border=\"0\" src=\"https:\/\/assets.innpro.pl\/13850\/17099\/8.jpg\" title=\"\">\n<\/p>\n<h3>Stabilne in hitre brez\u017ei\u010dne povezave<\/h3>\n<p>Modul za brez\u017ei\u010dno povezljivost podpira dvopasovni Wi-Fi 6 v konfiguraciji 2&#215;2, ki ponuja hitrosti do 2400 Mbps. Ta standard zagotavlja hitrej\u0161e hitrosti prenosa, manj\u0161o zakasnitev in stabilno povezljivost v okoljih z ve\u010d aktivnimi napravami. Bluetooth 5.2 omogo\u010da u\u010dinkovito povezovanje z dodatnimi napravami, kot so tipkovnice, mi\u0161ke in slu\u0161alke.<\/p>\n<p>\n<img decoding=\"async\" alt=\"\" border=\"0\" src=\"https:\/\/assets.innpro.pl\/13850\/17099\/2.jpg\" title=\"\">\n<\/p>\n<h3>Zanesljiv dostop do interneta<\/h3>\n<p>Vrata RJ45, ki temeljijo na krmilniku Intel I225V, omogo\u010dajo \u017ei\u010dno omre\u017eno povezljivost do 2,5 Gbps. Testi so pokazali hitrosti pisanja do 271 MB\/s in hitrosti prenosa do 230 MB\/s \u2013 taki parametri so idealni za delo z velikimi datotekami, upravljanje lokalnih stre\u017enikov in omre\u017enih aplikacij, ki zahtevajo stabilnost in visoko pasovno \u0161irino. Naprava deluje s sistemi, ki temeljijo na Linuxu in Proxmoxu.<\/p>\n<p>\n<img decoding=\"async\" alt=\"\" border=\"0\" src=\"https:\/\/assets.innpro.pl\/13850\/17099\/9.jpg\" title=\"\">\n<\/p>\n<h3>U\u010dinkovito hlajenje<\/h3>\n<p>Hladilni sistem temelji na bakrenih toplotnih ceveh in turbinskem ventilatorju. Pretok zraka je zasnovan tako, da u\u010dinkovito odvaja toploto z vseh strani, kar omogo\u010da napravi ohranjanje optimalnih delovnih temperatur tudi med dolgotrajno in intenzivno uporabo. Zasnova zmanj\u0161uje hrup, kar pozitivno vpliva na udobje pri delu.<\/p>\n<p>\n<img decoding=\"async\" alt=\"\" border=\"0\" src=\"https:\/\/assets.innpro.pl\/13850\/17099\/5.jpg\" title=\"\">\n<\/p>\n<h3>Velika razpolo\u017eljivost vrat<\/h3>\n<p>Kljub kompaktni velikosti naprava ponuja \u0161irok izbor vrat, vklju\u010dno s 3x USB-A 3.2, 1x USB-A 2.0, 1x USB-C (z DisplayPort 1.4 in podporo za prenos podatkov), 2x HDMI 2.0, 1x 3,5-mm avdio priklju\u010dkom in 1x LAN-vratom. Ta konfiguracija omogo\u010da hkratno priklju\u010ditev ve\u010d dodatkov brez potrebe po dodatnih adapterjih.<\/p>\n<p>\n<img decoding=\"async\" alt=\"\" border=\"0\" src=\"https:\/\/assets.innpro.pl\/13850\/17099\/6.jpg\" title=\"\">\n<\/p>\n<h3>Vklju\u010deno:<\/h3>\n<ul class=\"list-disc pl-5\">\n<li>Mini PC<\/li>\n<li>HDMI kabel<\/li>\n<li>Napajalnik s kabelom<\/li>\n<li>VESA nosilec in vijaki<\/li>\n<li>Navodila za uporabo<\/li>\n<\/ul>\n<div class=\"table-wrapper\">\n<p>\u00a0<\/p>\n<h3><\/h3>\n<table>\n<tbody>\n<tr>\n<th>Proizvajalec<\/th>\n<td>GMKtec<\/td>\n<\/tr>\n<tr>\n<th>Model<\/th>\n<td>M3-512<\/td>\n<\/tr>\n<tr>\n<th>Dimenzije<\/th>\n<td>114 x 106 x 42,5 mm<\/td>\n<\/tr>\n<tr>\n<th>Material ohi\u0161ja<\/th>\n<td>Okvir: oksidirana peskana kovina \/ zgornji del: kaljeno steklo \/ spodnji del: plastika<\/td>\n<\/tr>\n<tr>\n<th>Weight<\/th>\n<td>430 g<\/td>\n<\/tr>\n<tr>\n<th>Procesor<\/th>\n<td>Intel Core i5-12450H<\/td>\n<\/tr>\n<tr>\n<th>Najve\u010dja hitrost<\/th>\n<td>4,4 GHz<\/td>\n<\/tr>\n<tr>\n<th>Poraba energije<\/th>\n<td>45 W<\/td>\n<\/tr>\n<tr>\n<th>RAM<\/th>\n<td>DDR4 3200<\/td>\n<\/tr>\n<tr>\n<th>Pomnilnik<\/th>\n<td>16 GB<\/td>\n<\/tr>\n<tr>\n<th>EMMC<\/th>\n<td>Ne<\/td>\n<\/tr>\n<tr>\n<th>SSD<\/th>\n<td>M.2 2280 512 GB (vgrajen), podpira do 2 TB \/ M.2 2242 SATA (raz\u0161iritev) podpira do 2 TB<\/td>\n<\/tr>\n<tr>\n<th>Podpora za 2,5-pal\u010dni HDD\/SSD<\/th>\n<td>Ne<\/td>\n<\/tr>\n<tr>\n<th>Bralnik kartic TF<\/th>\n<td>Ne<\/td>\n<\/tr>\n<tr>\n<th>Zagon ure v realnem \u010dasu<\/th>\n<td>Da<\/td>\n<\/tr>\n<tr>\n<th>Druga podpora BIOS-a<\/th>\n<td>Da<\/td>\n<\/tr>\n<tr>\n<th>TPM<\/th>\n<td>Podpora TPM 2.0<\/td>\n<\/tr>\n<tr>\n<th>Video izhodi<\/th>\n<td>2 x HDMI, 1 x USB-C<\/td>\n<\/tr>\n<tr>\n<th>Kazalnik stanja<\/th>\n<td>Lu\u010dka za stanje napajanja<\/td>\n<\/tr>\n<tr>\n<th>Wi-Fi<\/th>\n<td>Wi-Fi 6<\/td>\n<\/tr>\n<tr>\n<th>Vrsta vmesnika<\/th>\n<td>PCIe<\/td>\n<\/tr>\n<tr>\n<th>Bluetooth<\/th>\n<td>Bluetooth 5.2<\/td>\n<\/tr>\n<tr>\n<th>Bluetooth vmesnik<\/th>\n<td>USB 2.0<\/td>\n<\/tr>\n<tr>\n<th>Vgrajen Wi-Fi<\/th>\n<td>Ne<\/td>\n<\/tr>\n<tr>\n<th>Vgrajen Bluetooth<\/th>\n<td>Ne<\/td>\n<\/tr>\n<tr>\n<th>LAN<\/th>\n<td>1x Giga LAN (2500M \/ 1000M \/ 100M \/ 10M)<\/td>\n<\/tr>\n<tr>\n<th>USB 2.0<\/th>\n<td>1 x USB-A 2.0<\/td>\n<\/tr>\n<tr>\n<th>USB 3.2<\/th>\n<td>3 x USB-A 3.2<\/td>\n<\/tr>\n<tr>\n<th>Raz\u0161iritev zunanjega pomnilnika<\/th>\n<td>Ne<\/td>\n<\/tr>\n<tr>\n<th>Avdio\/video izhodi<\/th>\n<td>2 \u00d7 HDMI 2.0<\/td>\n<\/tr>\n<tr>\n<th>Ethernetna vrata<\/th>\n<td>1 \u00d7 RJ45<\/td>\n<\/tr>\n<tr>\n<th>Prenos podatkov<\/th>\n<td>Da<\/td>\n<\/tr>\n<tr>\n<th>Gumbi<\/th>\n<td>Gumb za vklop x1<\/td>\n<\/tr>\n<tr>\n<th>DC IN<\/th>\n<td>Da<\/td>\n<\/tr>\n<tr>\n<th>Avdio vhod\/izhod<\/th>\n<td>1 x 3,5-mm priklju\u010dek za slu\u0161alke (vhod\/izhod)<\/td>\n<\/tr>\n<tr>\n<th>Antena<\/th>\n<td>FPC Wi-Fi + Bluetooth, FPC Wi-Fi<\/td>\n<\/tr>\n<tr>\n<th>Operacijski sistem<\/th>\n<td>name\u0161\u010den Windows 11 Pro, podpira Linux<\/td>\n<\/tr>\n<tr>\n<th>Working temperature<\/th>\n<td>0 \u00b0C do 40 \u00b0C<\/td>\n<\/tr>\n<tr>\n<th>Storage temperature<\/th>\n<td>0\u201340 \u00b0C<\/td>\n<\/tr>\n<tr>\n<th>Vlaga<\/th>\n<td>10\u201390 % RH<\/td>\n<\/tr>\n<tr>\n<th>Power supply<\/th>\n<td>Vhod: 100\u2013240 V, 50\/60 Hz, izhod: 20 V\/5 A, 100 W, DC 5,5\/2,5 mm<\/td>\n<\/tr>\n<tr>\n<th>IR daljinski upravljalnik<\/th>\n<td>Ne<\/td>\n<\/tr>\n<tr>\n<th>VESA monta\u017ea<\/th>\n<td>Da<\/td>\n<\/tr>\n<tr>\n<th>Radijski pasovi<\/th>\n<td>Wi-Fi 2,4G \/ Wi-Fi 5G \/ BT<\/td>\n<\/tr>\n<tr>\n<th>Najve\u010dja oddajna mo\u010d<\/th>\n<td>17 dBm \/ 14 dBm \/ 6 dBm<\/td>\n<\/tr>\n<\/tbody>\n<\/table>\n<\/div>","protected":false},"excerpt":{"rendered":"<p>Na zalogi pri zunanjem dobavitelju. Rok dobave 3-7 delovnih dni.<\/p>","protected":false},"featured_media":34772,"template":"","meta":{"_monsterinsights_skip_tracking":false,"_monsterinsights_sitenote_active":false,"_monsterinsights_sitenote_note":"","_monsterinsights_sitenote_category":0},"product_brand":[317],"product_cat":[276,64],"product_tag":[],"class_list":{"0":"post-34773","1":"product","2":"type-product","3":"status-publish","4":"has-post-thumbnail","6":"product_brand-gmktec","7":"product_cat-mini-namizni-racunalniki","8":"product_cat-racunalnistvo","10":"first","11":"instock","12":"taxable","13":"shipping-taxable","14":"purchasable","15":"product-type-simple"},"jetpack_sharing_enabled":true,"_links":{"self":[{"href":"https:\/\/kobra.si\/en\/wp-json\/wp\/v2\/product\/34773","targetHints":{"allow":["GET"]}}],"collection":[{"href":"https:\/\/kobra.si\/en\/wp-json\/wp\/v2\/product"}],"about":[{"href":"https:\/\/kobra.si\/en\/wp-json\/wp\/v2\/types\/product"}],"version-history":[{"count":0,"href":"https:\/\/kobra.si\/en\/wp-json\/wp\/v2\/product\/34773\/revisions"}],"wp:featuredmedia":[{"embeddable":true,"href":"https:\/\/kobra.si\/en\/wp-json\/wp\/v2\/media\/34772"}],"wp:attachment":[{"href":"https:\/\/kobra.si\/en\/wp-json\/wp\/v2\/media?parent=34773"}],"wp:term":[{"taxonomy":"product_brand","embeddable":true,"href":"https:\/\/kobra.si\/en\/wp-json\/wp\/v2\/product_brand?post=34773"},{"taxonomy":"product_cat","embeddable":true,"href":"https:\/\/kobra.si\/en\/wp-json\/wp\/v2\/product_cat?post=34773"},{"taxonomy":"product_tag","embeddable":true,"href":"https:\/\/kobra.si\/en\/wp-json\/wp\/v2\/product_tag?post=34773"}],"curies":[{"name":"wp","href":"https:\/\/api.w.org\/{rel}","templated":true}]}}