{"id":34762,"date":"2026-03-17T17:42:12","date_gmt":"2026-03-17T16:42:12","guid":{"rendered":"https:\/\/kobra.si\/spletna-trgovina-kobra\/mini-racunalnik-minis-forum-um890-pro-z-ryzen-9-8945hs-16-gb-512-gb\/"},"modified":"2026-04-21T21:05:21","modified_gmt":"2026-04-21T19:05:21","slug":"mini-racunalnik-minis-forum-um890-pro-z-ryzen-9-8945hs-16-gb-512-gb","status":"publish","type":"product","link":"https:\/\/kobra.si\/en\/spletna-trgovina-kobra\/mini-racunalnik-minis-forum-um890-pro-z-ryzen-9-8945hs-16-gb-512-gb\/","title":{"rendered":"Mini ra\u010dunalnik MINIS FORUM UM890 Pro z Ryzen 9 8945HS, 16 GB + 512 GB"},"content":{"rendered":"<h3>MINIS FORUM UM890 Pro Ryzen 9 8945HS 16 GB + 512 GB mini ra\u010dunalnik<\/h3>\n<p>Minisforum UM890 Pro je mini PC, ki zdru\u017euje visoko zmogljivost z majhnim ohi\u0161jem, zaradi \u010desar je idealen tako za delo kot za zabavo. Opremljen je s procesorjem AMD Ryzen\u2122 9 8945HS z 8 jedri in 16 nitmi, kar zagotavlja odli\u010dno zmogljivost za zahtevne naloge, kot so urejanje videov, igranje iger in aplikacije na podlagi umetne inteligence. Z najve\u010djo frekvenco 5,2 GHz naprava zagotavlja nemoteno delovanje tudi pri najbolj zahtevnih nalogah.<\/p>\n<p>\n<img decoding=\"async\" alt=\"black mini PC on a black desk\" border=\"0\" src=\"https:\/\/assets.innpro.pl\/19908\/26518\/6.jpg\" title=\"\">\n<\/p>\n<h3>Hiter RAM in zmogljivi SSD-ji<\/h3>\n<p>UM890 Pro uporablja 16 GB pomnilnika DDR5 s frekvenco 5600 MHz, kar zagotavlja hitro obdelavo podatkov in nemoteno delovanje sistema.<\/p>\n<p>\n<img decoding=\"async\" alt=\"black mini PC attached to the back of a black monitor\" border=\"0\" src=\"https:\/\/assets.innpro.pl\/19908\/26518\/1.jpg\" title=\"\">\n<\/p>\n<h3>Napredna grafika in podpora za ve\u010d zaslonov<\/h3>\n<p>Vgrajeni grafi\u010dni \u010dip AMD Radeon\u2122 780M podpira visokokakovostno zabavo, kar vam omogo\u010da u\u017eivanje v naprednih multimedijskih vsebinah in igrah. Mini-PC podpira hkratno povezavo s \u0161tirimi zasloni, kar je idealno za profesionalce, ki potrebujejo raz\u0161irjen delovni prostor.<\/p>\n<p>\n<img decoding=\"async\" alt=\"black mini PC on a desk and three monitors with graphics programs open\" border=\"0\" src=\"https:\/\/assets.innpro.pl\/19908\/26518\/2.jpg\" title=\"\">\n<\/p>\n<h3>\u0160iroka paleta vrat in brez\u017ei\u010dna povezljivost<\/h3>\n<p>Minisforum UM890 Pro ponuja \u0161irok izbor vrat, vklju\u010dno s \u0161tirimi USB 3.2, dvema USB4, dvema RJ45 2,5G Ethernet, enim HDMI 2.1, DP1.4 in avdio priklju\u010dki. S podporo za WiFi 6E in Bluetooth 5.3 naprava zagotavlja stabilno in hitro povezavo z internetom in drugimi napravami.<\/p>\n<p>\n<img decoding=\"async\" alt=\"black mini PC on a black mat, next to a smartphone\" border=\"0\" src=\"https:\/\/assets.innpro.pl\/19908\/26518\/3.jpg\" title=\"\">\n<\/p>\n<h3>U\u010dinkovito hlajenje in robustna zasnova<\/h3>\n<p>Napreden hladilni sistem Cold Wave 2.2 s teko\u010dim kovinskim hladilnim sredstvom in aktivnim hlajenjem za RAM in SSD zagotavlja stabilno delovanje tudi pri visoki obremenitvi, hkrati pa zmanj\u0161uje hrup.<\/p>\n<p>\n<img decoding=\"async\" alt=\"inside of a black PC and how the device is cooled on a black background\" border=\"0\" src=\"https:\/\/assets.innpro.pl\/19908\/26518\/5.jpg\" title=\"\">\n<\/p>\n<div class=\"table-wrapper\">\n<p>\u00a0<\/p>\n<h3><\/h3>\n<table>\n<tbody>\n<tr>\n<th>Proizvajalec<\/th>\n<td>Minisforum<\/td>\n<\/tr>\n<tr>\n<th>Model<\/th>\n<td>UM890 Pro<\/td>\n<\/tr>\n<tr>\n<th>Procesor<\/th>\n<td>AMD Ryzen\u2122 9 8945HS, 8 jeder, 16 niti<\/td>\n<\/tr>\n<tr>\n<th>Arhitektura<\/th>\n<td>Zen 4<\/td>\n<\/tr>\n<tr>\n<th>Najve\u010dja frekvenca<\/th>\n<td>5,2 GHz<\/td>\n<\/tr>\n<tr>\n<th>RAM<\/th>\n<td>DDR5<\/td>\n<\/tr>\n<tr>\n<th>Zmogljivost RAM-a<\/th>\n<td>16 GB<\/td>\n<\/tr>\n<tr>\n<th>Frekvenca<\/th>\n<td>5600 MHz<\/td>\n<\/tr>\n<tr>\n<th>SSD<\/th>\n<td>M.2 2280 PCIe 4.0<\/td>\n<\/tr>\n<tr>\n<th>\u0160tevilo re\u017e za SSD<\/th>\n<td>2<\/td>\n<\/tr>\n<tr>\n<th>Grafi\u010dna kartica<\/th>\n<td>AMD Radeon\u2122 780M<\/td>\n<\/tr>\n<tr>\n<th>Povezljivost<\/th>\n<td>WiFi 6E, Bluetooth 5.3<\/td>\n<\/tr>\n<tr>\n<th>Vrata<\/th>\n<td>RJ45 (2,5G Ethernet) x2; USB3.2 Gen2 tip A x4; USB4 x2 (Alt PD); HDMI 2.1 x1; DP1.4 x1; Oculink vrata x1; priklju\u010dek za slu\u0161alke (avdio priklju\u010dek) x1; DMIC x1<\/td>\n<\/tr>\n<tr>\n<th>Hlajenje<\/th>\n<td>Cold Wave 2.2<\/td>\n<\/tr>\n<\/tbody>\n<\/table>\n<\/div>","protected":false},"excerpt":{"rendered":"<p>Na zalogi pri zunanjem dobavitelju. Rok dobave 3-7 delovnih dni.<\/p>","protected":false},"featured_media":34753,"template":"","meta":{"_monsterinsights_skip_tracking":false,"_monsterinsights_sitenote_active":false,"_monsterinsights_sitenote_note":"","_monsterinsights_sitenote_category":0},"product_brand":[316],"product_cat":[276,64],"product_tag":[],"class_list":{"0":"post-34762","1":"product","2":"type-product","3":"status-publish","4":"has-post-thumbnail","6":"product_brand-minis-forum","7":"product_cat-mini-namizni-racunalniki","8":"product_cat-racunalnistvo","10":"first","11":"instock","12":"taxable","13":"shipping-taxable","14":"purchasable","15":"product-type-simple"},"jetpack_sharing_enabled":true,"_links":{"self":[{"href":"https:\/\/kobra.si\/en\/wp-json\/wp\/v2\/product\/34762","targetHints":{"allow":["GET"]}}],"collection":[{"href":"https:\/\/kobra.si\/en\/wp-json\/wp\/v2\/product"}],"about":[{"href":"https:\/\/kobra.si\/en\/wp-json\/wp\/v2\/types\/product"}],"version-history":[{"count":0,"href":"https:\/\/kobra.si\/en\/wp-json\/wp\/v2\/product\/34762\/revisions"}],"wp:featuredmedia":[{"embeddable":true,"href":"https:\/\/kobra.si\/en\/wp-json\/wp\/v2\/media\/34753"}],"wp:attachment":[{"href":"https:\/\/kobra.si\/en\/wp-json\/wp\/v2\/media?parent=34762"}],"wp:term":[{"taxonomy":"product_brand","embeddable":true,"href":"https:\/\/kobra.si\/en\/wp-json\/wp\/v2\/product_brand?post=34762"},{"taxonomy":"product_cat","embeddable":true,"href":"https:\/\/kobra.si\/en\/wp-json\/wp\/v2\/product_cat?post=34762"},{"taxonomy":"product_tag","embeddable":true,"href":"https:\/\/kobra.si\/en\/wp-json\/wp\/v2\/product_tag?post=34762"}],"curies":[{"name":"wp","href":"https:\/\/api.w.org\/{rel}","templated":true}]}}