{"id":34455,"date":"2026-01-19T15:33:16","date_gmt":"2026-01-19T14:33:16","guid":{"rendered":"https:\/\/kobra.si\/spletna-trgovina-kobra\/ipl-epilator-anlan-02-atmy52-0re\/"},"modified":"2026-04-20T21:06:16","modified_gmt":"2026-04-20T19:06:16","slug":"ipl-epilator-anlan-02-atmy52-0re","status":"publish","type":"product","link":"https:\/\/kobra.si\/en\/spletna-trgovina-kobra\/ipl-epilator-anlan-02-atmy52-0re\/","title":{"rendered":"IPL epilator ANLAN 02-ATMY52-0RE"},"content":{"rendered":"<h3>IPL depilator ANLAN 02-ATMY52-0RE<\/h3>\n<p>ANLAN 02-ATMY52-0RE IPL depilator je napredna naprava, ki zdru\u017euje ve\u010d funkcij. Z uporabo svetlobnih impulzov razli\u010dnih valovnih dol\u017ein je mogo\u010de ne le odstraniti dlake, ampak tudi izbolj\u0161ati \u010dvrstost ko\u017ee in zmanj\u0161ati akne. V prvi fazi depilacije je treba napravo uporabljati vsak 1\u20132 tedna, da se u\u010dinkovito prekine cikel rasti dlak. Po pribli\u017eno 8 tednih je dovolj, da zdravljenje opravljate vsakih 4\u20136 tednov, da ohranite u\u010dinek gladke ko\u017ee.<\/p>\n<p>\n<img decoding=\"async\" alt=\"A woman holds a golden IPL epilator in her hand\" border=\"0\" src=\"https:\/\/assets.innpro.pl\/19205\/25600\/3-Depilator-IPL-ANLAN-lifestyle-3.jpg\" title=\"\">\n<\/p>\n<h3>Trije na\u010dini delovanja<\/h3>\n<p>Naprava ponuja tri na\u010dine delovanja, ki ustrezajo razli\u010dnim potrebam nege ko\u017ee. Na\u010din odstranjevanja dlak (HR), ki temelji na svetlobi z valovno dol\u017eino 610\u20131200 nm, dose\u017ee lasni me\u0161i\u010dek in u\u010dinkovito zavira rast dlak. Na\u010din pomlajevanja ko\u017ee (SR), ki uporablja valovno dol\u017eino 530\u2013650 nm, stimulira proizvodnjo kolagena in izbolj\u0161a \u010dvrstost in teksturo ko\u017ee. Na\u010din proti aknam (AR), ki temelji na valovni dol\u017eini 415\u2013500 nm, ima antibakterijski u\u010dinek in pomaga pri zdravljenju nepravilnosti.<\/p>\n<p>\n<img decoding=\"async\" alt=\"A woman removes hair on her hands with an IPL epilator\" border=\"0\" src=\"https:\/\/assets.innpro.pl\/19205\/25600\/5-Depilator-IPL-ANLAN-lifestyle-5.jpg\" title=\"\">\n<\/p>\n<h3>Hitrej\u0161a in temeljitej\u0161a depilacija<\/h3>\n<p>Z ve\u010djim poljem oddajanja svetlobe 3,72 cm\u00b2 lahko naprava v minuti pokrije do 1241 cm\u00b2 ko\u017ee. To pomeni, da je depilacija ne le u\u010dinkovitej\u0161a, ampak tudi veliko hitrej\u0161a. Uporaba \u010dipa IGBT omogo\u010da napravi, da oddaja blisk vsake 0,18 sekunde, funkcija petih bliskov pa dodatno pove\u010da hitrost naprave, ne da bi pri tem \u017ertvovala natan\u010dnost.<\/p>\n<p>\n<img decoding=\"async\" alt=\"IPL light emitting depilator\" border=\"0\" src=\"https:\/\/assets.innpro.pl\/19205\/25600\/4-Depilator-IPL-ANLAN-lifestyle-4.jpg\" title=\"\">\n<\/p>\n<h3>Udobno zdravljenje brez dra\u017eenja<\/h3>\n<p>Tehnologija hlajenja s safirnim kontaktom, ki se uporablja v napravi, omogo\u010da, da se temperatura ko\u017ee ohrani na 8 \u00b0C tudi med intenzivnim delovanjem. To naredi zdravljenje popolnoma varno in udobno, brez ob\u010dutka peko\u010dine ali nelagodja. Dvojno prezra\u010devanje in u\u010dinkovito odvajanje toplote dodatno pove\u010data varnost uporabe.<\/p>\n<p>\n<img decoding=\"async\" alt=\"IPL epilator with visible internal components\" border=\"0\" src=\"https:\/\/assets.innpro.pl\/19205\/25600\/8-Depilator-IPL-ANLAN-lifestyle-8.jpg\" title=\"\">\n<\/p>\n<h3>Inteligentni na\u010dini delovanja \u2013 prilagojeni va\u0161im potrebam<\/h3>\n<p>Epilator ANLAN deluje v avtomatskem in ro\u010dnem na\u010dinu. Avtomatski na\u010din bliskanja je idealen za delo na ve\u010djih povr\u0161inah, kot so noge \u2013 napravo preprosto premikajte po ko\u017ei in svetlobni impulzi se bodo spro\u017eali samodejno. Za natan\u010dno obdelavo dolo\u010denih delov telesa, kot so obraz ali pazduhe, lahko preklopite v ro\u010dni na\u010din, ki omogo\u010da to\u010dkovno obdelavo.<\/p>\n<p>\n<img decoding=\"async\" alt=\"A woman holds an IPL epilator in her hand, a second epilator next to her\" border=\"0\" src=\"https:\/\/assets.innpro.pl\/19205\/25600\/9-Depilator-IPL-ANLAN-lifestyle-9.jpg\" title=\"\">\n<\/p>\n<h3>Enostavno upravljanje<\/h3>\n<p>Naprava je opremljena z jasnim LED-zaslonom, ki omogo\u010da enostavno nadzorovanje izbranih na\u010dinov in stopnje intenzivnosti. Zaradi ergonomske oblike in kompaktne velikosti se epilator udobno prilega v roko in je odli\u010den tudi za potovanja. Komplet vklju\u010duje prakti\u010dno torbico za shranjevanje in varnostna o\u010dala, ki zagotavljajo varnost med obdelavo.<\/p>\n<p>\n<img decoding=\"async\" alt=\"A man uses an IPL epilator on his face\" border=\"0\" src=\"https:\/\/assets.innpro.pl\/19205\/25600\/2-Depilator-IPL-ANLAN-lifestyle-2.jpg\" title=\"\">\n<\/p>\n<h3>Vklju\u010deno<\/h3>\n<ul class=\"list-disc pl-5\">\n<li>epilator<\/li>\n<li>napajalni kabel<\/li>\n<li>britvica<\/li>\n<li>za\u0161\u010ditna o\u010dala<\/li>\n<li>torbica za shranjevanje<\/li>\n<li>krpa za \u010di\u0161\u010denje<\/li>\n<li>instructions manual<\/li>\n<\/ul>\n<div class=\"table-wrapper\">\n<p>\u00a0<\/p>\n<h3><\/h3>\n<table>\n<tbody>\n<tr>\n<th>Proizvajalec<\/th>\n<td>Anlan<\/td>\n<\/tr>\n<tr>\n<th>Model<\/th>\n<td>02-ATMY52-0RE<\/td>\n<\/tr>\n<tr>\n<th>Valovne dol\u017eine svetlobe<\/th>\n<td>Akne: 415\u2013500 nm<br \/>Pomlajevanje ko\u017ee: 530\u2013650 nm<br \/>Depilacija: 610\u20131200 nm<\/td>\n<\/tr>\n<tr>\n<th>Povr\u0161ina bliskavice<\/th>\n<td>3,72 cm<\/td>\n<\/tr>\n<tr>\n<th>Raven mo\u010di<\/th>\n<td>10<\/td>\n<\/tr>\n<tr>\n<th>\u010cas bliska<\/th>\n<td>0,18 sekunde<\/td>\n<\/tr>\n<\/tbody>\n<\/table>\n<\/div>","protected":false},"excerpt":{"rendered":"<p>Na zalogi pri zunanjem dobavitelju. Rok dobave 3-7 delovnih dni.<\/p>","protected":false},"featured_media":34452,"template":"","meta":{"_monsterinsights_skip_tracking":false,"_monsterinsights_sitenote_active":false,"_monsterinsights_sitenote_note":"","_monsterinsights_sitenote_category":0},"product_brand":[310],"product_cat":[268,264],"product_tag":[],"class_list":{"0":"post-34455","1":"product","2":"type-product","3":"status-publish","4":"has-post-thumbnail","6":"product_brand-anlan","7":"product_cat-epilatorji","8":"product_cat-zdravlje-in-lepota","10":"first","11":"instock","12":"taxable","13":"shipping-taxable","14":"purchasable","15":"product-type-simple"},"jetpack_sharing_enabled":true,"_links":{"self":[{"href":"https:\/\/kobra.si\/en\/wp-json\/wp\/v2\/product\/34455","targetHints":{"allow":["GET"]}}],"collection":[{"href":"https:\/\/kobra.si\/en\/wp-json\/wp\/v2\/product"}],"about":[{"href":"https:\/\/kobra.si\/en\/wp-json\/wp\/v2\/types\/product"}],"version-history":[{"count":0,"href":"https:\/\/kobra.si\/en\/wp-json\/wp\/v2\/product\/34455\/revisions"}],"wp:featuredmedia":[{"embeddable":true,"href":"https:\/\/kobra.si\/en\/wp-json\/wp\/v2\/media\/34452"}],"wp:attachment":[{"href":"https:\/\/kobra.si\/en\/wp-json\/wp\/v2\/media?parent=34455"}],"wp:term":[{"taxonomy":"product_brand","embeddable":true,"href":"https:\/\/kobra.si\/en\/wp-json\/wp\/v2\/product_brand?post=34455"},{"taxonomy":"product_cat","embeddable":true,"href":"https:\/\/kobra.si\/en\/wp-json\/wp\/v2\/product_cat?post=34455"},{"taxonomy":"product_tag","embeddable":true,"href":"https:\/\/kobra.si\/en\/wp-json\/wp\/v2\/product_tag?post=34455"}],"curies":[{"name":"wp","href":"https:\/\/api.w.org\/{rel}","templated":true}]}}