{"id":34451,"date":"2026-01-19T15:33:10","date_gmt":"2026-01-19T14:33:10","guid":{"rendered":"https:\/\/kobra.si\/spletna-trgovina-kobra\/anlan-06-atmq42-02a-trimmer\/"},"modified":"2026-04-21T21:04:41","modified_gmt":"2026-04-21T19:04:41","slug":"anlan-06-atmq42-02a-trimmer","status":"publish","type":"product","link":"https:\/\/kobra.si\/en\/spletna-trgovina-kobra\/anlan-06-atmq42-02a-trimmer\/","title":{"rendered":"ANLAN 06-ATMQ42-02A  trimmer"},"content":{"rendered":"<h3>ANLAN 06-ATMQ42-02A trimer za telo<\/h3>\n<p>Ta ve\u010dnamenski trimer znamke ANLAN je prakti\u010dna naprava, s katero lahko hitro, natan\u010dno in udobno negujete ko\u017eo po celem telesu \u2013 tudi na te\u017eko dostopnih in ob\u010dutljivih mestih. Vgrajena polnilna baterija omogo\u010da do 90 minut delovanja z enim polnjenjem, kar je prakti\u010dno dovolj za ve\u010dkratno uporabo. Polnjenje poteka prek vrata USB-C. Naprava vas tudi opozori, da je treba o\u010distiti rezilo, kar pomaga ohraniti njegovo u\u010dinkovitost in higieno. Poleg tega funkcija potovalne klju\u010davnice \u0161\u010diti pred naklju\u010dnim vklopom trimera.<\/p>\n<p>\n<img decoding=\"async\" alt=\"Body trimmer in cosmetic case next to cosmetics on light background\" border=\"0\" src=\"https:\/\/assets.innpro.pl\/19201\/25596\/3-Trymer-do-ciala-ANLAN-lifestyle-3.jpg\" title=\"\">\n<\/p>\n<h3>Dve zamenljivi glavi za razli\u010dne namene<\/h3>\n<p>Naprava je opremljena z dvema natan\u010dnima konicama: glavo v obliki \u010drke U, ki je idealna za hitro odstranjevanje dlak z ve\u010djih delov telesa, kot so noge ali roke, in glavo v obliki \u010drke T, ki je zasnovana za natan\u010dno britje kratkih dlak in ob\u010dutljivih predelov, kot so bikini predel ali obraz.<\/p>\n<p>\n<img decoding=\"async\" alt=\"Close-up of the trimmer head\" border=\"0\" src=\"https:\/\/assets.innpro.pl\/19201\/25596\/7-Trymer-do-ciala-ANLAN-lifestyle-7.jpg\" title=\"\">\n<\/p>\n<h3>Varno in gladko britje brez dra\u017eenja<\/h3>\n<p>Briljnik ima dvostransko rezilo z 43 zobmi iz nerjave\u010dega jekla 420J2, ki zagotavlja gladko gibanje po ko\u017ei brez vle\u010denja ali zatikanja. Poleg tega zasnova s \u0161tirimi za\u0161\u010ditnimi sloji, vklju\u010dno z zaobljenimi robovi, premi\u010dnim notranjim rezilom in varnostnim pokrov\u010dkom, zmanj\u0161uje tveganje za dra\u017eenje, tudi pri zelo ob\u010dutljivi ko\u017ei.<\/p>\n<p>\n<img decoding=\"async\" alt=\"Close-up of the trimmer blades\" border=\"0\" src=\"https:\/\/assets.innpro.pl\/19201\/25596\/10-Trymer-do-ciala-ANLAN-lifestyle-10.jpg\" title=\"\">\n<\/p>\n<h3>Vodoodpornost IPX6 \u2013 uporabljajte, kot \u017eelite<\/h3>\n<p>Naprava izpolnjuje standard IPX6, kar pomeni, da jo lahko uporabljate na suhem, pa tudi v kopeli ali pod tu\u0161em. To olaj\u0161a vsakodnevno uporabo in omogo\u010da tudi hitro in higieni\u010dno \u010di\u0161\u010denje trimera po vsaki uporabi.<\/p>\n<p>\n<img decoding=\"async\" alt=\"Woman shaves her legs with the trimmer\" border=\"0\" src=\"https:\/\/assets.innpro.pl\/19201\/25596\/4-Trymer-do-ciala-ANLAN-lifestyle-4.jpg\" title=\"\">\n<\/p>\n<h3>Prilagojen telesu in visoka udobnost<\/h3>\n<p>Premi\u010dna glava, ki se vrti za 38\u00b0, se popolnoma prilagaja oblikam telesa. To zagotavlja udobnej\u0161e in bolj gladko britje, zlasti na te\u017eko dostopnih mestih, kot so pazduhe, kolena in intimne predele.<\/p>\n<p>\n<img decoding=\"async\" alt=\"Trimmer held in hand\" border=\"0\" src=\"https:\/\/assets.innpro.pl\/19201\/25596\/6-Trymer-do-ciala-ANLAN-lifestyle-6.jpg\" title=\"\">\n<\/p>\n<h3>Kompakten in pripravljen za potovanje<\/h3>\n<p>Briljica je dolga le 16 cm in tehta samo 100 g, zato se prilega v vsako torbico za li\u010dila ali potovalno torbo. Poleg tega funkcija potovalne klju\u010davnice (ki se aktivira z 3-sekundnim pritiskom na gumb) \u0161\u010diti pred naklju\u010dnim vklopom naprave.<\/p>\n<p>\n<img decoding=\"async\" alt=\"Trimmer and other accessories in the case\" border=\"0\" src=\"https:\/\/assets.innpro.pl\/19201\/25596\/8-Trymer-do-ciala-ANLAN-lifestyle-8.jpg\" title=\"\">\n<\/p>\n<div class=\"table-wrapper\">\n<p>\u00a0<\/p>\n<h3><\/h3>\n<table>\n<tbody>\n<tr>\n<th>Proizvajalec<\/th>\n<td>Anlan<\/td>\n<\/tr>\n<tr>\n<th>Model<\/th>\n<td>06-ATMQ42-02A<\/td>\n<\/tr>\n<tr>\n<th>Tip rezila<\/th>\n<td>Nerjave\u010de jeklo 420J2, 43 zob, dvostranski rezilo<\/td>\n<\/tr>\n<tr>\n<th>Premi\u010dna glava<\/th>\n<td>Da, naklon 38\u00b0<\/td>\n<\/tr>\n<tr>\n<th>Vodoodporno<\/th>\n<td>IPX6<\/td>\n<\/tr>\n<tr>\n<th>LED zaslon<\/th>\n<td>Da<\/td>\n<\/tr>\n<tr>\n<th>Potovalna klju\u010davnica<\/th>\n<td>Da<\/td>\n<\/tr>\n<tr>\n<th>Power supply<\/th>\n<td>Vgrajena polnilna baterija<\/td>\n<\/tr>\n<tr>\n<th>\u010cas delovanja<\/th>\n<td>Do 90 minut<\/td>\n<\/tr>\n<tr>\n<th>Pritrdilni priklju\u010dek<\/th>\n<td>USB-C<\/td>\n<\/tr>\n<tr>\n<th>Weight<\/th>\n<td>pribli\u017eno 100 g<\/td>\n<\/tr>\n<tr>\n<th>Vi\u0161ina<\/th>\n<td>16 cm<\/td>\n<\/tr>\n<\/tbody>\n<\/table>\n<\/div>","protected":false},"excerpt":{"rendered":"<p>Na zalogi pri zunanjem dobavitelju. Rok dobave 3-7 delovnih dni.<\/p>","protected":false},"featured_media":34450,"template":"","meta":{"_monsterinsights_skip_tracking":false,"_monsterinsights_sitenote_active":false,"_monsterinsights_sitenote_note":"","_monsterinsights_sitenote_category":0},"product_brand":[310],"product_cat":[265,264],"product_tag":[],"class_list":{"0":"post-34451","1":"product","2":"type-product","3":"status-publish","4":"has-post-thumbnail","6":"product_brand-anlan","7":"product_cat-brivniki-in-strizniki","8":"product_cat-zdravlje-in-lepota","10":"first","11":"instock","12":"taxable","13":"shipping-taxable","14":"purchasable","15":"product-type-simple"},"jetpack_sharing_enabled":true,"_links":{"self":[{"href":"https:\/\/kobra.si\/en\/wp-json\/wp\/v2\/product\/34451","targetHints":{"allow":["GET"]}}],"collection":[{"href":"https:\/\/kobra.si\/en\/wp-json\/wp\/v2\/product"}],"about":[{"href":"https:\/\/kobra.si\/en\/wp-json\/wp\/v2\/types\/product"}],"version-history":[{"count":0,"href":"https:\/\/kobra.si\/en\/wp-json\/wp\/v2\/product\/34451\/revisions"}],"wp:featuredmedia":[{"embeddable":true,"href":"https:\/\/kobra.si\/en\/wp-json\/wp\/v2\/media\/34450"}],"wp:attachment":[{"href":"https:\/\/kobra.si\/en\/wp-json\/wp\/v2\/media?parent=34451"}],"wp:term":[{"taxonomy":"product_brand","embeddable":true,"href":"https:\/\/kobra.si\/en\/wp-json\/wp\/v2\/product_brand?post=34451"},{"taxonomy":"product_cat","embeddable":true,"href":"https:\/\/kobra.si\/en\/wp-json\/wp\/v2\/product_cat?post=34451"},{"taxonomy":"product_tag","embeddable":true,"href":"https:\/\/kobra.si\/en\/wp-json\/wp\/v2\/product_tag?post=34451"}],"curies":[{"name":"wp","href":"https:\/\/api.w.org\/{rel}","templated":true}]}}