{"id":34334,"date":"2026-01-15T08:45:07","date_gmt":"2026-01-15T07:45:07","guid":{"rendered":"https:\/\/kobra.si\/spletna-trgovina-kobra\/detektor-ogljikovega-monoksida-x-sense-xc04-wx\/"},"modified":"2026-04-16T21:05:15","modified_gmt":"2026-04-16T19:05:15","slug":"detektor-ogljikovega-monoksida-x-sense-xc04-wx","status":"publish","type":"product","link":"https:\/\/kobra.si\/en\/spletna-trgovina-kobra\/detektor-ogljikovega-monoksida-x-sense-xc04-wx\/","title":{"rendered":"Detektor ogljikovega monoksida X-Sense XC04-WX"},"content":{"rendered":"<h3>Detektor ogljikovega monoksida X-Sense XC04-WX<\/h3>\n<p>Detektor ogljikovega monoksida X-Sense XC04-WX je va\u0161 zanesljiv varuh, ki va\u0161 dom varuje 24 ur na dan. Opremljen je z ob\u010dutljivim elektrokemijskim senzorjem, ki vas takoj opozori, ko zazna povi\u0161ane ravni ogljikovega monoksida. Zmo\u017enost povezave z aplikacijo X-Sense Home Security prek Wi-Fi (2,4 GHz) vam omogo\u010da spremljanje ravni CO v realnem \u010dasu, z mo\u017enostjo deljenja alarma z najbli\u017ejimi pa imajo vsi \u010dlani dru\u017eine dostop do informacij o varnosti doma, ne glede na to, kje se nahajajo.<\/p>\n<p>\n<img decoding=\"async\" alt=\"Bia\u0142y detektor CO na szafce nocnej obok \u0142\u00f3\u017cka z ksi\u0105\u017ckami i ro\u015blin\u0105\" border=\"0\" src=\"https:\/\/assets.innpro.pl\/10839\/12770\/8.jpg\" title=\"\">\n<\/p>\n<h3>U\u010dinkovito zaznavanje ogljikovega monoksida<\/h3>\n<p>X-Sense XC04-WX spremlja ravni CO od 30 do 999 ppm in se odzove glede na koncentracijo. Pri koncentraciji 30 ppm se alarm spro\u017ei po 120 minutah, pri ravni 300 ppm pa je odzivni \u010das le 3 minute. Visoka ob\u010dutljivost omogo\u010da hitro opozarjanje na nevarnost, glasen alarm (\u2265 85 dB) pa zagotavlja, da bo signal sli\u0161en tudi v velikih prostorih.<\/p>\n<p>\n<img decoding=\"async\" alt=\"Telefon z czerwonym alertem CO i detektor na p\u00f3\u0142ce z symbolami CO w powietrzu\" border=\"0\" src=\"https:\/\/assets.innpro.pl\/10839\/12770\/4.jpg\" title=\"\">\n<\/p>\n<h3>Intuitivno upravljanje in raznolike mo\u017enosti namestitve<\/h3>\n<p>Senzor se lahko namesti na steno ali postavi na ravno povr\u0161ino, kar mu daje fleksibilnost, da se prilega v vsak notranji prostor. Svetel LCD-zaslon skupaj z LED-diodami (zelena, rumena in rde\u010da) vas obve\u0161\u010da o stanju naprave, kar vam omogo\u010da enostavno nadzorovanje ravni CO, stanja baterije in na\u010dina alarma.<\/p>\n<p>\n<img decoding=\"async\" alt=\"Bia\u0142y detektor CO z dwoma niebieskimi wy\u015bwietlaczami pokazuj\u0105cymi 30 PPM i symbolami CO\" border=\"0\" src=\"https:\/\/assets.innpro.pl\/10839\/12770\/5.jpg\" title=\"\">\n<\/p>\n<h3>Do 10 let delovanja<\/h3>\n<p>Z mislijo na dolgoro\u010dno za\u0161\u010dito ima senzor XC04-WX senzor z \u017eivljenjsko dobo do 10 let. Napaja ga zamenljiva baterija CR123A, ki traja do enega leta, zato je vzdr\u017eevanje minimalno. Ne glede na to, ali ste doma ali odsotni dalj \u010dasa, se lahko zanesete na zanesljivo delovanje alarma \u0161e vrsto let.<\/p>\n<p>\n<img decoding=\"async\" alt=\"Telefon z aplikacj\u0105 dodawania urz\u0105dzenia i bia\u0142y detektor CO na p\u00f3\u0142ce z czerwonymi symbolami po\u0142\u0105czenia Wi-Fi\" border=\"0\" src=\"https:\/\/assets.innpro.pl\/10839\/12770\/1.jpg\" title=\"\">\n<\/p>\n<h3>Popoln nadzor nad varnostjo<\/h3>\n<p>Ne glede na to, kje ste, imate popoln pregled nad situacijo v va\u0161em domu! S pomo\u010djo push obvestil bo X-Sense XC04-WX takoj poslal opozorilo, ko raven ogljikovega monoksida prese\u017ee varne standarde \u2013 \u0161e preden se oglasi zvo\u010dni alarm. Poleg tega senzor zabele\u017ei najvi\u0161jo zaznan koncentracijo CO, kar vam omogo\u010da, da po vrnitvi analizirate morebitne nevarnosti.<\/p>\n<p>\n<img decoding=\"async\" alt=\"Telefon w samochodzie pokazuj\u0105cy czerwony alert CO z poziomem 100 PPM\" border=\"0\" src=\"https:\/\/assets.innpro.pl\/10839\/12770\/7.jpg\" title=\"\">\n<\/p>\n<h3>Vklju\u010deno:<\/h3>\n<ul class=\"list-disc pl-5\">\n<li>Senzor CO (z vgrajeno baterijo)<\/li>\n<li>Vijaki x2<\/li>\n<li>Raztezne vijake x2<\/li>\n<li>Navodila za uporabo<\/li>\n<\/ul>\n<div class=\"table-wrapper\">\n<p>\u00a0<\/p>\n<h3><\/h3>\n<table>\n<tbody>\n<tr>\n<th>Proizvajalec<\/th>\n<td>X-Sense<\/td>\n<\/tr>\n<tr>\n<th>Model<\/th>\n<td>XC04-WX<\/td>\n<\/tr>\n<tr>\n<th>Tip senzorja<\/th>\n<td>Elektrokemijski<\/td>\n<\/tr>\n<tr>\n<th>Varnostni standard<\/th>\n<td>EN 50291-1:2018<\/td>\n<\/tr>\n<tr>\n<th>\u017divljenjska doba senzorja<\/th>\n<td>10 let<\/td>\n<\/tr>\n<tr>\n<th>Power supply<\/th>\n<td>Baterija CR123A (zamenljiva)<\/td>\n<\/tr>\n<tr>\n<th>\u017divljenjska doba baterije<\/th>\n<td>1 year<\/td>\n<\/tr>\n<tr>\n<th>Glasnost alarma<\/th>\n<td>\u2265 85 dB na 3 m pri frekvenci 3,2 \u00b1 0,3 kHz<\/td>\n<\/tr>\n<tr>\n<th>Obmo\u010dje delovne temperature<\/th>\n<td>Od 4 do 38 \u00b0C<\/td>\n<\/tr>\n<tr>\n<th>Delovna vla\u017enost<\/th>\n<td>10 %\u201385 % (brez kondenzacije)<\/td>\n<\/tr>\n<tr>\n<th>Wi-Fi povezljivost<\/th>\n<td>2,4 GHz (IEEE 802.11b\/g\/n, nezdru\u017eljiv z omre\u017eji 5 GHz)<\/td>\n<\/tr>\n<tr>\n<th>Zna\u010dilnosti aplikacije<\/th>\n<td>Push obvestila (alarm CO, nizka baterija, napaka, prepre\u010devanje alarma CO), deljenje naprave z dru\u017einskimi \u010dlani<\/td>\n<\/tr>\n<tr>\n<th>Zaslon<\/th>\n<td>LCD z pomnilnikom za najvi\u0161jo raven CO.<\/td>\n<\/tr>\n<tr>\n<th>Odzivni \u010dasi za ravni CO.<\/th>\n<td>30 ppm \u2013 ve\u010d kot 120 minut; 50 ppm \u2013 60\u201390 minut; 100 ppm \u2013 10\u201340 minut; 300 ppm \u2013 0\u20133 minute<\/td>\n<\/tr>\n<tr>\n<th>Dimenzije<\/th>\n<td>135 x 63 x 24 mm<\/td>\n<\/tr>\n<tr>\n<th>Weight<\/th>\n<td>88<\/td>\n<\/tr>\n<\/tbody>\n<\/table>\n<\/div>","protected":false},"excerpt":{"rendered":"<p>Na zalogi pri zunanjem dobavitelju. Rok dobave 3-7 delovnih dni.<\/p>","protected":false},"featured_media":34332,"template":"","meta":{"_monsterinsights_skip_tracking":false,"_monsterinsights_sitenote_active":false,"_monsterinsights_sitenote_note":"","_monsterinsights_sitenote_category":0},"product_brand":[305],"product_cat":[291,101],"product_tag":[],"class_list":{"0":"post-34334","1":"product","2":"type-product","3":"status-publish","4":"has-post-thumbnail","6":"product_brand-x-sense","7":"product_cat-pametne-instalacije","8":"product_cat-pametni-dom","10":"first","11":"instock","12":"taxable","13":"shipping-taxable","14":"purchasable","15":"product-type-simple"},"jetpack_sharing_enabled":true,"_links":{"self":[{"href":"https:\/\/kobra.si\/en\/wp-json\/wp\/v2\/product\/34334","targetHints":{"allow":["GET"]}}],"collection":[{"href":"https:\/\/kobra.si\/en\/wp-json\/wp\/v2\/product"}],"about":[{"href":"https:\/\/kobra.si\/en\/wp-json\/wp\/v2\/types\/product"}],"version-history":[{"count":0,"href":"https:\/\/kobra.si\/en\/wp-json\/wp\/v2\/product\/34334\/revisions"}],"wp:featuredmedia":[{"embeddable":true,"href":"https:\/\/kobra.si\/en\/wp-json\/wp\/v2\/media\/34332"}],"wp:attachment":[{"href":"https:\/\/kobra.si\/en\/wp-json\/wp\/v2\/media?parent=34334"}],"wp:term":[{"taxonomy":"product_brand","embeddable":true,"href":"https:\/\/kobra.si\/en\/wp-json\/wp\/v2\/product_brand?post=34334"},{"taxonomy":"product_cat","embeddable":true,"href":"https:\/\/kobra.si\/en\/wp-json\/wp\/v2\/product_cat?post=34334"},{"taxonomy":"product_tag","embeddable":true,"href":"https:\/\/kobra.si\/en\/wp-json\/wp\/v2\/product_tag?post=34334"}],"curies":[{"name":"wp","href":"https:\/\/api.w.org\/{rel}","templated":true}]}}