{"id":34331,"date":"2026-01-15T08:44:54","date_gmt":"2026-01-15T07:44:54","guid":{"rendered":"https:\/\/kobra.si\/spletna-trgovina-kobra\/meross-cs11-eu-detektor-dima-in-ogljikovega-monoksida\/"},"modified":"2026-04-07T21:06:17","modified_gmt":"2026-04-07T19:06:17","slug":"meross-cs11-eu-detektor-dima-in-ogljikovega-monoksida","status":"publish","type":"product","link":"https:\/\/kobra.si\/en\/spletna-trgovina-kobra\/meross-cs11-eu-detektor-dima-in-ogljikovega-monoksida\/","title":{"rendered":"Meross CS11-EU detektor dima in ogljikovega monoksida"},"content":{"rendered":"<h3>Meross CS11-EU detektor dima in ogljikovega monoksida<\/h3>\n<p>Meross CS11-EU je kompakten, a zelo u\u010dinkovit senzor, opremljen z dvema neodvisnima senzorjema \u2013 fotoelektri\u010dnim za zaznavanje dima in elektrokemijskim za spremljanje CO. Tak\u0161na re\u0161itev zagotavlja hiter odziv v nujnih primerih! Hkrati je naprava majhna in neopazna, vgrajena baterija CR123A pa zagotavlja dolgo delovanje \u2013 do pribli\u017eno 10 let.<\/p>\n<p>\n<img decoding=\"async\" alt=\"\" border=\"0\" src=\"https:\/\/assets.innpro.pl\/16143\/20546\/5.jpg\" title=\"\">\n<\/p>\n<h3>Takoj\u0161en odziv na nevarnost<\/h3>\n<p>Senzor izpolnjuje standarde EN14604 in EN50291, kar potrjuje njegovo u\u010dinkovitost in kakovost delovanja. Naprava se samodejno odzove, ko ravni CO dose\u017eejo nevarne vrednosti \u2013 na primer, pri koncentraciji 300 ppm se alarm spro\u017ei v manj kot 3 minutah. Glasen signal, mo\u010dnej\u0161i od 85 dB, zagotavlja, da bodo napravo sli\u0161ali tudi spijo\u010di \u010dlani gospodinjstva.<\/p>\n<p>\n<img decoding=\"async\" alt=\"\" border=\"0\" src=\"https:\/\/assets.innpro.pl\/16143\/20546\/1.jpg\" title=\"\">\n<\/p>\n<h3>Zanesljivost in natan\u010dnost<\/h3>\n<p>\u010ce senzor zazna dim in ogljikov monoksid, najprej zazvoni za dim, nato pa za CO. Poleg tega naprava zazna tako hitro kot po\u010dasi gore\u010de po\u017eare, kar zmanj\u0161a \u0161tevilo la\u017enih alarmov.<\/p>\n<p>\n<img decoding=\"async\" alt=\"\" border=\"0\" src=\"https:\/\/assets.innpro.pl\/16143\/20546\/2.jpg\" title=\"\">\n<\/p>\n<h3>Enostavna namestitev brez kablov<\/h3>\n<p>Detektor napaja vgrajena 3V CR123A baterija z \u017eivljenjsko dobo do 10 let. To v kombinaciji s pametno zasnovo omogo\u010da namestitev v nekaj minutah, brez pomo\u010di elektri\u010darja. Vse, kar morate storiti, je priviti nosilec na strop ali steno, nato pa vanj namestiti napravo \u2013 in gotovo!<\/p>\n<p>\n<img decoding=\"async\" alt=\"\" border=\"0\" src=\"https:\/\/assets.innpro.pl\/16143\/20546\/3.jpg\" title=\"\">\n<\/p>\n<h3>Intuitivno svetlobno signaliziranje<\/h3>\n<p>Meross CS11-EU je opremljen s trikolorno LED-lu\u010dko, ki jasno prikazuje stanje naprave. Zelena lu\u010dka ozna\u010duje pripravljenost za delovanje, rumena lu\u010dka ozna\u010duje nizko napetost baterije ali napako, rde\u010da lu\u010dka pa ozna\u010duje aktiviranje alarma ali testni na\u010din. Delovanje senzorja je izjemno preprosto \u2013 za izvedbo testa ali uti\u0161anje alarma je treba pritisniti le en gumb.<\/p>\n<p>\n<img decoding=\"async\" alt=\"\" border=\"0\" src=\"https:\/\/assets.innpro.pl\/16143\/20546\/7.jpg\" title=\"\">\n<\/p>\n<h3>Premislen dizajn in diskretnost<\/h3>\n<p>Tanek, bel ohi\u0161je z okroglo obliko omogo\u010da, da se senzor popolnoma prilega v vsak notranji prostor. Zahvaljujo\u010d svoji kompaktni velikosti je neopazen, hkrati pa vas in va\u0161e najdra\u017eje u\u010dinkovito \u0161\u010diti pred nevidno nevarnostjo.<\/p>\n<p>\n<img decoding=\"async\" alt=\"\" border=\"0\" src=\"https:\/\/assets.innpro.pl\/16143\/20546\/6.jpg\" title=\"\">\n<\/p>\n<h3>Vklju\u010deno<\/h3>\n<ul class=\"list-disc pl-5\">\n<li>Detektor dima in ogljikovega monoksida<\/li>\n<li>Nosilec<\/li>\n<li>Komplet vijakov<\/li>\n<li>Navodila za uporabo<\/li>\n<\/ul>\n<div class=\"table-wrapper\">\n<p>\u00a0<\/p>\n<h3><\/h3>\n<table>\n<tbody>\n<tr>\n<th>Proizvajalec<\/th>\n<td>Meross<\/td>\n<\/tr>\n<tr>\n<th>Model<\/th>\n<td>CS11-EU<\/td>\n<\/tr>\n<tr>\n<th>Certifikati<\/th>\n<td>EN14604:2005\/AC:2008, EN50291-1:2018<\/td>\n<\/tr>\n<tr>\n<th>Tip senzorja<\/th>\n<td>Dim: fotoelektri\u010dni; CO: elektrokemijski;<\/td>\n<\/tr>\n<tr>\n<th>Power supply<\/th>\n<td>CR123A DC 3 V litijeva baterija (1600 mAh, nezamenljiva)<\/td>\n<\/tr>\n<tr>\n<th>Delovni tok<\/th>\n<td>&lt;30 uA (stanje pripravljenosti), &lt;70 mA (alarm)<\/td>\n<\/tr>\n<tr>\n<th>Glasnost alarma<\/th>\n<td>85 dB(A) na razdalji 3 m<\/td>\n<\/tr>\n<tr>\n<th>Ob\u010dutljivost na dim<\/th>\n<td>0,09\u20130,17 dB\/m<\/td>\n<\/tr>\n<tr>\n<th>Ob\u010dutljivost na CO<\/th>\n<td>50 ppm \u2013 60\u201390 min; 100 ppm \u2013 10\u201340 min; 300 ppm \u2013 &lt; 3 min;<\/td>\n<\/tr>\n<tr>\n<th>Nizka raven baterije<\/th>\n<td>2,6 \u00b1 0,1 V<\/td>\n<\/tr>\n<tr>\n<th>\u010cas uti\u0161anja<\/th>\n<td>Pribli\u017eno 10 min<\/td>\n<\/tr>\n<tr>\n<th>Working temperature<\/th>\n<td>Od -10 \u00b0C do 40 \u00b0C<\/td>\n<\/tr>\n<tr>\n<th>Vla\u017enost delovnega okolja<\/th>\n<td>15\u201395 % RH, brez kondenzacije<\/td>\n<\/tr>\n<\/tbody>\n<\/table>\n<\/div>","protected":false},"excerpt":{"rendered":"<p>Na zalogi pri zunanjem dobavitelju. Rok dobave 3-7 delovnih dni.<\/p>","protected":false},"featured_media":34330,"template":"","meta":{"_monsterinsights_skip_tracking":false,"_monsterinsights_sitenote_active":false,"_monsterinsights_sitenote_note":"","_monsterinsights_sitenote_category":0},"product_brand":[304],"product_cat":[291,101],"product_tag":[],"class_list":{"0":"post-34331","1":"product","2":"type-product","3":"status-publish","4":"has-post-thumbnail","6":"product_brand-meross","7":"product_cat-pametne-instalacije","8":"product_cat-pametni-dom","10":"first","11":"outofstock","12":"taxable","13":"shipping-taxable","14":"purchasable","15":"product-type-simple"},"jetpack_sharing_enabled":true,"_links":{"self":[{"href":"https:\/\/kobra.si\/en\/wp-json\/wp\/v2\/product\/34331","targetHints":{"allow":["GET"]}}],"collection":[{"href":"https:\/\/kobra.si\/en\/wp-json\/wp\/v2\/product"}],"about":[{"href":"https:\/\/kobra.si\/en\/wp-json\/wp\/v2\/types\/product"}],"version-history":[{"count":0,"href":"https:\/\/kobra.si\/en\/wp-json\/wp\/v2\/product\/34331\/revisions"}],"wp:featuredmedia":[{"embeddable":true,"href":"https:\/\/kobra.si\/en\/wp-json\/wp\/v2\/media\/34330"}],"wp:attachment":[{"href":"https:\/\/kobra.si\/en\/wp-json\/wp\/v2\/media?parent=34331"}],"wp:term":[{"taxonomy":"product_brand","embeddable":true,"href":"https:\/\/kobra.si\/en\/wp-json\/wp\/v2\/product_brand?post=34331"},{"taxonomy":"product_cat","embeddable":true,"href":"https:\/\/kobra.si\/en\/wp-json\/wp\/v2\/product_cat?post=34331"},{"taxonomy":"product_tag","embeddable":true,"href":"https:\/\/kobra.si\/en\/wp-json\/wp\/v2\/product_tag?post=34331"}],"curies":[{"name":"wp","href":"https:\/\/api.w.org\/{rel}","templated":true}]}}