{"id":34239,"date":"2025-12-20T11:02:49","date_gmt":"2025-12-20T10:02:49","guid":{"rendered":"https:\/\/kobra.si\/spletna-trgovina-kobra\/anker-eufy-security-eufycam-c35-komplet-2-kameri-baza\/"},"modified":"2026-03-23T12:59:20","modified_gmt":"2026-03-23T11:59:20","slug":"anker-eufy-security-eufycam-c35-komplet-2-kameri-baza","status":"publish","type":"product","link":"https:\/\/kobra.si\/en\/spletna-trgovina-kobra\/anker-eufy-security-eufycam-c35-komplet-2-kameri-baza\/","title":{"rendered":"Anker Eufy Security EufyCam C35 komplet 2 kameri + baza"},"content":{"rendered":"<p>Enostavna varnost kjerkoli:<\/p>\n<p>Namesti se v nekaj sekundah \u2014 magnetno pritrdite, obesite, privijte ali postavite na katerokoli ravno povr\u0161ino. Ta kompaktna, brez\u017ei\u010dna kamera je z za\u0161\u010dito IP67 odporna na vremenske vplive in primerna za notranjo in zunanjo uporabo.<\/p>\n<p>Pristne barve, tudi pono\u010di:<\/p>\n<p>U\u017eivajte v \u017eivih, realisti\u010dnih slikah tudi pri \u0161ibki svetlobi. PureColor Vision\u2122 omogo\u010da jasno no\u010dno spremljanje brez reflektorjev ali infrarde\u010de svetlobe.<\/p>\n<p>Lokalna varnost brez mese\u010dnih stro\u0161kov:<\/p>\n<p>Posnetke shranjuje lokalno na microSD kartico (do 256 GB), kar omogo\u010da varno shranjevanje brez mese\u010dne naro\u010dnine. Opomba: microSD kartica ni prilo\u017eena.<\/p>\n<p>Pametna zaznava in takoj\u0161nja obvestila:<\/p>\n<p>AI zazna ljudi, vozila, hi\u0161ne ljubljen\u010dke in obmo\u010dja aktivnosti. Prejemajte takoj\u0161nja opozorila iz notranje ali zunanje varnostne kamere in imejte vsak koti\u010dek pod nadzorom.<\/p>\n<p>Pametne AI funkcije \u2014 ve\u010d kot le varnost:<\/p>\n<p>Vgrajeni zvo\u010dni in svetlobni alarmi aktivno odvrnejo vsiljivce, medtem ko AI zagotavlja hitro zaznavanje ter pametno, odzivno za\u0161\u010dito.<\/p>\n<p>Namestite jo po svoje<\/p>\n<p>Hitro pritrdite in \u017ee deluje \u2014 pritrdite s trakom, namestite na steno ali jo preprosto postavite na ravno povr\u0161ino. Kamera se prilagodi kjerkoli.<\/p>\n<p>Magnetna pritrditev<\/p>\n<p>Pritrditev s trakom<\/p>\n<p>Postavitev na ravno povr\u0161ino<\/p>\n<p>Pritrditev z vijakom<\/p>\n<p>Popolna za vsak prostor<\/p>\n<p>Zasnovana za udobno uporabo v notranjih prostorih in trpe\u017enost na prostem \u2014 zagotavlja zanesljivo varnost povsod, kjer je to pomembno.<\/p>\n<p>Vhodna vrata<\/p>\n<p>Dvori\u0161\u010de<\/p>\n<p>Dnevna soba<\/p>\n<p>Zunanje aktivnosti<\/p>\n<p>Zasnovana, da prenese vse vremenske razmere<\/p>\n<p>Certifikat IP67 zagotavlja zanesljivo delovanje v mokrih ali pra\u0161nih pogojih \u2014 idealno za katerokoli notranjo ali zunanjo postavitev.<\/p>\n<p>Vedno pripravljena na varovanje<\/p>\n<p>Brez\u017ei\u010dna in polnilna kamera podpira priklop na son\u010dni panel eufy za neprekinjeno za\u0161\u010dito skozi vse leto.<\/p>\n<p>2.5 ure son\u010dne svetlobe na dan<br \/>\n\u2192 Kamera ostane popolnoma napolnjena<\/p>\n<p>Opombe:<\/p>\n<p>Son\u010dni panel je naprodaj lo\u010deno.<\/p>\n<p>Ob optimalni svetlobi panel zbere 200\u2013300 mAh dnevno; eufyCam C35 dnevno porabi 70\u2013120 mAh.<\/p>\n<p>Pristne barve, tudi pono\u010di<\/p>\n<p>Zajmite vsak detajl v pravi barvi s PureColor Vision\u2122, tudi pri \u0161ibki svetlobi.<\/p>\n<p>Brez reflektorjev<\/p>\n<p>Brez infrarde\u010de osvetlitve<\/p>\n<p>\u010cisti pogledi brez motenj<\/p>\n<p>Brez ostrih lu\u010di in brez svetlobnih mote\u010dih u\u010dinkov \u2014 samo mirna, \u010dista barvna no\u010dna slika, s katero opazujete dogajanje, ne da bi motili tiste, ki jih imate radi.<\/p>\n<p>PureColor Vision<\/p>\n<p>Brez reflektorjev<\/p>\n<p>Brez infrarde\u010de osvetlitve<\/p>\n<p>Ohranite zasebnost. Ohranite brezpla\u010dno.<\/p>\n<p>Ohranite svoje podatke zase z lokalnim shranjevanjem na microSD kartico (do 256 GB).<br \/>\nEnkraten stro\u0161ek, brez mese\u010dnih naro\u010dnin, brez skritih pristojbin \u2014 samo u\u017eitek.<\/p>\n<p>Lokalno shranjevanje SD<br \/>\nLokalna zasebnost<\/p>\n<p>Opombe:<\/p>\n<p>Vse osnovne funkcije so brez mese\u010dne naro\u010dnine; nekatere premium funkcije lahko zahtevajo naro\u010dnino.<\/p>\n<p>microSD kartica ni prilo\u017eena.<\/p>\n<p>\u010ce uporabljate funkcije v oblaku (shranjevanje ali potisna obvestila s sli\u010dicami), bo potrebna obdelava v oblaku.<\/p>\n<p>Proaktivno odvra\u010da vsiljivce<\/p>\n<p>Samodejno spro\u017ei zvo\u010dne in svetlobne alarme, da odvrne vsiljivce ter zagotovi mo\u010dnej\u0161o takoj\u0161njo za\u0161\u010dito.<\/p>\n<p>Aktivni odvra\u010dalni ukrepi<\/p>\n<p>Pametna in natan\u010dna opozorila<\/p>\n<p>Prepozna in zazna ljudi, vozila in hi\u0161ne ljubljen\u010dke. Nastavite klju\u010dna obmo\u010dja, da prejemate samo opozorila, ki so pomembna za vas.<\/p>\n<p>Opombe:<br \/>\n\u2013 Prepoznavanje obrazov zahteva HomeBase Mini.<br \/>\n\u2013 Potisna obvestila s predoglednimi sli\u010dicami zahtevajo za\u010dasno shranjevanje slik v oblaku.<\/p>\n<p>Technical details:<\/p>\n<p>Solarni panel<\/p>\n<p>Podpora zunanjemu solarnemu panelu: Da<br \/>\nPametne funkcije<\/p>\n<p>AI: Zaznavanje ljudi \/ vozil \/ hi\u0161nih ljubljen\u010dkov<br \/>\nDvosmerna komunikacija: Da<br \/>\nPametna integracija: Alexa \/ Google Assistant<br \/>\nAktivna obmo\u010dja: Dve obmo\u010dji, \u0161estkotna oblika<br \/>\nStrojne lastnosti<\/p>\n<p>Barva: Bela<br \/>\nDimenzije izdelka: 59 \u00d7 56 \u00d7 83 mm<br \/>\nNapajanje: Baterija (6500 mAh) ali 5 V\/2 A<br \/>\nVrata za napajanje: USB-C<br \/>\nGumb: SYNC<br \/>\nShranjevanje: MicroSD do 256 GB (ni prilo\u017eena)<br \/>\nNa\u010din monta\u017ee: Magnetna pritrditev<br \/>\nKakovost videa<\/p>\n<p>Lo\u010dljivost: 1080p (1920 \u00d7 1080)<br \/>\nLe\u010da: Zaslonka F1.2<br \/>\nSenzor slike: 1\/2&#8221; CMOS<br \/>\nBarvni no\u010dni vid: Da<br \/>\nIR no\u010dni vid: Da<br \/>\nPove\u010dava: Digitalna pove\u010dava<br \/>\nAudio<\/p>\n<p>Mikrofon: Vgrajen<br \/>\nZvo\u010dnik: Vgrajen<br \/>\nOpozorila: Obvestila<br \/>\nAlarm: Da (ro\u010dno ali samodejno spro\u017een)<br \/>\nSpletna stran proizvajalca<\/p>\n<p>Proizvajalec<br \/>\nANKER INNOVATIONS LIMITED<br \/>\nGeorg-Muche-Strasse 3<br \/>\n80807 , M\u00fcnchen<br \/>\nNem\u010dija<br \/>\nankerdirect@oceanwing.com<\/p>","protected":false},"excerpt":{"rendered":"<p>Brez\u017ei\u010dna varnostna kamera z IP67 za\u0161\u010dito, no\u010dnim vidom in lokalnim shranjevanjem. Enostavna namestitev in pametne funkcije za va\u0161o za\u0161\u010dito.<\/p>","protected":false},"featured_media":34233,"template":"","meta":{"_monsterinsights_skip_tracking":false,"_monsterinsights_sitenote_active":false,"_monsterinsights_sitenote_note":"","_monsterinsights_sitenote_category":0},"product_brand":[],"product_cat":[121,56,255],"product_tag":[],"class_list":{"0":"post-34239","1":"product","2":"type-product","3":"status-publish","4":"has-post-thumbnail","6":"product_cat-eufy-nadzorne-kamere","7":"product_cat-nadzorne-kamere","8":"product_cat-vsi","10":"first","11":"instock","12":"taxable","13":"shipping-taxable","14":"purchasable","15":"product-type-simple"},"jetpack_sharing_enabled":true,"_links":{"self":[{"href":"https:\/\/kobra.si\/en\/wp-json\/wp\/v2\/product\/34239","targetHints":{"allow":["GET"]}}],"collection":[{"href":"https:\/\/kobra.si\/en\/wp-json\/wp\/v2\/product"}],"about":[{"href":"https:\/\/kobra.si\/en\/wp-json\/wp\/v2\/types\/product"}],"version-history":[{"count":1,"href":"https:\/\/kobra.si\/en\/wp-json\/wp\/v2\/product\/34239\/revisions"}],"predecessor-version":[{"id":34743,"href":"https:\/\/kobra.si\/en\/wp-json\/wp\/v2\/product\/34239\/revisions\/34743"}],"wp:featuredmedia":[{"embeddable":true,"href":"https:\/\/kobra.si\/en\/wp-json\/wp\/v2\/media\/34233"}],"wp:attachment":[{"href":"https:\/\/kobra.si\/en\/wp-json\/wp\/v2\/media?parent=34239"}],"wp:term":[{"taxonomy":"product_brand","embeddable":true,"href":"https:\/\/kobra.si\/en\/wp-json\/wp\/v2\/product_brand?post=34239"},{"taxonomy":"product_cat","embeddable":true,"href":"https:\/\/kobra.si\/en\/wp-json\/wp\/v2\/product_cat?post=34239"},{"taxonomy":"product_tag","embeddable":true,"href":"https:\/\/kobra.si\/en\/wp-json\/wp\/v2\/product_tag?post=34239"}],"curies":[{"name":"wp","href":"https:\/\/api.w.org\/{rel}","templated":true}]}}