{"id":34179,"date":"2025-12-02T11:21:02","date_gmt":"2025-12-02T10:21:02","guid":{"rendered":"https:\/\/kobra.si\/spletna-trgovina-kobra\/anker-eufy-e22-zunanje-rgb-lucke-30m\/"},"modified":"2026-03-23T12:59:23","modified_gmt":"2026-03-23T11:59:23","slug":"anker-eufy-e22-zunanje-rgb-lucke-30m","status":"publish","type":"product","link":"https:\/\/kobra.si\/en\/spletna-trgovina-kobra\/anker-eufy-e22-zunanje-rgb-lucke-30m\/","title":{"rendered":"Anker Eufy E22 zunanje RGB lu\u010dke, 30m"},"content":{"rendered":"<div data-content-type=\"row\" data-appearance=\"contained\" data-element=\"main\" style=\"font-family: Geometria, sans-serif;font-size: 16px\">\n<div data-enable-parallax=\"0\" data-parallax-speed=\"0.5\" data-background-images=\"{}\" data-background-type=\"image\" data-video-loop=\"true\" data-video-play-only-visible=\"true\" data-video-lazy-load=\"true\" data-video-fallback-src=\"\" data-background-lazy-load=\"\" data-element=\"inner\" data-pb-style=\"FK4S47K\" style=\"justify-content: flex-start;flex-direction: column;background-position: left top;background-size: cover;background-repeat: no-repeat;background-attachment: scroll\">\n<div data-content-type=\"text\" data-appearance=\"default\" data-element=\"main\">\n<ul style=\"padding-left: 30px;line-height: 25.6px\">\n<li>\n<p style=\"line-height: 25.6px;margin-bottom: 0px\"><span style=\"font-weight: 700;font-family: Geometria-Bold, sans-serif\">Trojna LED zasnova z nadgrajeno osvetlitvijo<\/span>: Svetila vklju\u010dujejo trojno LED zasnovo, ki zdru\u017euje RGB, tople in hladne bele LED diode. Zagotavljajo do 90 lumnov svetilnosti in nastavljiv barvni temperaturni razpon od 1500K do 9000K. S 16 milijoni barv in prilagodljivo nasi\u010denostjo so ta svetila idealna za elegantno dekoracijo vrtov, dvori\u0161\u010d ali katerega koli zunanjega prostora.<\/p>\n<\/li>\n<li>\n<p style=\"line-height: 25.6px;margin-bottom: 0px\"><span style=\"font-weight: 700;font-family: Geometria-Bold, sans-serif\">Osvetlitvena izku\u0161nja z umetno inteligenco<\/span>: S pomo\u010djo aplikacije eufy Life lahko preprosto izbolj\u0161ate svojo zunanjo okolico. Funkcija AI omogo\u010da vnos va\u0161ih preferenc osvetlitve, nato pa generira razli\u010dne osvetlitvene teme, prilagojene za dolo\u010dena praznovanja, razpolo\u017eenja ali posebne prilo\u017enosti.<\/p>\n<\/li>\n<li>\n<p style=\"line-height: 25.6px;margin-bottom: 0px\"><span style=\"font-weight: 700;font-family: Geometria-Bold, sans-serif\">Enostavna namestitev z DIY pristopom<\/span>: Svetila so enostavna za namestitev s samolepilnim trakom, ki se prilepi na ve\u010dino povr\u0161in, poleg tega pa so opremljena tudi z luknjo za vijake za dodatno okrepitev. To zagotavlja hitro in varno postavitev z minimalnim naporom.<\/p>\n<\/li>\n<li>\n<p style=\"line-height: 25.6px;margin-bottom: 0px\"><span style=\"font-weight: 700;font-family: Geometria-Bold, sans-serif\">Vzdr\u017eljiva zasnova za vse vremenske razmere<\/span>: Svetlobne vrvice in krmilniki so zasnovani za vzdr\u017eljivost, s stopnjo za\u0161\u010dite IP65 proti vremenskim vplivom in UV odpornostjo. Napajalnik ima za\u0161\u010dito IP67, kar omogo\u010da zanesljivo delovanje tudi v te\u017ekih vremenskih razmerah, z delovnim temperaturnim razponom od -20\u00b0C do 60\u00b0C. Svetila so izdelana za \u017eivljenjsko dobo ve\u010d kot 55.000 ur.<\/p>\n<\/li>\n<li>\n<p style=\"line-height: 25.6px;margin-bottom: 0px\"><span style=\"font-weight: 700;font-family: Geometria-Bold, sans-serif\">WonderLink z eufy kamerami<\/span>: Ta svetila se lahko sinhronizirajo z eufy kamerami, kar jim omogo\u010da, da oddajajo specifi\u010dne svetlobne teme ob zaznavi oseb. Ta funkcija pove\u010duje varnost in doda prijeten ali personaliziran pridih va\u0161emu zunanjemu prostoru.<\/p>\n<\/li>\n<li>\n<p style=\"line-height: 25.6px;margin-bottom: 0px\"><span style=\"font-weight: 700;font-family: Geometria-Bold, sans-serif\">Pametna aplikacija in glasovni nadzor<\/span>: Prek aplikacije eufy Life lahko dostopate do ve\u010d kot 80 prednastavljenih osvetlitvenih tem ali ustvarite svoje lastne vzorce, barve in stopnje svetilnosti. Svetila so zdru\u017eljiva z Alexo in Google Assistantom, kar omogo\u010da preprost in prostoro\u010dni glasovni nadzor.<\/p>\n<\/li>\n<\/ul>\n<p style=\"line-height: 25.6px\"><img fetchpriority=\"high\" decoding=\"async\" height=\"400\" src=\"https:\/\/cdn.shopify.com\/s\/files\/1\/0504\/7094\/4954\/files\/ba0efa85-5a3b-4926-978f-b058115b7233.__CR0_2_1472_603_PT0_SX1464_V1_ec39788d-7a2e-49bc-9e6d-03ff1e06fcba_3840x.jpg?v=1726820997\" width=\"976\" style=\"max-width: 100%;height: auto;vertical-align: top\" title=\"\"><\/p>\n<hr style=\"height: 1px;border-width: initial;border-style: none;border-top-color: initial;margin: 2rem 0px;width: 625.567px\">\n<p style=\"line-height: 25.6px\"><span style=\"font-weight: 700;font-family: Geometria-Bold, sans-serif\">Trojna LED z WonderShine\u2122<br \/><\/span>Nadgradite na trojno LED zasnovo z WonderShine\u2122 tehnologijo. Zdru\u017eitev toplih belih, RGB in hladnih belih LED diod omogo\u010da svetlej\u0161e barve in \u0161irok barvni temperaturni razpon od 1500K do 9000K. Ta sistem omogo\u010da natan\u010dno barvno reprodukcijo, \u017eivahnost in svetilnost, zaradi \u010desar je idealen za ustvarjanje razli\u010dnih ambientov na prostem.<\/p>\n<p style=\"line-height: 25.6px\"><span style=\"font-weight: 700;font-family: Geometria-Bold, sans-serif\">Svetlej\u0161i od drugih<br \/><\/span>Trojni LED sistem osvetljuje va\u0161e posebne trenutke z mo\u010djo do 90 lumnov, kar zagotavlja idealno svetlobo za vsakodnevno vzdu\u0161je in praznovanja. V primerjavi z drugimi lu\u010dmi, ki imajo samo RGB osvetlitev in dose\u017eejo le 25 lumnov, na\u0161e RGBWW lu\u010di nudijo bolj\u0161o svetilnost in bolj prilagodljivo barvno temperaturo, kar omogo\u010da ustvarjanje bolj \u017eivahnega okolja.<\/p>\n<table border=\"0\" style=\"width: 625.567px\">\n<tbody>\n<tr>\n<td style=\"padding-top: 7px;padding-bottom: 7px\"><img decoding=\"async\" height=\"280\" src=\"https:\/\/cdn.shopify.com\/s\/files\/1\/0504\/7094\/4954\/files\/4dcd8266-3a84-439f-80b3-4b4eac918299.__CR0_0_1464_600_PT0_SX1464_V1_0f1b5d20-9dac-404f-9dba-d8b091589f5d_3840x.jpg?v=1726820997\" width=\"683\" style=\"max-width: 100%;height: auto;vertical-align: top\" title=\"\"><\/td>\n<td style=\"padding-top: 7px;padding-bottom: 7px\"><img decoding=\"async\" height=\"280\" src=\"https:\/\/cdn.shopify.com\/s\/files\/1\/0504\/7094\/4954\/files\/1c42e5ba-c531-4ce5-a0a0-56dd369b1898.__CR0_0_1464_600_PT0_SX1464_V1_90a61c18-968b-4733-b923-4e6f0904c249_3840x.jpg?v=1726820998\" width=\"683\" style=\"max-width: 100%;height: auto;vertical-align: top;margin-left: 10px\" title=\"\"><\/td>\n<\/tr>\n<\/tbody>\n<\/table>\n<hr style=\"height: 1px;border-width: initial;border-style: none;border-top-color: initial;margin: 2rem 0px;width: 625.567px\">\n<p style=\"line-height: 25.6px\"><span style=\"font-weight: 700;font-family: Geometria-Bold, sans-serif\">Vzdr\u017eljiva kakovost za vse vremenske razmere<br \/><\/span>Na\u0161e lu\u010di so zasnovane tako, da prenesejo razli\u010dne vremenske razmere in trajajo ve\u010d let:<\/p>\n<ul style=\"padding-left: 30px;line-height: 25.6px\">\n<li><span style=\"font-weight: 700;font-family: Geometria-Bold, sans-serif\">Temperaturni razpon<\/span>: Delujejo pri ekstremnih temperaturah od -20\u00b0C do 60\u00b0C, kar jih naredi primerne za vse letne \u010dase.<\/li>\n<li><span style=\"font-weight: 700;font-family: Geometria-Bold, sans-serif\">IP65 za\u0161\u010dita<\/span>: Lu\u010di so odporne na vodo in prah, kar omogo\u010da njihovo brezskrbno uporabo v de\u017eju ali snegu.<\/li>\n<li><span style=\"font-weight: 700;font-family: Geometria-Bold, sans-serif\">UV odporne<\/span>: Materiali so UV odporni, zato ohranjajo kakovost tudi pri izpostavljenosti son\u010dni svetlobi.<\/li>\n<li><span style=\"font-weight: 700;font-family: Geometria-Bold, sans-serif\">55,000 ur \u017eivljenjske dobe<\/span>: Lu\u010di so zasnovane za dolgotrajno uporabo, kar pomeni ve\u010d kot 55,000 ur osvetlitve va\u0161ega doma ali vrta.<\/li>\n<\/ul>\n<p style=\"line-height: 25.6px\"><span style=\"font-weight: 700;font-family: Geometria-Bold, sans-serif\">Enostavna DIY Namestitev<br \/><\/span>Na\u0161e lu\u010di so zasnovane za enostavno namestitev:<\/p>\n<ul style=\"padding-left: 30px;line-height: 25.6px\">\n<li><span style=\"font-weight: 700;font-family: Geometria-Bold, sans-serif\">3M\u2122 Lepilni trak<\/span>: Prilo\u017eeni 3M\u2122 lepilni trak omogo\u010da hitro in enostavno pritrditev na ve\u010dino povr\u0161in.<\/li>\n<li><span style=\"font-weight: 700;font-family: Geometria-Bold, sans-serif\">Vrtalne luknje<\/span>: Za dodatno varnost namestitve lahko uporabite vnaprej ozna\u010dene luknje za vijake.<\/li>\n<li><span style=\"font-weight: 700;font-family: Geometria-Bold, sans-serif\">Univerzalna uporaba<\/span>: Primerne so za monta\u017eo na razli\u010dne materiale, kot so beton, kovina, plastika in les.<\/li>\n<\/ul>\n<p style=\"line-height: 25.6px\">Enostavno si ustvarite svetlobno okolje brez potrebe po strokovni pomo\u010di!<\/p>\n<table border=\"0\" style=\"width: 625.567px\">\n<tbody>\n<tr>\n<td style=\"padding-top: 7px;padding-bottom: 7px\"><img loading=\"lazy\" decoding=\"async\" height=\"280\" src=\"https:\/\/cdn.shopify.com\/s\/files\/1\/0504\/7094\/4954\/files\/f2eb513b-7cf9-4f50-9c26-3de6e224362a.__CR0_0_1464_600_PT0_SX1464_V1_77bb67ee-47b7-4acd-887b-beebe19b149c_3840x.jpg?v=1726820997\" width=\"683\" style=\"max-width: 100%;height: auto;vertical-align: top\" title=\"\"><\/td>\n<td style=\"padding-top: 7px;padding-bottom: 7px\"><img loading=\"lazy\" decoding=\"async\" height=\"280\" src=\"https:\/\/cdn.shopify.com\/s\/files\/1\/0504\/7094\/4954\/files\/693f6bd5-d353-439a-840c-e59f4f40d91c.__CR0_0_1464_600_PT0_SX1464_V1_f41c4419-624f-4513-9615-6c673d8f42d3_3840x.jpg?v=1726820997\" width=\"683\" style=\"max-width: 100%;height: auto;vertical-align: top;margin-left: 10px\" title=\"\"><\/td>\n<\/tr>\n<\/tbody>\n<\/table>\n<hr style=\"height: 1px;border-width: initial;border-style: none;border-top-color: initial;margin: 2rem 0px;width: 625.567px\">\n<p style=\"line-height: 25.6px\"><span style=\"font-weight: 700;font-family: Geometria-Bold, sans-serif\">Modularna dol\u017eina<br \/><\/span>Med seboj pove\u017eite vsak niz lu\u010di dol\u017eine 5 metrov (16,4 ft) z vodoodpornimi spoji za enostavno namestitev.<\/p>\n<ul style=\"padding-left: 30px;line-height: 25.6px\">\n<li><span style=\"font-weight: 700;font-family: Geometria-Bold, sans-serif\">Povezljivost<\/span>: Najve\u010d devet svetlobnih nizov se lahko priklju\u010di na en napajalni adapter, kar vam omogo\u010da prilagodljivo podalj\u0161anje in ustvarjanje dol\u017eine, ki ustreza va\u0161im potrebam.<\/li>\n<\/ul>\n<p style=\"line-height: 25.6px\"><span style=\"font-weight: 700;font-family: Geometria-Bold, sans-serif\">Transformacija z WonderAI\u2122<br \/><\/span>Od praznovanj do sprostitve \u2013 WonderAI\u2122 takoj prilagodi razpolo\u017eenje glede na va\u0161e \u017eelje, kar vsako prilo\u017enost spremeni v nepozaben trenutek.<\/p>\n<ul style=\"padding-left: 30px;line-height: 25.6px\">\n<li><span style=\"font-weight: 700;font-family: Geometria-Bold, sans-serif\">Pametna prilagoditev<\/span>: S funkcijo WonderAI\u2122 izberite temo, kot je &#8220;Severni sij&#8221; (Northern Aurora), in u\u017eivajte v prilagojenih svetlobnih vzorcih.<\/li>\n<\/ul>\n<table border=\"0\" style=\"width: 625.567px\">\n<tbody>\n<tr>\n<td style=\"padding-top: 7px;padding-bottom: 7px\"><img loading=\"lazy\" decoding=\"async\" height=\"280\" src=\"https:\/\/cdn.shopify.com\/s\/files\/1\/0504\/7094\/4954\/files\/95ad0998-993f-4b08-8582-2b6dc4213925.__CR0_0_1464_600_PT0_SX1464_V1_de723973-3961-4c62-9504-201914c4433c_3840x.jpg?v=1726820998\" width=\"683\" style=\"max-width: 100%;height: auto;vertical-align: top\" title=\"\"><\/td>\n<td style=\"padding-top: 7px;padding-bottom: 7px\"><img loading=\"lazy\" decoding=\"async\" height=\"280\" src=\"https:\/\/cdn.shopify.com\/s\/files\/1\/0504\/7094\/4954\/files\/8ad09d62-6581-430c-9ab2-de76a4d597e0.__CR0_0_1464_600_PT0_SX1464_V1_5b9e3f70-0aa3-4641-95d8-2b61919d9bfc_3840x.jpg?v=1726820998\" width=\"683\" style=\"max-width: 100%;height: auto;vertical-align: top;margin-left: 10px\" title=\"\"><\/td>\n<\/tr>\n<\/tbody>\n<\/table>\n<hr style=\"height: 1px;border-width: initial;border-style: none;border-top-color: initial;margin: 2rem 0px;width: 625.567px\">\n<p style=\"line-height: 25.6px\"><span style=\"font-weight: 700;font-family: Geometria-Bold, sans-serif\">Celoletna osvetlitev<br \/><\/span>Ne zamudite prazni\u010dnega trenutka \u2013 na\u0161 avtomatski koledar za razporeditev svetlobe poskrbi za osvetlitev ob vseh posebnih prilo\u017enostih.<\/p>\n<ul style=\"padding-left: 30px;line-height: 25.6px\">\n<li><span style=\"font-weight: 700;font-family: Geometria-Bold, sans-serif\">Dnevna in prazni\u010dna osvetlitev<\/span>: S funkcijo, ki avtomatsko preklaplja med dnevno in prazni\u010dno osvetlitvijo, va\u0161 dom ostane osvetljen skozi celo leto.<\/li>\n<\/ul>\n<p style=\"line-height: 25.6px\"><span style=\"font-weight: 700;font-family: Geometria-Bold, sans-serif\">Sijaj svojo svetlobo, \u017eivi svoje trenutke<br \/><\/span>Razsvetljava, ki se prilagaja vam \u2013 prilagoditve v aplikaciji eufy Life vdihnejo \u017eivljenje va\u0161emu domu in odprejo svet mo\u017enosti.<\/p>\n<ul style=\"padding-left: 30px;line-height: 25.6px\">\n<li><span style=\"font-weight: 700;font-family: Geometria-Bold, sans-serif\">Prilagodite barvo<\/span>: Izberite popoln odtenek za vsak trenutek.<\/li>\n<li><span style=\"font-weight: 700;font-family: Geometria-Bold, sans-serif\">Prilagodite svetlost<\/span>: Nastavite raven svetlobe za popolno vzdu\u0161je.<\/li>\n<li><span style=\"font-weight: 700;font-family: Geometria-Bold, sans-serif\">Nastavite gibanje in vzorce<\/span>: Ustvarite dinami\u010dne svetlobne u\u010dinke.<\/li>\n<li><span style=\"font-weight: 700;font-family: Geometria-Bold, sans-serif\">Upravljajte posamezne svetlobne to\u010dke<\/span>: Nadzor nad vsakim delom osvetlitve posebej.<\/li>\n<li><span style=\"font-weight: 700;font-family: Geometria-Bold, sans-serif\">Prazni\u010dni prednastavitve<\/span>: Hitra nastavitev za posebne prilo\u017enosti.<\/li>\n<li><span style=\"font-weight: 700;font-family: Geometria-Bold, sans-serif\">Nastavite \u010das in urnik<\/span>: Poskrbite, da bo va\u0161 dom vedno osvetljen ob pravem \u010dasu.<\/li>\n<\/ul>\n<table border=\"0\" style=\"width: 625.567px\">\n<tbody>\n<tr>\n<td style=\"padding-top: 7px;padding-bottom: 7px\"><img loading=\"lazy\" decoding=\"async\" height=\"280\" src=\"https:\/\/cdn.shopify.com\/s\/files\/1\/0504\/7094\/4954\/files\/ac5af049-b1d5-42a2-bf58-8393f5f325a3.__CR0_0_1464_600_PT0_SX1464_V1_6d74c136-60f4-4c36-865e-4d769748d9cf_3840x.jpg?v=1726820998\" width=\"683\" style=\"max-width: 100%;height: auto;vertical-align: top\" title=\"\"><\/td>\n<td style=\"padding-top: 7px;padding-bottom: 7px\"><img loading=\"lazy\" decoding=\"async\" height=\"280\" src=\"https:\/\/cdn.shopify.com\/s\/files\/1\/0504\/7094\/4954\/files\/0eaa4704-a790-4b5c-9f3a-880910e65a59.__CR0_0_1464_600_PT0_SX1464_V1_d256b151-c3f5-4846-8721-31c408e34955_3840x.jpg?v=1726820998\" width=\"683\" style=\"max-width: 100%;height: auto;vertical-align: top;margin-left: 10px\" title=\"\"><\/td>\n<\/tr>\n<\/tbody>\n<\/table>\n<hr style=\"height: 1px;border-width: initial;border-style: none;border-top-color: initial;margin: 2rem 0px;width: 625.567px\">\n<p style=\"line-height: 25.6px\"><span style=\"font-weight: 700;font-family: Geometria-Bold, sans-serif\">Alexa in Google Assistant<br \/><\/span>Enostavno osvetlite svoj dom z glasovnimi ukazi prek Alexe ali Google Assistant-a.<\/p>\n<ul style=\"padding-left: 30px;line-height: 25.6px\">\n<li><span style=\"font-weight: 700;font-family: Geometria-Bold, sans-serif\">Glasovna kontrola<\/span>: Vklopite lu\u010di z ukazi, kot je &#8220;Alexa, turn on the lights.&#8221;<\/li>\n<li><span style=\"font-weight: 700;font-family: Geometria-Bold, sans-serif\">Podpora za pametne asistente<\/span>: Zdru\u017eljivost s Hey Google in Alexa za brezhibno uporabni\u0161ko izku\u0161njo.<\/li>\n<\/ul>\n<p style=\"line-height: 25.6px\"><span style=\"font-weight: 700;font-family: Geometria-Bold, sans-serif\">Kaj je WonderLink?<br \/><\/span>WonderLink je eufyjeva lastna tehnologija, ki omogo\u010da poenoten nadzor va\u0161ega prostora z inteligentnimi re\u0161itvami osvetlitve. Ta tehnologija izbolj\u0161uje varnost, udobje in ambient, s \u010dimer prina\u0161a \u017eivljenje v va\u0161 dom.<\/p>\n<table border=\"0\" style=\"width: 625.567px\">\n<tbody>\n<tr>\n<td style=\"padding-top: 7px;padding-bottom: 7px\"><img loading=\"lazy\" decoding=\"async\" height=\"280\" src=\"https:\/\/cdn.shopify.com\/s\/files\/1\/0504\/7094\/4954\/files\/7363d8b5-d75d-4858-bf47-9115f9821186.__CR0_0_1464_600_PT0_SX1464_V1_3b8724a6-b546-4490-8395-0d15f08b989c_3840x.jpg?v=1726820997\" width=\"683\" style=\"max-width: 100%;height: auto;vertical-align: top\" title=\"\"><\/td>\n<td style=\"padding-top: 7px;padding-bottom: 7px\"><img loading=\"lazy\" decoding=\"async\" height=\"280\" src=\"https:\/\/cdn.shopify.com\/s\/files\/1\/0504\/7094\/4954\/files\/800fcc1e-377f-4c73-9977-222e8d28433c.__CR0_0_1464_600_PT0_SX1464_V1_adbcf931-a3df-4b3c-8838-394a4a851711_3840x.jpg?v=1726820998\" width=\"683\" style=\"max-width: 100%;height: auto;vertical-align: top;margin-left: 10px\" title=\"\"><\/td>\n<\/tr>\n<\/tbody>\n<\/table>\n<hr style=\"height: 1px;border-width: initial;border-style: none;border-top-color: initial;margin: 2rem 0px;width: 625.567px\">\n<p style=\"line-height: 25.6px\"><span style=\"font-weight: 700;font-family: Geometria-Bold, sans-serif\">WonderLink z eufy kamerami<br \/><\/span>Pove\u017eite eufy kamere z osvetlitvijo va\u0161ega doma za kreativno varnostno re\u0161itev. Nastavite osvetlitev tako, da bo interaktivna glede na zaznavanje kamer.<\/p>\n<p style=\"line-height: 25.6px\"><span style=\"font-weight: 700;font-family: Geometria-Bold, sans-serif\">Od vsakdana do prazni\u010dnega<br \/><\/span>Va\u0161 popolni svetlobni spremljevalec za vsako razpolo\u017eenje. U\u017eivajte v vsakem trenutku, od prijetne dnevne topline do \u017eivahnih prazni\u010dnih barv.<\/p>\n<ul style=\"padding-left: 30px;line-height: 25.6px\">\n<li><span style=\"font-weight: 700;font-family: Geometria-Bold, sans-serif\">Barvna temperatura<\/span>: Nastavljiva od 1500K do 9000K za toplo do hladno svetlobo.<\/li>\n<li><span style=\"font-weight: 700;font-family: Geometria-Bold, sans-serif\">Barvne mo\u017enosti<\/span>: Izbirajte med 16 milijoni barv, da popolnoma uskladite svetlobo z va\u0161im razpolo\u017eenjem ali prilo\u017enostjo.<\/li>\n<\/ul>\n<table border=\"0\" style=\"width: 625.567px\">\n<tbody>\n<tr>\n<td style=\"padding-top: 7px;padding-bottom: 7px\"><img loading=\"lazy\" decoding=\"async\" height=\"280\" src=\"https:\/\/cdn.shopify.com\/s\/files\/1\/0504\/7094\/4954\/files\/d5989bd5-d081-4149-a0f3-6ebb482e3ffe.__CR0_0_1464_600_PT0_SX1464_V1_66dca9a2-cd3e-40d3-a09f-d5868f2c4ca5_3840x.jpg?v=1726820997\" width=\"683\" style=\"max-width: 100%;height: auto;vertical-align: top\" title=\"\"><\/td>\n<td style=\"padding-top: 7px;padding-bottom: 7px\"><img loading=\"lazy\" decoding=\"async\" height=\"280\" src=\"https:\/\/cdn.shopify.com\/s\/files\/1\/0504\/7094\/4954\/files\/c5c931a7-8089-413c-9b6f-416680616d0c.__CR0_0_1464_600_PT0_SX1464_V1_1e717bfc-77b4-4004-9ffe-e12a93a66094_3840x.jpg?v=1726820998\" width=\"683\" style=\"max-width: 100%;height: auto;vertical-align: top;margin-left: 10px\" title=\"\"><\/td>\n<\/tr>\n<\/tbody>\n<\/table>\n<hr style=\"height: 1px;border-width: initial;border-style: none;border-top-color: initial;margin: 2rem 0px;width: 625.567px\">\n<p style=\"line-height: 25.6px\"><span style=\"font-weight: 700;font-family: Geometria-Bold, sans-serif\">WonderLink\u2122 podprti modeli:<\/span><\/p>\n<ul style=\"padding-left: 30px;line-height: 25.6px\">\n<li><span style=\"font-weight: 700;font-family: Geometria-Bold, sans-serif\">Wall Light Cam:<\/span>&nbsp;Wired Wall Light Cam S100, Solar Wall Light Cam S120<\/li>\n<li><span style=\"font-weight: 700;font-family: Geometria-Bold, sans-serif\">Video Smart Lock:<\/span>&nbsp;Video Smart Lock S330, Video Smart Lock E330<\/li>\n<li><span style=\"font-weight: 700;font-family: Geometria-Bold, sans-serif\">eufyCam:<\/span>&nbsp;eufyCam S330 (eufyCam 3), eufyCam S300 (eufyCam 3C), eufyCam S221 (eufyCam 2 Pro), eufyCam S220 (eufyCam 2C Pro), eufyCam S210 (eufyCam 2C), eufyCam E, eufyCam<\/li>\n<li><span style=\"font-weight: 700;font-family: Geometria-Bold, sans-serif\">Video Doorbell:<\/span>&nbsp;Video Doorbell E340 (Baterijsko napajanje), Video Doorbell S330, Video Doorbell S220, Video Doorbell S210, Video Doorbell C210, Video Doorbell C220, Video Doorbell (\u017di\u010dno) S330<\/li>\n<li><span style=\"font-weight: 700;font-family: Geometria-Bold, sans-serif\">Indoor Cam:<\/span>&nbsp;Indoor Cam S350, Solo IndoorCam C24, Indoor Cam E220, Solo IndoorCam C22, Solo IndoorCam P22, Indoor Cam Mini<\/li>\n<li><span style=\"font-weight: 700;font-family: Geometria-Bold, sans-serif\">SoloCam:<\/span>&nbsp;SoloCam S340, SoloCam C110, SoloCam C120, SoloCam E210, SoloCam E220, SoloCam S230 (S40)<\/li>\n<li><span style=\"font-weight: 700;font-family: Geometria-Bold, sans-serif\">Outdoor Cam:<\/span>&nbsp;Outdoor Cam E210, Outdoor Cam E220<\/li>\n<li><span style=\"font-weight: 700;font-family: Geometria-Bold, sans-serif\">Floodlight Cam:<\/span>&nbsp;Floodlight Cam E340, Floodlight Cam E220, Floodlight Cam E221, Floodlight Cam S330<\/li>\n<li><span style=\"font-weight: 700;font-family: Geometria-Bold, sans-serif\">4G Cam:<\/span>&nbsp;eufy 4G LTE Cam S330<\/li>\n<li><span style=\"font-weight: 700;font-family: Geometria-Bold, sans-serif\">Garage-Control Cam:<\/span>&nbsp;Garage-Control Cam E110, Garage-Control Cam E120<\/li>\n<\/ul>\n<hr style=\"height: 1px;border-width: initial;border-style: none;border-top-color: initial;margin: 2rem 0px;width: 625.567px\">\n<p style=\"line-height: 25.6px\"><span style=\"font-weight: 700;font-family: Geometria-Bold, sans-serif\">Technical details:<\/span><\/p>\n<ul style=\"padding-left: 30px;line-height: 25.6px\">\n<li><span style=\"font-weight: 700;font-family: Geometria-Bold, sans-serif\">Dol\u017eina<\/span>: 30,5 m<\/li>\n<li><span style=\"font-weight: 700;font-family: Geometria-Bold, sans-serif\">\u0160tevilo svetlobnih kupol<\/span>: 60<\/li>\n<li><span style=\"font-weight: 700;font-family: Geometria-Bold, sans-serif\">Barva svetlobe<\/span>: RGB + Topla bela + Hladna bela<\/li>\n<li><span style=\"font-weight: 700;font-family: Geometria-Bold, sans-serif\">Temperatura bele svetlobe<\/span>: Nastavljiva od 1500K do 9000K<\/li>\n<li><span style=\"font-weight: 700;font-family: Geometria-Bold, sans-serif\">Tehnologija WonderShine za me\u0161anje barv<\/span>: Da<\/li>\n<li><span style=\"font-weight: 700;font-family: Geometria-Bold, sans-serif\">WonderAI svetlobne teme<\/span>: Da<\/li>\n<li><span style=\"font-weight: 700;font-family: Geometria-Bold, sans-serif\">WonderLink povezava z eufy kamerami<\/span>: Da<\/li>\n<li><span style=\"font-weight: 700;font-family: Geometria-Bold, sans-serif\">Vodoodpornost<\/span>: Do IP67<\/li>\n<li><span style=\"font-weight: 700;font-family: Geometria-Bold, sans-serif\">Povpre\u010dna \u017eivljenjska doba<\/span>: 55.000 ur<\/li>\n<li><span style=\"font-weight: 700;font-family: Geometria-Bold, sans-serif\">Povezljivost<\/span>: Bluetooth, Wi-Fi, nadzor prek aplikacije<\/li>\n<li><span style=\"font-weight: 700;font-family: Geometria-Bold, sans-serif\">Vir napajanja<\/span>: Elektri\u010dni priklop<\/li>\n<\/ul>\n<p style=\"line-height: 25.6px\"><a href=\"https:\/\/www.eufy.com\/si-en\/products\/t8l02321?q=t8l02321&amp;variant=45547826806936\" target=\"_blank\" rel=\"noopener\">Spletna stran proizvajalca<\/a><\/p>\n<p style=\"line-height: 25.6px;margin-bottom: 0px\">Povezava do informacijskega lista:&nbsp;<a href=\"https:\/\/eprel.ec.europa.eu\/fiches\/lightsources\/Fiche_2103763_SL.pdf\" target=\"_blank\" rel=\"noopener\">https:\/\/eprel.ec.europa.eu\/fiches\/lightsources\/Fiche_2103763_SL.pdf<\/a><br \/>Povezava do energetske nalepke:&nbsp;<a href=\"https:\/\/eprel.ec.europa.eu\/labels\/lightsources\/Label_2103763_big_color.pdf\" target=\"_blank\" rel=\"noopener\">https:\/\/eprel.ec.europa.eu\/labels\/lightsources\/Label_2103763_big_color.pdf<\/a><\/p>\n<\/div>\n<\/div>\n<\/div>\n<div class=\"manufacturer-data\" style=\"margin-top: 40px;padding-top: 20px;font-family: Geometria, sans-serif;font-size: 16px\">\n<h4 style=\"font-family: Geometria-Bold, sans-serif;font-size: 18px;line-height: normal;margin-bottom: 32px\">Proizvajalec<\/h4>\n<div><span style=\"font-weight: 700\">ANKER INNOVATIONS LIMITED<\/span><\/div>\n<div>Georg-Muche-Strasse 3<\/div>\n<div>80807 , M\u00fcnchen<\/div>\n<div>Nem\u010dija<\/div>\n<div>ankerdirect@oceanwing.com<\/div>\n<\/div>","protected":false},"excerpt":{"rendered":"<p>Anker Eufy E22 zunanje RGB lu\u010dke, 30m: Trojna LED zasnova za do 90 lumnov svetlosti in 16 milijonov barv. Prilagodljiv barvni razpon od 1500K do 9000K. Enostavna namestitev s samolepilnim trakom ali vijaki. Vzdr\u017eljive v vseh vremenskih razmerah. Sinhronizacija z eufy kamerami<\/p>","protected":false},"featured_media":34174,"template":"","meta":{"_monsterinsights_skip_tracking":false,"_monsterinsights_sitenote_active":false,"_monsterinsights_sitenote_note":"","_monsterinsights_sitenote_category":0},"product_brand":[],"product_cat":[256,255,261],"product_tag":[],"class_list":{"0":"post-34179","1":"product","2":"type-product","3":"status-publish","4":"has-post-thumbnail","6":"product_cat-svetila","7":"product_cat-vsi","8":"product_cat-zunanja-svetila","10":"first","11":"instock","12":"taxable","13":"shipping-taxable","14":"purchasable","15":"product-type-simple"},"jetpack_sharing_enabled":true,"_links":{"self":[{"href":"https:\/\/kobra.si\/en\/wp-json\/wp\/v2\/product\/34179","targetHints":{"allow":["GET"]}}],"collection":[{"href":"https:\/\/kobra.si\/en\/wp-json\/wp\/v2\/product"}],"about":[{"href":"https:\/\/kobra.si\/en\/wp-json\/wp\/v2\/types\/product"}],"version-history":[{"count":1,"href":"https:\/\/kobra.si\/en\/wp-json\/wp\/v2\/product\/34179\/revisions"}],"predecessor-version":[{"id":34741,"href":"https:\/\/kobra.si\/en\/wp-json\/wp\/v2\/product\/34179\/revisions\/34741"}],"wp:featuredmedia":[{"embeddable":true,"href":"https:\/\/kobra.si\/en\/wp-json\/wp\/v2\/media\/34174"}],"wp:attachment":[{"href":"https:\/\/kobra.si\/en\/wp-json\/wp\/v2\/media?parent=34179"}],"wp:term":[{"taxonomy":"product_brand","embeddable":true,"href":"https:\/\/kobra.si\/en\/wp-json\/wp\/v2\/product_brand?post=34179"},{"taxonomy":"product_cat","embeddable":true,"href":"https:\/\/kobra.si\/en\/wp-json\/wp\/v2\/product_cat?post=34179"},{"taxonomy":"product_tag","embeddable":true,"href":"https:\/\/kobra.si\/en\/wp-json\/wp\/v2\/product_tag?post=34179"}],"curies":[{"name":"wp","href":"https:\/\/api.w.org\/{rel}","templated":true}]}}