{"id":34161,"date":"2025-12-02T11:20:17","date_gmt":"2025-12-02T10:20:17","guid":{"rendered":"https:\/\/kobra.si\/spletna-trgovina-kobra\/anker-eufy-video-rekorder-s4-2tb\/"},"modified":"2026-03-23T12:59:26","modified_gmt":"2026-03-23T11:59:26","slug":"anker-eufy-video-rekorder-s4-2tb","status":"publish","type":"product","link":"https:\/\/kobra.si\/en\/spletna-trgovina-kobra\/anker-eufy-video-rekorder-s4-2tb\/","title":{"rendered":"Anker Eufy Video rekorder S4 2TB"},"content":{"rendered":"<div data-content-type=\"row\" data-appearance=\"contained\" data-element=\"main\" style=\"font-family: Geometria, sans-serif;font-size: 16px\">\n<div data-enable-parallax=\"0\" data-parallax-speed=\"0.5\" data-background-images=\"{}\" data-background-type=\"image\" data-video-loop=\"true\" data-video-play-only-visible=\"true\" data-video-lazy-load=\"true\" data-video-fallback-src=\"\" data-background-lazy-load=\"\" data-element=\"inner\" data-pb-style=\"CL3PVW0\" style=\"justify-content: flex-start;flex-direction: column;background-position: left top;background-size: cover;background-repeat: no-repeat;background-attachment: scroll\">\n<div data-content-type=\"text\" data-appearance=\"default\" data-element=\"main\">\n<ul style=\"padding-left: 30px;line-height: 25.6px\">\n<li id=\"F1C4A8B\" data-start=\"39\" data-end=\"61\"><span style=\"font-weight: 700;font-family: Geometria-Bold, sans-serif\">Lokalni AI agent<br \/><\/span>Odklenite proaktivno, v realnem \u010dasu delujo\u010do varnost z na\u0161im lokalnim AI agentom, ki ga poganja 6T\/8-jedrni procesor za takoj\u0161njo analizo, natan\u010dno zaznavo gro\u017eenj in odlo\u010dilno ukrepanje. Prilagodite prepovedana obmo\u010dja in opozorila, kar AI-ju omogo\u010da natan\u010dno prepoznavo nevarnosti in prilagojene odzive.<\/li>\n<li data-start=\"377\" data-end=\"415\"><span style=\"font-weight: 700;font-family: Geometria-Bold, sans-serif\">Brezpla\u010dno pametno iskanje videa<br \/><\/span>Namesto da bi se prebijali skozi vse posnetke, takoj poi\u0161\u010dite, kar potrebujete, z iskanjem po klju\u010dnih besedah.<\/li>\n<li data-start=\"536\" data-end=\"561\"><span style=\"font-weight: 700;font-family: Geometria-Bold, sans-serif\">Raz\u0161irljiva varnost<br \/><\/span>Za\u010dnite z 8-kanalnim sistemom nadzora in ga enostavno raz\u0161irite na 16 kanalov, kadar je potrebno. Vklju\u010duje vnaprej name\u0161\u010den 2 TB trdi disk (raz\u0161irljiv do 16 TB) za 24\/7 snemanje in dolgotrajen ob\u010dutek varnosti.<\/li>\n<li data-start=\"782\" data-end=\"801\"><span style=\"font-weight: 700;font-family: Geometria-Bold, sans-serif\">Plug and Play<br \/><\/span>En sam omre\u017eni kabel pove\u017ee vsako eufy PoE kamero z NVR za napajanje in video \u2013 enostavna namestitev tudi za za\u010detnike!<\/li>\n<li data-start=\"930\" data-end=\"955\"><span style=\"font-weight: 700;font-family: Geometria-Bold, sans-serif\">\u0160iroka zdru\u017eljivost<br \/><\/span>Deluje z drugimi varnostnimi kamerami eufy (potreben je Wi-Fi modul) ter omogo\u010da brezhibno integracijo z va\u0161im obstoje\u010dim varnostnim sistemom. Zdru\u017eljiv z Alexo in Google Assistantom.<\/li>\n<li data-start=\"1148\" data-end=\"1173\"><span style=\"font-weight: 700;font-family: Geometria-Bold, sans-serif\">Samo za eufy kamere<br \/><\/span>Zasnovan izklju\u010dno za eufy kamere, da zagotovi optimalno zmogljivost in integracijo.<\/li>\n<li data-start=\"1267\" data-end=\"1298\"><span style=\"font-weight: 700;font-family: Geometria-Bold, sans-serif\">Enostaven oddaljen nadzor<br \/><\/span>Do\u017eivite pametni AI-oddaljeni nadzor z eufy NVR S4 za pametnej\u0161i 24\/7 nadzor. Podpira do 16 eufy kamer (PoE, plug-in Wi-Fi ali baterijske Wi-Fi) in omogo\u010da prilagodljivo preto\u010dno predvajanje.<\/li>\n<\/ul>\n<\/div>\n<\/div>\n<\/div>\n<div class=\"manufacturer-data\" style=\"margin-top: 40px;padding-top: 20px;border-top-width: 1px;font-family: Geometria, sans-serif;font-size: 16px\">\n<h4 style=\"font-family: Geometria-Bold, sans-serif;font-size: 18px;line-height: normal;margin-bottom: 32px;font-weight: 700\">Proizvajalec<\/h4>\n<div><span style=\"font-weight: 700\">ANKER INNOVATIONS LIMITED<\/span><\/div>\n<div>Georg-Muche-Strasse 3<\/div>\n<div>80807 , M\u00fcnchen<\/div>\n<div>Nem\u010dija<\/div>\n<div>ankerdirect@oceanwing.com<\/div>\n<\/div>","protected":false},"excerpt":{"rendered":"<p>Odkrijte na\u0161 lokalni AI agent za varnost, ki natan\u010dno zaznava gro\u017enje, omogo\u010da enostavno iskanje videa in raz\u0161irljivo za\u0161\u010dito. Enostavna namestitev!<\/p>","protected":false},"featured_media":34181,"template":"","meta":{"_monsterinsights_skip_tracking":false,"_monsterinsights_sitenote_active":false,"_monsterinsights_sitenote_note":"","_monsterinsights_sitenote_category":0},"product_brand":[],"product_cat":[121,56,255],"product_tag":[],"class_list":{"0":"post-34161","1":"product","2":"type-product","3":"status-publish","4":"has-post-thumbnail","6":"product_cat-eufy-nadzorne-kamere","7":"product_cat-nadzorne-kamere","8":"product_cat-vsi","10":"first","11":"instock","12":"sale","13":"taxable","14":"shipping-taxable","15":"purchasable","16":"product-type-simple"},"jetpack_sharing_enabled":true,"_links":{"self":[{"href":"https:\/\/kobra.si\/en\/wp-json\/wp\/v2\/product\/34161","targetHints":{"allow":["GET"]}}],"collection":[{"href":"https:\/\/kobra.si\/en\/wp-json\/wp\/v2\/product"}],"about":[{"href":"https:\/\/kobra.si\/en\/wp-json\/wp\/v2\/types\/product"}],"version-history":[{"count":1,"href":"https:\/\/kobra.si\/en\/wp-json\/wp\/v2\/product\/34161\/revisions"}],"predecessor-version":[{"id":34180,"href":"https:\/\/kobra.si\/en\/wp-json\/wp\/v2\/product\/34161\/revisions\/34180"}],"wp:featuredmedia":[{"embeddable":true,"href":"https:\/\/kobra.si\/en\/wp-json\/wp\/v2\/media\/34181"}],"wp:attachment":[{"href":"https:\/\/kobra.si\/en\/wp-json\/wp\/v2\/media?parent=34161"}],"wp:term":[{"taxonomy":"product_brand","embeddable":true,"href":"https:\/\/kobra.si\/en\/wp-json\/wp\/v2\/product_brand?post=34161"},{"taxonomy":"product_cat","embeddable":true,"href":"https:\/\/kobra.si\/en\/wp-json\/wp\/v2\/product_cat?post=34161"},{"taxonomy":"product_tag","embeddable":true,"href":"https:\/\/kobra.si\/en\/wp-json\/wp\/v2\/product_tag?post=34161"}],"curies":[{"name":"wp","href":"https:\/\/api.w.org\/{rel}","templated":true}]}}