{"id":33424,"date":"2025-09-25T11:05:15","date_gmt":"2025-09-25T09:05:15","guid":{"rendered":"https:\/\/kobra.si\/spletna-trgovina-kobra\/bobovr-b100-baterija-za-s3-pro-e3-pro\/"},"modified":"2026-04-21T21:01:55","modified_gmt":"2026-04-21T19:01:55","slug":"bobovr-b100-baterija-za-s3-pro-e3-pro","status":"publish","type":"product","link":"https:\/\/kobra.si\/en\/spletna-trgovina-kobra\/bobovr-b100-baterija-za-s3-pro-e3-pro\/","title":{"rendered":"BOBOVR B100 baterija za S3 PRO\/E3 PRO"},"content":{"rendered":"<h3>BOBOVR B100 Baterijski paket za S3 PRO\/E3 PRO<\/h3>\n<p>Baterijski paket BOBOVR B100 je najsodobnej\u0161a re\u0161itev za uporabnike slu\u0161alk za navidezno resni\u010dnost serij S3 PRO in E3 PRO, saj ponuja bistveno ve\u010djo zmogljivost in zmogljivost. Z zmogljivostjo 10.000 mAh B100 podalj\u0161a \u010das delovanja o\u010dal za 135 %, kar omogo\u010da veliko dalj\u0161e seanse brez prekinitev. To je idealno za tiste, ki ne \u017eelijo, da omejitve baterije prekinejo njihovo potopitveno izku\u0161njo.<\/p>\n<p>\n<img decoding=\"async\" alt=\"\" border=\"0\" src=\"https:\/\/assets.innpro.pl\/13207\/16198\/7.jpg\" title=\"\">\n<\/p>\n<h3>Napredna celi\u010dna tehnologija in sistem BMS<\/h3>\n<p>BOBOVR B100 uporablja visoko zmogljive 3,65-voltne litij-ionske celice, sestavljene iz dveh neodvisnih baterij s kapaciteto 5000 mAh, ki sta povezani zaporedno. Vgrajen sistem za upravljanje baterije (BMS) podjetja Texas Instruments zagotavlja natan\u010dno spremljanje stopnje napolnjenosti in posreduje natan\u010dne podatke o stanju baterije. Uporabnik lahko s \u0161tirimi diodami LED na ohi\u0161ju hitro preveri trenutno stopnjo napolnjenosti.<\/p>\n<p>\n<img decoding=\"async\" alt=\"\" border=\"0\" src=\"https:\/\/assets.innpro.pl\/13207\/16198\/4.jpg\" title=\"\">\n<\/p>\n<h3>Hitro polnjenje in dalj\u0161a \u017eivljenjska doba<\/h3>\n<p>Baterija B100 podpira hitro polnjenje z mo\u010djo do 20 W, v kombinaciji z dodatno postajo BD3 pa jo lahko do 80 % napolnite v samo eni uri. Standardno polnjenje prek USB-C traja pribli\u017eno 4 ure, kar je posledica skoraj podvojene zmogljivosti v primerjavi s prej\u0161njim modelom B2.<\/p>\n<p>\n<img decoding=\"async\" alt=\"\" border=\"0\" src=\"https:\/\/assets.innpro.pl\/13207\/16198\/3.jpg\" title=\"\">\n<\/p>\n<h3>Varnost in pametno uravnavanje temperature<\/h3>\n<p>Baterija B100 je opremljena s \u0161tevilnimi temperaturnimi senzorji in varnostnimi funkcijami, ki \u0161\u010ditijo pred pregrevanjem, prekomernim polnjenjem in kratkimi stiki. Inteligentno spremljanje temperature v realnem \u010dasu znatno zmanj\u0161a toploto, ki nastaja med delovanjem, ter pove\u010da varnost in vzdr\u017eljivost izdelka.<\/p>\n<p>\n<img decoding=\"async\" alt=\"\" border=\"0\" src=\"https:\/\/assets.innpro.pl\/13207\/16198\/5.jpg\" title=\"\">\n<\/p>\n<h3>Kompaktna zasnova z ve\u010djo zmogljivostjo<\/h3>\n<p>Kljub znatnemu pove\u010danju zmogljivosti &#8211; za 92 % v primerjavi z baterijo B2 &#8211; je velikost baterije B100 ostala nespremenjena, njena te\u017ea pa se je pove\u010dala le za 28 % na 184 g. Zaradi tega baterija ohranja idealno ravnovesje med zmogljivostjo in udobjem.<\/p>\n<p>\n<img decoding=\"async\" alt=\"\" border=\"0\" src=\"https:\/\/assets.innpro.pl\/13207\/16198\/2.jpg\" title=\"\">\n<\/p>\n<h3>Popolna zdru\u017eljivost in prilagodljivost<\/h3>\n<p>Baterija B100 je zdru\u017eljiva s serijama S3 PRO in E3 PRO. Za uporabnike serij M1, M2 Plus, M3 Pro in M3 Mini je potreben komplet za nadgradnjo B100U. Z magnetnim sistemom pritrditve je zamenjava baterije hitra in intuitivna, kar odpravlja izpade med igranjem.<\/p>\n<p>\n<img decoding=\"async\" alt=\"\" border=\"0\" src=\"https:\/\/assets.innpro.pl\/13207\/16198\/1.jpg\" title=\"\">\n<\/p>\n<h3>Stabilna povezava in zanesljivost<\/h3>\n<p>Tehnologija magnetne privla\u010dnosti zagotavlja stabilno povezavo med baterijskim paketom in slu\u0161alkami za navidezno resni\u010dnost, tudi med dinami\u010dnimi gibi. To uporabniku omogo\u010da, da se popolnoma osredoto\u010di na igranje brez skrbi zaradi prekinitve napajanja.<\/p>\n<p>\n<img decoding=\"async\" alt=\"\" border=\"0\" src=\"https:\/\/assets.innpro.pl\/13207\/16198\/8.jpg\" title=\"\">\n<\/p>\n<h3>Vklju\u010deno<\/h3>\n<ul class=\"list-disc pl-5\">\n<li>Baterijski paket B100<\/li>\n<li>Polnilni kabel<\/li>\n<li>Uporabni\u0161ki priro\u010dnik<\/li>\n<\/ul>\n<div class=\"table-wrapper\">\n<h3><\/h3>\n<table>\n<tbody>\n<tr>\n<th>Proizvajalec<\/th>\n<td>BOBOVR<\/td>\n<\/tr>\n<tr>\n<th>Model<\/th>\n<td>B100<\/td>\n<\/tr>\n<tr>\n<th>Kapaciteta litijeve baterije<\/th>\n<td>10000 mAh\/3,65 V<\/td>\n<\/tr>\n<tr>\n<th>Nazivna zmogljivost<\/th>\n<td>4800 mAh<\/td>\n<\/tr>\n<tr>\n<th>Nazivna energija<\/th>\n<td>35,04Wh<\/td>\n<\/tr>\n<tr>\n<th>Vhod (USB-C)<\/th>\n<td>5,0 V 3A<\/td>\n<\/tr>\n<tr>\n<th>Izklopni tok polnjenja<\/th>\n<td>50 mA<\/td>\n<\/tr>\n<tr>\n<th>Nazivna napetost<\/th>\n<td>7.3V<\/td>\n<\/tr>\n<tr>\n<th>Omejitvena napetost polnjenja<\/th>\n<td>8.40V<\/td>\n<\/tr>\n<tr>\n<th>Standardni polnilni tok<\/th>\n<td>1A<\/td>\n<\/tr>\n<tr>\n<th>Najve\u010dji tok neprekinjenega polnjenja<\/th>\n<td>5A<\/td>\n<\/tr>\n<tr>\n<th>Odklopna napetost pri praznjenju<\/th>\n<td>5.4V<\/td>\n<\/tr>\n<tr>\n<th>Standardni tok praznjenja<\/th>\n<td>1A<\/td>\n<\/tr>\n<tr>\n<th>Najve\u010dji tok praznjenja<\/th>\n<td>5A<\/td>\n<\/tr>\n<\/tbody>\n<\/table>\n<\/div>","protected":false},"excerpt":{"rendered":"<p>Na zalogi pri zunanjem dobavitelju. Rok dobave 3-7 delovnih dni.<\/p>","protected":false},"featured_media":33423,"template":"","meta":{"_monsterinsights_skip_tracking":false,"_monsterinsights_sitenote_active":false,"_monsterinsights_sitenote_note":"","_monsterinsights_sitenote_category":0},"product_brand":[],"product_cat":[170,64,298,255],"product_tag":[],"class_list":{"0":"post-33424","1":"product","2":"type-product","3":"status-publish","4":"has-post-thumbnail","6":"product_cat-gaming","7":"product_cat-racunalnistvo","8":"product_cat-vr-virtualna-resnicnost","9":"product_cat-vsi","11":"first","12":"instock","13":"taxable","14":"shipping-taxable","15":"purchasable","16":"product-type-simple"},"jetpack_sharing_enabled":true,"_links":{"self":[{"href":"https:\/\/kobra.si\/en\/wp-json\/wp\/v2\/product\/33424","targetHints":{"allow":["GET"]}}],"collection":[{"href":"https:\/\/kobra.si\/en\/wp-json\/wp\/v2\/product"}],"about":[{"href":"https:\/\/kobra.si\/en\/wp-json\/wp\/v2\/types\/product"}],"version-history":[{"count":1,"href":"https:\/\/kobra.si\/en\/wp-json\/wp\/v2\/product\/33424\/revisions"}],"predecessor-version":[{"id":33666,"href":"https:\/\/kobra.si\/en\/wp-json\/wp\/v2\/product\/33424\/revisions\/33666"}],"wp:featuredmedia":[{"embeddable":true,"href":"https:\/\/kobra.si\/en\/wp-json\/wp\/v2\/media\/33423"}],"wp:attachment":[{"href":"https:\/\/kobra.si\/en\/wp-json\/wp\/v2\/media?parent=33424"}],"wp:term":[{"taxonomy":"product_brand","embeddable":true,"href":"https:\/\/kobra.si\/en\/wp-json\/wp\/v2\/product_brand?post=33424"},{"taxonomy":"product_cat","embeddable":true,"href":"https:\/\/kobra.si\/en\/wp-json\/wp\/v2\/product_cat?post=33424"},{"taxonomy":"product_tag","embeddable":true,"href":"https:\/\/kobra.si\/en\/wp-json\/wp\/v2\/product_tag?post=33424"}],"curies":[{"name":"wp","href":"https:\/\/api.w.org\/{rel}","templated":true}]}}