{"id":33421,"date":"2025-09-25T11:03:52","date_gmt":"2025-09-25T09:03:52","guid":{"rendered":"https:\/\/kobra.si\/spletna-trgovina-kobra\/bobovr-bd3-polnilna-postaja-za-baterije-b100\/"},"modified":"2026-04-21T21:01:52","modified_gmt":"2026-04-21T19:01:52","slug":"bobovr-bd3-polnilna-postaja-za-baterije-b100","status":"publish","type":"product","link":"https:\/\/kobra.si\/en\/spletna-trgovina-kobra\/bobovr-bd3-polnilna-postaja-za-baterije-b100\/","title":{"rendered":"BOBOVR BD3 polnilna postaja za baterije B100"},"content":{"rendered":"<h3>BOBOVR BD3 polnilna postaja za baterije B100<\/h3>\n<p>Polnilna postaja BOBOVR BD3 je napredna re\u0161itev, zasnovana posebej za polnjenje baterij B100. Omogo\u010da hkratno polnjenje treh baterij s 30 W mo\u010di vsake, kar vam omogo\u010da polnjenje do 80 % zmogljivosti v samo eni uri. Tako lahko u\u017eivate v dalj\u0161em igranju brez prekinitev zaradi dolgotrajnega polnjenja.<\/p>\n<p>\n<img decoding=\"async\" alt=\"\" border=\"0\" src=\"https:\/\/assets.innpro.pl\/13210\/16205\/6.jpg\" title=\"\">\n<\/p>\n<h3>Pametni sistem polnjenja in digitalni zaslon<\/h3>\n<p>Postaja BD3 je opremljena z digitalnim zaslonom, ki vas obve\u0161\u010da o izhodni mo\u010di, polo\u017eaju najhitreje polnjene baterije in natan\u010dni stopnji napolnjenosti vsake baterije. Na ta na\u010din imate popoln nadzor nad postopkom polnjenja in lahko preprosto upravljate delovne cikle.<\/p>\n<p>\n<img decoding=\"async\" alt=\"\" border=\"0\" src=\"https:\/\/assets.innpro.pl\/13210\/16205\/3.jpg\" title=\"\">\n<\/p>\n<h3>U\u010dinkovitost in varnost polnjenja<\/h3>\n<p>Postaja podpira napajanje prek vmesnika USB-C in sprejema 5 V, 9 V, 12 V in 15 V z najve\u010d 3 A ter 20 V pri 5 A. Magnetni priklju\u010dki na izhodu zagotavljajo najve\u010djo mo\u010d 8,4 V in 5 A, kar zagotavlja hitro, stabilno in varno polnjenje. Za optimalno delovanje je priporo\u010dljivo uporabljati certificirane polnilnike in kable, ki podpirajo standard E-mark 100 W.<\/p>\n<p>\n<img decoding=\"async\" alt=\"\" border=\"0\" src=\"https:\/\/assets.innpro.pl\/13210\/16205\/4.jpg\" title=\"\">\n<\/p>\n<h3>Kompaktna zasnova in robustna zmogljivost<\/h3>\n<p>Postaja BD3 ima kompaktne mere 160 x 115 x 21,5 mm, zato jo boste zlahka namestili na mizo, ne da bi zavzela preve\u010d prostora. Podjetje BOBOVR, znano po svoji visokokakovostni izdelavi, zagotavlja vzdr\u017eljivost in zanesljivost naprave.<\/p>\n<p>\n<img decoding=\"async\" alt=\"\" border=\"0\" src=\"https:\/\/assets.innpro.pl\/13210\/16205\/2.jpg\" title=\"\">\n<\/p>\n<h3>Optimalna mo\u010d polnjenja<\/h3>\n<p>BOBOVR BD3 podpira hitro polnjenje z najve\u010djo mo\u010djo 90 W, kar pomeni zanesljivo in u\u010dinkovito delovanje. Vsaka od treh polnilnih re\u017e deluje neodvisno in zagotavlja 30 vatov na baterijo, kar omogo\u010da hkratno in enakomerno polnjenje brez zmanj\u0161anja zmogljivosti.<\/p>\n<p>\n<img decoding=\"async\" alt=\"\" border=\"0\" src=\"https:\/\/assets.innpro.pl\/13210\/16205\/1.jpg\" title=\"\">\n<\/p>\n<h3>Vklju\u010deno<\/h3>\n<ul class=\"list-disc pl-5\">\n<li>Polnilna postaja DB3<\/li>\n<li>polnilni kabel<\/li>\n<li>Uporabni\u0161ki priro\u010dnik<\/li>\n<\/ul>\n<div class=\"table-wrapper\">\n<h3><\/h3>\n<table>\n<tbody>\n<tr>\n<th>Proizvajalec<\/th>\n<td>BOBOVR<\/td>\n<\/tr>\n<tr>\n<th>Model<\/th>\n<td>BD3<\/td>\n<\/tr>\n<tr>\n<th>Vhod (USB-C)<\/th>\n<td>5 V, 9 V, 12 V, 15 V 3 A max; 20 V 5 A max<\/td>\n<\/tr>\n<tr>\n<th>Izhod (magnetni priklju\u010dek)<\/th>\n<td>8,4 V 5A max<\/td>\n<\/tr>\n<tr>\n<th>Dimenzije izdelka<\/th>\n<td>160 x 115 x 21,5 mm<\/td>\n<\/tr>\n<\/tbody>\n<\/table>\n<\/div>","protected":false},"excerpt":{"rendered":"<p>Na zalogi pri zunanjem dobavitelju. Rok dobave 3-7 delovnih dni.<\/p>","protected":false},"featured_media":33420,"template":"","meta":{"_monsterinsights_skip_tracking":false,"_monsterinsights_sitenote_active":false,"_monsterinsights_sitenote_note":"","_monsterinsights_sitenote_category":0},"product_brand":[],"product_cat":[170,64,298,255],"product_tag":[],"class_list":{"0":"post-33421","1":"product","2":"type-product","3":"status-publish","4":"has-post-thumbnail","6":"product_cat-gaming","7":"product_cat-racunalnistvo","8":"product_cat-vr-virtualna-resnicnost","9":"product_cat-vsi","11":"first","12":"instock","13":"taxable","14":"shipping-taxable","15":"purchasable","16":"product-type-simple"},"jetpack_sharing_enabled":true,"_links":{"self":[{"href":"https:\/\/kobra.si\/en\/wp-json\/wp\/v2\/product\/33421","targetHints":{"allow":["GET"]}}],"collection":[{"href":"https:\/\/kobra.si\/en\/wp-json\/wp\/v2\/product"}],"about":[{"href":"https:\/\/kobra.si\/en\/wp-json\/wp\/v2\/types\/product"}],"version-history":[{"count":1,"href":"https:\/\/kobra.si\/en\/wp-json\/wp\/v2\/product\/33421\/revisions"}],"predecessor-version":[{"id":33667,"href":"https:\/\/kobra.si\/en\/wp-json\/wp\/v2\/product\/33421\/revisions\/33667"}],"wp:featuredmedia":[{"embeddable":true,"href":"https:\/\/kobra.si\/en\/wp-json\/wp\/v2\/media\/33420"}],"wp:attachment":[{"href":"https:\/\/kobra.si\/en\/wp-json\/wp\/v2\/media?parent=33421"}],"wp:term":[{"taxonomy":"product_brand","embeddable":true,"href":"https:\/\/kobra.si\/en\/wp-json\/wp\/v2\/product_brand?post=33421"},{"taxonomy":"product_cat","embeddable":true,"href":"https:\/\/kobra.si\/en\/wp-json\/wp\/v2\/product_cat?post=33421"},{"taxonomy":"product_tag","embeddable":true,"href":"https:\/\/kobra.si\/en\/wp-json\/wp\/v2\/product_tag?post=33421"}],"curies":[{"name":"wp","href":"https:\/\/api.w.org\/{rel}","templated":true}]}}