{"id":33417,"date":"2025-09-25T11:01:29","date_gmt":"2025-09-25T09:01:29","guid":{"rendered":"https:\/\/kobra.si\/spletna-trgovina-kobra\/bobovr-c3-torbica-za-quest-3\/"},"modified":"2026-04-20T20:58:16","modified_gmt":"2026-04-20T18:58:16","slug":"bobovr-c3-torbica-za-quest-3","status":"publish","type":"product","link":"https:\/\/kobra.si\/en\/spletna-trgovina-kobra\/bobovr-c3-torbica-za-quest-3\/","title":{"rendered":"BOBOVR C3 torbica za Quest 3"},"content":{"rendered":"<h3>BOBOVR C3 etui za o\u010dala Meta Quest 3 VR<\/h3>\n<p>Ovitek BOBOVR C3 je namenjen uporabnikom o\u010dal Meta Quest 3, ki i\u0161\u010dejo na\u010din za za\u0161\u010dito svojih o\u010dal. Zaradi uporabe kaljenega materiala debeline 6 mm in trdote HRC 80 je pripomo\u010dek odpornej\u0161i in pro\u017enej\u0161i od ve\u010dine re\u0161itev, ki so na voljo na trgu. Prevleka iz trpe\u017enega materiala Dragon Dance zagotavlja za\u0161\u010dito pred obrabo.<\/p>\n<p>\n<img decoding=\"async\" border=\"0\" src=\"https:\/\/assets.innpro.pl\/8515\/9943\/3.jpg\" title=\"\">\n<\/p>\n<h3>Udobje uporabe<\/h3>\n<p>U\u017eivajte v priro\u010dnem dostopu do o\u010dal, ne da bi vam bilo treba odpreti celotno ohi\u0161je. Zmanj\u0161anje vi\u0161ine na 105 mm vam omogo\u010da udobno uporabo opreme in ohranja va\u0161o mizo urejeno.<\/p>\n<p>\n<img decoding=\"async\" border=\"0\" src=\"https:\/\/assets.innpro.pl\/8515\/9943\/1.jpg\" title=\"\">\n<\/p>\n<h3>Presenetljiva zmogljivost<\/h3>\n<p>Kov\u010dek C3 zagotavlja dovolj prostora za namestitev o\u010dal Meta Quest 3 s trakom S3 Pro ter klju\u010dne dodatne opreme, kot so krmilniki z ro\u010daji in priklopna postaja. Poleg tega je prilo\u017eena mre\u017easta torbica z zadrgo, ki je idealna za shranjevanje manj\u0161ih predmetov, kot so polnilci in kabli, za enostavno organizacijo in hiter dostop do potrebnih predmetov.<\/p>\n<p>\n<img decoding=\"async\" border=\"0\" src=\"https:\/\/assets.innpro.pl\/8515\/9943\/9.jpg\" title=\"\">\n<\/p>\n<h3>Zanesljivost na poti<\/h3>\n<p>Zahvaljujo\u010d snemljivemu naramnemu traku lahko etui C3 uporabljate kot aktovko in torbo za na ramo. Zdaj lahko udobno prena\u0161ate opremo, ki jo potrebujete, ne da bi vas skrbelo za njeno varnost.<\/p>\n<p>\n<img decoding=\"async\" border=\"0\" src=\"https:\/\/assets.innpro.pl\/8515\/9943\/2.jpg\" title=\"\">\n<\/p>\n<h3>Vklju\u010deno:<\/h3>\n<ul class=\"list-disc pl-5\">\n<li>Vsebuje: kov\u010dek<\/li>\n<li>Torba z mre\u017easto zadrgo<\/li>\n<li>Ramenski trak<\/li>\n<li>Uporabni\u0161ki priro\u010dnik<\/li>\n<\/ul>\n<div class=\"table-wrapper\">\n<h3><\/h3>\n<table>\n<tbody>\n<tr>\n<th>Proizvajalec<\/th>\n<td>BOBOVR<\/td>\n<\/tr>\n<tr>\n<th>Model<\/th>\n<td>C3<\/td>\n<\/tr>\n<tr>\n<th>Zdru\u017eljivost<\/th>\n<td>VR Meta Quest 3<\/td>\n<\/tr>\n<\/tbody>\n<\/table>\n<\/div>","protected":false},"excerpt":{"rendered":"<p>Na zalogi pri zunanjem dobavitelju. Rok dobave 3-7 delovnih dni.<\/p>","protected":false},"featured_media":33414,"template":"","meta":{"_monsterinsights_skip_tracking":false,"_monsterinsights_sitenote_active":false,"_monsterinsights_sitenote_note":"","_monsterinsights_sitenote_category":0},"product_brand":[],"product_cat":[170,64,298,255],"product_tag":[],"class_list":{"0":"post-33417","1":"product","2":"type-product","3":"status-publish","4":"has-post-thumbnail","6":"product_cat-gaming","7":"product_cat-racunalnistvo","8":"product_cat-vr-virtualna-resnicnost","9":"product_cat-vsi","11":"first","12":"instock","13":"taxable","14":"shipping-taxable","15":"purchasable","16":"product-type-simple"},"jetpack_sharing_enabled":true,"_links":{"self":[{"href":"https:\/\/kobra.si\/en\/wp-json\/wp\/v2\/product\/33417","targetHints":{"allow":["GET"]}}],"collection":[{"href":"https:\/\/kobra.si\/en\/wp-json\/wp\/v2\/product"}],"about":[{"href":"https:\/\/kobra.si\/en\/wp-json\/wp\/v2\/types\/product"}],"version-history":[{"count":1,"href":"https:\/\/kobra.si\/en\/wp-json\/wp\/v2\/product\/33417\/revisions"}],"predecessor-version":[{"id":33669,"href":"https:\/\/kobra.si\/en\/wp-json\/wp\/v2\/product\/33417\/revisions\/33669"}],"wp:featuredmedia":[{"embeddable":true,"href":"https:\/\/kobra.si\/en\/wp-json\/wp\/v2\/media\/33414"}],"wp:attachment":[{"href":"https:\/\/kobra.si\/en\/wp-json\/wp\/v2\/media?parent=33417"}],"wp:term":[{"taxonomy":"product_brand","embeddable":true,"href":"https:\/\/kobra.si\/en\/wp-json\/wp\/v2\/product_brand?post=33417"},{"taxonomy":"product_cat","embeddable":true,"href":"https:\/\/kobra.si\/en\/wp-json\/wp\/v2\/product_cat?post=33417"},{"taxonomy":"product_tag","embeddable":true,"href":"https:\/\/kobra.si\/en\/wp-json\/wp\/v2\/product_tag?post=33417"}],"curies":[{"name":"wp","href":"https:\/\/api.w.org\/{rel}","templated":true}]}}