{"id":33413,"date":"2025-09-25T11:00:29","date_gmt":"2025-09-25T09:00:29","guid":{"rendered":"https:\/\/kobra.si\/spletna-trgovina-kobra\/bobovr-s3-pro-trak-za-razbremenitev-baterije-za-meta-quest-3-quest-3s\/"},"modified":"2026-04-21T20:56:29","modified_gmt":"2026-04-21T18:56:29","slug":"bobovr-s3-pro-trak-za-razbremenitev-baterije-za-meta-quest-3-quest-3s","status":"publish","type":"product","link":"https:\/\/kobra.si\/en\/spletna-trgovina-kobra\/bobovr-s3-pro-trak-za-razbremenitev-baterije-za-meta-quest-3-quest-3s\/","title":{"rendered":"BOBOVR S3 PRO trak za razbremenitev baterije za Meta Quest 3 \/ Quest 3S"},"content":{"rendered":"<h3>BOBOVR S3 PRO trak za razbremenitev baterije za Meta Quest 3 \/ Quest 3S<\/h3>\n<p>BOBOVR S3 PRO trak za razbremenitev baterije je bil ustvarjen posebej za o\u010dala Meta Quest 3 \/ Quest 3S. Zaradi uporabe inovativnih tehnologij ne zagotavlja le udobja pri uporabi, temve\u010d tudi dalj\u0161i \u010das delovanja, zato je idealna re\u0161itev za navdu\u0161ence nad virtualno resni\u010dnostjo, ki cenijo udobje in zmogljivost.<\/p>\n<p>\n<img decoding=\"async\" border=\"0\" src=\"https:\/\/assets.innpro.pl\/6646\/7749\/3.jpg\" title=\"\">\n<\/p>\n<h3>Izbolj\u0161an sistem za udobje uporabnika<\/h3>\n<p>O\u010dala BOBOVR S3 PRO so opremljena s sistemom, ki zagotavlja maksimalno udobje. Zahvaljujo\u010d posebej oblikovani blazinici Honeycomb Pad se trak popolnoma prilega glavi, kar omogo\u010da dolgotrajno uporabo brez nelagodja. Izpopolnjena zasnova je odpravila pritisk na obraz &#8211; zaradi tega so tudi dolge ure seans v navidezni resni\u010dnosti u\u017eitek. Poleg tega ravna struktura hrbtnega traku omogo\u010da udobno le\u017eanje in spanje z name\u0161\u010deno naglavno slu\u0161alko, vi\u0161ina opore nad glavo pa je nastavljiva.<\/p>\n<p>\n<img decoding=\"async\" border=\"0\" src=\"https:\/\/assets.innpro.pl\/6646\/7749\/2.jpg\" title=\"\">\n<\/p>\n<h3>Zanesljivo prezra\u010devanje<\/h3>\n<p>Inovativen sistem prezra\u010devanja, ki ga je navdihnila oblika turbine letalskega motorja, zagotavlja u\u010dinkovito hlajenje. Vgrajena klimatska naprava s 100-stopinjsko nastavitvijo hitrosti vzdr\u017euje optimalno temperaturo in zagotavlja udobje med intenzivnim igranjem. Poleg tega enota ne povzro\u010da nadle\u017enega hrupa.<\/p>\n<p>\n<img decoding=\"async\" border=\"0\" src=\"https:\/\/assets.innpro.pl\/6646\/7749\/6.jpg\" title=\"\">\n<\/p>\n<h3>Navdu\u0161ujo\u010da zmogljivost<\/h3>\n<p>BOBOVR-ov izdelek uporablja novo arhitekturo baterije B100, ki lo\u010duje modul za praznjenje od same baterije. Posledi\u010dno se je pove\u010dala u\u010dinkovitost praznjenja in zmanj\u0161ala te\u017eava s pregrevanjem. Baterija s kapaciteto 10.000 mAh ponuja dvakrat ve\u010djo uporabno zmogljivost kot model B2, njena te\u017ea pa se je pove\u010dala le za 28 %. Podpora hitremu 20W polnjenju omogo\u010da hitro obnovitev energije, medtem ko dodatne funkcije, kot sta opomnik za nizko raven napolnjenosti baterije in pregleden indikator napolnjenosti, omogo\u010dajo enostavno spremljanje \u010dasa delovanja baterije.<\/p>\n<p>\n<img decoding=\"async\" border=\"0\" src=\"https:\/\/assets.innpro.pl\/6646\/7749\/1.jpg\" title=\"\">\n<\/p>\n<h3>Brezskrbna zamenjava baterije<\/h3>\n<p>S trakom BOBOVR S3 PRO lahko preprosto in hitro zamenjate baterijo z eno roko &#8211; tudi v temi. Tako vam za polnjenje naprave nikoli ne bo treba prekiniti seanse navidezne resni\u010dnosti.<\/p>\n<p>\n<img decoding=\"async\" border=\"0\" src=\"https:\/\/assets.innpro.pl\/6646\/7749\/4.jpg\" title=\"\">\n<\/p>\n<div class=\"table-wrapper\">\n<h3><\/h3>\n<table>\n<tbody>\n<tr>\n<th>Proizvajalec<\/th>\n<td>BOBOVR<\/td>\n<\/tr>\n<tr>\n<th>Model<\/th>\n<td>S3 PRO<\/td>\n<\/tr>\n<tr>\n<th>Zdru\u017eljivost<\/th>\n<td>Meta Quest 3 \/ Quest 3S<\/td>\n<\/tr>\n<tr>\n<th>Sistem<\/th>\n<td>B100<\/td>\n<\/tr>\n<tr>\n<th>Kapaciteta baterijeA<\/th>\n<td>10.000 mAh<\/td>\n<\/tr>\n<tr>\n<th>Mo\u010d polnjenja<\/th>\n<td>20 W<\/td>\n<\/tr>\n<tr>\n<th>Prezra\u010devanje<\/th>\n<td>Vgrajena klimatska naprava, 100 stopenj regulacije<\/td>\n<\/tr>\n<tr>\n<th>Blazina<\/th>\n<td>Podloga iz satovja<\/td>\n<\/tr>\n<tr>\n<th>Dodatne funkcije<\/th>\n<td>Nastavljiva in odstranljiva opora, sistem nizkega tlaka<\/td>\n<\/tr>\n<\/tbody>\n<\/table>\n<\/div>","protected":false},"excerpt":{"rendered":"<p>Na zalogi pri zunanjem dobavitelju. Rok dobave 3-7 delovnih dni.<\/p>","protected":false},"featured_media":33412,"template":"","meta":{"_monsterinsights_skip_tracking":false,"_monsterinsights_sitenote_active":false,"_monsterinsights_sitenote_note":"","_monsterinsights_sitenote_category":0},"product_brand":[],"product_cat":[170,64,298,255],"product_tag":[],"class_list":{"0":"post-33413","1":"product","2":"type-product","3":"status-publish","4":"has-post-thumbnail","6":"product_cat-gaming","7":"product_cat-racunalnistvo","8":"product_cat-vr-virtualna-resnicnost","9":"product_cat-vsi","11":"first","12":"instock","13":"taxable","14":"shipping-taxable","15":"purchasable","16":"product-type-simple"},"jetpack_sharing_enabled":true,"_links":{"self":[{"href":"https:\/\/kobra.si\/en\/wp-json\/wp\/v2\/product\/33413","targetHints":{"allow":["GET"]}}],"collection":[{"href":"https:\/\/kobra.si\/en\/wp-json\/wp\/v2\/product"}],"about":[{"href":"https:\/\/kobra.si\/en\/wp-json\/wp\/v2\/types\/product"}],"version-history":[{"count":1,"href":"https:\/\/kobra.si\/en\/wp-json\/wp\/v2\/product\/33413\/revisions"}],"predecessor-version":[{"id":33670,"href":"https:\/\/kobra.si\/en\/wp-json\/wp\/v2\/product\/33413\/revisions\/33670"}],"wp:featuredmedia":[{"embeddable":true,"href":"https:\/\/kobra.si\/en\/wp-json\/wp\/v2\/media\/33412"}],"wp:attachment":[{"href":"https:\/\/kobra.si\/en\/wp-json\/wp\/v2\/media?parent=33413"}],"wp:term":[{"taxonomy":"product_brand","embeddable":true,"href":"https:\/\/kobra.si\/en\/wp-json\/wp\/v2\/product_brand?post=33413"},{"taxonomy":"product_cat","embeddable":true,"href":"https:\/\/kobra.si\/en\/wp-json\/wp\/v2\/product_cat?post=33413"},{"taxonomy":"product_tag","embeddable":true,"href":"https:\/\/kobra.si\/en\/wp-json\/wp\/v2\/product_tag?post=33413"}],"curies":[{"name":"wp","href":"https:\/\/api.w.org\/{rel}","templated":true}]}}