{"id":33400,"date":"2025-09-25T10:24:03","date_gmt":"2025-09-25T08:24:03","guid":{"rendered":"https:\/\/kobra.si\/spletna-trgovina-kobra\/tws-qcy-slusalke-ailybuds-e20-ht13-bele\/"},"modified":"2026-04-24T21:01:53","modified_gmt":"2026-04-24T19:01:53","slug":"tws-qcy-slusalke-ailybuds-e20-ht13-bele","status":"publish","type":"product","link":"https:\/\/kobra.si\/en\/spletna-trgovina-kobra\/tws-qcy-slusalke-ailybuds-e20-ht13-bele\/","title":{"rendered":"TWS QCY slu\u0161alke Ailybuds E20 HT13 (bele)"},"content":{"rendered":"<h3>TWS QCY slu\u0161alke Ailybuds E20 HT13 (bele)<\/h3>\n<p>QCY AilyBuds E20 HT13 so napredne slu\u0161alke TWS, ki udobje in kakovost zvoka dvigujejo na povsem novo raven. Z aktivnim odpravljanjem \u0161umov (ANC), zmanj\u0161evanjem \u0161umov (ENC) in \u0161estimi mikrofoni z umetno inteligenco bo vsak pogovor \u010dist, ne glede na to, kje ste. Glasba, ki jo predvajate, vas bo navdu\u0161ila z mno\u017eico prej nesli\u0161anih podrobnosti in vas popeljala v drug svet. Izjemno priro\u010dna in lahka polkanalna zasnova zagotavlja udobje tudi med celodnevno uporabo, zmogljiva baterija pa vam omogo\u010da, da v najljub\u0161ih melodijah u\u017eivate do 24 ur. Odkrijte slu\u0161alke, ki se popolnoma prilegajo vam in va\u0161emu \u017eivljenjskemu slogu!<\/p>\n<p>\n<img decoding=\"async\" alt=\"\" border=\"0\" src=\"https:\/\/assets.innpro.pl\/13582\/16696\/5.jpg\" title=\"\">\n<\/p>\n<h3>Slu\u0161alke, ki opredeljujejo udobje<\/h3>\n<p>Izbolj\u0161ana polkanalna zasnova slu\u0161alk QCY AilyBuds E20 HT13 zagotavlja neprimerljivo lahkotnost in ergonomsko udobje, kar zagotavlja ve\u010durno uporabo brez utrujenosti ali nelagodja. Zaradi edinstvene kompaktne zasnove v obliki \u010drke V in 45 % manj\u0161ega prostora v komori slu\u0161alke odli\u010dno le\u017eijo v u\u0161esih, 30 % ve\u010dji 13 mm gonilnik pa zagotavlja odli\u010den, kristalno \u010dist zvok.<\/p>\n<p>\n<img decoding=\"async\" alt=\"\" border=\"0\" src=\"https:\/\/assets.innpro.pl\/13582\/16696\/2.jpg\" title=\"\">\n<\/p>\n<h3>Odli\u010dno uti\u0161anje zvoka, neprimerljiva jasnost<\/h3>\n<p>Slu\u0161alke AilyBuds E20 uporabljajo napredno tehnologijo aktivnega odpravljanja hrupa (ANC), ki je posebej prilagojena polkanalni zasnovi. Inteligentni sistem prepozna strukturo in uporabo va\u0161ega sluhovoda ter samodejno ustvari optimalno odpravljanje hrupa in izena\u010di pritisk v obeh u\u0161esih. Tako lahko u\u017eivate v miru tudi v hrupnih okoljih, ne da bi ob\u010dutili zama\u0161ena u\u0161esa ali nelagodje.<\/p>\n<p>\n<img decoding=\"async\" alt=\"\" border=\"0\" src=\"https:\/\/assets.innpro.pl\/13582\/16696\/4.jpg\" title=\"\">\n<\/p>\n<h3>Kristalno \u010disti pogovori, tudi v gne\u010di<\/h3>\n<p>Slu\u0161alke AilyBuds E20 so opremljene z nizom \u0161estih mikrofonov, ki uporabljajo umetno inteligenco, zato popolnoma izolirajo va\u0161 glas od zvokov iz okolice. Zaradi inteligentnega algoritma, ki temelji na analizi milijonov vzorcev hrupa, lahko telefonirate popolnoma kakovostno, ne glede na to, ali ste v natrpani pisarni ali na prometni ulici. Poleg tega prilagodljivo zmanj\u0161evanje hrupa vetra zagotavlja jasno komunikacijo tudi med dejavnostmi na prostem.<\/p>\n<p>\n<img decoding=\"async\" alt=\"\" border=\"0\" src=\"https:\/\/assets.innpro.pl\/13582\/16696\/6.jpg\" title=\"\">\n<\/p>\n<h3>Zvok, prilagojen va\u0161im \u017eeljam<\/h3>\n<p>Zahvaljujo\u010d sistemu prilagodljivega zvoka slu\u0161alke samodejno analizirajo strukturo va\u0161ega u\u0161esa in na\u010din no\u0161enja, da natan\u010dno izravnajo nizke tone in zagotovijo optimalno zvo\u010dno izku\u0161njo. Vsaka podrobnost instrumentov postane jasna, globoka in realisti\u010dna, kar vas popelje naravnost v sredi\u0161\u010de va\u0161ih najljub\u0161ih skladb.<\/p>\n<p>\n<img decoding=\"async\" alt=\"\" border=\"0\" src=\"https:\/\/assets.innpro.pl\/13582\/16696\/7.jpg\" title=\"\">\n<\/p>\n<h3>Pametna aplikacija in upravljanje na dotik<\/h3>\n<p>Aplikacija QCY vam omogo\u010da popoln nadzor nad slu\u0161alkami. Izbirate lahko med 9 prednastavljenimi nastavitvami EQ (vklju\u010dno z dodatnimi basi, popom, rockom, \u010distimi vokali, klasiko), prilagodite upravljanje na dotik glede na svoje \u017eelje in izkoristite prakti\u010dne funkcije, kot sta lokalizacija slu\u0161alk in hitre posodobitve OTA. S funkcijo hitrega seznanjanja je za\u010detek delovanja hiter in intuitiven. Intuitivno upravljanje na dotik vam omogo\u010da, da z eno samo gesto upravljate predvajanje, ustavite glasbo, opravite glasovne klice, za\u017eenete glasovnega pomo\u010dnika ali aktivirate na\u010din nizke latence. To je udobje, ki si ga zaslu\u017eite vsak dan.<\/p>\n<p>\n<img decoding=\"async\" alt=\"\" border=\"0\" src=\"https:\/\/assets.innpro.pl\/13582\/16696\/1.jpg\" title=\"\">\n<\/p>\n<h3>Glasba ves dan, brez omejitev<\/h3>\n<p>Baterija z dolgo \u017eivljenjsko dobo omogo\u010da do 24 ur poslu\u0161anja glasbe brez polnjenja (z izklopljenim sistemom ANC), le 10 minut polnjenja pa zagotavlja \u0161e eno uro uporabe. Z vklopljenim sistemom ANC je \u010das delovanja do 18 ur. Uporabljena razli\u010dica Bluetooth 5.4 zagotavlja stabilno povezavo in izjemno majhno zakasnitev (0,06 sekunde), zato so slu\u0161alke odli\u010dna izbira ne le za poslu\u0161anje glasbe, temve\u010d tudi za igranje iger. Ve\u010dto\u010dkovna funkcija omogo\u010da povezavo z dvema napravama ter preklapljanje med njima, kar je \u0161e posebej uporabno med napornim delovnim dnem.<\/p>\n<p>\n<img decoding=\"async\" alt=\"\" border=\"0\" src=\"https:\/\/assets.innpro.pl\/13582\/16696\/3.jpg\" title=\"\">\n<\/p>\n<h3>Prilo\u017eene<\/h3>\n<ul class=\"list-disc pl-5\">\n<li>slu\u0161alke<\/li>\n<li>polnilno ohi\u0161je<\/li>\n<li>kabel USB-C<\/li>\n<li>uporabni\u0161ki priro\u010dnik<\/li>\n<\/ul>\n<div class=\"table-wrapper\">\n<h3><\/h3>\n<table>\n<tbody>\n<tr>\n<th>Proizvajalec<\/th>\n<td>QCY<\/td>\n<\/tr>\n<tr>\n<th>Model<\/th>\n<td>AilyBuds E20 HT13<\/td>\n<\/tr>\n<tr>\n<th>Razli\u010dica Bluetooth<\/th>\n<td>5.4<\/td>\n<\/tr>\n<tr>\n<th>Brez\u017ei\u010dni domet<\/th>\n<td>10 m<\/td>\n<\/tr>\n<tr>\n<th>Zdru\u017eljivi sistemi<\/th>\n<td>Android, iOS<\/td>\n<\/tr>\n<tr>\n<th>Vodotesnost<\/th>\n<td>IPX4<\/td>\n<\/tr>\n<tr>\n<th>Profili Bluetooth<\/th>\n<td>HFP, A2DP, AVRCP<\/td>\n<\/tr>\n<tr>\n<th>Kapaciteta baterije<\/th>\n<td>Slu\u0161alka: 27 mAh, polnilno ohi\u0161je: 380 mAh<\/td>\n<\/tr>\n<tr>\n<th>\u010cas delovanja<\/th>\n<td>4 ure z enim polnjenjem (3 ure z vklopljeno funkcijo ANC), 24 ur s polnilnim ohi\u0161jem (18 ur z vklopljeno funkcijo ANC)<\/td>\n<\/tr>\n<tr>\n<th>Dimenzije<\/th>\n<td>Slu\u0161alka 33,6 x 18,3 x 19,7 mm, polnilno ohi\u0161je: 50,4 x 57,7 x 26,2 mm, polnilna \u0161katla: 50,4 x 57,7 x 26,2 mm<\/td>\n<\/tr>\n<tr>\n<th>Color<\/th>\n<td>White<\/td>\n<\/tr>\n<\/tbody>\n<\/table>\n<\/div>","protected":false},"excerpt":{"rendered":"<p>Na zalogi pri zunanjem dobavitelju. Rok dobave 3-7 delovnih dni.<\/p>","protected":false},"featured_media":33396,"template":"","meta":{"_monsterinsights_skip_tracking":false,"_monsterinsights_sitenote_active":false,"_monsterinsights_sitenote_note":"","_monsterinsights_sitenote_category":0},"product_brand":[],"product_cat":[131,61,255],"product_tag":[],"class_list":{"0":"post-33400","1":"product","2":"type-product","3":"status-publish","4":"has-post-thumbnail","6":"product_cat-brezzicne-slusalke","7":"product_cat-dodatki","8":"product_cat-vsi","10":"first","11":"instock","12":"taxable","13":"shipping-taxable","14":"purchasable","15":"product-type-simple"},"jetpack_sharing_enabled":true,"_links":{"self":[{"href":"https:\/\/kobra.si\/en\/wp-json\/wp\/v2\/product\/33400","targetHints":{"allow":["GET"]}}],"collection":[{"href":"https:\/\/kobra.si\/en\/wp-json\/wp\/v2\/product"}],"about":[{"href":"https:\/\/kobra.si\/en\/wp-json\/wp\/v2\/types\/product"}],"version-history":[{"count":1,"href":"https:\/\/kobra.si\/en\/wp-json\/wp\/v2\/product\/33400\/revisions"}],"predecessor-version":[{"id":33674,"href":"https:\/\/kobra.si\/en\/wp-json\/wp\/v2\/product\/33400\/revisions\/33674"}],"wp:featuredmedia":[{"embeddable":true,"href":"https:\/\/kobra.si\/en\/wp-json\/wp\/v2\/media\/33396"}],"wp:attachment":[{"href":"https:\/\/kobra.si\/en\/wp-json\/wp\/v2\/media?parent=33400"}],"wp:term":[{"taxonomy":"product_brand","embeddable":true,"href":"https:\/\/kobra.si\/en\/wp-json\/wp\/v2\/product_brand?post=33400"},{"taxonomy":"product_cat","embeddable":true,"href":"https:\/\/kobra.si\/en\/wp-json\/wp\/v2\/product_cat?post=33400"},{"taxonomy":"product_tag","embeddable":true,"href":"https:\/\/kobra.si\/en\/wp-json\/wp\/v2\/product_tag?post=33400"}],"curies":[{"name":"wp","href":"https:\/\/api.w.org\/{rel}","templated":true}]}}