{"id":33395,"date":"2025-09-25T10:23:48","date_gmt":"2025-09-25T08:23:48","guid":{"rendered":"https:\/\/kobra.si\/spletna-trgovina-kobra\/tws-qcy-ailybuds-pro-ht10-slusalke-anc-crne\/"},"modified":"2026-03-26T20:58:12","modified_gmt":"2026-03-26T19:58:12","slug":"tws-qcy-ailybuds-pro-ht10-slusalke-anc-crne","status":"publish","type":"product","link":"https:\/\/kobra.si\/en\/spletna-trgovina-kobra\/tws-qcy-ailybuds-pro-ht10-slusalke-anc-crne\/","title":{"rendered":"TWS QCY AilyBuds Pro HT10 slu\u0161alke, ANC (\u010drne)"},"content":{"rendered":"<h3>TWS QCY AilyBuds Pro HT10 slu\u0161alke, ANC (\u010drne)<\/h3>\n<p>Spoznajte slu\u0161alke QCY AilyBuds Pro HT10 &#8211; slu\u0161alke, ki zdru\u017eujejo vrhunsko tehnologijo in neprimerljivo udobje. Z naprednim prilagodljivim odpravljanjem hrupa (ANC) in tehnologijo umetne inteligence, ki odpravlja hrup iz okolice, lahko u\u017eivate v kristalno \u010distem zvoku in pogovorih brez hrupa. Lahka konstrukcija in ergonomska oblika zagotavljata udobno no\u0161enje ve\u010d ur. Preverite, kaj \u0161e ponujajo!<\/p>\n<p>\n<img decoding=\"async\" border=\"0\" src=\"https:\/\/assets.innpro.pl\/8408\/9825\/6.jpg\" title=\"\">\n<\/p>\n<h3>Neprekosljiva kakovost zvoka<\/h3>\n<p>Slu\u0161alke QCY AilyBuds Pro HT10 zagotavljajo izjemno kakovost zvoka! Opremljene so s prilagodljivo zvo\u010dno tehnologijo (AI Adaptive Audio), zato ponujajo dinami\u010dne nizke tone in ohranjajo popolno ravnovesje med nizkimi in visokimi toni. Prilagodljiva kompenzacija nizkih frekvenc zagotavlja, da so tudi najni\u017eji toni reproducirani s polno globino in jasnostjo, tehnologija 5 DSP pa zagotavlja natan\u010dno obdelavo zvoka, ki se prilagaja obliki sluhovoda in na\u010dinu no\u0161enja.<\/p>\n<p>\n<img decoding=\"async\" border=\"0\" src=\"https:\/\/assets.innpro.pl\/8408\/9825\/4.jpg\" title=\"\">\n<\/p>\n<h3>Potopite se v zvoke glasbe<\/h3>\n<p>Slu\u0161alke QCY uporabljajo tehnologijo aktivnega odpravljanja hrupa (ANC), ki temelji na umetni inteligenci in pametno prilagaja ravni odpravljanja hrupa za optimalen zvok v vseh pogojih. Slu\u0161alke odpravljajo tudi te\u017eavo neenakomernega prileganja zaradi razlik v zgradbi levega in desnega u\u0161esa. To pomeni, da boste ne glede na obliko u\u0161es vedno u\u017eivali v uravnote\u017eenem zvoku brez nelagodja. Poleg tega lahko z aplikacijo QCY preprosto preverite in prilagodite prileganje slu\u0161alk za najve\u010djo u\u010dinkovitost odpravljanja hrupa.<\/p>\n<p>\n<img decoding=\"async\" border=\"0\" src=\"https:\/\/assets.innpro.pl\/8408\/9825\/3.jpg\" title=\"\">\n<\/p>\n<h3>Pogovori brez izkrivljanja<\/h3>\n<p>Slu\u0161alke QCY AilyBuds Pro HT10 imajo do 6 mikrofonov, ki jim tehnologija umetne inteligence pomaga pri odpravljanju okoli\u0161kega hrupa. Vsak mikrofon zajame va\u0161 glas z neverjetno natan\u010dnostjo, hkrati pa zmanj\u0161a ne\u017eeleni hrup iz ozadja. Tako lahko telefonirate s kristalno \u010distostjo tudi v hrupnih okoljih.<\/p>\n<p>\n<img decoding=\"async\" border=\"0\" src=\"https:\/\/assets.innpro.pl\/8408\/9825\/1.jpg\" title=\"\">\n<\/p>\n<h3>Zmogljiva baterija za dolge ure poslu\u0161anja<\/h3>\n<p>Slu\u0161alke QCY AilyBuds Pro HT10 so narejene tako, da vas spremljajo ves dan. Z zmogljivo baterijo lahko z enim polnjenjem predvajate glasbo do 5,5 ure z izklopljenim na\u010dinom ANC in do 4 ure z ANC. To pa \u0161e ni vse &#8211; s polnilnim ohi\u0161jem lahko \u010das delovanja podalj\u0161ate do 30 ur brez ANC ali do 23 ur z vklopljenim ANC. Zato so slu\u0161alke QCY AilyBuds Pro HT10 idealna izbira za dolga potovanja ali naporne delovne dni.<\/p>\n<p>\n<img decoding=\"async\" border=\"0\" src=\"https:\/\/assets.innpro.pl\/8408\/9825\/9.jpg\" title=\"\">\n<\/p>\n<h3>Tehnologija Bluetooth 5.3<\/h3>\n<p>Bluetooth 5.3 zagotavlja stabilne in hitre brez\u017ei\u010dne povezave, zato lahko u\u017eivate v neprekinjenem zvoku brez skrbi zaradi motenj signala. QCY AilyBuds Pro HT10 je zaradi nizke zakasnitve 80 ms idealna izbira za igralce iger in tiste, ki gledajo videoposnetke na mobilnih napravah, saj zagotavlja sinhronizacijo zvoka in videa. Poleg tega slu\u0161alke omogo\u010dajo povezavo z dvema napravama hkrati, tako da lahko nemoteno preklapljate med telefonom in prenosnim ra\u010dunalnikom, ne da bi jih morali ro\u010dno odklopiti in znova povezati.<\/p>\n<p>\n<img decoding=\"async\" border=\"0\" src=\"https:\/\/assets.innpro.pl\/8408\/9825\/8.jpg\" title=\"\">\n<\/p>\n<h3>Izjemno udobje<\/h3>\n<p>Slu\u0161alke QCY AilyBuds Pro HT10 zagotavljajo neprimerljivo udobje. Vsaka u\u0161esna slu\u0161alka tehta le 4 g, zato so med no\u0161enjem skoraj neopazne. Slu\u0161alke so zasnovane za dolgotrajno uporabo in imajo ergonomsko obliko, prilagojeno pod kotom 50\u00b0, ki popolnoma sledi naravni ukrivljenosti u\u0161esa. Zato zagotavljajo stabilno in udobno prileganje ter odpravljajo nelagodje tudi med ve\u010durnim poslu\u0161anjem. u.<\/p>\n<p>\n<img decoding=\"async\" border=\"0\" src=\"https:\/\/assets.innpro.pl\/8408\/9825\/5.jpg\" title=\"\">\n<\/p>\n<h3>Priro\u010dno upravljanje na dotik<\/h3>\n<p>Zdaj imate vse funkcije na dosegu roke! V slu\u0161alke QCY AilyBuds Pro HT10 so vgrajene intuitivne plo\u0161\u010de na dotik, ki omogo\u010dajo hiter dostop do najpomembnej\u0161ih funkcij. Z njimi lahko ustavite in nadaljujete predvajanje, spreminjate glasbene skladbe, upravljate klice ali aktivirate glasovnega pomo\u010dnika. Vse, kar morate storiti, je, da za trenutek pridr\u017eite eno od slu\u0161alk!<\/p>\n<p>\n<img decoding=\"async\" border=\"0\" src=\"https:\/\/assets.innpro.pl\/8408\/9825\/7.jpg\" title=\"\">\n<\/p>\n<h3>Ve\u010d z aplikacijo QCY<\/h3>\n<p>\u017delite dodatne zmogljivosti? Prenesite namensko aplikacijo QCY! Z njo boste imeli dostop do \u0161e ve\u010d funkcij. Aplikacija vam bo omogo\u010dila prilagajanje zvoka z izena\u010devalnikom, iskanje slu\u0161alk in izbiro na\u010dinov ANC. Poleg tega vam aplikacija omogo\u010da posodabljanje programske opreme slu\u0161alk, tako da boste vedno imeli dostop do najnovej\u0161ih funkcij in izbolj\u0161av.<\/p>\n<p>\n<img decoding=\"async\" border=\"0\" src=\"https:\/\/assets.innpro.pl\/8408\/9825\/2.jpg\" title=\"\">\n<\/p>\n<h3>Vklju\u010deno:<\/h3>\n<ul class=\"list-disc pl-5\">\n<li>Slu\u0161alke<\/li>\n<li>Polnilno ohi\u0161je<\/li>\n<li>Polnilni kabel USB-C z USB-A<\/li>\n<li>Uporabni\u0161ki priro\u010dnik<\/li>\n<\/ul>\n<div class=\"table-wrapper\">\n<h3><\/h3>\n<table>\n<tbody>\n<tr>\n<th>Proizvajalec<\/th>\n<td>QCY<\/td>\n<\/tr>\n<tr>\n<th>Model<\/th>\n<td>AilyBuds Pro HT10<\/td>\n<\/tr>\n<tr>\n<th>Color<\/th>\n<td>\u010crna<\/td>\n<\/tr>\n<tr>\n<th>Protokoli Bluetooth<\/th>\n<td>HFP \/ A2DP \/ AVRCP<\/td>\n<\/tr>\n<tr>\n<th>Razli\u010dica Bluetooth<\/th>\n<td>5.3<\/td>\n<\/tr>\n<tr>\n<th>Doseg<\/th>\n<td>Do 10 metrov<\/td>\n<\/tr>\n<tr>\n<th>\u010cas delovanja z enim polnjenjem<\/th>\n<td>Do 4 ure (vklopljen na\u010din ANC); do 5,5 ure (izklopljen na\u010din ANC)<\/td>\n<\/tr>\n<tr>\n<th>Skupni \u010das delovanja s polnilnim ohi\u0161jem<\/th>\n<td>Do 23 ur (vklopljen na\u010din ANC); do 30 ur (izklopljen na\u010din ANC)<\/td>\n<\/tr>\n<tr>\n<th>Kapaciteta baterije slu\u0161alk<\/th>\n<td>27 mAh<\/td>\n<\/tr>\n<tr>\n<th>Kapaciteta baterije polnilnega ohi\u0161ja<\/th>\n<td>350 mAh<\/td>\n<\/tr>\n<tr>\n<th>Polnilna vrata<\/th>\n<td>USB-C<\/td>\n<\/tr>\n<tr>\n<th>Mikrofoni<\/th>\n<td>Da, 6<\/td>\n<\/tr>\n<tr>\n<th>Vodoodpornost<\/th>\n<td>IPX5<\/td>\n<\/tr>\n<tr>\n<th>Aplikacija<\/th>\n<td>QCY<\/td>\n<\/tr>\n<tr>\n<th>Zdru\u017eljivi operacijski sistemi<\/th>\n<td>iOS \/ Android<\/td>\n<\/tr>\n<tr>\n<th>Dimenzije slu\u0161alk<\/th>\n<td>19,9 x 18,4 x 33,7 mm<\/td>\n<\/tr>\n<tr>\n<th>Te\u017ea ene slu\u0161alke<\/th>\n<td>Pribli\u017eno 4 g<\/td>\n<\/tr>\n<tr>\n<th>Dimenzije polnilnega ohi\u0161ja<\/th>\n<td>51 x 51 x 28,2 mm<\/td>\n<\/tr>\n<\/tbody>\n<\/table>\n<\/div>","protected":false},"excerpt":{"rendered":"<p>Na zalogi pri zunanjem dobavitelju. Rok dobave 3-7 delovnih dni.<\/p>","protected":false},"featured_media":33388,"template":"","meta":{"_monsterinsights_skip_tracking":false,"_monsterinsights_sitenote_active":false,"_monsterinsights_sitenote_note":"","_monsterinsights_sitenote_category":0},"product_brand":[],"product_cat":[131,61,255],"product_tag":[],"class_list":{"0":"post-33395","1":"product","2":"type-product","3":"status-publish","4":"has-post-thumbnail","6":"product_cat-brezzicne-slusalke","7":"product_cat-dodatki","8":"product_cat-vsi","10":"first","11":"outofstock","12":"taxable","13":"shipping-taxable","14":"purchasable","15":"product-type-simple"},"jetpack_sharing_enabled":true,"_links":{"self":[{"href":"https:\/\/kobra.si\/en\/wp-json\/wp\/v2\/product\/33395","targetHints":{"allow":["GET"]}}],"collection":[{"href":"https:\/\/kobra.si\/en\/wp-json\/wp\/v2\/product"}],"about":[{"href":"https:\/\/kobra.si\/en\/wp-json\/wp\/v2\/types\/product"}],"version-history":[{"count":1,"href":"https:\/\/kobra.si\/en\/wp-json\/wp\/v2\/product\/33395\/revisions"}],"predecessor-version":[{"id":33675,"href":"https:\/\/kobra.si\/en\/wp-json\/wp\/v2\/product\/33395\/revisions\/33675"}],"wp:featuredmedia":[{"embeddable":true,"href":"https:\/\/kobra.si\/en\/wp-json\/wp\/v2\/media\/33388"}],"wp:attachment":[{"href":"https:\/\/kobra.si\/en\/wp-json\/wp\/v2\/media?parent=33395"}],"wp:term":[{"taxonomy":"product_brand","embeddable":true,"href":"https:\/\/kobra.si\/en\/wp-json\/wp\/v2\/product_brand?post=33395"},{"taxonomy":"product_cat","embeddable":true,"href":"https:\/\/kobra.si\/en\/wp-json\/wp\/v2\/product_cat?post=33395"},{"taxonomy":"product_tag","embeddable":true,"href":"https:\/\/kobra.si\/en\/wp-json\/wp\/v2\/product_tag?post=33395"}],"curies":[{"name":"wp","href":"https:\/\/api.w.org\/{rel}","templated":true}]}}