{"id":33385,"date":"2025-09-25T10:23:04","date_gmt":"2025-09-25T08:23:04","guid":{"rendered":"https:\/\/kobra.si\/spletna-trgovina-kobra\/slusalke-true-wireless-joyroom-jr-bb1-crne\/"},"modified":"2026-02-02T20:53:09","modified_gmt":"2026-02-02T19:53:09","slug":"slusalke-true-wireless-joyroom-jr-bb1-crne","status":"publish","type":"product","link":"https:\/\/kobra.si\/en\/spletna-trgovina-kobra\/slusalke-true-wireless-joyroom-jr-bb1-crne\/","title":{"rendered":"Slu\u0161alke True Wireless Joyroom JR-BB1 (\u010drne)"},"content":{"rendered":"<h3>Joyroom JR-BB1 Brez\u017ei\u010dne slu\u0161alke (\u010drne)<\/h3>\n<p>Slu\u0161alke omogo\u010dajo u\u017eivanje v zvoku, bogatem s podrobnostmi, zahvaljujo\u010d dinami\u010dnim gonilnikom in kompozitnim membranam. Poleg tega delujejo do 35 h (vklju\u010dno s polnilno torbico), za polnjenje pa potrebujejo pribli\u017eno 1,5 h. Bluetooth razli\u010dice 5.3 pa zagotavlja hitro in stabilno povezavo z zdru\u017eljivo napravo. Poleg tega so slu\u0161alke lahke, udobne in vam ne bodo padle iz u\u0161es. <\/p>\n<p><img decoding=\"async\" src=\"https:\/\/b2b.innpro.pl\/data\/include\/cms\/Joyroom\/JR-BB1-Black\/6.jpg\" alt=\"Joyroom\/JR-BB1-Black\/6\" title=\"\"><\/p>\n<h3>Zvok z bogatimi basi<\/h3>\n<p>S slu\u0161alkami Joyroom JR-BB1 poslu\u0161ajte svoje najljub\u0161e skladbe v \u0161e bolj\u0161i kakovosti. V slu\u0161alkah so uporabljeni 10 mm dinami\u010dni gonilniki in kompozitne membrane iz PU. To se odra\u017ea v bogatem podrobnem zvoku, polnem nizkih tonov. <\/p>\n<p><img decoding=\"async\" src=\"https:\/\/b2b.innpro.pl\/data\/include\/cms\/Joyroom\/JR-BB1-Black\/1.jpg\" alt=\"Joyroom\/JR-BB1-Black\/1\" title=\"\"><\/p>\n<h3>Do 35 ur delovanja in hitro polnjenje<\/h3>\n<p>Poslu\u0161ajte glasbo skoraj brez omejitev. Slu\u0161alke so opremljene s 35 mAh akumulatorskimi baterijami, ki omogo\u010dajo pribli\u017eno 7 h predvajanja. Po drugi strani pa s polnilnim ohi\u0161jem JR-BB1 delujejo do 35 h. Poleg tega 10 min polnjenja omogo\u010da eno uro predvajanja. Za popolno obnovitev energije slu\u0161alk potrebujete pribli\u017eno 1,5 h.  <\/p>\n<p><img decoding=\"async\" src=\"https:\/\/b2b.innpro.pl\/data\/include\/cms\/Joyroom\/JR-BB1-Black\/2.jpg\" alt=\"Joyroom\/JR-BB1-Black\/2\" title=\"\"><\/p>\n<h3>Hitra povezava in majhna zakasnitev<\/h3>\n<p>Slu\u0161alke podpirajo razli\u010dico Bluetooth 5.3, kar pomeni hitro in stabilno povezavo. Poleg tega \u010dip Jieli AD6973D vpliva na manj\u0161o porabo energije. Poleg tega vam nizka zakasnitev (65 ms) omogo\u010da, da se \u0161e bolj potopite v igro. Bolj\u0161a sinhronizacija zvoka in videa se bo dobro obnesla tudi pri gledanju filmov.<\/p>\n<p><img decoding=\"async\" src=\"https:\/\/b2b.innpro.pl\/data\/include\/cms\/Joyroom\/JR-BB1-Black\/3.jpg\" alt=\"Joyroom\/JR-BB1-Black\/3\" title=\"\"><\/p>\n<div class=\"table-wrapper\">\n<table>\n<tbody>\n<tr>\n<th>Proizvajalec<\/th>\n<td>Joyroom<\/td>\n<\/tr>\n<tr>\n<th>Model<\/th>\n<td>JR-BB1<\/td>\n<\/tr>\n<tr>\n<th>Vrsta<\/th>\n<td>v u\u0161esih<\/td>\n<\/tr>\n<tr>\n<th>Color<\/th>\n<td>\u010drna<\/td>\n<\/tr>\n<tr>\n<th>Razli\u010dica BT<\/th>\n<td>V5.3<\/td>\n<\/tr>\n<tr>\n<th>\u010cip<\/th>\n<td>Jieli AD6973D<\/td>\n<\/tr>\n<tr>\n<th>Zvo\u010dni kodeki<\/th>\n<td>AAC, SBC<\/td>\n<\/tr>\n<tr>\n<th>Podprti protokoli<\/th>\n<td>HSP, HFP, A2DP, AVRCP<\/td>\n<\/tr>\n<tr>\n<th>Delovna frekvenca<\/th>\n<td>2402-2480 MHz<\/td>\n<\/tr>\n<tr>\n<th>Kapaciteta baterije<\/th>\n<td>35 mAh (slu\u0161alke), 450 mAh (polnilno ohi\u0161je)<\/td>\n<\/tr>\n<tr>\n<th>Impedanca <\/th>\n<td>32\u03a9<\/td>\n<\/tr>\n<tr>\n<th>Nazivna mo\u010d<\/th>\n<td>2x 3 mW<\/td>\n<\/tr>\n<tr>\n<th>Premer pretvornika<\/th>\n<td>10 mm (kompozitna membrana HiFi)<\/td>\n<\/tr>\n<tr>\n<th>\u010cas predvajanja glasbe<\/th>\n<td>pribli\u017eno 7 ur (70-odstotna glasnost)<\/td>\n<\/tr>\n<tr>\n<th>\u010cas pogovora<\/th>\n<td>pribli\u017eno 5 ur (70-odstotna glasnost)<\/td>\n<\/tr>\n<tr>\n<th>\u010cas delovanja s polnilnim ohi\u0161jem<\/th>\n<td>pribli\u017eno 35 ur (70 % glasnosti)<\/td>\n<\/tr>\n<tr>\n<th>\u010cas delovanja v na\u010dinu pripravljenosti<\/th>\n<td>pribli\u017eno 48 ur<\/td>\n<\/tr>\n<tr>\n<th>Polnilna napetost slu\u0161alk<\/th>\n<td>5V\u239330mA<\/td>\n<\/tr>\n<tr>\n<th>Polnilna napetost ohi\u0161ja<\/th>\n<td>5V\u2393300mA<\/td>\n<\/tr>\n<tr>\n<th>Polnilna vrata<\/th>\n<td>USB-C<\/td>\n<\/tr>\n<tr>\n<th>\u010cas polnjenja<\/th>\n<td>pribli\u017eno 1,5 h (slu\u0161alke\/etui)<\/td>\n<\/tr>\n<tr>\n<th>Vodoodpornost<\/th>\n<td>IPX4<\/td>\n<\/tr>\n<tr>\n<th>Material<\/th>\n<td>ABS PC<\/td>\n<\/tr>\n<tr>\n<th>Te\u017ea slu\u0161alk<\/th>\n<td>3.5 g<\/td>\n<\/tr>\n<tr>\n<th>Te\u017ea kompleta<\/th>\n<td>38 g<\/td>\n<\/tr>\n<\/tbody>\n<\/table>\n<\/div>","protected":false},"excerpt":{"rendered":"<p>Na zalogi pri zunanjem dobavitelju. Rok dobave 3-7 delovnih dni.<\/p>","protected":false},"featured_media":33384,"template":"","meta":{"_monsterinsights_skip_tracking":false,"_monsterinsights_sitenote_active":false,"_monsterinsights_sitenote_note":"","_monsterinsights_sitenote_category":0},"product_brand":[],"product_cat":[131,61,255],"product_tag":[],"class_list":{"0":"post-33385","1":"product","2":"type-product","3":"status-publish","4":"has-post-thumbnail","6":"product_cat-brezzicne-slusalke","7":"product_cat-dodatki","8":"product_cat-vsi","10":"first","11":"outofstock","12":"taxable","13":"shipping-taxable","14":"purchasable","15":"product-type-simple"},"jetpack_sharing_enabled":true,"_links":{"self":[{"href":"https:\/\/kobra.si\/en\/wp-json\/wp\/v2\/product\/33385","targetHints":{"allow":["GET"]}}],"collection":[{"href":"https:\/\/kobra.si\/en\/wp-json\/wp\/v2\/product"}],"about":[{"href":"https:\/\/kobra.si\/en\/wp-json\/wp\/v2\/types\/product"}],"version-history":[{"count":1,"href":"https:\/\/kobra.si\/en\/wp-json\/wp\/v2\/product\/33385\/revisions"}],"predecessor-version":[{"id":33677,"href":"https:\/\/kobra.si\/en\/wp-json\/wp\/v2\/product\/33385\/revisions\/33677"}],"wp:featuredmedia":[{"embeddable":true,"href":"https:\/\/kobra.si\/en\/wp-json\/wp\/v2\/media\/33384"}],"wp:attachment":[{"href":"https:\/\/kobra.si\/en\/wp-json\/wp\/v2\/media?parent=33385"}],"wp:term":[{"taxonomy":"product_brand","embeddable":true,"href":"https:\/\/kobra.si\/en\/wp-json\/wp\/v2\/product_brand?post=33385"},{"taxonomy":"product_cat","embeddable":true,"href":"https:\/\/kobra.si\/en\/wp-json\/wp\/v2\/product_cat?post=33385"},{"taxonomy":"product_tag","embeddable":true,"href":"https:\/\/kobra.si\/en\/wp-json\/wp\/v2\/product_tag?post=33385"}],"curies":[{"name":"wp","href":"https:\/\/api.w.org\/{rel}","templated":true}]}}