{"id":33282,"date":"2025-08-22T15:35:14","date_gmt":"2025-08-22T13:35:14","guid":{"rendered":"https:\/\/kobra.si\/spletna-trgovina-kobra\/pametno-scensko-stensko-stikalo-wifi-sonoff-m5-2c-2-kanalno\/"},"modified":"2026-04-20T20:57:38","modified_gmt":"2026-04-20T18:57:38","slug":"pametno-scensko-stensko-stikalo-wifi-sonoff-m5-2c-2-kanalno","status":"publish","type":"product","link":"https:\/\/kobra.si\/en\/spletna-trgovina-kobra\/pametno-scensko-stensko-stikalo-wifi-sonoff-m5-2c-2-kanalno\/","title":{"rendered":"Pametno scensko stensko stikalo WiFi Sonoff M5 2C (2-kanalno)"},"content":{"rendered":"<h3>Pametno stensko stikalo Sonoff M5 2C (2-kanalno)<\/h3>\n<p>U\u017eivajte v priro\u010dnem nadzoru nad razsvetljavo v svojem domu. S pametnim stikalom Sonoff M5 2C boste lahko upravljali lu\u010di z aplikacijo eWeLink. Prav tako lahko ustvarite urnike dela in pametne prizore. Hkrati je stikalo zelo enostavno za namestitev, izdelano pa je iz trpe\u017ene, ognjevarne PC-plastike.<\/p>\n<p>\n<img decoding=\"async\" border=\"0\" src=\"https:\/\/assets.innpro.pl\/6545\/7640\/2 \u2014 kopia.jpg\" title=\"\">\n<\/p>\n<h3>Preizkusite aplikacijo eWeLink<\/h3>\n<p>Z aplikacijo eWeLink lahko preprosto upravljate razsvetljavo v svojem domu od koder koli. Niste prepri\u010dani, ali ste ugasnili lu\u010di, preden ste od\u0161li v slu\u017ebo? Zdaj lahko to storite s pametnim telefonom!<\/p>\n<p>\n<img decoding=\"async\" border=\"0\" src=\"https:\/\/assets.innpro.pl\/6545\/7640\/1 \u2014 kopia.jpg\" title=\"\">\n<\/p>\n<h3>Priro\u010dno upravljanje<\/h3>\n<p>Naprava M5 2C se dobro obnese tudi kot preprosto stikalo za lu\u010d. Opremljen je z dvema fizi\u010dnima gumboma, ki ju odlikujeta visoka odzivnost in zanesljivo delovanje. Njegova dodatna prednost je osvetlitev LED, katere svetlost lahko prilagodite prek aplikacije &#8211; tako ga boste po temi zlahka na\u0161li.<\/p>\n<p>\n<img decoding=\"async\" border=\"0\" src=\"https:\/\/assets.innpro.pl\/6545\/7640\/5 \u2014 kopia.jpg\" title=\"\">\n<\/p>\n<h3>Varna uporaba<\/h3>\n<p>Stikalo je izdelano iz trpe\u017ene, a proti ognju odporne plastike PC V0. Zaradi tega je odporno proti po\u0161kodbam in visokim temperaturam &#8211; dobro se bo obneslo v skoraj vseh razmerah. Tudi njegova namestitev, konfiguracija in morebitna demonta\u017ea vam ne bodo povzro\u010dali te\u017eav in vam ne bodo vzeli preve\u010d \u010dasa.<\/p>\n<p>\n<img decoding=\"async\" border=\"0\" src=\"https:\/\/assets.innpro.pl\/6545\/7640\/6 \u2014 kopia.jpg\" title=\"\">\n<\/p>\n<h3>Glasovno upravljanje<\/h3>\n<p>Imate zaposlene roke ali se ne \u017eelite premakniti z udobnega mesta, pa morate pri\u017egati ali ugasniti lu\u010d? Ni te\u017eav &#8211; stikalo je zdru\u017eljivo z glasovnimi pomo\u010dniki, kot so na primer Siri, Alexa in Google Assistant. Tako lahko z nekaj besedami prilagodite osvetlitev svojim potrebam!<\/p>\n<p>\n<img decoding=\"async\" border=\"0\" src=\"https:\/\/assets.innpro.pl\/6545\/7640\/4 \u2014 kopia.jpg\" title=\"\">\n<\/p>\n<h3>\u0160e ve\u010d mo\u017enosti<\/h3>\n<p>Stikalo M5 2C omogo\u010da tudi ustvarjanje pametnih scen. Tako ga lahko na primer kombinirate z lo\u010deno razpolo\u017eljivimi senzorji, da se svetloba samodejno vklopi, ko vstanete iz postelje ali vstopite v sobo. Zanimiva mo\u017enost so tudi delovni urniki. Nastavite lu\u010di tako, da se zjutraj spontano vklopijo, ko zazvoni budilka, in nato izklopijo, ko greste na delo! Izdelek lahko pove\u017eete tudi s panelom NSPanel (ni prilo\u017een) ali izkoristite mo\u017enost upravljanja ene lu\u010di z dvema stikaloma (z uporabo stikala Sonoff R5, ki je na voljo posebej).<\/p>\n<p>\n<img decoding=\"async\" border=\"0\" src=\"https:\/\/assets.innpro.pl\/6545\/7640\/7 \u2014 kopia.jpg\" title=\"\">\n<\/p>\n<h3>Vklju\u010deno<\/h3>\n<ul class=\"list-disc pl-5\">\n<li>Stikalo<\/li>\n<li>Vijak x2<\/li>\n<li>Navodila za uporabo<\/li>\n<\/ul>\n<div class=\"table-wrapper\">\n<h3><\/h3>\n<table>\n<tbody>\n<tr>\n<th>Proizvajalec<\/th>\n<td>Sonoff<\/td>\n<\/tr>\n<tr>\n<th>Model<\/th>\n<td>M5 2C<\/td>\n<\/tr>\n<tr>\n<th>Color<\/th>\n<td>Siva<\/td>\n<\/tr>\n<tr>\n<th>\u0160tevilo kanalov<\/th>\n<td>2<\/td>\n<\/tr>\n<tr>\n<th>Material<\/th>\n<td>PC V0<\/td>\n<\/tr>\n<tr>\n<th>Working temperature<\/th>\n<td>Od -10 \u00b0C do 40 \u00b0C<\/td>\n<\/tr>\n<tr>\n<th>Wi-Fi<\/th>\n<td>IEEE 802.11 b\/g\/n 2,4 GHz<\/td>\n<\/tr>\n<tr>\n<th>Napetost<\/th>\n<td>100-240 V AC 50\/60 Hz<\/td>\n<\/tr>\n<tr>\n<th>MCU<\/th>\n<td>ESP32<\/td>\n<\/tr>\n<tr>\n<th>Izhodni tok<\/th>\n<td>10 A (5 A na kanal)<\/td>\n<\/tr>\n<tr>\n<th>Najve\u010dja mo\u010d<\/th>\n<td>2200 W (1100 W na kanal)<\/td>\n<\/tr>\n<tr>\n<th>Dimenzije<\/th>\n<td>86 x 86 x 41,5 mm<\/td>\n<\/tr>\n<tr>\n<th>Operacijski sistem za aplikacije<\/th>\n<td>Android\/ iOS<\/td>\n<\/tr>\n<\/tbody>\n<\/table>\n<\/div>","protected":false},"excerpt":{"rendered":"<p>Na zalogi pri zunanjem dobavitelju. Rok dobave 3-7 delovnih dni.<\/p>","protected":false},"featured_media":33276,"template":"","meta":{"_monsterinsights_skip_tracking":false,"_monsterinsights_sitenote_active":false,"_monsterinsights_sitenote_note":"","_monsterinsights_sitenote_category":0},"product_brand":[],"product_cat":[291,101,297,255],"product_tag":[],"class_list":{"0":"post-33282","1":"product","2":"type-product","3":"status-publish","4":"has-post-thumbnail","6":"product_cat-pametne-instalacije","7":"product_cat-pametni-dom","8":"product_cat-sonoff","9":"product_cat-vsi","11":"first","12":"instock","13":"taxable","14":"shipping-taxable","15":"purchasable","16":"product-type-simple"},"jetpack_sharing_enabled":true,"_links":{"self":[{"href":"https:\/\/kobra.si\/en\/wp-json\/wp\/v2\/product\/33282","targetHints":{"allow":["GET"]}}],"collection":[{"href":"https:\/\/kobra.si\/en\/wp-json\/wp\/v2\/product"}],"about":[{"href":"https:\/\/kobra.si\/en\/wp-json\/wp\/v2\/types\/product"}],"version-history":[{"count":1,"href":"https:\/\/kobra.si\/en\/wp-json\/wp\/v2\/product\/33282\/revisions"}],"predecessor-version":[{"id":33689,"href":"https:\/\/kobra.si\/en\/wp-json\/wp\/v2\/product\/33282\/revisions\/33689"}],"wp:featuredmedia":[{"embeddable":true,"href":"https:\/\/kobra.si\/en\/wp-json\/wp\/v2\/media\/33276"}],"wp:attachment":[{"href":"https:\/\/kobra.si\/en\/wp-json\/wp\/v2\/media?parent=33282"}],"wp:term":[{"taxonomy":"product_brand","embeddable":true,"href":"https:\/\/kobra.si\/en\/wp-json\/wp\/v2\/product_brand?post=33282"},{"taxonomy":"product_cat","embeddable":true,"href":"https:\/\/kobra.si\/en\/wp-json\/wp\/v2\/product_cat?post=33282"},{"taxonomy":"product_tag","embeddable":true,"href":"https:\/\/kobra.si\/en\/wp-json\/wp\/v2\/product_tag?post=33282"}],"curies":[{"name":"wp","href":"https:\/\/api.w.org\/{rel}","templated":true}]}}