{"id":33261,"date":"2025-08-22T15:34:33","date_gmt":"2025-08-22T13:34:33","guid":{"rendered":"https:\/\/kobra.si\/spletna-trgovina-kobra\/pametno-stensko-stikalo-na-dotik-wifi-sonoff-tx-t5-3c-3-kanalno\/"},"modified":"2026-04-14T20:57:43","modified_gmt":"2026-04-14T18:57:43","slug":"pametno-stensko-stikalo-na-dotik-wifi-sonoff-tx-t5-3c-3-kanalno","status":"publish","type":"product","link":"https:\/\/kobra.si\/en\/spletna-trgovina-kobra\/pametno-stensko-stikalo-na-dotik-wifi-sonoff-tx-t5-3c-3-kanalno\/","title":{"rendered":"Pametno stensko stikalo na dotik WiFi Sonoff TX T5 3C (3-kanalno)"},"content":{"rendered":"<h3>Sonoff TX T5 3C (3-kanalno) pametno stensko stikalo Wi-Fi na dotik.<\/h3>\n<p>Ustvarite pametni dom s podjetjem Sonoff. TX T5 3C je 3-kanalno stensko stikalo, s katerim lahko udobno upravljate razsvetljavo. Upravljate ga lahko tudi na daljavo z glasovnimi ukazi ali aplikacijo eWeLink. Poleg tega izdelek ponuja funkcijo \u010dasovnika in barvno osvetlitev LED, ki jo lahko prilagodite. Videz stikala lahko prilagodite tudi z barvnimi plo\u0161\u010dami (niso prilo\u017eene).<\/p>\n<p>\n<img decoding=\"async\" border=\"0\" src=\"https:\/\/assets.innpro.pl\/6531\/7625\/3.jpg\" title=\"\">\n<\/p>\n<h3>Glasovno upravljanje<\/h3>\n<p>\u017delite ugasniti lu\u010di v dnevni sobi, ne da bi morali vstati s kav\u010da? S stikalom Sonoff TX T5 3C to ni te\u017eava. Stensko stikalo deluje s pomo\u010dniki, kot so Amazon Alexa, Google Home in Alice. Vse, kar potrebujete, je preprost glasovni ukaz &#8211; ni se vam ve\u010d treba odtrgati od najljub\u0161e oddaje.<\/p>\n<p>\n<img decoding=\"async\" border=\"0\" src=\"https:\/\/assets.innpro.pl\/6531\/7625\/1.jpg\" title=\"\">\n<\/p>\n<h3>Dvosmerno upravljanje razsvetljave<\/h3>\n<p>Stikalo se lahko uporablja kot prehod eWeLink. Tako lahko ustvarite pametne prizore, s katerimi tako stikalo TX T5 3C kot tudi stikalo R5 ali S-MATE (ni prilo\u017eeno) nadzorujeta delovanje ene same svetilke. U\u017eivajte v mo\u017enostih, ki jih ponuja Sonoff, brez nepotrebnega o\u017ei\u010denja.<\/p>\n<p>\n<img decoding=\"async\" border=\"0\" src=\"https:\/\/assets.innpro.pl\/6531\/7625\/2.jpg\" title=\"\">\n<\/p>\n<h3>Dodatne zmogljivosti<\/h3>\n<p>Stikalo ima vgrajen \u010dasovnik, s katerim boste lahko prilagodili \u010das, ob katerem se bo svetilka samodejno ugasnila, okoli stikala pa se bo aktivirala barvna osvetlitev. To vam omogo\u010da, da napravo po temi zlahka najdete. Poleg tega je mogo\u010de omogo\u010diti pametne prizore.<\/p>\n<p>\n<img decoding=\"async\" border=\"0\" src=\"https:\/\/assets.innpro.pl\/6531\/7625\/5.jpg\" title=\"\">\n<\/p>\n<h3>Plo\u0161\u010da na dotik in barvna osvetlitev<\/h3>\n<p>Naprava TX T5 3C je opremljena s tremi gumbi, zato lahko na primer priro\u010dno vklopite lu\u010d. Naprava bo ukaz sporo\u010dila s piskom in ne\u017enim vibriranjem. Poleg tega ponuja 8 vrst barvne osvetlitve &#8211; med drugim so na voljo na\u010dini Party, Night Light in Color. Izberite pravo za vas!<\/p>\n<p>\n<img decoding=\"async\" border=\"0\" src=\"https:\/\/assets.innpro.pl\/6531\/7625\/4.jpg\" title=\"\">\n<\/p>\n<h3>Vklju\u010deno<\/h3>\n<ul class=\"list-disc pl-5\">\n<li>Stikalo<\/li>\n<li>Vijaki x2<\/li>\n<li>Uporabni\u0161ki priro\u010dnik<\/li>\n<\/ul>\n<div class=\"table-wrapper\">\n<h3><\/h3>\n<table>\n<tbody>\n<tr>\n<th>Proizvajalec<\/th>\n<td>Sonoff<\/td>\n<\/tr>\n<tr>\n<th>Model<\/th>\n<td>TX T5 3C<\/td>\n<\/tr>\n<tr>\n<th>\u0160tevilo kanalov<\/th>\n<td>3<\/td>\n<\/tr>\n<tr>\n<th>Vhodna napetost<\/th>\n<td>100-240 V ~ 50\/60 Hz max. 15 A<\/td>\n<\/tr>\n<tr>\n<th>Izhodna napetost<\/th>\n<td>100-240 V ~ 50\/60 Hz max. 5 A na kanal, skupaj 15 A<\/td>\n<\/tr>\n<tr>\n<th>Power supply<\/th>\n<td>Najve\u010d 1200 W (240 V) na kanal, skupaj 3600 W<\/td>\n<\/tr>\n<tr>\n<th>Obremenitev LED<\/th>\n<td>150 W max (240 V) na kanal \/ 75 W max (100 V) na kanal<\/td>\n<\/tr>\n<tr>\n<th>Wi-Fi<\/th>\n<td>IEEE 802.11 b\/g\/n 2,4 GHz<\/td>\n<\/tr>\n<tr>\n<th>Color<\/th>\n<td>White<\/td>\n<\/tr>\n<tr>\n<th>Material<\/th>\n<td>PC, CRS<\/td>\n<\/tr>\n<tr>\n<th>Dimenzije<\/th>\n<td>86 x 86 x 39 mm<\/td>\n<\/tr>\n<tr>\n<th>Weight<\/th>\n<td>174 g<\/td>\n<\/tr>\n<tr>\n<th>Operacijski sistemi<\/th>\n<td>iOS, Android<\/td>\n<\/tr>\n<tr>\n<th>Bluetooth<\/th>\n<td>4.2<\/td>\n<\/tr>\n<tr>\n<th>Aplikacija<\/th>\n<td>eWeLink<\/td>\n<\/tr>\n<tr>\n<th>Sterowanie g\u0142osowe<\/th>\n<td>Amazon Alexa, Google Home, Alice<\/td>\n<\/tr>\n<\/tbody>\n<\/table>\n<\/div>","protected":false},"excerpt":{"rendered":"<p>Na zalogi pri zunanjem dobavitelju. Rok dobave 3-7 delovnih dni.<\/p>","protected":false},"featured_media":33254,"template":"","meta":{"_monsterinsights_skip_tracking":false,"_monsterinsights_sitenote_active":false,"_monsterinsights_sitenote_note":"","_monsterinsights_sitenote_category":0},"product_brand":[],"product_cat":[291,101,297,255],"product_tag":[],"class_list":{"0":"post-33261","1":"product","2":"type-product","3":"status-publish","4":"has-post-thumbnail","6":"product_cat-pametne-instalacije","7":"product_cat-pametni-dom","8":"product_cat-sonoff","9":"product_cat-vsi","11":"first","12":"instock","13":"taxable","14":"shipping-taxable","15":"purchasable","16":"product-type-simple"},"jetpack_sharing_enabled":true,"_links":{"self":[{"href":"https:\/\/kobra.si\/en\/wp-json\/wp\/v2\/product\/33261","targetHints":{"allow":["GET"]}}],"collection":[{"href":"https:\/\/kobra.si\/en\/wp-json\/wp\/v2\/product"}],"about":[{"href":"https:\/\/kobra.si\/en\/wp-json\/wp\/v2\/types\/product"}],"version-history":[{"count":1,"href":"https:\/\/kobra.si\/en\/wp-json\/wp\/v2\/product\/33261\/revisions"}],"predecessor-version":[{"id":33692,"href":"https:\/\/kobra.si\/en\/wp-json\/wp\/v2\/product\/33261\/revisions\/33692"}],"wp:featuredmedia":[{"embeddable":true,"href":"https:\/\/kobra.si\/en\/wp-json\/wp\/v2\/media\/33254"}],"wp:attachment":[{"href":"https:\/\/kobra.si\/en\/wp-json\/wp\/v2\/media?parent=33261"}],"wp:term":[{"taxonomy":"product_brand","embeddable":true,"href":"https:\/\/kobra.si\/en\/wp-json\/wp\/v2\/product_brand?post=33261"},{"taxonomy":"product_cat","embeddable":true,"href":"https:\/\/kobra.si\/en\/wp-json\/wp\/v2\/product_cat?post=33261"},{"taxonomy":"product_tag","embeddable":true,"href":"https:\/\/kobra.si\/en\/wp-json\/wp\/v2\/product_tag?post=33261"}],"curies":[{"name":"wp","href":"https:\/\/api.w.org\/{rel}","templated":true}]}}