{"id":33247,"date":"2025-08-22T15:34:01","date_gmt":"2025-08-22T13:34:01","guid":{"rendered":"https:\/\/kobra.si\/spletna-trgovina-kobra\/pametno-stikalo-wifi-rf-433-sonoff-t2-eu-tx-3-kanalno\/"},"modified":"2025-12-01T09:44:24","modified_gmt":"2025-12-01T08:44:24","slug":"pametno-stikalo-wifi-rf-433-sonoff-t2-eu-tx-3-kanalno","status":"publish","type":"product","link":"https:\/\/kobra.si\/en\/spletna-trgovina-kobra\/pametno-stikalo-wifi-rf-433-sonoff-t2-eu-tx-3-kanalno\/","title":{"rendered":"Pametno stikalo WiFi + RF 433 Sonoff T2 EU TX (3-kanalno)"},"content":{"rendered":"<h3>Pametno stikalo<\/h3>\n<p>Sonoff TX je inteligentno stikalo za svetlobo na dotik. Upravljate ga lahko z aplikacijo prek omre\u017eja WiFi ali klasi\u010dno, z dotikom. Pri\u017egete lahko lu\u010d v izbranem prostoru v hi\u0161i, ne glede na to, kje se nahajate. Izdelano je iz visokokakovostnih materialov, kot sta toplotno odporen ABS in kaljeno steklo, zato zagotavlja varnost in se odli\u010dno prilega vsakemu prostoru. Ne\u017ena osvetlitev ozadja stikala subtilno poudari njegovo zasnovo in poskrbi, da je vidno tudi pono\u010di.<\/p>\n<p><img decoding=\"async\" src=\"https:\/\/b2b.innpro.pl\/data\/include\/cms\/7Dawid\/Sonoff\/TX-Series\/1.jpg\" title=\"\"><\/p>\n<h3>Nadzor za vse \u010dlane gospodinjstva <\/h3>\n<p>S pomo\u010djo aplikacije lahko nadzor nad razsvetljavo preprosto delite z drugimi uporabniki.<\/p>\n<p><img decoding=\"async\" src=\"https:\/\/b2b.innpro.pl\/data\/include\/cms\/7Dawid\/Sonoff\/TX-Series\/2.jpg\" title=\"\"><\/p>\n<h3>Podpora <\/h3>\n<p>Uporabniki lahko priklju\u010dene naprave upravljajo na daljavo prek brezpla\u010dne aplikacije eWeLink, ki je na voljo na platformah iOS in Android. Omogo\u010deno je tudi upravljanje na dotik in daljinsko upravljanje (433 MHz). Zaradi omre\u017ene povezave je sinhronizacija stanja naprave takoj\u0161nja, tako da so v aplikaciji vedno prikazani trenutni podatki. To vam omogo\u010da, da ohranite popoln nadzor nad prekomerno porabo energije v na\u0161em domu.<\/p>\n<p><img decoding=\"async\" src=\"https:\/\/b2b.innpro.pl\/data\/include\/cms\/7Dawid\/Sonoff\/TX-Series\/3.jpg\" title=\"\"><\/p>\n<h3>Inteligentno upravljanje  <\/h3>\n<p>Nastavite lahko lastne \u010dasovne razporede za samodejni vklop\/izklop naprav ob dolo\u010denem \u010dasu ali po njem.<\/p>\n<p><img decoding=\"async\" src=\"https:\/\/b2b.innpro.pl\/data\/include\/cms\/7Dawid\/Sonoff\/TX-Series\/4.jpg\" title=\"\"><\/p>\n<h3>Mobilno upravljanje <\/h3>\n<p>Zaradi mo\u017enosti upravljanja razsvetljave z aplikacijo lahko preprosto pri\u017egete ali ugasnete svetlobo v svojem domu, medtem ko vas ni doma. Aplikacija je zelo enostavna za uporabo, omogo\u010da vam izbiro dolo\u010denega stikala. Tako vam ni ve\u010d treba skrbeti, da bi svetloba ostala pri\u017egana.  <\/p>\n<p><img decoding=\"async\" src=\"https:\/\/b2b.innpro.pl\/data\/include\/cms\/7Dawid\/Sonoff\/TX-Series\/5.jpg\" title=\"\"><\/p>\n<div class=\"table-wrapper\">\n<table class=\"table-specs\">\n<tbody>\n<tr>\n<th><span>Model<\/span><\/th>\n<td><span>T2EU3C-TX<\/span><\/td>\n<\/tr>\n<tr>\n<th><span>Napetost<\/span><\/th>\n<td><span>100 ~ 240 V AC<\/span><\/td>\n<\/tr>\n<tr>\n<th><span><span>Najve\u010dja napetost<\/span><\/span><\/th>\n<td><span>1 A (kanal)<\/span><\/td>\n<\/tr>\n<tr>\n<th><span><span>Najve\u010dja vrednost: 1,5 % (kanal) Mo\u010d LED<\/span><\/span><\/th>\n<td><span>100 W (kanal)<\/span><\/td>\n<\/tr>\n<tr>\n<th><span>Color<\/span><\/th>\n<td><span>White<\/span><\/td>\n<\/tr>\n<tr>\n<th><span>WiFi<\/span><\/th>\n<td><span><span>802.11 b\/g\/n<\/span><\/span><\/td>\n<\/tr>\n<tr>\n<th><span><span>\u0160ifriranje WiFi<\/span><\/span><\/th>\n<td><span><span>WPA-PSK\/WPA2-PSK<\/span><\/span><\/td>\n<\/tr>\n<tr>\n<th><span>Material<\/span><\/th>\n<td><span><span>Szk\u0142o hartowane \/ PC V0<\/span><\/span><\/td>\n<\/tr>\n<tr>\n<th><span>\u0160tevilo kanalov <\/span><\/th>\n<td><span>3<\/span><\/td>\n<\/tr>\n<tr>\n<th><span><span>Dimenzije monta\u017ene odprtine<\/span><\/span><\/th>\n<td><span>86 mm x 86 mm x 35 mm<\/span><\/td>\n<\/tr>\n<\/tbody>\n<\/table>\n<\/div>","protected":false},"excerpt":{"rendered":"<p>Na zalogi pri zunanjem dobavitelju. Rok dobave 3-7 delovnih dni.<\/p>","protected":false},"featured_media":33242,"template":"","meta":{"_monsterinsights_skip_tracking":false,"_monsterinsights_sitenote_active":false,"_monsterinsights_sitenote_note":"","_monsterinsights_sitenote_category":0},"product_brand":[],"product_cat":[291,101,297,255],"product_tag":[],"class_list":{"0":"post-33247","1":"product","2":"type-product","3":"status-publish","4":"has-post-thumbnail","6":"product_cat-pametne-instalacije","7":"product_cat-pametni-dom","8":"product_cat-sonoff","9":"product_cat-vsi","11":"first","12":"outofstock","13":"taxable","14":"shipping-taxable","15":"purchasable","16":"product-type-simple"},"jetpack_sharing_enabled":true,"_links":{"self":[{"href":"https:\/\/kobra.si\/en\/wp-json\/wp\/v2\/product\/33247","targetHints":{"allow":["GET"]}}],"collection":[{"href":"https:\/\/kobra.si\/en\/wp-json\/wp\/v2\/product"}],"about":[{"href":"https:\/\/kobra.si\/en\/wp-json\/wp\/v2\/types\/product"}],"version-history":[{"count":1,"href":"https:\/\/kobra.si\/en\/wp-json\/wp\/v2\/product\/33247\/revisions"}],"predecessor-version":[{"id":33694,"href":"https:\/\/kobra.si\/en\/wp-json\/wp\/v2\/product\/33247\/revisions\/33694"}],"wp:featuredmedia":[{"embeddable":true,"href":"https:\/\/kobra.si\/en\/wp-json\/wp\/v2\/media\/33242"}],"wp:attachment":[{"href":"https:\/\/kobra.si\/en\/wp-json\/wp\/v2\/media?parent=33247"}],"wp:term":[{"taxonomy":"product_brand","embeddable":true,"href":"https:\/\/kobra.si\/en\/wp-json\/wp\/v2\/product_brand?post=33247"},{"taxonomy":"product_cat","embeddable":true,"href":"https:\/\/kobra.si\/en\/wp-json\/wp\/v2\/product_cat?post=33247"},{"taxonomy":"product_tag","embeddable":true,"href":"https:\/\/kobra.si\/en\/wp-json\/wp\/v2\/product_tag?post=33247"}],"curies":[{"name":"wp","href":"https:\/\/api.w.org\/{rel}","templated":true}]}}