{"id":33234,"date":"2025-08-22T15:33:18","date_gmt":"2025-08-22T13:33:18","guid":{"rendered":"https:\/\/kobra.si\/spletna-trgovina-kobra\/pametno-stensko-stikalo-na-dotik-wifi-sonoff-tx-t5-2c-2-kanalno\/"},"modified":"2026-04-20T20:56:39","modified_gmt":"2026-04-20T18:56:39","slug":"pametno-stensko-stikalo-na-dotik-wifi-sonoff-tx-t5-2c-2-kanalno","status":"publish","type":"product","link":"https:\/\/kobra.si\/en\/spletna-trgovina-kobra\/pametno-stensko-stikalo-na-dotik-wifi-sonoff-tx-t5-2c-2-kanalno\/","title":{"rendered":"Pametno stensko stikalo na dotik WiFi Sonoff TX T5 2C (2-kanalno)"},"content":{"rendered":"<h3>Pametno stensko stikalo na dotik Wi-Fi Sonoff TX T5 2C (2-kanalno)<\/h3>\n<p>Ustvarite pametni dom s podjetjem Sonoff. TX T5 2C je dvokanalno stensko stikalo, ki omogo\u010da priro\u010dno upravljanje razsvetljave. Upravljate ga lahko tudi na daljavo z glasovnimi ukazi ali aplikacijo eWeLink. Poleg tega izdelek ponuja funkcijo \u010dasovnika in barvno osvetlitev LED, ki jo lahko prilagodite svojim potrebam. Videz stikala lahko prilagodite tudi z barvnimi plo\u0161\u010dami (niso prilo\u017eene).<\/p>\n<p><img decoding=\"async\" src=\"https:\/\/assets.innpro.pl\/4082\/4538\/1 \u2014 kopia.jpg\" border=\"0\" alt=\"\" title=\"\"><\/p>\n<h3>Glasovno upravljanje<\/h3>\n<p>\u017delite ugasniti lu\u010di v dnevni sobi, ne da bi vstali s kav\u010da? S stikalom Sonoff TX T5 2C to ni te\u017eava. Stensko stikalo deluje s pomo\u010dniki, kot so Amazon Alexa, Google Home in Alice. Samo preprost glasovni ukaz &#8211; ni vam ve\u010d treba prekiniti najljub\u0161e oddaje.<\/p>\n<p><img decoding=\"async\" src=\"https:\/\/assets.innpro.pl\/4082\/4538\/4 \u2014 kopia.jpg\" border=\"0\" alt=\"\" title=\"\"><\/p>\n<h3>Obojestranski nadzor osvetlitve<\/h3>\n<p>Stikalo se lahko uporablja kot prehod eWeLink. Tako lahko ustvarite pametne prizore, ki omogo\u010dajo tako TX T5 2C kot R5 ali S-MATE (ni prilo\u017een), da nadzorujeta delovanje ene svetilke. Izkoristite mo\u017enosti, ki jih ponuja Sonoff, brez nepotrebnega o\u017ei\u010denja.<\/p>\n<p><img decoding=\"async\" src=\"https:\/\/assets.innpro.pl\/4082\/4538\/2 \u2014 kopia.jpg\" border=\"0\" alt=\"\" title=\"\"><\/p>\n<h3>Dodatne funkcije<\/h3>\n<p>Stikalo ima vgrajen \u010dasovnik, s katerim lahko nastavite \u010das, ob katerem se bo svetilka samodejno ugasnila, okoli stikala pa se bo aktivirala barvna osvetlitev. To omogo\u010da, da napravo po temi zlahka najdete. Poleg tega obstaja mo\u017enost aktiviranja pametnih scen, vgrajeni zvo\u010dnik pa omogo\u010da, da stikalo deluje kot zvonec &#8211; v ta namen je potreben Sonoff SNZB-01.<\/p>\n<p><img decoding=\"async\" src=\"https:\/\/assets.innpro.pl\/4082\/4538\/6 \u2014 kopia.jpg\" border=\"0\" alt=\"\" title=\"\"><\/p>\n<h3>Plo\u0161\u010da na dotik in barvna osvetlitev<\/h3>\n<p>Sonoff TX T5 2C je opremljen z dvema gumboma, zato lahko na primer priro\u010dno vklopite lu\u010d. Naprava bo ukaz sporo\u010dila z zvo\u010dnim signalom in ne\u017enimi vibracijami. Poleg tega ponuja 8 vrst barvne osvetlitve ozadja, vklju\u010dno z na\u010dini Party, Night Light in Color. Izberite tistega, ki vam najbolj ustreza.<\/p>\n<p><img decoding=\"async\" src=\"https:\/\/assets.innpro.pl\/4082\/4538\/3 \u2014 kopia.jpg\" border=\"0\" alt=\"\" title=\"\"><\/p>\n<h3>V kompletu je vklju\u010deno<\/h3>\n<ul>\n<li>Stikalo<\/li>\n<li>Vijaki x2<\/li>\n<li>Uporabni\u0161ki priro\u010dnik<\/li>\n<\/ul>\n<div class=\"table-wrapper\">\n<h3><\/h3>\n<table>\n<tbody>\n<tr>\n<th>Proizvajalec<\/th>\n<td>Sonoff<\/td>\n<\/tr>\n<tr>\n<th>Model<\/th>\n<td>TX T5 2C <\/td>\n<\/tr>\n<tr>\n<th>\u0160tevilo kanalov<\/th>\n<td>2<\/td>\n<\/tr>\n<tr>\n<th>Vhodna \/ izhodna napetost<\/th>\n<td>100-240 V ~ 50\/60 Hz max. 10 A<\/td>\n<\/tr>\n<tr>\n<th>Power supply<\/th>\n<td>Najve\u010d 1200 W (240 V) na kanal, skupaj 2400 W<\/td>\n<\/tr>\n<tr>\n<th>Obremenitev LED<\/th>\n<td>Najve\u010d 150 W (240 V) na kanal \/ najve\u010d 75 W (100 V) na kanal<\/td>\n<\/tr>\n<tr>\n<th>Wi-Fi<\/th>\n<td>IEEE 802.11 b\/g\/n 2,4 GHz<\/td>\n<\/tr>\n<tr>\n<th>Color<\/th>\n<td>White<\/td>\n<\/tr>\n<tr>\n<th>Material<\/th>\n<td>PC, CRS<\/td>\n<\/tr>\n<tr>\n<th>Dimenzije<\/th>\n<td>86 x 86 x 39 mm<\/td>\n<\/tr>\n<tr>\n<th>Weight<\/th>\n<td>168.5 g<\/td>\n<\/tr>\n<tr>\n<th>Operacijski sistemi<\/th>\n<td>iOS, Android<\/td>\n<\/tr>\n<tr>\n<th>Bluetooth<\/th>\n<td>4.2<\/td>\n<\/tr>\n<tr>\n<th>Aplikacija<\/th>\n<td>eWeLink<\/td>\n<\/tr>\n<tr>\n<th>Glasovno upravljanje<\/th>\n<td>Amazon Alexa, Google Home, Alice<\/td>\n<\/tr>\n<\/tbody>\n<\/table>\n<\/div>","protected":false},"excerpt":{"rendered":"<p>Na zalogi pri zunanjem dobavitelju. Rok dobave 3-7 delovnih dni.<\/p>","protected":false},"featured_media":33230,"template":"","meta":{"_monsterinsights_skip_tracking":false,"_monsterinsights_sitenote_active":false,"_monsterinsights_sitenote_note":"","_monsterinsights_sitenote_category":0},"product_brand":[],"product_cat":[291,101,297,255],"product_tag":[],"class_list":{"0":"post-33234","1":"product","2":"type-product","3":"status-publish","4":"has-post-thumbnail","6":"product_cat-pametne-instalacije","7":"product_cat-pametni-dom","8":"product_cat-sonoff","9":"product_cat-vsi","11":"first","12":"instock","13":"taxable","14":"shipping-taxable","15":"purchasable","16":"product-type-simple"},"jetpack_sharing_enabled":true,"_links":{"self":[{"href":"https:\/\/kobra.si\/en\/wp-json\/wp\/v2\/product\/33234","targetHints":{"allow":["GET"]}}],"collection":[{"href":"https:\/\/kobra.si\/en\/wp-json\/wp\/v2\/product"}],"about":[{"href":"https:\/\/kobra.si\/en\/wp-json\/wp\/v2\/types\/product"}],"version-history":[{"count":1,"href":"https:\/\/kobra.si\/en\/wp-json\/wp\/v2\/product\/33234\/revisions"}],"predecessor-version":[{"id":33696,"href":"https:\/\/kobra.si\/en\/wp-json\/wp\/v2\/product\/33234\/revisions\/33696"}],"wp:featuredmedia":[{"embeddable":true,"href":"https:\/\/kobra.si\/en\/wp-json\/wp\/v2\/media\/33230"}],"wp:attachment":[{"href":"https:\/\/kobra.si\/en\/wp-json\/wp\/v2\/media?parent=33234"}],"wp:term":[{"taxonomy":"product_brand","embeddable":true,"href":"https:\/\/kobra.si\/en\/wp-json\/wp\/v2\/product_brand?post=33234"},{"taxonomy":"product_cat","embeddable":true,"href":"https:\/\/kobra.si\/en\/wp-json\/wp\/v2\/product_cat?post=33234"},{"taxonomy":"product_tag","embeddable":true,"href":"https:\/\/kobra.si\/en\/wp-json\/wp\/v2\/product_tag?post=33234"}],"curies":[{"name":"wp","href":"https:\/\/api.w.org\/{rel}","templated":true}]}}