{"id":33229,"date":"2025-08-22T15:32:40","date_gmt":"2025-08-22T13:32:40","guid":{"rendered":"https:\/\/kobra.si\/spletna-trgovina-kobra\/vodoodporni-temperaturni-senzor-sonoff-wts01-rj9-4p4c-thr316-320\/"},"modified":"2026-04-20T20:56:35","modified_gmt":"2026-04-20T18:56:35","slug":"vodoodporni-temperaturni-senzor-sonoff-wts01-rj9-4p4c-thr316-320","status":"publish","type":"product","link":"https:\/\/kobra.si\/en\/spletna-trgovina-kobra\/vodoodporni-temperaturni-senzor-sonoff-wts01-rj9-4p4c-thr316-320\/","title":{"rendered":"Vodoodporni temperaturni senzor Sonoff WTS01, RJ9 4P4C (THR316\/320)"},"content":{"rendered":"<h3>Sonoff WTS01 vodoodporni temperaturni senzor, RJ9 4P4C (THR316\/320)<\/h3>\n<\/p>\n<p>Imejte vse pod nadzorom in u\u017eivajte v priro\u010dnem dostopu do informacij o razmerah v va\u0161em okolju. Sonoffov vodoodporni temperaturni senzor zagotavlja natan\u010dne meritve od -40 \u00b0C do 115 \u00b0C in ima visoko vzdr\u017eljivost &#8211; dolgo vam bo dobro slu\u017eil. Naprava deluje z relejema Sonoff TH Elite in Sonoff TH Origin (naprodaj lo\u010deno), njena namestitev pa je zelo preprosta.<\/p>\n<\/p>\n<p>\n<img decoding=\"async\" border=\"0\" src=\"https:\/\/assets.innpro.pl\/4081\/4537\/1.jpg\" title=\"\">\n<\/p>\n<h3>Visoka natan\u010dnost meritev<\/h3>\n<\/p>\n<p>Senzor meri temperaturo v obmo\u010dju od -40 \u00b0C do 115 \u00b0C, kar pomeni, da bo dobro deloval v \u0161tevilnih aplikacijah. Odlikuje ga tudi impresivna natan\u010dnost &#8211; v obmo\u010dju od -10 \u00b0C do 85 \u00b0C meri z natan\u010dnostjo \u00b10,5 \u00b0C.<\/p>\n<\/p>\n<p>\n<img decoding=\"async\" border=\"0\" src=\"https:\/\/assets.innpro.pl\/4081\/4537\/5.jpg\" title=\"\">\n<\/p>\n<h3>Prefinjen v vsaki podrobnosti<\/h3>\n<\/p>\n<p>Namestitev senzorja vam ne bo povzro\u010dala te\u017eav &#8211; preprosto ga priklju\u010dite na rele Sonoff TH Origin ali Sonoff TH Elite. Izdelek je opremljen tudi z dolgim, 1,5-metrskim kablom, ki zagotavlja ve\u010djo prilagodljivost in vam omogo\u010da, da ga uporabljate tudi na dolo\u010deni razdalji od naprave, na katero je priklju\u010den. WTS01 je tudi odporen proti vodi, koroziji in rji, zato ga lahko brez skrbi uporabljate v vla\u017enih okoljih.<\/p>\n<\/p>\n<p>\n<img decoding=\"async\" border=\"0\" src=\"https:\/\/assets.innpro.pl\/4081\/4537\/7.jpg\" title=\"\">\n<\/p>\n<div class=\"table-wrapper\">\n<h3><\/h3>\n<table>\n<tbody>\n<tr>\n<th>Proizvajalec<\/th>\n<td>Sonoff<\/td>\n<\/tr>\n<tr>\n<th>Model<\/th>\n<td>WTS01<\/td>\n<\/tr>\n<tr>\n<th>Color<\/th>\n<td>\u010crna<\/td>\n<\/tr>\n<tr>\n<th>Temperaturno obmo\u010dje<\/th>\n<td>Od -40 \u00b0C do 115 \u00b0C<\/td>\n<\/tr>\n<tr>\n<th>Natan\u010dnost meritev od -10\u00b0C do 85\u00b0C<\/th>\n<td>\u00b10,5\u00b0C<\/td>\n<\/tr>\n<tr>\n<th>Vrsta priklju\u010dka<\/th>\n<td>RJ9 (4P4C)<\/td>\n<\/tr>\n<tr>\n<th>Dimenzije<\/th>\n<td>50 x 6 x 6 mm<\/td>\n<\/tr>\n<tr>\n<th>Dol\u017eina kabla<\/th>\n<td>1,5 m<\/td>\n<\/tr>\n<\/tbody>\n<\/table>\n<\/div>","protected":false},"excerpt":{"rendered":"<p>Na zalogi pri zunanjem dobavitelju. Rok dobave 3-7 delovnih dni.<\/p>","protected":false},"featured_media":33225,"template":"","meta":{"_monsterinsights_skip_tracking":false,"_monsterinsights_sitenote_active":false,"_monsterinsights_sitenote_note":"","_monsterinsights_sitenote_category":0},"product_brand":[],"product_cat":[291,101,297,255],"product_tag":[],"class_list":{"0":"post-33229","1":"product","2":"type-product","3":"status-publish","4":"has-post-thumbnail","6":"product_cat-pametne-instalacije","7":"product_cat-pametni-dom","8":"product_cat-sonoff","9":"product_cat-vsi","11":"first","12":"instock","13":"taxable","14":"shipping-taxable","15":"purchasable","16":"product-type-simple"},"jetpack_sharing_enabled":true,"_links":{"self":[{"href":"https:\/\/kobra.si\/en\/wp-json\/wp\/v2\/product\/33229","targetHints":{"allow":["GET"]}}],"collection":[{"href":"https:\/\/kobra.si\/en\/wp-json\/wp\/v2\/product"}],"about":[{"href":"https:\/\/kobra.si\/en\/wp-json\/wp\/v2\/types\/product"}],"version-history":[{"count":1,"href":"https:\/\/kobra.si\/en\/wp-json\/wp\/v2\/product\/33229\/revisions"}],"predecessor-version":[{"id":33697,"href":"https:\/\/kobra.si\/en\/wp-json\/wp\/v2\/product\/33229\/revisions\/33697"}],"wp:featuredmedia":[{"embeddable":true,"href":"https:\/\/kobra.si\/en\/wp-json\/wp\/v2\/media\/33225"}],"wp:attachment":[{"href":"https:\/\/kobra.si\/en\/wp-json\/wp\/v2\/media?parent=33229"}],"wp:term":[{"taxonomy":"product_brand","embeddable":true,"href":"https:\/\/kobra.si\/en\/wp-json\/wp\/v2\/product_brand?post=33229"},{"taxonomy":"product_cat","embeddable":true,"href":"https:\/\/kobra.si\/en\/wp-json\/wp\/v2\/product_cat?post=33229"},{"taxonomy":"product_tag","embeddable":true,"href":"https:\/\/kobra.si\/en\/wp-json\/wp\/v2\/product_tag?post=33229"}],"curies":[{"name":"wp","href":"https:\/\/api.w.org\/{rel}","templated":true}]}}