{"id":33147,"date":"2025-08-22T15:29:36","date_gmt":"2025-08-22T13:29:36","guid":{"rendered":"https:\/\/kobra.si\/spletna-trgovina-kobra\/pametni-senzor-temperature-in-vlage-zigbee-lcd-sonoff-snzb-02d\/"},"modified":"2026-04-21T20:53:08","modified_gmt":"2026-04-21T18:53:08","slug":"pametni-senzor-temperature-in-vlage-zigbee-lcd-sonoff-snzb-02d","status":"publish","type":"product","link":"https:\/\/kobra.si\/en\/spletna-trgovina-kobra\/pametni-senzor-temperature-in-vlage-zigbee-lcd-sonoff-snzb-02d\/","title":{"rendered":"Pametni senzor temperature in vlage ZigBee LCD Sonoff SNZB-02D"},"content":{"rendered":"<h3>Pametni senzor temperature in vlage ZigBee LCD Sonoff SNZB-02D<\/h3>\n<p>Spremljajte temperaturo in vla\u017enost v razli\u010dnih prostorih. Senzor Sonoff daje natan\u010dne podatke, ki jih osve\u017euje vsakih 5 sekund. Omogo\u010da tudi daljinsko spremljanje temperature v realnem \u010dasu in po\u0161ilja obvestila v aplikaciji, ko je nastavljena vrednost temperature prese\u017eena. Poleg tega podatke shranjuje v oblak, zato imate priro\u010den dostop do meritev. <\/p>\n<p><img decoding=\"async\" src=\"https:\/\/b2b.innpro.pl\/data\/include\/cms\/01Sonoff\/SNZB-02D\/9.jpg\" alt=\"01Sonoff\/SNZB-02D\/9\" title=\"\"><\/p>\n<h3>Razli\u010dne aplikacije<\/h3>\n<p>Senzor Sonoff bo dobro deloval v prostorih, katerih povr\u0161ina ne presega 120 metrov. Izdelek bo svojo uporabo na\u0161el v prostorih, kot so terariji, vinske kleti, glasbene trgovine, inkubatorji, rastlinjaki itd. Uporabili ga boste tudi doma, na primer v otro\u0161ki sobi.<\/p>\n<p><img decoding=\"async\" src=\"https:\/\/b2b.innpro.pl\/data\/include\/cms\/01Sonoff\/SNZB-02D\/8.jpg\" alt=\"01Sonoff\/SNZB-02D\/8\" title=\"\"><\/p>\n<h3>Visoka natan\u010dnost<\/h3>\n<p>Naprava je opremljena s \u0161vicarskim higrostatom, ki meri temperaturo in vla\u017enost z natan\u010dnostjo \u00b10,2 \u00b0C\/RH. Poleg tega se od\u010ditki posodabljajo vsakih 5 sekund, tako da ste lahko nenehno na teko\u010dem. Nastavite lahko tudi enoto temperature na \u00b0C ali \u00b0F.<\/p>\n<p><img decoding=\"async\" src=\"https:\/\/b2b.innpro.pl\/data\/include\/cms\/01Sonoff\/SNZB-02D\/2.jpg\" alt=\"01Sonoff\/SNZB-02D\/2\" title=\"\"><\/p>\n<h3>Priro\u010dno upravljanje<\/h3>\n<p>Senzor upravljate z aplikacijo. Tako lahko na primer enostavno preberete obvestila, ko je temperatura prese\u017eena. Poleg tega lahko napravo prek povezave eWeLink dodate v pomo\u010dnika za dom ali jo uporabljate z drugimi pametnimi doma\u010dimi napravami &#8211; ko raven vla\u017enosti pade pod 40 %, se bo vla\u017eilnik zraka samodejno vklopil. Naprava Sonoff SNZB-02D podpira tudi aplikaciji Amazon Alexa in Google Home, zato lahko temperaturo ali vla\u017enost v prostoru preverite s preprostim glasovnim ukazom.<\/p>\n<p><img decoding=\"async\" src=\"https:\/\/b2b.innpro.pl\/data\/include\/cms\/01Sonoff\/SNZB-02D\/6.jpg\" alt=\"01Sonoff\/SNZB-02D\/6\" title=\"\"><\/p>\n<h3>\u0160iroka zdru\u017eljivost<\/h3>\n<p>Sonoff SNZB-02D boste povezali z razli\u010dnimi napravami. Senzor podpira prehode Zigbee, ki uporabljajo protokol 3.0. Zato je zdru\u017eljiv s stenskim stikalom NSPanel Pro, pametno centralo Sonoff Zigbee Bridge\/Pro, klju\u010dem Sonoff ZBDongle-P\/E in sistemom Amazon Alexa z vgrajenim vozli\u0161\u010dem Zigbee. <\/p>\n<p><img decoding=\"async\" src=\"https:\/\/b2b.innpro.pl\/data\/include\/cms\/01Sonoff\/SNZB-02D\/3.jpg\" alt=\"01Sonoff\/SNZB-02D\/3\" title=\"\"><\/p>\n<h3>Priro\u010den dostop do podatkov<\/h3>\n<p>Ali vam je pomembno shranjevanje shranjenih meritev? Z napravo Sonoff SNZB-02D lahko do njih priro\u010dno dostopate. Aplikacija eWeLink omogo\u010da shranjevanje meritev, tako da lahko kadar koli preverite meritve dolo\u010dene ure ali izbranega dneva in jih nato izvozite. Poleg tega je zgodovina meritev na voljo \u0161est mesecev. Za dostop do nje poleg aplikacije potrebujete \u0161e prehod Sonoff. <\/p>\n<p><img decoding=\"async\" src=\"https:\/\/b2b.innpro.pl\/data\/include\/cms\/01Sonoff\/SNZB-02D\/5.jpg\" alt=\"01Sonoff\/SNZB-02D\/5\" title=\"\"><\/p>\n<h3>3 na\u010dini namestitve<\/h3>\n<p>Senzor lahko namestite na 3 razli\u010dne na\u010dine, tako da lahko izberete pravega za vas. Z vgrajenim stojalom boste napravo naslonili na mizo ali pult, tako da boste imeli hiter dostop do meritev. Zaradi magnetne zasnove lahko senzor SNZB-02D pritrdite tudi na kovinsko povr\u0161ino, na primer na hladilnik. Senzor lahko pritrdite tudi na steno z nalepko 3M.<\/p>\n<p><img decoding=\"async\" src=\"https:\/\/b2b.innpro.pl\/data\/include\/cms\/01Sonoff\/SNZB-02D\/7.jpg\" alt=\"01Sonoff\/SNZB-02D\/7\" title=\"\"><\/p>\n<div class=\"table-wrapper\">\n<table>\n<tbody>\n<tr>\n<th>Proizvajalec:<\/th>\n<td>Sonoff<\/td>\n<\/tr>\n<tr>\n<th>Model<\/th>\n<td>SNZB-02D<\/td>\n<\/tr>\n<tr>\n<th>Color<\/th>\n<td>White<\/td>\n<\/tr>\n<tr>\n<th>Brez\u017ei\u010dna povezava<\/th>\n<td>Zigbee 3.0<\/td>\n<\/tr>\n<tr>\n<th>Delovna vla\u017enost<\/th>\n<td>5-95 % RELATIVNA VLA\u017dNOST ZRAKA<\/td>\n<\/tr>\n<tr>\n<th>Material<\/th>\n<td>PC + LCD<\/td>\n<\/tr>\n<tr>\n<th>Power supply<\/th>\n<td>Baterija CR2450 (3 V)<\/td>\n<\/tr>\n<tr>\n<th>Working temperature<\/th>\n<td>-9.9 &#8211; 60\u00b0C<\/td>\n<\/tr>\n<tr>\n<th>\u017divljenjska doba baterije<\/th>\n<td>2 leti<\/td>\n<\/tr>\n<tr>\n<th>Dimenzije<\/th>\n<td>62,5 \u00d7 59,5 mm<\/td>\n<\/tr>\n<\/tbody>\n<\/table>\n<\/div>","protected":false},"excerpt":{"rendered":"<p>Na zalogi pri zunanjem dobavitelju. Rok dobave 3-7 delovnih dni.<\/p>","protected":false},"featured_media":33142,"template":"","meta":{"_monsterinsights_skip_tracking":false,"_monsterinsights_sitenote_active":false,"_monsterinsights_sitenote_note":"","_monsterinsights_sitenote_category":0},"product_brand":[],"product_cat":[291,101,297,255],"product_tag":[],"class_list":{"0":"post-33147","1":"product","2":"type-product","3":"status-publish","4":"has-post-thumbnail","6":"product_cat-pametne-instalacije","7":"product_cat-pametni-dom","8":"product_cat-sonoff","9":"product_cat-vsi","11":"first","12":"instock","13":"taxable","14":"shipping-taxable","15":"purchasable","16":"product-type-simple"},"jetpack_sharing_enabled":true,"_links":{"self":[{"href":"https:\/\/kobra.si\/en\/wp-json\/wp\/v2\/product\/33147","targetHints":{"allow":["GET"]}}],"collection":[{"href":"https:\/\/kobra.si\/en\/wp-json\/wp\/v2\/product"}],"about":[{"href":"https:\/\/kobra.si\/en\/wp-json\/wp\/v2\/types\/product"}],"version-history":[{"count":1,"href":"https:\/\/kobra.si\/en\/wp-json\/wp\/v2\/product\/33147\/revisions"}],"predecessor-version":[{"id":33709,"href":"https:\/\/kobra.si\/en\/wp-json\/wp\/v2\/product\/33147\/revisions\/33709"}],"wp:featuredmedia":[{"embeddable":true,"href":"https:\/\/kobra.si\/en\/wp-json\/wp\/v2\/media\/33142"}],"wp:attachment":[{"href":"https:\/\/kobra.si\/en\/wp-json\/wp\/v2\/media?parent=33147"}],"wp:term":[{"taxonomy":"product_brand","embeddable":true,"href":"https:\/\/kobra.si\/en\/wp-json\/wp\/v2\/product_brand?post=33147"},{"taxonomy":"product_cat","embeddable":true,"href":"https:\/\/kobra.si\/en\/wp-json\/wp\/v2\/product_cat?post=33147"},{"taxonomy":"product_tag","embeddable":true,"href":"https:\/\/kobra.si\/en\/wp-json\/wp\/v2\/product_tag?post=33147"}],"curies":[{"name":"wp","href":"https:\/\/api.w.org\/{rel}","templated":true}]}}