{"id":33100,"date":"2025-08-22T14:32:34","date_gmt":"2025-08-22T12:32:34","guid":{"rendered":"https:\/\/kobra.si\/spletna-trgovina-kobra\/pametno-stikalo-za-spremljanje-temperature-in-vlage-wifi-sonoff-thr320-th-origin\/"},"modified":"2026-03-17T14:11:31","modified_gmt":"2026-03-17T13:11:31","slug":"pametno-stikalo-za-spremljanje-temperature-in-vlage-wifi-sonoff-thr320-th-origin","status":"publish","type":"product","link":"https:\/\/kobra.si\/en\/spletna-trgovina-kobra\/pametno-stikalo-za-spremljanje-temperature-in-vlage-wifi-sonoff-thr320-th-origin\/","title":{"rendered":"Pametno stikalo za spremljanje temperature in vlage WiFi Sonoff THR320 TH Origin"},"content":{"rendered":"<h3>Pametno stikalo za spremljanje temperature in vlage Sonoff THR320 TH Origin<\/h3>\n<p>Sonoff THR320 je 20 A rele, ki bo na\u0161el svojo uporabo v notranjih bazenih, vinskih kleteh ali terarijih. Dobro se bo obnesel tudi pri ogrevanju doma, namakalnih sistemih ali rastlinjakih. Izdelek deluje s senzorji temperature in vlage. V aplikaciji lahko ustvarite tudi urnike in uporabite samodejni na\u010din.<\/p>\n<p><img decoding=\"async\" src=\"https:\/\/b2b.innpro.pl\/data\/include\/cms\/01Sonoff\/THR320\/5.jpg\" title=\"\"><\/p>\n<h3>Zdru\u017eljiv<\/h3>\n<p>Sonoffov rele podpira naprave z visoko porabo energije, na primer talno gretje. Poleg tega vam priklju\u010dek RJ9 4P4C omogo\u010da, da izdelek pove\u017eete z drugo opremo. Glede na priklju\u010deno tipalo lahko nadzorujete temperaturo s hermeti\u010dnim tipalom DS18B20, vlago (SI7021) ali vlago v tleh, kar omogo\u010da tipalo MS01. Izdelek deluje tudi s programoma Home Assistant in IFTTT, kar zagotavlja ve\u010djo svobodo uporabe.<\/p>\n<p><img decoding=\"async\" src=\"https:\/\/b2b.innpro.pl\/data\/include\/cms\/01Sonoff\/THR320\/6.jpg\" title=\"\"><\/p>\n<h3>Daljinski upravljalnik<\/h3>\n<p>Izdelek omogo\u010da daljinsko upravljanje naprav prek aplikacije eWeLink. Z njo lahko napravo vklopite\/izklopite ne glede na to, kje se nahajate. Poleg tega je mogo\u010de nastaviti \u010dasovnik ali urnik, 8 razpolo\u017eljivih programov pa vam bo omogo\u010dilo, da prilagodite delovanje naprave THR320 in prihranite denar na ra\u010dunu za elektriko. Izdelek je zdru\u017eljiv tudi z Amazon Alexa in Google Assistant. Poleg tega lahko s podporo LAN rele uporabljate tudi takrat, ko dostop do omre\u017eja za\u010dasno ni na voljo.<\/p>\n<p><img decoding=\"async\" src=\"https:\/\/b2b.innpro.pl\/data\/include\/cms\/01Sonoff\/THR320\/7.jpg\" title=\"\"><\/p>\n<h3>Ostanite na teko\u010dem<\/h3>\n<p>Sonoffov pametni rele spremlja temperaturo in vla\u017enost v realnem \u010dasu. \u010ce se oprema vklopi\/izklopi ali \u010de naprave dose\u017eejo nastavljeno vrednost, boste o tem obve\u0161\u010deni prek aplikacije. Rele lahko tudi avtomatizirate s pametnimi napravami, na primer s pametnimi vti\u010dnicami ali grelniki. To \u0161e ni vse! Aplikacija omogo\u010da tudi pregled zgodovine temperature in vla\u017enosti v obliki grafov po urah, dnevih in mesecih. Zgodovinske podatke za zadnjih 6 mesecev pa lahko izvozite v obliki xlsx.<\/p>\n<p><img decoding=\"async\" src=\"https:\/\/b2b.innpro.pl\/data\/include\/cms\/01Sonoff\/THR320\/12.jpg\" title=\"\"><\/p>\n<h3>Premi\u0161ljena zasnova<\/h3>\n<p>Pametni rele Sonoff THR320 odlikuje skrbno premi\u0161ljena zasnova. Izdelek ima velik gumb, s katerim lahko napravo vklopite\/izklopite. Prilo\u017eena monta\u017ena letev vam omogo\u010da, da napravo preprosto pritrdite na \u017eeleno mesto, \u0161\u010dit na sprednji strani pa zagotavlja varnost. Poleg tega izbolj\u0161an sistem o\u017ei\u010denja \u0161\u010diti pred kratkimi stiki.<\/p>\n<p><img decoding=\"async\" src=\"https:\/\/b2b.innpro.pl\/data\/include\/cms\/01Sonoff\/THR320\/8.jpg\" title=\"\"><\/p>\n<h3>Varnost pri uporabi<\/h3>\n<p>V releju so uporabljeni visokokakovostni materiali, ki izpolnjujejo zahteve UL in RoHS. Izdelan je iz ognjevarnega PC-ja, zaradi skrbno premi\u0161ljene zasnove pa ga lahko varno uporabljate tudi v neugodnih vremenskih razmerah, na primer v nevihtah. Poleg tega priklju\u010dek RJ9 4P4C zagotavlja stabilno in zanesljivo povezavo.<\/p>\n<p><img decoding=\"async\" src=\"https:\/\/b2b.innpro.pl\/data\/include\/cms\/01Sonoff\/THR320\/4.jpg\" title=\"\"><\/p>\n<h3>Vklju\u010deno<\/h3>\n<ul>\n<li>pametni rele<\/li>\n<li>pritrdilno vodilo<\/li>\n<li>priro\u010dnik z navodili<\/li>\n<\/ul>\n<div class=\"table-wrapper\">\n<table>\n<tbody>\n<tr>\n<th>Proizvajalec<\/th>\n<td>Sonoff<\/td>\n<\/tr>\n<tr>\n<th>Model<\/th>\n<td>THR320<\/td>\n<\/tr>\n<tr>\n<th>Color<\/th>\n<td>White<\/td>\n<\/tr>\n<tr>\n<th>Material<\/th>\n<td>PC V0<\/td>\n<\/tr>\n<tr>\n<th>Napetost<\/th>\n<td>100-240 V ~ 50\/60 Hz 20 A max<\/td>\n<\/tr>\n<tr>\n<th>WiFi<\/th>\n<td>IEEE 802.11 b\/g\/n 2,4 GHz<\/td>\n<\/tr>\n<tr>\n<th>Dimenzije<\/th>\n<td>98 x 54 mm<\/td>\n<\/tr>\n<\/tbody>\n<\/table>\n<\/div>","protected":false},"excerpt":{"rendered":"<p>Na zalogi pri zunanjem dobavitelju. Rok dobave 3-7 delovnih dni.<\/p>","protected":false},"featured_media":33098,"template":"","meta":{"_monsterinsights_skip_tracking":false,"_monsterinsights_sitenote_active":false,"_monsterinsights_sitenote_note":"","_monsterinsights_sitenote_category":0},"product_brand":[],"product_cat":[291,101,297,255],"product_tag":[],"class_list":{"0":"post-33100","1":"product","2":"type-product","3":"status-publish","4":"has-post-thumbnail","6":"product_cat-pametne-instalacije","7":"product_cat-pametni-dom","8":"product_cat-sonoff","9":"product_cat-vsi","11":"first","12":"outofstock","13":"taxable","14":"shipping-taxable","15":"purchasable","16":"product-type-simple"},"jetpack_sharing_enabled":true,"_links":{"self":[{"href":"https:\/\/kobra.si\/en\/wp-json\/wp\/v2\/product\/33100","targetHints":{"allow":["GET"]}}],"collection":[{"href":"https:\/\/kobra.si\/en\/wp-json\/wp\/v2\/product"}],"about":[{"href":"https:\/\/kobra.si\/en\/wp-json\/wp\/v2\/types\/product"}],"version-history":[{"count":1,"href":"https:\/\/kobra.si\/en\/wp-json\/wp\/v2\/product\/33100\/revisions"}],"predecessor-version":[{"id":33719,"href":"https:\/\/kobra.si\/en\/wp-json\/wp\/v2\/product\/33100\/revisions\/33719"}],"wp:featuredmedia":[{"embeddable":true,"href":"https:\/\/kobra.si\/en\/wp-json\/wp\/v2\/media\/33098"}],"wp:attachment":[{"href":"https:\/\/kobra.si\/en\/wp-json\/wp\/v2\/media?parent=33100"}],"wp:term":[{"taxonomy":"product_brand","embeddable":true,"href":"https:\/\/kobra.si\/en\/wp-json\/wp\/v2\/product_brand?post=33100"},{"taxonomy":"product_cat","embeddable":true,"href":"https:\/\/kobra.si\/en\/wp-json\/wp\/v2\/product_cat?post=33100"},{"taxonomy":"product_tag","embeddable":true,"href":"https:\/\/kobra.si\/en\/wp-json\/wp\/v2\/product_tag?post=33100"}],"curies":[{"name":"wp","href":"https:\/\/api.w.org\/{rel}","templated":true}]}}