{"id":33094,"date":"2025-08-22T14:32:15","date_gmt":"2025-08-22T12:32:15","guid":{"rendered":"https:\/\/kobra.si\/spletna-trgovina-kobra\/pametno-stikalo-za-spremljanje-temperature-in-vlage-wifi-sonoff-thr316-th-izvor\/"},"modified":"2026-04-20T20:48:15","modified_gmt":"2026-04-20T18:48:15","slug":"pametno-stikalo-za-spremljanje-temperature-in-vlage-wifi-sonoff-thr316-th-izvor","status":"publish","type":"product","link":"https:\/\/kobra.si\/en\/spletna-trgovina-kobra\/pametno-stikalo-za-spremljanje-temperature-in-vlage-wifi-sonoff-thr316-th-izvor\/","title":{"rendered":"Pametno stikalo za spremljanje temperature in vlage WiFi Sonoff THR316 TH Izvor"},"content":{"rendered":"<h3>Pametno stikalo za spremljanje temperature in vlage Sonoff THR316 TH Izvor<\/h3>\n<p>Sonoff THR316 je 16 A rele, ki bo na\u0161el svojo uporabo v notranjih bazenih, vinarnah ali terarijih. Dobro se bo obnesel tudi pri ogrevanju doma, namakalnih sistemih ali rastlinjakih. Izdelek deluje s senzorji temperature in vlage. V aplikaciji lahko ustvarite tudi urnike in uporabite samodejni na\u010din.<\/p>\n<p><img decoding=\"async\" src=\"https:\/\/b2b.innpro.pl\/data\/include\/cms\/01Sonoff\/THR316\/5.jpg\" title=\"\"><\/p>\n<h3>Zdru\u017eljiv<\/h3>\n<p>Sonoffov rele podpira naprave z visoko porabo energije, na primer talno gretje. Poleg tega vam priklju\u010dek RJ9 4P4C omogo\u010da, da izdelek pove\u017eete z drugo opremo. Glede na priklju\u010deno tipalo lahko nadzorujete temperaturo s hermeti\u010dnim tipalom DS18B20, vlago (SI7021) ali vlago v tleh, kar omogo\u010da tipalo MS01. Izdelek deluje tudi s programoma Home Assistant in IFTTT, kar zagotavlja ve\u010djo svobodo uporabe.<\/p>\n<p><img decoding=\"async\" src=\"https:\/\/b2b.innpro.pl\/data\/include\/cms\/01Sonoff\/THR316\/2.jpg\" title=\"\"><\/p>\n<h3>Daljinski upravljalnik<\/h3>\n<p>Izdelek omogo\u010da daljinsko upravljanje naprav prek aplikacije eWeLink. Z njo lahko napravo vklopite\/izklopite ne glede na to, kje se nahajate. Poleg tega je mogo\u010de nastaviti \u010dasovnik ali urnik, 8 razpolo\u017eljivih programov pa vam bo omogo\u010dilo, da prilagodite delovanje naprave THR316 in prihranite denar na ra\u010dunu za elektriko. Izdelek je zdru\u017eljiv tudi z Amazon Alexa in Google Assistant. Poleg tega lahko s podporo LAN stikalo uporabljate tudi takrat, ko dostop do omre\u017eja za\u010dasno ni na voljo.<\/p>\n<p><img decoding=\"async\" src=\"https:\/\/b2b.innpro.pl\/data\/include\/cms\/01Sonoff\/THR316\/10.jpg\" title=\"\"><\/p>\n<h3>Bodite v koraku s \u010dasom<\/h3>\n<p>Pametno stikalo Sonoff v realnem \u010dasu spremlja temperaturo in vla\u017enost. \u010ce se oprema vklopi\/izklopi ali \u010de naprave dose\u017eejo nastavljeno vrednost, boste o tem obve\u0161\u010deni prek aplikacije. Stikalo lahko tudi avtomatizirate s pametnimi napravami, na primer s pametnimi vti\u010dnicami ali grelniki. To \u0161e ni vse! Aplikacija vam omogo\u010da tudi ogled zgodovine temperature in vla\u017enosti v obliki grafa po urah, dnevih in mesecih. Zgodovinske podatke za zadnjih 6 mesecev pa lahko izvozite v obliki xlsx.<\/p>\n<p><img decoding=\"async\" src=\"https:\/\/b2b.innpro.pl\/data\/include\/cms\/01Sonoff\/THR316\/3.jpg\" title=\"\"><\/p>\n<h3>Premi\u0161ljena zasnova<\/h3>\n<p>Pametno stikalo Sonoff THR316 odlikuje skrbno premi\u0161ljena zasnova. Izdelek ima velik gumb, ki ga uporabljate za vklop\/izklop naprave. Prilo\u017eena monta\u017ena letev vam omogo\u010da, da napravo preprosto pritrdite na \u017eeleno mesto, \u0161\u010dit na sprednji strani pa zagotavlja varnost. Poleg tega izbolj\u0161an sistem o\u017ei\u010denja \u0161\u010diti pred kratkimi stiki.<\/p>\n<p><img decoding=\"async\" src=\"https:\/\/b2b.innpro.pl\/data\/include\/cms\/01Sonoff\/THR316\/8.jpg\" title=\"\"><\/p>\n<h3>Varnost uporabe<\/h3>\n<p>V stikalu so uporabljeni visokokakovostni materiali, ki izpolnjujejo zahteve UL in RoHS. Izdelano je iz negorljivega osebnega ra\u010dunalnika, zaradi skrbno premi\u0161ljene zasnove pa ga lahko varno uporabljate tudi v neugodnih vremenskih razmerah, na primer v nevihtah. Poleg tega priklju\u010dek RJ9 4P4C zagotavlja stabilno in zanesljivo povezavo.<\/p>\n<p><img decoding=\"async\" src=\"https:\/\/b2b.innpro.pl\/data\/include\/cms\/01Sonoff\/THR316\/12.jpg\" title=\"\"><\/p>\n<h3>Prilo\u017een<\/h3>\n<ul>\n<li>pametno stikalo<\/li>\n<li>pritrdilno vodilo<\/li>\n<li>priro\u010dnik z navodili<\/li>\n<\/ul>\n<div class=\"table-wrapper\">\n<table>\n<tbody>\n<tr>\n<th>Proizvajalec<\/th>\n<td>Sonoff<\/td>\n<\/tr>\n<tr>\n<th>Model<\/th>\n<td>THR316<\/td>\n<\/tr>\n<tr>\n<th>Color<\/th>\n<td>White<\/td>\n<\/tr>\n<tr>\n<th>Material<\/th>\n<td>PC V0<\/td>\n<\/tr>\n<tr>\n<th>Napetost<\/th>\n<td>100-240 V ~ 50\/60 Hz 16A max<\/td>\n<\/tr>\n<tr>\n<th>WiFi<\/th>\n<td>IEEE 802.11 b\/g\/n 2,4 GHz<\/td>\n<\/tr>\n<tr>\n<th>Dimenzije<\/th>\n<td>98 x 54 mm<\/td>\n<\/tr>\n<\/tbody>\n<\/table>\n<\/div>","protected":false},"excerpt":{"rendered":"<p>Na zalogi pri zunanjem dobavitelju. Rok dobave 3-7 delovnih dni.<\/p>","protected":false},"featured_media":33092,"template":"","meta":{"_monsterinsights_skip_tracking":false,"_monsterinsights_sitenote_active":false,"_monsterinsights_sitenote_note":"","_monsterinsights_sitenote_category":0},"product_brand":[],"product_cat":[291,101,297,255],"product_tag":[],"class_list":{"0":"post-33094","1":"product","2":"type-product","3":"status-publish","4":"has-post-thumbnail","6":"product_cat-pametne-instalacije","7":"product_cat-pametni-dom","8":"product_cat-sonoff","9":"product_cat-vsi","11":"first","12":"instock","13":"taxable","14":"shipping-taxable","15":"purchasable","16":"product-type-simple"},"jetpack_sharing_enabled":true,"_links":{"self":[{"href":"https:\/\/kobra.si\/en\/wp-json\/wp\/v2\/product\/33094","targetHints":{"allow":["GET"]}}],"collection":[{"href":"https:\/\/kobra.si\/en\/wp-json\/wp\/v2\/product"}],"about":[{"href":"https:\/\/kobra.si\/en\/wp-json\/wp\/v2\/types\/product"}],"version-history":[{"count":1,"href":"https:\/\/kobra.si\/en\/wp-json\/wp\/v2\/product\/33094\/revisions"}],"predecessor-version":[{"id":33721,"href":"https:\/\/kobra.si\/en\/wp-json\/wp\/v2\/product\/33094\/revisions\/33721"}],"wp:featuredmedia":[{"embeddable":true,"href":"https:\/\/kobra.si\/en\/wp-json\/wp\/v2\/media\/33092"}],"wp:attachment":[{"href":"https:\/\/kobra.si\/en\/wp-json\/wp\/v2\/media?parent=33094"}],"wp:term":[{"taxonomy":"product_brand","embeddable":true,"href":"https:\/\/kobra.si\/en\/wp-json\/wp\/v2\/product_brand?post=33094"},{"taxonomy":"product_cat","embeddable":true,"href":"https:\/\/kobra.si\/en\/wp-json\/wp\/v2\/product_cat?post=33094"},{"taxonomy":"product_tag","embeddable":true,"href":"https:\/\/kobra.si\/en\/wp-json\/wp\/v2\/product_tag?post=33094"}],"curies":[{"name":"wp","href":"https:\/\/api.w.org\/{rel}","templated":true}]}}