{"id":33091,"date":"2025-08-22T14:32:02","date_gmt":"2025-08-22T12:32:02","guid":{"rendered":"https:\/\/kobra.si\/spletna-trgovina-kobra\/zigbee-3-0-gateway-plus-e-sonoff-zbdongle-e-dongle-home-assistant-openhab-zigbee2mqtt\/"},"modified":"2026-04-21T20:47:14","modified_gmt":"2026-04-21T18:47:14","slug":"zigbee-3-0-gateway-plus-e-sonoff-zbdongle-e-dongle-home-assistant-openhab-zigbee2mqtt","status":"publish","type":"product","link":"https:\/\/kobra.si\/en\/spletna-trgovina-kobra\/zigbee-3-0-gateway-plus-e-sonoff-zbdongle-e-dongle-home-assistant-openhab-zigbee2mqtt\/","title":{"rendered":"ZigBee 3.0 Gateway Plus-E SONOFF ZBDongle-E Dongle (Home Assistant, openHAB, Zigbee2MQTT)"},"content":{"rendered":"<h3>Sonoff Zigbee 3.0 USB Dongle Plus &#8211; Zigbee Gateway<\/h3>\n<p>Sonoff Dongle-E se lahko uporablja kot prehod Zigbee v aplikacijah Home Assistant, openHAB, Zigbee2MQTT ali drugih odprtokodnih platformah za lokalni nadzor vseh naprav Zigbee. Omogo\u010da hkratno povezavo do 32 naprav in deluje u\u010dinkoviteje kot CC2531 ali ConBee 2. Ni vam ve\u010d treba vlagati v vozli\u0161\u010da Zigbee razli\u010dnih blagovnih znamk, potrebujete le univerzalni prehod &#8211; Dongle Plus!<\/p>\n<p><img decoding=\"async\" src=\"https:\/\/b2b.innpro.pl\/data\/include\/cms\/01Sonoff\/ZigBee-3.0-USB-Dongle-E\/8.jpg\" title=\"\"><\/p>\n<h3>\u0160iroka zdru\u017eljivost<\/h3>\n<p>Dongle Plus boste uporabili kot prehod Zigbee 3.0 v odprtokodnih platformah za upravljanje razli\u010dnih naprav razli\u010dnih blagovnih znamk ali za flash vdelane programske opreme usmerjevalnika, da pove\u010date domet omre\u017eja. Dodatno lahko kupite tudi 1,5-metrski kabel USB za ve\u010dji doseg signala. Izdelek deluje s platformami, kot so Home Assistant, openHAB, Zigbee2MQTT itd. Poleg tega podpira operacijske sisteme Linux, Ubuntu, Raspbian, Windows in macOS.<\/p>\n<p><img decoding=\"async\" src=\"https:\/\/b2b.innpro.pl\/data\/include\/cms\/01Sonoff\/ZigBee-3.0-USB-Dongle-E\/5.jpg\" title=\"\"><\/p>\n<h3>Skrbno premi\u0161ljena zasnova<\/h3>\n<p>Izdelek je izdelan iz aluminijeve zlitine, ki izbolj\u0161a prenos signala. Poleg tega odpravlja motnje perifernih naprav. Ima zunanjo anteno SMA &#8211; njen polo\u017eaj lahko tudi prilagodite. Poleg tega izhodno oja\u010denje +20 dBm vpliva na 3-kratno pove\u010danje dosega signala.<\/p>\n<p><img decoding=\"async\" src=\"https:\/\/b2b.innpro.pl\/data\/include\/cms\/01Sonoff\/ZigBee-3.0-USB-Dongle-E\/1.jpg\" title=\"\"><\/p>\n<div class=\"table-wrapper\">\n<table>\n<tbody>\n<tr>\n<th>Proizvajalec:<\/th>\n<td>Sonoff<\/td>\n<\/tr>\n<tr>\n<th>Ime<\/th>\n<td>Sonoff Zigbee 3.0 USB Dongle Plus &#8211; prehod Zigbee<\/td>\n<\/tr>\n<tr>\n<th>Vhodna napetost<\/th>\n<td>DC 5 V (najve\u010d 100 mA)<\/td>\n<\/tr>\n<tr>\n<th>Working temperature<\/th>\n<td>-10 \u00b0C ~ 40 \u00b0C<\/td>\n<\/tr>\n<tr>\n<th>Brez\u017ei\u010dna povezljivost<\/th>\n<td>Zigbee 3.0<\/td>\n<\/tr>\n<tr>\n<th>Material<\/th>\n<td>Zlitina aluminija<\/td>\n<\/tr>\n<tr>\n<th>Dimenzije<\/th>\n<td>75 x 25,5 x 13,5 mm<\/td>\n<\/tr>\n<\/tbody>\n<\/table>\n<\/div>","protected":false},"excerpt":{"rendered":"<p>Na zalogi pri zunanjem dobavitelju. Rok dobave 3-7 delovnih dni.<\/p>","protected":false},"featured_media":33090,"template":"","meta":{"_monsterinsights_skip_tracking":false,"_monsterinsights_sitenote_active":false,"_monsterinsights_sitenote_note":"","_monsterinsights_sitenote_category":0},"product_brand":[],"product_cat":[291,101,297,255],"product_tag":[],"class_list":{"0":"post-33091","1":"product","2":"type-product","3":"status-publish","4":"has-post-thumbnail","6":"product_cat-pametne-instalacije","7":"product_cat-pametni-dom","8":"product_cat-sonoff","9":"product_cat-vsi","11":"first","12":"instock","13":"taxable","14":"shipping-taxable","15":"purchasable","16":"product-type-simple"},"jetpack_sharing_enabled":true,"_links":{"self":[{"href":"https:\/\/kobra.si\/en\/wp-json\/wp\/v2\/product\/33091","targetHints":{"allow":["GET"]}}],"collection":[{"href":"https:\/\/kobra.si\/en\/wp-json\/wp\/v2\/product"}],"about":[{"href":"https:\/\/kobra.si\/en\/wp-json\/wp\/v2\/types\/product"}],"version-history":[{"count":1,"href":"https:\/\/kobra.si\/en\/wp-json\/wp\/v2\/product\/33091\/revisions"}],"predecessor-version":[{"id":33722,"href":"https:\/\/kobra.si\/en\/wp-json\/wp\/v2\/product\/33091\/revisions\/33722"}],"wp:featuredmedia":[{"embeddable":true,"href":"https:\/\/kobra.si\/en\/wp-json\/wp\/v2\/media\/33090"}],"wp:attachment":[{"href":"https:\/\/kobra.si\/en\/wp-json\/wp\/v2\/media?parent=33091"}],"wp:term":[{"taxonomy":"product_brand","embeddable":true,"href":"https:\/\/kobra.si\/en\/wp-json\/wp\/v2\/product_brand?post=33091"},{"taxonomy":"product_cat","embeddable":true,"href":"https:\/\/kobra.si\/en\/wp-json\/wp\/v2\/product_cat?post=33091"},{"taxonomy":"product_tag","embeddable":true,"href":"https:\/\/kobra.si\/en\/wp-json\/wp\/v2\/product_tag?post=33091"}],"curies":[{"name":"wp","href":"https:\/\/api.w.org\/{rel}","templated":true}]}}