{"id":33087,"date":"2025-08-22T14:31:46","date_gmt":"2025-08-22T12:31:46","guid":{"rendered":"https:\/\/kobra.si\/spletna-trgovina-kobra\/pametni-wifi-rgbic-led-svetlobni-trak-sonoff-l3-pro-5m\/"},"modified":"2026-04-01T20:47:14","modified_gmt":"2026-04-01T18:47:14","slug":"pametni-wifi-rgbic-led-svetlobni-trak-sonoff-l3-pro-5m","status":"publish","type":"product","link":"https:\/\/kobra.si\/en\/spletna-trgovina-kobra\/pametni-wifi-rgbic-led-svetlobni-trak-sonoff-l3-pro-5m\/","title":{"rendered":"Pametni WiFi RGBIC LED svetlobni trak Sonoff L3 Pro 5m"},"content":{"rendered":"<h3>Smart Led Light Strip Sonoff L3 Pro 5m<\/h3>\n<p>Dodajte svojemu prostoru kan\u010dek barve s trakom LED podjetja Sonoff! L3 Pro je opremljen s 150 diodami LED in ponuja do 44 inteligentnih prizorov. Zato ga boste uspe\u0161no uporabljali ob \u0161tevilnih prilo\u017enostih. Nastavite lahko tudi barvno temperaturo in svetlost, podpira pa tudi sinhronizacijo z glasbo. Poleg tega deluje z glasovnimi pomo\u010dniki.<\/p>\n<p><img decoding=\"async\" src=\"https:\/\/b2b.innpro.pl\/data\/include\/cms\/01Sonoff\/L3-Pro\/6.jpg\" title=\"\"><\/p>\n<h3>Osvetlitev RGBIC<\/h3>\n<p>Trak L3 Pro uporablja osvetlitev RGBIC, kar pomeni, da vsaka dioda LED podpira krmiljenje s tehnologijo IC. Tako lahko hkrati svetijo v razli\u010dnih barvah. V nasprotju s tem pa standardna osvetlitev RGB omogo\u010da prikaz le ene barve po celotni dol\u017eini traku. Poskrbite za edinstveno vzdu\u0161je s sistemom Sonoff!<\/p>\n<p><img decoding=\"async\" src=\"https:\/\/b2b.innpro.pl\/data\/include\/cms\/01Sonoff\/L3-Pro\/5.jpg\" title=\"\"><\/p>\n<h3>Prilagodite njegovo delovanje svojim potrebam<\/h3>\n<p>Dru\u017einska ve\u010derja, vrtna zabava, romanti\u010den ve\u010der &#8211; v tak\u0161nih in podobnih razmerah bo deloval pametni trak Sonoff. Izdelek ponuja kar 44 pametnih scen, zato bo izpolnil razli\u010dna pri\u010dakovanja uporabnikov. Nastavite jih lahko iz aplikacije in prilagodite njihovo hitrost. Za \u0161e ve\u010djo svobodo uporabe izkoristite funkcijo \u010dasovnika &#8211; trak bo prenehal delovati ob izbranem \u010dasu.<\/p>\n<p><img decoding=\"async\" src=\"https:\/\/b2b.innpro.pl\/data\/include\/cms\/01Sonoff\/L3-Pro\/4.jpg\" title=\"\"><\/p>\n<h3>Popolnoma primeren za zabavo<\/h3>\n<p>Organizirate zabavo? Pametni trak Sonoff vam bo pri\u0161el prav! L3 Pro ima vgrajen mikrofon z visoko ob\u010dutljivostjo. Tako lahko napravo sinhronizirate z glasbo. Vse, kar morate storiti, je, da vklopite glasbeni na\u010din.<\/p>\n<p><img decoding=\"async\" src=\"https:\/\/b2b.innpro.pl\/data\/include\/cms\/01Sonoff\/L3-Pro\/1.jpg\" title=\"\"><\/p>\n<h3>Enostavno in priro\u010dno upravljanje<\/h3>\n<p>Upravljanje naprave L3 Pro vam ne bo povzro\u010dalo te\u017eav. Naprava deluje z glasovnimi pomo\u010dniki, kot so Amazon Alexa, Google Assistant in SmartThings. S pravim ukazom lahko spremenite sceno, nastavite svetlost ali barvno temperaturo. Poleg tega lahko trak upravljate tudi prek aplikacije eWeLink ali stikala.<\/p>\n<p><img decoding=\"async\" src=\"https:\/\/b2b.innpro.pl\/data\/include\/cms\/01Sonoff\/L3-Pro\/8.jpg\" title=\"\"><\/p>\n<h3>Enostavna in hitra namestitev<\/h3>\n<p>Monta\u017ea naprave L3 Pro vam bo vzela le trenutek. Vse, kar morate storiti, je, da odlepite trak in ga prilepite na \u017eeleno mesto. Njegovo dol\u017eino lahko tudi prilagodite svojim potrebam &#8211; preprosto ga skraj\u0161ajte s \u0161karjami. Poleg tega ga odlikuje trpe\u017ena konstrukcija. Trak je prevle\u010den z za\u0161\u010ditnim slojem, zaradi \u010desar je odporen na \u0161kropljenje in vlago.<\/p>\n<p><img decoding=\"async\" src=\"https:\/\/b2b.innpro.pl\/data\/include\/cms\/01Sonoff\/L3-Pro\/7.jpg\" title=\"\"><\/p>\n<h3>Uporabniku prijazen<\/h3>\n<p>S tem se prednosti traku L3 Pro \u0161e ne kon\u010dajo! Pametni trak LED se lahko napaja iz omre\u017enega polnilnika, powerbanke ali prenosnega ra\u010dunalnika. Prilo\u017een je kabel USB-C za povezavo traku z napravo. U\u017eivajte v priro\u010dni uporabi z napravo Sonoff.<\/p>\n<p><img decoding=\"async\" src=\"https:\/\/b2b.innpro.pl\/data\/include\/cms\/01Sonoff\/L3-Pro\/2.jpg\" title=\"\"><\/p>\n<h3>Vklju\u010deno<\/h3>\n<ul>\n<li>Pametni trak LED<\/li>\n<li>Stikalo<\/li>\n<li>Kabel USB-C<\/li>\n<li>Uporabni\u0161ki priro\u010dnik<\/li>\n<\/ul>\n<div class=\"table-wrapper\">\n<table>\n<tbody>\n<tr>\n<th>Proizvajalec<\/th>\n<td>Sonoff<\/td>\n<\/tr>\n<tr>\n<th>Model<\/th>\n<td>L3 Pro<\/td>\n<\/tr>\n<tr>\n<th>Color<\/th>\n<td>White<\/td>\n<\/tr>\n<tr>\n<th>Napetost<\/th>\n<td>5V DC<\/td>\n<\/tr>\n<tr>\n<th>Barvna temperatura<\/th>\n<td>2500-6500 K<\/td>\n<\/tr>\n<tr>\n<th>Svetlost<\/th>\n<td>160 lm<\/td>\n<\/tr>\n<tr>\n<th>Kot porazdelitve svetlobe<\/th>\n<td>120\u00b0<\/td>\n<\/tr>\n<tr>\n<th>\u017divljenjska doba<\/th>\n<td>pribli\u017eno 30000 ur<\/td>\n<\/tr>\n<tr>\n<th>Odpornost na brizganje<\/th>\n<td>IP54<\/td>\n<\/tr>\n<tr>\n<th>Vhodna napetost (stikalo)<\/th>\n<td>5V DC<\/td>\n<\/tr>\n<tr>\n<th>Izhodna napetost (stikalo)<\/th>\n<td>5V DC 2A<\/td>\n<\/tr>\n<tr>\n<th>Najve\u010dja mo\u010d (stikalo)<\/th>\n<td>10W<\/td>\n<\/tr>\n<tr>\n<th>\u0160tevilo LED diod<\/th>\n<td>150 kosov<\/td>\n<\/tr>\n<tr>\n<th>Dol\u017eina traku<\/th>\n<td>5 m<\/td>\n<\/tr>\n<tr>\n<th>Material<\/th>\n<td>FPCB (trak), PC V0 (stikalo)<\/td>\n<\/tr>\n<tr>\n<th>Dol\u017eina kabla USB-C<\/th>\n<td>1 m<\/td>\n<\/tr>\n<tr>\n<th>Aplikacija<\/th>\n<td>eWeLink<\/td>\n<\/tr>\n<tr>\n<th>Zdru\u017eljivost<\/th>\n<td><span>Amazon Alexa, Google Assistant, SmartThings<\/span><\/td>\n<\/tr>\n<tr>\n<th>Podprti sistemi<\/th>\n<td>Android, iOS<\/td>\n<\/tr>\n<tr>\n<th>Wi-Fi<\/th>\n<td>IEEE 802. 11 b 2,4 GHz<\/td>\n<\/tr>\n<tr>\n<th>Temperatura delovanja<\/th>\n<td>-10 \u00b0C ~ 40 \u00b0C<\/td>\n<\/tr>\n<tr>\n<th>Delovna vla\u017enost<\/th>\n<td>10-90 % VLA\u017dNOST ZRAKA<\/td>\n<\/tr>\n<tr>\n<th>Delovna nadmorska vi\u0161ina<\/th>\n<td>manj kot 2000 m<\/td>\n<\/tr>\n<\/tbody>\n<\/table>\n<\/div>","protected":false},"excerpt":{"rendered":"<p>Na zalogi pri zunanjem dobavitelju. Rok dobave 3-7 delovnih dni.<\/p>","protected":false},"featured_media":33084,"template":"","meta":{"_monsterinsights_skip_tracking":false,"_monsterinsights_sitenote_active":false,"_monsterinsights_sitenote_note":"","_monsterinsights_sitenote_category":0},"product_brand":[],"product_cat":[291,101,297,255],"product_tag":[],"class_list":{"0":"post-33087","1":"product","2":"type-product","3":"status-publish","4":"has-post-thumbnail","6":"product_cat-pametne-instalacije","7":"product_cat-pametni-dom","8":"product_cat-sonoff","9":"product_cat-vsi","11":"first","12":"outofstock","13":"taxable","14":"shipping-taxable","15":"purchasable","16":"product-type-simple"},"jetpack_sharing_enabled":true,"_links":{"self":[{"href":"https:\/\/kobra.si\/en\/wp-json\/wp\/v2\/product\/33087","targetHints":{"allow":["GET"]}}],"collection":[{"href":"https:\/\/kobra.si\/en\/wp-json\/wp\/v2\/product"}],"about":[{"href":"https:\/\/kobra.si\/en\/wp-json\/wp\/v2\/types\/product"}],"version-history":[{"count":1,"href":"https:\/\/kobra.si\/en\/wp-json\/wp\/v2\/product\/33087\/revisions"}],"predecessor-version":[{"id":33724,"href":"https:\/\/kobra.si\/en\/wp-json\/wp\/v2\/product\/33087\/revisions\/33724"}],"wp:featuredmedia":[{"embeddable":true,"href":"https:\/\/kobra.si\/en\/wp-json\/wp\/v2\/media\/33084"}],"wp:attachment":[{"href":"https:\/\/kobra.si\/en\/wp-json\/wp\/v2\/media?parent=33087"}],"wp:term":[{"taxonomy":"product_brand","embeddable":true,"href":"https:\/\/kobra.si\/en\/wp-json\/wp\/v2\/product_brand?post=33087"},{"taxonomy":"product_cat","embeddable":true,"href":"https:\/\/kobra.si\/en\/wp-json\/wp\/v2\/product_cat?post=33087"},{"taxonomy":"product_tag","embeddable":true,"href":"https:\/\/kobra.si\/en\/wp-json\/wp\/v2\/product_tag?post=33087"}],"curies":[{"name":"wp","href":"https:\/\/api.w.org\/{rel}","templated":true}]}}