{"id":33083,"date":"2025-08-22T14:31:37","date_gmt":"2025-08-22T12:31:37","guid":{"rendered":"https:\/\/kobra.si\/spletna-trgovina-kobra\/pametno-stikalo-sonoff-spm-main-lan-ethernet-wifi\/"},"modified":"2026-04-20T20:47:13","modified_gmt":"2026-04-20T18:47:13","slug":"pametno-stikalo-sonoff-spm-main-lan-ethernet-wifi","status":"publish","type":"product","link":"https:\/\/kobra.si\/en\/spletna-trgovina-kobra\/pametno-stikalo-sonoff-spm-main-lan-ethernet-wifi\/","title":{"rendered":"Pametno stikalo Sonoff SPM-Main LAN (ethernet) WiFi"},"content":{"rendered":"<h3>Pametno stikalo Sonoff SPM-Main<\/h3>\n<p>Pametno stikalo Sonoff SPM-Main, ki omogo\u010da merjenje porabe energije in podpira povezljivost prek etherneta in Wi-Fi. Obvladuje do 128 kanalov &#8211; zdru\u017eite ga lahko z do 32 stikali SPM-4Relay (po 4 kanali), ki so na voljo za lo\u010den nakup. Poleg tega za\u0161\u010dita pred preobremenitvijo prepre\u010duje po\u0161kodbe va\u0161ih naprav. Izdelek je tudi zelo enostaven za namestitev.<\/p>\n<p><img decoding=\"async\" src=\"https:\/\/b2b.innpro.pl\/data\/include\/cms\/01Sonoff\/SPM-Main\/8.jpg\" title=\"\"><\/p>\n<h3>Ve\u010d aplikacij<\/h3>\n<p>Stikalo SPM-Main se bo izkazalo v \u0161tevilnih razli\u010dnih aplikacijah. Z njim boste na primer lahko ugotovili, koliko elektri\u010dne energije mese\u010dno porabijo va\u0161i najemniki, ali ugotovili porabo energije v nakupovalnem sredi\u0161\u010du ali pisarni. Izdelek se bo izkazal za uporabnega tudi v stre\u017eni\u0161ki sobi ali rudniku kriptovalut &#8211; funkcija za\u0161\u010dite pred preobremenitvijo vam bo omogo\u010dila, da se izognete po\u0161kodbam dolo\u010dene opreme.<\/p>\n<p><img decoding=\"async\" src=\"https:\/\/b2b.innpro.pl\/data\/include\/cms\/01Sonoff\/SPM-Main\/4.jpg\" title=\"\"><\/p>\n<h3>Zanesljiv prenos signala<\/h3>\n<p>U\u017eivajte v mo\u017enosti povezovanja naprav. SPM-Main komunicira z oblakom prek ethernetne povezave ali povezave Wi-Fi. S stikali SPM-4Relay se povezuje tudi prek RS-485, zato lahko zagotavlja stabilen prenos na dolge razdalje. Te\u017eave s povezavo so stvar preteklosti!<\/p>\n<p><img decoding=\"async\" src=\"https:\/\/b2b.innpro.pl\/data\/include\/cms\/01Sonoff\/SPM-Main\/2.jpg\" title=\"\"><\/p>\n<h3>Merilnik porabe energije<\/h3>\n<p>\u017delite preveriti spremembe porabe elektri\u010dne energije v posameznih prostorih v pisarni? Ali pa vas zanima, koliko elektri\u010dne energije porabijo va\u0161i najemniki? Z napravo Sonoff je to mogo\u010de! S stikali SPM-Main in SPM-4Relay lahko natan\u010dno merite porabo elektri\u010dne energije. Vse informacije najdete v aplikaciji eWeLink. Tako lahko preverite porabo elektri\u010dne energije, ne da bi zapustili hi\u0161o &#8211; preprosto se\u017eete po telefonu!<\/p>\n<p><img decoding=\"async\" src=\"https:\/\/b2b.innpro.pl\/data\/include\/cms\/01Sonoff\/SPM-Main\/9.jpg\" title=\"\"><\/p>\n<h3>Za\u0161\u010dita pred preobremenitvijo<\/h3>\n<p>Pove\u010dajte varnost v stre\u017eni\u0161ki sobi in se ne bojte, da bi po\u0161kodovali svoje naprave. Stikalo ponuja funkcijo za\u0161\u010dite pred preobremenitvijo. Ko jo aktivirate, se oprema samodejno izklopi, ko tok, napetost ali mo\u010d dose\u017eejo vrednost, navedeno v aplikaciji. Na voljo je tudi funkcija zakasnitve obremenitve.<\/p>\n<p><img decoding=\"async\" src=\"https:\/\/b2b.innpro.pl\/data\/include\/cms\/01Sonoff\/SPM-Main\/6.jpg\" title=\"\"><\/p>\n<h3>Podpira do 128 kanalov<\/h3>\n<p>Z enim modulom SPM-Main lahko upravljate do 32 stikal SPM-4Relay. Poleg tega ima vsak SPM-4Relay na voljo do 4 neodvisne kanale z najve\u010djo obremenitvijo 20 A. To pomeni, da lahko modul SPM-Main upravlja kar 128 kanalov! Zaradi tega je idealen na primer v stanovanjskem bloku, kjer omogo\u010da preverjanje porabe energije najemnikov najetih stanovanj.<\/p>\n<p><img decoding=\"async\" src=\"https:\/\/b2b.innpro.pl\/data\/include\/cms\/01Sonoff\/SPM-Main\/3.jpg\" title=\"\"><\/p>\n<h3>Additional Accessories<\/h3>\n<p>Sedaj lahko shranite zgodovino meritev porabe energije iz zadnjih 180 dni. Stikalo je opremljeno z re\u017eo za kartico SD (8-32 GB, SDHC). To vam omogo\u010da priro\u010den izvoz podatkov in vam daje zagotovilo, da ne boste izgubili nobenih pomembnih informacij. Tudi monta\u017ea stikal SPM-Main in SPM-4Relay vam ne bo povzro\u010dala te\u017eav. Brez te\u017eav ju lahko namestite na vodilno tirnico. Opomba: kartica SD ni vklju\u010dena v komplet.<\/p>\n<p><img decoding=\"async\" src=\"https:\/\/b2b.innpro.pl\/data\/include\/cms\/01Sonoff\/SPM-Main\/1.jpg\" title=\"\"><\/p>\n<div class=\"table-wrapper\">\n<table>\n<tbody>\n<tr>\n<th>Blagovna znamka<\/th>\n<td>Sonoff<\/td>\n<\/tr>\n<tr>\n<th>Model<\/th>\n<td>SPM-Main<\/td>\n<\/tr>\n<tr>\n<th>Color<\/th>\n<td>White<\/td>\n<\/tr>\n<tr>\n<th>Vhod<\/th>\n<td>100-240 V ~50\/60 Hz 50 mA max.<\/td>\n<\/tr>\n<tr>\n<th>Wi-Fi<\/th>\n<td>802.11 b\/g\/n 2,4 GHz<\/td>\n<\/tr>\n<tr>\n<th>Material<\/th>\n<td>PC V0<\/td>\n<\/tr>\n<tr>\n<th>Dimenzije<\/th>\n<td>142,5x90x66,5 mm<\/td>\n<\/tr>\n<tr>\n<th>Zdru\u017eljive kartice SD<\/th>\n<td>8-32 GB, SDHC<\/td>\n<\/tr>\n<\/tbody>\n<\/table>\n<\/div>","protected":false},"excerpt":{"rendered":"<p>Na zalogi pri zunanjem dobavitelju. Rok dobave 3-7 delovnih dni.<\/p>","protected":false},"featured_media":33081,"template":"","meta":{"_monsterinsights_skip_tracking":false,"_monsterinsights_sitenote_active":false,"_monsterinsights_sitenote_note":"","_monsterinsights_sitenote_category":0},"product_brand":[],"product_cat":[291,101,297,255],"product_tag":[],"class_list":{"0":"post-33083","1":"product","2":"type-product","3":"status-publish","4":"has-post-thumbnail","6":"product_cat-pametne-instalacije","7":"product_cat-pametni-dom","8":"product_cat-sonoff","9":"product_cat-vsi","11":"first","12":"instock","13":"taxable","14":"shipping-taxable","15":"purchasable","16":"product-type-simple"},"jetpack_sharing_enabled":true,"_links":{"self":[{"href":"https:\/\/kobra.si\/en\/wp-json\/wp\/v2\/product\/33083","targetHints":{"allow":["GET"]}}],"collection":[{"href":"https:\/\/kobra.si\/en\/wp-json\/wp\/v2\/product"}],"about":[{"href":"https:\/\/kobra.si\/en\/wp-json\/wp\/v2\/types\/product"}],"version-history":[{"count":1,"href":"https:\/\/kobra.si\/en\/wp-json\/wp\/v2\/product\/33083\/revisions"}],"predecessor-version":[{"id":33725,"href":"https:\/\/kobra.si\/en\/wp-json\/wp\/v2\/product\/33083\/revisions\/33725"}],"wp:featuredmedia":[{"embeddable":true,"href":"https:\/\/kobra.si\/en\/wp-json\/wp\/v2\/media\/33081"}],"wp:attachment":[{"href":"https:\/\/kobra.si\/en\/wp-json\/wp\/v2\/media?parent=33083"}],"wp:term":[{"taxonomy":"product_brand","embeddable":true,"href":"https:\/\/kobra.si\/en\/wp-json\/wp\/v2\/product_brand?post=33083"},{"taxonomy":"product_cat","embeddable":true,"href":"https:\/\/kobra.si\/en\/wp-json\/wp\/v2\/product_cat?post=33083"},{"taxonomy":"product_tag","embeddable":true,"href":"https:\/\/kobra.si\/en\/wp-json\/wp\/v2\/product_tag?post=33083"}],"curies":[{"name":"wp","href":"https:\/\/api.w.org\/{rel}","templated":true}]}}