{"id":32557,"date":"2025-07-31T11:10:39","date_gmt":"2025-07-31T09:10:39","guid":{"rendered":"https:\/\/kobra.si\/spletna-trgovina-kobra\/prenosni-inverter-ecoflow-delta-pro-ultra\/"},"modified":"2026-04-20T21:05:30","modified_gmt":"2026-04-20T19:05:30","slug":"prenosni-inverter-ecoflow-delta-pro-ultra","status":"publish","type":"product","link":"https:\/\/kobra.si\/en\/spletna-trgovina-kobra\/prenosni-inverter-ecoflow-delta-pro-ultra\/","title":{"rendered":"Prenosni inverter EcoFlow DELTA Pro Ultra"},"content":{"rendered":"<h3>Prenosni inverter EcoFlow DELTA Pro Ultra<\/h3>\n<p>Bodite pripravljeni na nepri\u010dakovane nujne primere, prihranite pri ra\u010dunih in bodite prepri\u010dani, da bodo va\u0161i gospodinjski aparati delovali ne glede na vse. EcoFlow DELTA Pro Ultra je inverter, ki v kombinaciji z eno ali ve\u010d baterijami (naprodaj lo\u010deno) ustvari zmogljivo prenosno elektrarno &#8211; prilagodljiv in raz\u0161irljiv vir energije z impresivno zmogljivostjo, ki omogo\u010da dolgotrajno napajanje izbrane opreme. Z veliko izhodno mo\u010djo (do 6900 W), zdru\u017eljivostjo s fotovoltaiko (do 5600 W) in spletno funkcijo UPS (Uninterruptible Power Supply) je kot nala\u0161\u010d za najzahtevnej\u0161e aplikacije. Je idealna re\u0161itev za tiste, ki \u017eelijo postati neodvisni od omre\u017eja ali za\u0161\u010dititi svoj dom v primeru izrednih razmer! Opomba: inverter deluje le v povezavi z baterijo.<\/p>\n<p>\n<img decoding=\"async\" alt=\"Elegant living room with panoramic windows and a power generator against the wall during a storm\" border=\"0\" src=\"https:\/\/assets.innpro.pl\/17721\/23494\/3.jpg\" title=\"\">\n<\/p>\n<h3>Mo\u010d do 6900 W &#8211; z njim boste napajali skoraj vse<\/h3>\n<p>Zahvaljujo\u010d tehnologiji X-Fusion ponuja DELTA Pro Ultra neprekinjeno izhodno mo\u010d do 6900 vatov in najve\u010djo mo\u010d do 10300 vatov (do 10 sekund) &#8211; tudi med polnjenjem. To pomeni, da lahko brez te\u017eav napaja ve\u010d naprav z visokimi energetskimi zahtevami &#8211; vklju\u010dno s pralnimi in su\u0161ilnimi stroji, toplotnimi \u010drpalkami ali klimatskimi napravami.<\/p>\n<p>\n<img decoding=\"async\" alt=\"Father and daughter at two washing machines next to a power station in a bright room\" border=\"0\" src=\"https:\/\/assets.innpro.pl\/17721\/23494\/4.jpg\" title=\"\">\n<\/p>\n<h3>Mo\u017enost skaliranja do 30 kWh &#8211; prilagodite sistem svojim potrebam<\/h3>\n<p>Inverter deluje v povezavi z baterijami DELTA Pro Ultra EB (naprodaj lo\u010deno) &#8211; vsaka ima zmogljivost 6 kWh, kar pomeni ve\u010d ur energije za naprave, ki jih potrebujete. Potrebujete \u0161e ve\u010d energije? Skupaj lahko pove\u017eete do pet enot in tako dose\u017eete najve\u010d 30 kWh. Zaradi modularne zasnove je raz\u0161iritev hitra in ne zahteva posebnih orodij.<\/p>\n<p>\n<img decoding=\"async\" alt=\"An inverter with five batteries plugged into an outlet against a gray wall\" border=\"0\" src=\"https:\/\/assets.innpro.pl\/17721\/23494\/7.jpg\" title=\"\">\n<\/p>\n<h3>Ustvarite u\u010dinkovit fotovoltai\u010dni sistem &#8211; do 5,6 kW iz plo\u0161\u010d<\/h3>\n<p>Inverter DELTA Pro Ultra je opremljen z dvema fotonapetostnima vhodoma &#8211; enim z nizko napetostjo do 150 V in drugim z visoko napetostjo do 450 V, kar vam omogo\u010da priklju\u010ditev do desetih fotonapetostnih panelov po 400 W. Tako lahko iz fotovoltaike pridobite impresivno mo\u010d &#8211; do 5 600 W (4 000 W + 1 600 W). Napolnite svoje naprave z brezpla\u010dno energijo iz sonca in prihranite pri ra\u010dunih! DELTA Pro Ultra je prva elektrarna na svetu, ki podpira 450-voltni visokonapetostni fotovoltai\u010dni vhod.<\/p>\n<p>\n<img decoding=\"async\" alt=\"A family with a dog playing on the lawn in front of a house with solar panels and a garage\" border=\"0\" src=\"https:\/\/assets.innpro.pl\/17721\/23494\/9.jpg\" title=\"\">\n<\/p>\n<h3>Ve\u010d na\u010dinov polnjenja &#8211; brezskrben dostop do energije<\/h3>\n<p>Sistem DELTA Pro Ultra ponuja izjemno prilagodljive mo\u017enosti polnjenja baterij &#8211; izbirate lahko med ve\u010d razli\u010dnimi na\u010dini, ki vam omogo\u010dajo, da na\u010din dopolnjevanja energije prilagodite trenutnim razmeram. Uporabljate lahko fotonapetostne panele v (do 4 000 W ali do 1 600 W), polnilno postajo za elektri\u010dna vozila (do 6 900 W), generator elektri\u010dne energije (do 2 800 W) ali standardno stensko vti\u010dnico (do 2 800 W). Poleg tega je mogo\u010de hkratno polnjenje iz dveh virov (fotovoltaika + omre\u017eje), kar omogo\u010da impresivno najve\u010djo vhodno mo\u010d do 8800 W. Prav tako vam ni treba predolgo \u010dakati, da je sistem pripravljen za delovanje. Za polnjenje ene baterije do 80 % traja le pribli\u017eno 1 uro in 13 minut, dve bateriji pa se lahko 100 % napolnita \u017ee v 2 urah.<\/p>\n<p>\n<img decoding=\"async\" alt=\"A family in the kitchen with a child running past a power generator connected to an outlet\" border=\"0\" src=\"https:\/\/assets.innpro.pl\/17721\/23494\/8.jpg\" title=\"\">\n<\/p>\n<h3>Enostavna povezava z doma\u010do namestitvijo<\/h3>\n<p>V kombinaciji z lo\u010deno dobavljivim stikalom (MTS &#8211; ro\u010dno prenosno stikalo) lahko sistem DELTA Pro Ultra napaja celotno doma\u010do in\u0161talacijo. Dodatna oprema omogo\u010da enostavno preklapljanje med elektri\u010dnim omre\u017ejem in sistemom EcoFlow, s \u010dimer je mogo\u010de na primer uporabiti \u010dez dan shranjeno son\u010dno energijo za napajanje celotne hi\u0161e zve\u010der in pono\u010di ter prihraniti pri ra\u010dunih. Tak\u0161na re\u0161itev se bo dobro obnesla tudi v izrednih razmerah.<\/p>\n<p>\n<img decoding=\"async\" alt=\"A wooden house in the woods with a power station on the terrace\" border=\"0\" src=\"https:\/\/assets.innpro.pl\/17721\/23494\/2.jpg\" title=\"\">\n<\/p>\n<h3>Napajanje UPS v sili<\/h3>\n<p>Nepri\u010dakovana okvara? Za to vam ni treba ve\u010d skrbeti &#8211; postaja DELTA Pro Ultra (baterija z inverterjem) podpira spletno funkcijo UPS, ki omogo\u010da preklop na zasilno napajanje v 20 ms. Tako ste lahko prepri\u010dani, da bodo va\u0161e naprave, kot sta hladilnik ali ra\u010dunalnik, tudi v primeru nenadnega izpada elektri\u010dne energije delovale nemoteno!<\/p>\n<p>\n<img decoding=\"async\" alt=\"Home office with energy generator, aquarium and sleeping dog on the floor\" border=\"0\" src=\"https:\/\/assets.innpro.pl\/17721\/23494\/11.jpg\" title=\"\">\n<\/p>\n<h3>Popoln nadzor z aplikacijo EcoFlow<\/h3>\n<p>Udobno upravljanje postaje omogo\u010da aplikacija EcoFlow. Omogo\u010da vam popoln nadzor nad pretokom energije &#8211; spremljanje porabe, stopnje napolnjenosti in \u0161e veliko ve\u010d v realnem \u010dasu. Intuitivni vmesnik vam omogo\u010da avtomatizacijo urnikov polnjenja in praznjenja, prilagajanje na\u010dinov delovanja in optimizacijo delovanja celotnega sistema. Aplikacija je zdru\u017eljiva tudi z drugimi blagovnimi znamkami, kot so Google, Shelly, Tapo in Kasa Smart.<\/p>\n<p>\n<img decoding=\"async\" alt=\"Rescue team at the scene of a car accident with an energy generator among the debris\" border=\"0\" src=\"https:\/\/assets.innpro.pl\/17721\/23494\/5.jpg\" title=\"\">\n<\/p>\n<h3>Pripravljenost na vse vremenske razmere<\/h3>\n<p>Postaja EcoFlow DELTA Pro Ultra bo dobro delovala tudi v izjemno zahtevnih razmerah. Ponuja funkcijo samodejnega ogrevanja, zato se ne ustra\u0161i nizkih temperatur &#8211; brez te\u017eav deluje pri temperaturah od -20 \u00b0C do 45 \u00b0C. Ima tudi sistem hlajenja X-Cooling, odlikuje pa jo stopnja za\u0161\u010dite IP54. Prah ali \u0161kropljenje ga ne ogro\u017eata! Poleg tega ima vrhunska baterija LFP (litij-\u017eelezo-fosfat) dolgo \u017eivljenjsko dobo, za njeno odli\u010dno stanje pa skrbita sistem BMS (Battery Management System) in tehnologija uravnote\u017eenja celic SOC (State of Charge).<\/p>\n<p>\n<img decoding=\"async\" alt=\"Power station on wheels against a dramatic landscape combining glacier and desert\" border=\"0\" src=\"https:\/\/assets.innpro.pl\/17721\/23494\/10.jpg\" title=\"\">\n<\/p>\n<h3>Premi\u0161ljena zasnova in presenetljivo tiho delovanje<\/h3>\n<p>EcoFlow DELTA Pro Ultra se bo dobro obnesel v skoraj vsakem prostoru &#8211; od enodru\u017einske hi\u0161e do po\u010ditni\u0161ke hi\u0161e in potovalnih aplikacij. Zahvaljujo\u010d modularni zasnovi in lo\u010deno dobavljivemu transportnemu vozi\u010dku lahko postajo preprosto premaknete in jo odpeljete na po\u010ditnice, v gara\u017eo ali na vrt. Odli\u010dna bo tudi za profesionalno uporabo &#8211; na primer v pisarnah, na filmskih prizori\u0161\u010dih ali prireditvah. \u0160e ve\u010d, sistem EcoFlow v postaji DELTA Pro Ultra deluje izjemno tiho &#8211; pri obremenitvi manj kot 2.000 W je raven hrupa 0 db! Med intenzivnej\u0161im delom pa glasnost ne presega 30 dB, kar je pribli\u017eno enako \u0161epetu. Zato lahko postajo brez te\u017eav uporabljate tudi pono\u010di &#8211; ne bo vas motila.<\/p>\n<p>\n<img decoding=\"async\" alt=\"Family hiding a portable power station in the trunk of a white car in front of the garage\" border=\"0\" src=\"https:\/\/assets.innpro.pl\/17721\/23494\/1.jpg\" title=\"\">\n<\/p>\n<h3>Prihranite pri ra\u010dunih<\/h3>\n<p>Sistem DELTA Pro Ultra vam pomaga realno zni\u017eati ra\u010dune za elektri\u010dno energijo. Na\u010din lastnega napajanja vam omogo\u010da, da najprej uporabite energijo iz son\u010dnih kolektorjev in \u0161ele pozneje pose\u017eete po energiji iz omre\u017eja. Vredno je izkoristiti tudi urnike polnjenja in praznjenja. Vse to vam olaj\u0161a zmanj\u0161anje porabe energije iz omre\u017eja in prihranek pri ra\u010dunih!<\/p>\n<p>\n<img decoding=\"async\" alt=\"Modern house with garage and electric car charging station surrounded by greenery\" border=\"0\" src=\"https:\/\/assets.innpro.pl\/17721\/23494\/7f2eb4f3-790e-4d13-a05f-8f616d99f1e5.jpg\" title=\"\">\n<\/p>\n<h3>Vklju\u010deno<\/h3>\n<ul class=\"list-disc pl-5\">\n<li>Inverter<\/li>\n<li>Prenosno podno\u017eje<\/li>\n<li>Podporne noge x4<\/li>\n<li>Vijaki M6*20 x4<\/li>\n<li>Stranska kolesca x4<\/li>\n<li>Orodje za monta\u017eo in demonta\u017eo<\/li>\n<li>EcoFlow Solarni kabel za vrata z nizko porabo elektri\u010dne energije<\/li>\n<li>Kabel za polnjenje z izmeni\u010dnim tokom<\/li>\n<li>Uporabni\u0161ki priro\u010dnik in garancijski list<\/li>\n<\/ul>\n<div class=\"table-wrapper\">\n<h3>General<\/h3>\n<table>\n<tbody>\n<tr>\n<th>Dimenzije<\/th>\n<td>690 \u00d7 481 \u00d7 214 mm<\/td>\n<\/tr>\n<tr>\n<th>Bruto te\u017ea<\/th>\n<td>41,7 kg<\/td>\n<\/tr>\n<tr>\n<th>Neto te\u017ea<\/th>\n<td>32,1 kg<\/td>\n<\/tr>\n<tr>\n<th>Zmogljivost ene baterije<\/th>\n<td>6 kWh (6.144 Wh)<\/td>\n<\/tr>\n<tr>\n<th>Najve\u010dja zmogljivost po raz\u0161iritvi<\/th>\n<td>30 kWh (6144 Wh x5)<\/td>\n<\/tr>\n<\/tbody>\n<\/table>\n<h3>Vhodi<\/h3>\n<table>\n<tbody>\n<tr>\n<th>PV vhod (High-PV)<\/th>\n<td>80-450 V, 15 A, najve\u010d 4.000 W<\/td>\n<\/tr>\n<tr>\n<th>PV vhod (Low-PV)<\/th>\n<td>30-150 V, 15 A, najve\u010d 1 600 W<\/td>\n<\/tr>\n<tr>\n<th>AC vhod<\/th>\n<td>Polnjenje\/obhod: 200-240 V, 12,5 A, 50\/60 Hz<\/td>\n<\/tr>\n<tr>\n<th>Vhodni\/izhodni tok<\/th>\n<td>200-240 V, 30 A, 50\/60 Hz, najve\u010d 6.900 W<\/td>\n<\/tr>\n<\/tbody>\n<\/table>\n<h3>Izhodi<\/h3>\n<table>\n<tbody>\n<tr>\n<th>Izhod AC EU<\/th>\n<td>230 V, 50 Hz, skupaj 6.900 W, najve\u010d 13 A na vrata \u00d74, najve\u010d 30 A na vrata \u00d71<\/td>\n<\/tr>\n<tr>\n<th>Obhodni na\u010din<\/th>\n<td>220-240 V, 50\/60 Hz, skupaj 2.900 W, max. 12,5 A na vrata \u00d75<\/td>\n<\/tr>\n<tr>\n<th>Izhod enosmernega toka<\/th>\n<td>12,6 V, 30 A, najve\u010d 378 W<\/td>\n<\/tr>\n<tr>\n<th>Vrata USB-C<\/th>\n<td>5\/9\/12\/15 V &#8211; 3 A, 20 V &#8211; 5 A, najve\u010d 100 W na vrata \u00d72, skupaj 200 W.<\/td>\n<\/tr>\n<tr>\n<th>Priklju\u010dki USB-A<\/th>\n<td>5 V &#8211; 2,4 A, najve\u010d 12 W na vrata \u00d72, skupaj 24 W<\/td>\n<\/tr>\n<\/tbody>\n<\/table>\n<h3>Okoljski pogoji<\/h3>\n<table>\n<tbody>\n<tr>\n<th>Temperatura polnjenja<\/th>\n<td>Od -20 \u00b0C do 45 \u00b0C<\/td>\n<\/tr>\n<tr>\n<th>Temperatura praznjenja<\/th>\n<td>Od -20 \u00b0C do 45 \u00b0C<\/td>\n<\/tr>\n<tr>\n<th>Storage temperature<\/th>\n<td>Od -20 \u00b0C do 45 \u00b0C<\/td>\n<\/tr>\n<tr>\n<th>Vla\u017enost delovnega okolja<\/th>\n<td>\u226490%<\/td>\n<\/tr>\n<tr>\n<th>Najve\u010dja delovna nadmorska vi\u0161ina<\/th>\n<td>\u22643 000 m<\/td>\n<\/tr>\n<tr>\n<th>Raven hrupa<\/th>\n<td>\u226430 dB<\/td>\n<\/tr>\n<\/tbody>\n<\/table>\n<h3>Drugo<\/h3>\n<table>\n<tbody>\n<tr>\n<th>Funkcija UPS<\/th>\n<td>&lt;20 ms<\/td>\n<\/tr>\n<tr>\n<th>Povezljivost<\/th>\n<td>Wi-Fi 2,4 GHz, Bluetooth 5.0<\/td>\n<\/tr>\n<tr>\n<th>Vodoodporni razred<\/th>\n<td>IP54<\/td>\n<\/tr>\n<tr>\n<th>Zaslon<\/th>\n<td>LCD<\/td>\n<\/tr>\n<tr>\n<th>EMC<\/th>\n<td>Razred A<\/td>\n<\/tr>\n<tr>\n<th>Garancijski rok<\/th>\n<td>5 let<\/td>\n<\/tr>\n<\/tbody>\n<\/table>\n<\/div>","protected":false},"excerpt":{"rendered":"<p>Na zalogi pri zunanjem dobavitelju. Rok dobave 3-7 delovnih dni.<\/p>","protected":false},"featured_media":32553,"template":"","meta":{"_monsterinsights_skip_tracking":false,"_monsterinsights_sitenote_active":false,"_monsterinsights_sitenote_note":"","_monsterinsights_sitenote_category":0},"product_brand":[],"product_cat":[101,296,255],"product_tag":[],"class_list":{"0":"post-32557","1":"product","2":"type-product","3":"status-publish","4":"has-post-thumbnail","6":"product_cat-pametni-dom","7":"product_cat-solarna-tehnika","8":"product_cat-vsi","10":"first","11":"instock","12":"taxable","13":"shipping-taxable","14":"purchasable","15":"product-type-simple"},"jetpack_sharing_enabled":true,"_links":{"self":[{"href":"https:\/\/kobra.si\/en\/wp-json\/wp\/v2\/product\/32557","targetHints":{"allow":["GET"]}}],"collection":[{"href":"https:\/\/kobra.si\/en\/wp-json\/wp\/v2\/product"}],"about":[{"href":"https:\/\/kobra.si\/en\/wp-json\/wp\/v2\/types\/product"}],"version-history":[{"count":1,"href":"https:\/\/kobra.si\/en\/wp-json\/wp\/v2\/product\/32557\/revisions"}],"predecessor-version":[{"id":33761,"href":"https:\/\/kobra.si\/en\/wp-json\/wp\/v2\/product\/32557\/revisions\/33761"}],"wp:featuredmedia":[{"embeddable":true,"href":"https:\/\/kobra.si\/en\/wp-json\/wp\/v2\/media\/32553"}],"wp:attachment":[{"href":"https:\/\/kobra.si\/en\/wp-json\/wp\/v2\/media?parent=32557"}],"wp:term":[{"taxonomy":"product_brand","embeddable":true,"href":"https:\/\/kobra.si\/en\/wp-json\/wp\/v2\/product_brand?post=32557"},{"taxonomy":"product_cat","embeddable":true,"href":"https:\/\/kobra.si\/en\/wp-json\/wp\/v2\/product_cat?post=32557"},{"taxonomy":"product_tag","embeddable":true,"href":"https:\/\/kobra.si\/en\/wp-json\/wp\/v2\/product_tag?post=32557"}],"curies":[{"name":"wp","href":"https:\/\/api.w.org\/{rel}","templated":true}]}}