{"id":32531,"date":"2025-07-31T11:09:15","date_gmt":"2025-07-31T09:09:15","guid":{"rendered":"https:\/\/kobra.si\/spletna-trgovina-kobra\/kovinski-nosilec-ecoflow\/"},"modified":"2025-12-01T09:46:46","modified_gmt":"2025-12-01T08:46:46","slug":"kovinski-nosilec-ecoflow","status":"publish","type":"product","link":"https:\/\/kobra.si\/en\/spletna-trgovina-kobra\/kovinski-nosilec-ecoflow\/","title":{"rendered":"Kovinski nosilec EcoFlow"},"content":{"rendered":"<h3>Kovinski nosilec EcoFlow<\/h3>\n<p>Kovinski monta\u017eni nosilec EcoFlow je priro\u010den pri raz\u0161iritvi sistema DELTA Pro Ultra. Uporablja se za varno vertikalno povezavo treh ali ve\u010d baterijskih modulov. Omogo\u010da tudi povezavo baterij z inverterjem. Zaradi robustne, a kompaktne oblike (112,6 \u00d7 48,2 \u00d7 24 mm) se pripomo\u010dek odli\u010dno prilega sistemu ter zagotavlja vzdr\u017eljivost in varnost celotne namestitve.<\/p>\n<p>\n<img decoding=\"async\" alt=\"Metal mounting brackets for EcoFlow batteries on gray background\" border=\"0\" src=\"https:\/\/assets.innpro.pl\/17730\/23510\/1.jpg\" title=\"\">\n<\/p>\n<div class=\"table-wrapper\">\n<h3><\/h3>\n<table>\n<tbody>\n<tr>\n<th>Proizvajalec<\/th>\n<td>EcoFlow<\/td>\n<\/tr>\n<tr>\n<th>Ime<\/th>\n<td>EcoFlow Kovinski jezi\u010dek za pritrditev<\/td>\n<\/tr>\n<tr>\n<th>Model<\/th>\n<td>EFA-FixingMetalTab<\/td>\n<\/tr>\n<tr>\n<th>Dimenzije<\/th>\n<td>112,6 x 48,2 x 24 mm<\/td>\n<\/tr>\n<tr>\n<th>Zdru\u017eljivost<\/th>\n<td>EcoFlow DELTA Pro Ultra<\/td>\n<\/tr>\n<\/tbody>\n<\/table>\n<\/div>","protected":false},"excerpt":{"rendered":"<p>Na zalogi pri zunanjem dobavitelju. Rok dobave 3-7 delovnih dni.<\/p>","protected":false},"featured_media":32530,"template":"","meta":{"_monsterinsights_skip_tracking":false,"_monsterinsights_sitenote_active":false,"_monsterinsights_sitenote_note":"","_monsterinsights_sitenote_category":0},"product_brand":[],"product_cat":[101,296,255],"product_tag":[],"class_list":{"0":"post-32531","1":"product","2":"type-product","3":"status-publish","4":"has-post-thumbnail","6":"product_cat-pametni-dom","7":"product_cat-solarna-tehnika","8":"product_cat-vsi","10":"first","11":"instock","12":"taxable","13":"shipping-taxable","14":"purchasable","15":"product-type-simple"},"jetpack_sharing_enabled":true,"_links":{"self":[{"href":"https:\/\/kobra.si\/en\/wp-json\/wp\/v2\/product\/32531","targetHints":{"allow":["GET"]}}],"collection":[{"href":"https:\/\/kobra.si\/en\/wp-json\/wp\/v2\/product"}],"about":[{"href":"https:\/\/kobra.si\/en\/wp-json\/wp\/v2\/types\/product"}],"version-history":[{"count":1,"href":"https:\/\/kobra.si\/en\/wp-json\/wp\/v2\/product\/32531\/revisions"}],"predecessor-version":[{"id":33766,"href":"https:\/\/kobra.si\/en\/wp-json\/wp\/v2\/product\/32531\/revisions\/33766"}],"wp:featuredmedia":[{"embeddable":true,"href":"https:\/\/kobra.si\/en\/wp-json\/wp\/v2\/media\/32530"}],"wp:attachment":[{"href":"https:\/\/kobra.si\/en\/wp-json\/wp\/v2\/media?parent=32531"}],"wp:term":[{"taxonomy":"product_brand","embeddable":true,"href":"https:\/\/kobra.si\/en\/wp-json\/wp\/v2\/product_brand?post=32531"},{"taxonomy":"product_cat","embeddable":true,"href":"https:\/\/kobra.si\/en\/wp-json\/wp\/v2\/product_cat?post=32531"},{"taxonomy":"product_tag","embeddable":true,"href":"https:\/\/kobra.si\/en\/wp-json\/wp\/v2\/product_tag?post=32531"}],"curies":[{"name":"wp","href":"https:\/\/api.w.org\/{rel}","templated":true}]}}