{"id":32529,"date":"2025-07-31T11:09:02","date_gmt":"2025-07-31T09:09:02","guid":{"rendered":"https:\/\/kobra.si\/spletna-trgovina-kobra\/ecoflow-rapid-pro-100w-omrezni-polnilnik-2xusb-c-1xusb-a-gan\/"},"modified":"2026-04-20T21:05:24","modified_gmt":"2026-04-20T19:05:24","slug":"ecoflow-rapid-pro-100w-omrezni-polnilnik-2xusb-c-1xusb-a-gan","status":"publish","type":"product","link":"https:\/\/kobra.si\/en\/spletna-trgovina-kobra\/ecoflow-rapid-pro-100w-omrezni-polnilnik-2xusb-c-1xusb-a-gan\/","title":{"rendered":"EcoFlow RAPID Pro 100W omre\u017eni polnilnik, 2xUSB-C, 1xUSB-A, GaN"},"content":{"rendered":"<h3>EcoFlow RAPID Pro 100W omre\u017eni polnilnik, 2xUSB-C, 1xUSB-A, GaN<\/h3>\n<p>EcoFlow RAPID Pro 100W je izjemno zmogljiv, a priro\u010den omre\u017eni polnilnik, ki omogo\u010da hitro in varno polnjenje do treh naprav hkrati. Pona\u0161a se z najve\u010djo izhodno mo\u010djo 100 W in uporablja tehnologijo GaN (galijev nitrid, polprevodni\u0161ko tehnologijo za u\u010dinkovito polnjenje). Opremljen je tudi s tremi priklju\u010dki &#8211; dvema USB-C (Universal Serial Bus tipa C, univerzalni priklju\u010dek za podatke in napajanje) in enim USB-A (Universal Serial Bus tipa A). Zdaj je ena vti\u010dnica dovolj za napajanje celega niza naprav!<\/p>\n<p>\n<img decoding=\"async\" alt=\"srebrna \u0142adowarka na ciemnym tle\" border=\"0\" src=\"https:\/\/assets.innpro.pl\/17589\/23308\/6.jpg\" title=\"\">\n<\/p>\n<h3>Izjemno hitro polnjenje s tehnologijo X-Stream<\/h3>\n<p>Polnilec RAPID Pro z mo\u010djo do 100 W omogo\u010da izjemno hitro polnjenje &#8211; MacBook Pro 13&#8243; M4 lahko na primer popolnoma napolnite v manj kot dveh urah. To je re\u0161itev, zasnovana za najve\u010djo u\u010dinkovitost &#8211; deluje povsod, kjer je \u010das bistvenega pomena!<\/p>\n<p>\n<img decoding=\"async\" alt=\"otwarty laptop \u0142adowany za pomoc\u0105 srebrnej \u0142adowarki\" border=\"0\" src=\"https:\/\/assets.innpro.pl\/17589\/23308\/4.jpg\" title=\"\">\n<\/p>\n<h3>Trije priklju\u010dki, popoln nadzor<\/h3>\n<p>RAPID Pro 100W ponuja dva priklju\u010dka USB-C in en priklju\u010dek USB-A, zato lahko hkrati polnite tri naprave, ne da bi za to potrebovali dodatne adapterje. Ne glede na to, ali ste v pisarni, doma ali na poti &#8211; zdaj potrebujete le en kompakten polnilnik!<\/p>\n<p>\n<img decoding=\"async\" alt=\"\u0142adowarka z trzema portami pod\u0142\u0105czona do gniazdka i \u0142aduj\u0105ca laptopa, smartfona i etui s\u0142uchawek TWS\" border=\"0\" src=\"https:\/\/assets.innpro.pl\/17589\/23308\/5.jpg\" title=\"\">\n<\/p>\n<h3>Najsodobnej\u0161a tehnologija GaN<\/h3>\n<p>Polnilec uporablja napredno tehnologijo GaN za doseganje visoke mo\u010di pri minimalnih dimenzijah. Zagotavlja tudi ve\u010djo energetsko u\u010dinkovitost, manj segrevanja in dalj\u0161o \u017eivljenjsko dobo naprave.<\/p>\n<p>\n<img decoding=\"async\" alt=\"dwie \u0142adowarki \u2013 bia\u0142a i mniejsza srebrna \u2013 pod\u0142\u0105czone obok siebie do gniazdek\" border=\"0\" src=\"https:\/\/assets.innpro.pl\/17589\/23308\/3.jpg\" title=\"\">\n<\/p>\n<h3>Zasnovan z mislijo na varnost<\/h3>\n<p>Polnilnik RAPID Pro 100W je opremljen z za\u0161\u010ditnim sistemom X-Guard s \u010dipom X-Core 3.0, ki omogo\u010da ne le hitro, temve\u010d tudi varno polnjenje. Vgrajen senzor spremlja temperaturo in tako zmanj\u0161uje tveganje pregrevanja. Poleg tega je polnilnik zelo vzdr\u017eljiv, njegovo ohi\u0161je pa izpolnjuje standarde po\u017earne odpornosti VO. Odli\u010dno vam bo slu\u017eil ve\u010d let!<\/p>\n<p>\n<img decoding=\"async\" alt=\"smartfon \u0142adowany za pomoc\u0105 srebrnej \u0142adowarki\" border=\"0\" src=\"https:\/\/assets.innpro.pl\/17589\/23308\/2.jpg\" title=\"\">\n<\/p>\n<div class=\"table-wrapper\">\n<h3><\/h3>\n<table>\n<tbody>\n<tr>\n<th>Proizvajalec<\/th>\n<td>EcoFlow<\/td>\n<\/tr>\n<tr>\n<th>Ime<\/th>\n<td>Polnilec RAPID Pro (100 W)<\/td>\n<\/tr>\n<tr>\n<th>Model<\/th>\n<td>EFA-100W-GAN-CHARGER<\/td>\n<\/tr>\n<tr>\n<th>Najve\u010dja skupna izhodna mo\u010d<\/th>\n<td>100 W<\/td>\n<\/tr>\n<tr>\n<th>\u0160tevilo priklju\u010dkov<\/th>\n<td>3 (2x USB-C, 1x USB-A)<\/td>\n<\/tr>\n<tr>\n<th>Najve\u010dja izhodna mo\u010d posameznega priklju\u010dka USB-C<\/th>\n<td>100 W<\/td>\n<\/tr>\n<\/tbody>\n<\/table>\n<\/div>","protected":false},"excerpt":{"rendered":"<p>Na zalogi pri zunanjem dobavitelju. Rok dobave 3-7 delovnih dni.<\/p>","protected":false},"featured_media":32528,"template":"","meta":{"_monsterinsights_skip_tracking":false,"_monsterinsights_sitenote_active":false,"_monsterinsights_sitenote_note":"","_monsterinsights_sitenote_category":0},"product_brand":[],"product_cat":[101,296,255],"product_tag":[],"class_list":{"0":"post-32529","1":"product","2":"type-product","3":"status-publish","4":"has-post-thumbnail","6":"product_cat-pametni-dom","7":"product_cat-solarna-tehnika","8":"product_cat-vsi","10":"first","11":"instock","12":"taxable","13":"shipping-taxable","14":"purchasable","15":"product-type-simple"},"jetpack_sharing_enabled":true,"_links":{"self":[{"href":"https:\/\/kobra.si\/en\/wp-json\/wp\/v2\/product\/32529","targetHints":{"allow":["GET"]}}],"collection":[{"href":"https:\/\/kobra.si\/en\/wp-json\/wp\/v2\/product"}],"about":[{"href":"https:\/\/kobra.si\/en\/wp-json\/wp\/v2\/types\/product"}],"version-history":[{"count":1,"href":"https:\/\/kobra.si\/en\/wp-json\/wp\/v2\/product\/32529\/revisions"}],"predecessor-version":[{"id":33767,"href":"https:\/\/kobra.si\/en\/wp-json\/wp\/v2\/product\/32529\/revisions\/33767"}],"wp:featuredmedia":[{"embeddable":true,"href":"https:\/\/kobra.si\/en\/wp-json\/wp\/v2\/media\/32528"}],"wp:attachment":[{"href":"https:\/\/kobra.si\/en\/wp-json\/wp\/v2\/media?parent=32529"}],"wp:term":[{"taxonomy":"product_brand","embeddable":true,"href":"https:\/\/kobra.si\/en\/wp-json\/wp\/v2\/product_brand?post=32529"},{"taxonomy":"product_cat","embeddable":true,"href":"https:\/\/kobra.si\/en\/wp-json\/wp\/v2\/product_cat?post=32529"},{"taxonomy":"product_tag","embeddable":true,"href":"https:\/\/kobra.si\/en\/wp-json\/wp\/v2\/product_tag?post=32529"}],"curies":[{"name":"wp","href":"https:\/\/api.w.org\/{rel}","templated":true}]}}