{"id":32508,"date":"2025-07-31T11:07:31","date_gmt":"2025-07-31T09:07:31","guid":{"rendered":"https:\/\/kobra.si\/spletna-trgovina-kobra\/komplet-stabilizacijskega-traku-serije-ecoflow-wave\/"},"modified":"2026-02-11T21:04:39","modified_gmt":"2026-02-11T20:04:39","slug":"komplet-stabilizacijskega-traku-serije-ecoflow-wave","status":"publish","type":"product","link":"https:\/\/kobra.si\/en\/spletna-trgovina-kobra\/komplet-stabilizacijskega-traku-serije-ecoflow-wave\/","title":{"rendered":"Komplet stabilizacijskega traku serije EcoFlow WAVE"},"content":{"rendered":"<h3>Komplet stabilizacijskega traku serije EcoFlow WAVE<\/h3>\n<p>Ro\u010daj z velcro trakom za klimatske naprave EcoFlow serije WAVE omogo\u010da enostavno prena\u0161anje naprave z eno roko, kar pove\u010da udobje pri transportu na terenu in pri vsakodnevni uporabi. Zahvaljujo\u010d pametni zasnovi in \u0161irokemu traku Velcro izdelek varno obdaja telo enote ter zagotavlja stabilnost in varnost. Pripomo\u010dek je izdelan iz trpe\u017enega poliestrskega materiala s pridihom kovine in je zasnovan za hitro namestitev brez orodja.<\/p>\n<p>\n<img decoding=\"async\" alt=\"M\u0119\u017cczyzna w kapeluszu i koszuli pakuje przeno\u015bny klimatyzator do baga\u017cnika samochodu terenowego na pustyni\" border=\"0\" src=\"https:\/\/assets.innpro.pl\/17564\/23277\/1.jpg\" title=\"\">\n<\/p>\n<div class=\"table-wrapper\">\n<h3><\/h3>\n<table>\n<tbody>\n<tr>\n<th>Proizvajalec<\/th>\n<td>EcoFlow<\/td>\n<\/tr>\n<tr>\n<th>Koda proizvajalca<\/th>\n<td>EFA-WAVE3STRAP<\/td>\n<\/tr>\n<tr>\n<th>Namen<\/th>\n<td>Za klimatske naprave EcoFlow WAVE<\/td>\n<\/tr>\n<tr>\n<th>Dimenzije<\/th>\n<td>155 \u00d7 1281 mm<\/td>\n<\/tr>\n<tr>\n<th>Weight<\/th>\n<td>Pribli\u017eno 0,2 kg<\/td>\n<\/tr>\n<tr>\n<th>Material<\/th>\n<td>98 % poliester, 2 % kovina<\/td>\n<\/tr>\n<\/tbody>\n<\/table>\n<\/div>","protected":false},"excerpt":{"rendered":"<p>Na zalogi pri zunanjem dobavitelju. Rok dobave 3-7 delovnih dni.<\/p>","protected":false},"featured_media":32506,"template":"","meta":{"_monsterinsights_skip_tracking":false,"_monsterinsights_sitenote_active":false,"_monsterinsights_sitenote_note":"","_monsterinsights_sitenote_category":0},"product_brand":[],"product_cat":[101,296,255],"product_tag":[],"class_list":{"0":"post-32508","1":"product","2":"type-product","3":"status-publish","4":"has-post-thumbnail","6":"product_cat-pametni-dom","7":"product_cat-solarna-tehnika","8":"product_cat-vsi","10":"first","11":"instock","12":"taxable","13":"shipping-taxable","14":"purchasable","15":"product-type-simple"},"jetpack_sharing_enabled":true,"_links":{"self":[{"href":"https:\/\/kobra.si\/en\/wp-json\/wp\/v2\/product\/32508","targetHints":{"allow":["GET"]}}],"collection":[{"href":"https:\/\/kobra.si\/en\/wp-json\/wp\/v2\/product"}],"about":[{"href":"https:\/\/kobra.si\/en\/wp-json\/wp\/v2\/types\/product"}],"version-history":[{"count":1,"href":"https:\/\/kobra.si\/en\/wp-json\/wp\/v2\/product\/32508\/revisions"}],"predecessor-version":[{"id":33772,"href":"https:\/\/kobra.si\/en\/wp-json\/wp\/v2\/product\/32508\/revisions\/33772"}],"wp:featuredmedia":[{"embeddable":true,"href":"https:\/\/kobra.si\/en\/wp-json\/wp\/v2\/media\/32506"}],"wp:attachment":[{"href":"https:\/\/kobra.si\/en\/wp-json\/wp\/v2\/media?parent=32508"}],"wp:term":[{"taxonomy":"product_brand","embeddable":true,"href":"https:\/\/kobra.si\/en\/wp-json\/wp\/v2\/product_brand?post=32508"},{"taxonomy":"product_cat","embeddable":true,"href":"https:\/\/kobra.si\/en\/wp-json\/wp\/v2\/product_cat?post=32508"},{"taxonomy":"product_tag","embeddable":true,"href":"https:\/\/kobra.si\/en\/wp-json\/wp\/v2\/product_tag?post=32508"}],"curies":[{"name":"wp","href":"https:\/\/api.w.org\/{rel}","templated":true}]}}