{"id":32505,"date":"2025-07-31T11:07:11","date_gmt":"2025-07-31T09:07:11","guid":{"rendered":"https:\/\/kobra.si\/spletna-trgovina-kobra\/ecoflow-stream-55-cm-prikljucni-kabel\/"},"modified":"2026-04-20T21:05:12","modified_gmt":"2026-04-20T19:05:12","slug":"ecoflow-stream-55-cm-prikljucni-kabel","status":"publish","type":"product","link":"https:\/\/kobra.si\/en\/spletna-trgovina-kobra\/ecoflow-stream-55-cm-prikljucni-kabel\/","title":{"rendered":"EcoFlow STREAM 55 cm priklju\u010dni kabel"},"content":{"rendered":"<h3>EcoFlow STREAM 55 cm priklju\u010dni kabel<\/h3>\n<p>Kabel EcoFlow STREAM (55 cm) omogo\u010da varno in hitro povezavo dveh baterij iz serije STREAM, s \u010dimer lahko raz\u0161irite svoj sistem za shranjevanje energije. Z dol\u017eino 55 cm zagotavlja prilagodljivost pri namestitvi in stabilno delovanje celotne doma\u010de in\u0161talacije.<\/p>\n<p>\n<img decoding=\"async\" alt=\"Na zdj\u0119ciu widoczny jest kabel \u0142\u0105cz\u0105cy EcoFlow Stream na szarym tle.\" border=\"0\" src=\"https:\/\/assets.innpro.pl\/17487\/23136\/1.jpg\" title=\"\">\n<\/p>\n<div class=\"table-wrapper\">\n<h3><\/h3>\n<table>\n<tbody>\n<tr>\n<th>Proizvajalec:<\/th>\n<td>EcoFlow<\/td>\n<\/tr>\n<tr>\n<th>Ime<\/th>\n<td>Vzporedni kabel EcoFlow STREAM<\/td>\n<\/tr>\n<tr>\n<th>Dol\u017eina<\/th>\n<td>55 cm<\/td>\n<\/tr>\n<\/tbody>\n<\/table>\n<\/div>","protected":false},"excerpt":{"rendered":"<p>Na zalogi pri zunanjem dobavitelju. Rok dobave 3-7 delovnih dni.<\/p>","protected":false},"featured_media":32504,"template":"","meta":{"_monsterinsights_skip_tracking":false,"_monsterinsights_sitenote_active":false,"_monsterinsights_sitenote_note":"","_monsterinsights_sitenote_category":0},"product_brand":[],"product_cat":[101,296,255],"product_tag":[],"class_list":{"0":"post-32505","1":"product","2":"type-product","3":"status-publish","4":"has-post-thumbnail","6":"product_cat-pametni-dom","7":"product_cat-solarna-tehnika","8":"product_cat-vsi","10":"first","11":"instock","12":"taxable","13":"shipping-taxable","14":"purchasable","15":"product-type-simple"},"jetpack_sharing_enabled":true,"_links":{"self":[{"href":"https:\/\/kobra.si\/en\/wp-json\/wp\/v2\/product\/32505","targetHints":{"allow":["GET"]}}],"collection":[{"href":"https:\/\/kobra.si\/en\/wp-json\/wp\/v2\/product"}],"about":[{"href":"https:\/\/kobra.si\/en\/wp-json\/wp\/v2\/types\/product"}],"version-history":[{"count":1,"href":"https:\/\/kobra.si\/en\/wp-json\/wp\/v2\/product\/32505\/revisions"}],"predecessor-version":[{"id":33773,"href":"https:\/\/kobra.si\/en\/wp-json\/wp\/v2\/product\/32505\/revisions\/33773"}],"wp:featuredmedia":[{"embeddable":true,"href":"https:\/\/kobra.si\/en\/wp-json\/wp\/v2\/media\/32504"}],"wp:attachment":[{"href":"https:\/\/kobra.si\/en\/wp-json\/wp\/v2\/media?parent=32505"}],"wp:term":[{"taxonomy":"product_brand","embeddable":true,"href":"https:\/\/kobra.si\/en\/wp-json\/wp\/v2\/product_brand?post=32505"},{"taxonomy":"product_cat","embeddable":true,"href":"https:\/\/kobra.si\/en\/wp-json\/wp\/v2\/product_cat?post=32505"},{"taxonomy":"product_tag","embeddable":true,"href":"https:\/\/kobra.si\/en\/wp-json\/wp\/v2\/product_tag?post=32505"}],"curies":[{"name":"wp","href":"https:\/\/api.w.org\/{rel}","templated":true}]}}