{"id":32496,"date":"2025-07-31T11:06:21","date_gmt":"2025-07-31T09:06:21","guid":{"rendered":"https:\/\/kobra.si\/spletna-trgovina-kobra\/magnetno-tesnilo-ecoflow-wave-za-avtomobilski-zracnik\/"},"modified":"2026-04-20T21:05:09","modified_gmt":"2026-04-20T19:05:09","slug":"magnetno-tesnilo-ecoflow-wave-za-avtomobilski-zracnik","status":"publish","type":"product","link":"https:\/\/kobra.si\/en\/spletna-trgovina-kobra\/magnetno-tesnilo-ecoflow-wave-za-avtomobilski-zracnik\/","title":{"rendered":"Magnetno tesnilo EcoFlow Wave za avtomobilski zra\u010dnik."},"content":{"rendered":"<h3>EcoFlow Wave Car Vent Seal Magnetni pokrov\u010dek zra\u010dnika<\/h3>\n<p>Magnetni pokrov\u010dek EcoFlow Wave Car Vent Seal je posebej zasnovan za serijo EcoFlow WAVE. Z njim lahko cevi klimatske naprave udobno napeljete v notranjost avtomobila, hkrati pa zatesnite odprtino, da prepre\u010dite uhajanje hladnega zraka in toplote od zunaj. z univerzalnimi merami 650 \u00d7 1060 mm se odli\u010dno prilega ve\u010dini vozil, kot so SUV-ji, pickupi, avtodomi in prikolice.<\/p>\n<p>\n<img decoding=\"async\" alt=\"\" border=\"0\" src=\"https:\/\/assets.innpro.pl\/17362\/22955\/1.jpg\" title=\"\">\n<\/p>\n<h3>Intuitivna namestitev in najve\u010dja u\u010dinkovitost v vseh pogojih<\/h3>\n<p>Zaradi uporabe vgrajenih magnetov je namestitev prekrivala dolga le nekaj trenutkov &#8211; brez orodja in napora. Izdelek odlikuje tudi odpornost na vodo in zagotavlja odli\u010dno toplotno izolacijo. Ta re\u0161itev je idealna za vse letne \u010dase &#8211; izbolj\u0161a udobje in pove\u010da u\u010dinkovitost hlajenja in ogrevanja.<\/p>\n<p>\n<img decoding=\"async\" alt=\"\" border=\"0\" src=\"https:\/\/assets.innpro.pl\/17362\/22955\/3.jpg\" title=\"\">\n<\/p>\n<div class=\"table-wrapper\">\n<h3><\/h3>\n<table>\n<tbody>\n<tr>\n<th>Proizvajalec<\/th>\n<td>EcoFlow<\/td>\n<\/tr>\n<tr>\n<th>Model<\/th>\n<td>EFA-WAVE3CarVentSeal<\/td>\n<\/tr>\n<tr>\n<th>Dimenzije<\/th>\n<td>650 \u00d7 1060 mm<\/td>\n<\/tr>\n<tr>\n<th>Weight<\/th>\n<td>Pribli\u017eno 0,45 kg<\/td>\n<\/tr>\n<tr>\n<th>Material<\/th>\n<td>74 % poliester, 20 % PU premaz, 5 % magnet, 1 % drugo<\/td>\n<\/tr>\n<tr>\n<th>Zdru\u017eljivost<\/th>\n<td>Klimatske naprave serije EcoFlow WAVE<\/td>\n<\/tr>\n<\/tbody>\n<\/table>\n<\/div>","protected":false},"excerpt":{"rendered":"<p>Na zalogi pri zunanjem dobavitelju. Rok dobave 3-7 delovnih dni.<\/p>","protected":false},"featured_media":32494,"template":"","meta":{"_monsterinsights_skip_tracking":false,"_monsterinsights_sitenote_active":false,"_monsterinsights_sitenote_note":"","_monsterinsights_sitenote_category":0},"product_brand":[],"product_cat":[281,255],"product_tag":[],"class_list":{"0":"post-32496","1":"product","2":"type-product","3":"status-publish","4":"has-post-thumbnail","6":"product_cat-avto-oprema-2","7":"product_cat-vsi","9":"first","10":"instock","11":"taxable","12":"shipping-taxable","13":"purchasable","14":"product-type-simple"},"jetpack_sharing_enabled":true,"_links":{"self":[{"href":"https:\/\/kobra.si\/en\/wp-json\/wp\/v2\/product\/32496","targetHints":{"allow":["GET"]}}],"collection":[{"href":"https:\/\/kobra.si\/en\/wp-json\/wp\/v2\/product"}],"about":[{"href":"https:\/\/kobra.si\/en\/wp-json\/wp\/v2\/types\/product"}],"version-history":[{"count":1,"href":"https:\/\/kobra.si\/en\/wp-json\/wp\/v2\/product\/32496\/revisions"}],"predecessor-version":[{"id":33775,"href":"https:\/\/kobra.si\/en\/wp-json\/wp\/v2\/product\/32496\/revisions\/33775"}],"wp:featuredmedia":[{"embeddable":true,"href":"https:\/\/kobra.si\/en\/wp-json\/wp\/v2\/media\/32494"}],"wp:attachment":[{"href":"https:\/\/kobra.si\/en\/wp-json\/wp\/v2\/media?parent=32496"}],"wp:term":[{"taxonomy":"product_brand","embeddable":true,"href":"https:\/\/kobra.si\/en\/wp-json\/wp\/v2\/product_brand?post=32496"},{"taxonomy":"product_cat","embeddable":true,"href":"https:\/\/kobra.si\/en\/wp-json\/wp\/v2\/product_cat?post=32496"},{"taxonomy":"product_tag","embeddable":true,"href":"https:\/\/kobra.si\/en\/wp-json\/wp\/v2\/product_tag?post=32496"}],"curies":[{"name":"wp","href":"https:\/\/api.w.org\/{rel}","templated":true}]}}