{"id":32441,"date":"2025-07-31T11:03:48","date_gmt":"2025-07-31T09:03:48","guid":{"rendered":"https:\/\/kobra.si\/spletna-trgovina-kobra\/prenosna-klimatska-naprava-ecoflow-wave-3\/"},"modified":"2026-04-17T21:03:27","modified_gmt":"2026-04-17T19:03:27","slug":"prenosna-klimatska-naprava-ecoflow-wave-3","status":"publish","type":"product","link":"https:\/\/kobra.si\/en\/spletna-trgovina-kobra\/prenosna-klimatska-naprava-ecoflow-wave-3\/","title":{"rendered":"Prenosna klimatska naprava EcoFlow Wave 3"},"content":{"rendered":"<h3>Prenosna klimatska naprava EcoFlow WAVE 3<\/h3>\n<p>EcoFlow WAVE 3 je prenosna klimatska naprava, ki zagotavlja u\u010dinkovito hlajenje in ogrevanje v vseh pogojih &#8211; od \u0161otora na kampiranju do notranjosti avtodoma ali jahte. Zaradi svoje impresivne zmogljivosti lahko takoj zagotovi pravo temperaturo &#8211; v 15 minutah jo zni\u017ea za 8 \u00b0C ali zvi\u0161a za 9 \u00b0C. \u0160e ve\u010d, v kombinaciji z lo\u010deno dobavljivo baterijo LFP lahko enota deluje do 8 ur brez dostopa do elektri\u010dne energije. Hkrati je naprava WAVE 3 izjemno kompaktna in enostavna za namestitev, priro\u010dno upravljanje njenega delovanja pa omogo\u010da aplikacija EcoFlow.<\/p>\n<p>\n<img decoding=\"async\" alt=\"\" border=\"0\" src=\"https:\/\/assets.innpro.pl\/16061\/20261\/7.jpg\" title=\"\">\n<\/p>\n<h3>V nekaj minutah bo ogrela ali ohladila prostor<\/h3>\n<p>WAVE 3 je kot nala\u0161\u010d za poletne in hladnej\u0161e dni. Ponuja u\u010dinkovito hladilno zmogljivost 6100 BTU, s katero lahko v \u010detrt ure zni\u017eate temperaturo za 8 \u00b0C. Ko postane hladno, pa preprosto preklopite na na\u010din ogrevanja &#8211; z mo\u010djo do 6800 BTU bo enota enako hitro dvignila temperaturo za 9 \u00b0C. Odli\u010dna je za jesensko kampiranje, gorske pohode ali hladna jutra na poti!<\/p>\n<p>\n<img decoding=\"async\" alt=\"\" border=\"0\" src=\"https:\/\/assets.innpro.pl\/16061\/20261\/1.jpg\" title=\"\">\n<\/p>\n<h3>Napajanje, prilagojeno va\u0161im potrebam<\/h3>\n<p>Napravo WAVE 3 lahko napajate neposredno iz stenske vti\u010dnice (AC), zdru\u017eljiva pa je tudi z lo\u010deno dobavljivo akumulatorsko baterijo, ki s kapaciteto 1024 Wh zagotavlja do 8 ur brez\u017ei\u010dnega delovanja. Napravo boste polnili na ve\u010d na\u010dinov &#8211; standardno iz elektri\u010dnega omre\u017eja, iz vti\u010dnice za pri\u017eigalnik cigaret, s fotonapetostnimi plo\u0161\u010dami ali iz alternatorja vozila. Na ta na\u010din lahko preprosto zagotovite optimalno temperaturo v skoraj vseh razmerah! Poleg tega je polnjenje dodatne baterije lahko zelo hitro. S kombinacijo fotonapetostnih panelov in vti\u010dnice za izmeni\u010dni tok jo boste napolnili v samo pribli\u017eno 75 minutah!<\/p>\n<p>\n<img decoding=\"async\" alt=\"\" border=\"0\" src=\"https:\/\/assets.innpro.pl\/16061\/20261\/4.jpg\" title=\"\">\n<\/p>\n<h3>Enostavna namestitev in priro\u010dno upravljanje<\/h3>\n<p>Namestitev WAVE 3 je hitra in intuitivna &#8211; izoliran izhodni kanal in ustrezni adapterji omogo\u010dajo enostavno namestitev v \u0161otor, prikolico, avto ali \u010doln. Ne bo vam vzela preve\u010d \u010dasa &#8211; le nekaj trenutkov, da si zagotovite udobje med potovanjem ali kampiranjem!<\/p>\n<p>\n<img decoding=\"async\" alt=\"\" border=\"0\" src=\"https:\/\/assets.innpro.pl\/16061\/20261\/10.jpg\" title=\"\">\n<\/p>\n<h3>Narejen za potovanja in vsakodnevno uporabo<\/h3>\n<p>Ne glede na to, ali se odpravljate na kampiranje, na\u010drtujete vikend v avtodomu ali \u017eelite poskrbeti za udobje v po\u010ditni\u0161ki hi\u0161i &#8211; WAVE 3 vam bo pomagal poskrbeti za pravo temperaturo. S svojimi mo\u017enostmi ogrevanja in hlajenja bo uporaben vse leto! Dobro se bo obnesel tudi kot klimatska naprava v delavnici, na \u010dolnu, v tovornjaku ali celo v majhnem stanovanju. Zaradi kompaktne zasnove in preproste namestitve je odli\u010dna izbira povsod, kjer potrebujete takoj\u0161nje ogrevanje ali olaj\u0161anje pred vro\u010dino.<\/p>\n<p>\n<img decoding=\"async\" alt=\"\" border=\"0\" src=\"https:\/\/assets.innpro.pl\/16061\/20261\/2.jpg\" title=\"\">\n<\/p>\n<h3>Izbirate lahko med razpolo\u017eljivimi funkcijami in na\u010dini<\/h3>\n<p>WAVE 3 ponuja \u0161irok izbor pametnih funkcij in na\u010dinov. \u010ce deluje v samodejnem na\u010dinu, klimatska naprava ob zni\u017eanju temperature sama preklopi na ogrevanje. Tako vam bo toplo tudi v mrzlih no\u010deh med kampiranjem v gorah! Po drugi strani pa na\u010din Pet Care poskrbi, da bo naprava, ko bo temperatura okolice presegla nastavljeno vrednost (od 35 \u00b0C do 45 \u00b0C), za\u010dela hladiti in vam na telefon poslala obvestilo. Tako boste zagotovili udobje in varnost va\u0161ega hi\u0161nega ljubljen\u010dka, na primer v avtomobilu. Poleg tega funkcija razvla\u017eevanja pomaga v boju proti vlagi v de\u017eevnih dneh, zaradi no\u010dnega na\u010dina pa je naprava WAVE 3 izjemno tiha &#8211; ustvarja raven hrupa le 44 dB, kar ustreza tihemu pogovoru.<\/p>\n<p>\n<img decoding=\"async\" alt=\"\" border=\"0\" src=\"https:\/\/assets.innpro.pl\/16061\/20261\/5.jpg\" title=\"\">\n<\/p>\n<h3>Pametno upravljanje z aplikacijo EcoFlow<\/h3>\n<p>Z aplikacijo EcoFlow imate popoln nadzor nad svojo klimatsko napravo &#8211; samo posezite po telefonu. Tako lahko na primer na daljavo spreminjate na\u010dine delovanja, spremljate stanje baterije in na\u010drtujete samodejni izklop. Prejemali boste tudi obvestila, ko bo treba izprazniti rezervoar za vodo. Ni vam treba skrbeti, da bi kaj pozabili!<\/p>\n<p>\n<img decoding=\"async\" alt=\"\" border=\"0\" src=\"https:\/\/assets.innpro.pl\/16061\/20261\/3.jpg\" title=\"\">\n<\/p>\n<h3>Okolju prijazna izbira za prihodnja leta<\/h3>\n<p>WAVE 3 uporablja hladilno sredstvo R290, ki je veliko manj \u0161kodljivo za okolje kot tradicionalne re\u0161itve. V 10 letih uporabe lahko zmanj\u0161a emisije CO\u2082 za pribli\u017eno 2041 kg &#8211; to je, kot da bi re\u0161ili 130 dreves pred posekom. EcoFlow dokazuje, da gre lahko udobje z roko v roki s skrbjo za planet!<\/p>\n<p>\n<img decoding=\"async\" alt=\"\" border=\"0\" src=\"https:\/\/assets.innpro.pl\/16061\/20261\/8.jpg\" title=\"\">\n<\/p>\n<h3>Vklju\u010deno<\/h3>\n<ul class=\"list-disc pl-5\">\n<li>Prenosna klimatska naprava EcoFlow WAVE 3<\/li>\n<li>Odvodni kanal z izolacijo<\/li>\n<li>Komplet adapterjev (A, B, C)<\/li>\n<li>Odvodna cev<\/li>\n<li>\u0160ablona za monta\u017eo<\/li>\n<li>Navijalec<\/li>\n<li>Vodnik za hiter zagon, varnostna navodila in garancijski list<\/li>\n<\/ul>\n<div class=\"table-wrapper\">\n<h3>General<\/h3>\n<table>\n<tbody>\n<tr>\n<th>Proizvajalec<\/th>\n<td>EcoFlow<\/td>\n<\/tr>\n<tr>\n<th>Ime<\/th>\n<td>WAVE 3<\/td>\n<\/tr>\n<tr>\n<th>Model<\/th>\n<td>EFWAVE3-EU-NBox<\/td>\n<\/tr>\n<tr>\n<th>Dimenzije<\/th>\n<td>51,9 x 29,7 x 33,6 cm<\/td>\n<\/tr>\n<tr>\n<th>Weight<\/th>\n<td>Pribli\u017eno 15,6 kg<\/td>\n<\/tr>\n<\/tbody>\n<\/table>\n<h3>Hlajenje in ogrevanje<\/h3>\n<table>\n<tbody>\n<tr>\n<th>Mo\u010d hlajenja<\/th>\n<td>1800 W (6100 BTU)<\/td>\n<\/tr>\n<tr>\n<th>Mo\u010d ogrevanja<\/th>\n<td>2000 W (6800 BTU)<\/td>\n<\/tr>\n<tr>\n<th>Obmo\u010dje nastavitve temperature<\/th>\n<td>Od 16 \u00b0C do 30 \u00b0C<\/td>\n<\/tr>\n<tr>\n<th>Hladilno sredstvo \/ koli\u010dina<\/th>\n<td>R290 \/ 112 g<\/td>\n<\/tr>\n<tr>\n<th>Stopnja pretoka zraka<\/th>\n<td>330 m\u00b3\/h<\/td>\n<\/tr>\n<tr>\n<th>Nazivna mo\u010d v na\u010dinu hlajenja (AC\/DC)<\/th>\n<td>690 W \/ 640 W<\/td>\n<\/tr>\n<tr>\n<th>Nazivna mo\u010d v na\u010dinu ogrevanja (AC\/DC)<\/th>\n<td>645 W \/ 606 W<\/td>\n<\/tr>\n<tr>\n<th>U\u010dinkovitost hlajenja (AC\/DC)<\/th>\n<td>2,6 \/ 2,8<\/td>\n<\/tr>\n<tr>\n<th>U\u010dinkovitost ogrevanja (AC\/DC)<\/th>\n<td>3,1 \/ 3,3<\/td>\n<\/tr>\n<\/tbody>\n<\/table>\n<h3>Power supply<\/h3>\n<table>\n<tbody>\n<tr>\n<th>Napajanje z izmeni\u010dnim tokom<\/th>\n<td>100-240 V, ~50\/60 Hz, najve\u010d 820 W<\/td>\n<\/tr>\n<tr>\n<th>Dodatni baterijski vhod<\/th>\n<td>700 W max.<\/td>\n<\/tr>\n<\/tbody>\n<\/table>\n<h3>Drugo<\/h3>\n<table>\n<tbody>\n<tr>\n<th>Obmo\u010dje delovne temperature<\/th>\n<td>5 \u00b0C do 50 \u00b0C<\/td>\n<\/tr>\n<tr>\n<th>Za\u0161\u010ditni razred<\/th>\n<td>IPX4<\/td>\n<\/tr>\n<tr>\n<th>Stopnja hrupa<\/th>\n<td>44-58 dB<\/td>\n<\/tr>\n<tr>\n<th>Daljinski upravljalnik<\/th>\n<td>Aplikacija EcoFlow (Wi-Fi 2,4G\/5G, Bluetooth)<\/td>\n<\/tr>\n<tr>\n<th>\u010cas delovanja z dodatno baterijo (naprodaj lo\u010deno)<\/th>\n<td>Pribli\u017eno 2-8 ur.<\/td>\n<\/tr>\n<\/tbody>\n<\/table>\n<\/div>","protected":false},"excerpt":{"rendered":"<p>Na zalogi pri zunanjem dobavitelju. Rok dobave 3-7 delovnih dni.<\/p>","protected":false},"featured_media":32435,"template":"","meta":{"_monsterinsights_skip_tracking":false,"_monsterinsights_sitenote_active":false,"_monsterinsights_sitenote_note":"","_monsterinsights_sitenote_category":0},"product_brand":[],"product_cat":[101,296,255],"product_tag":[],"class_list":{"0":"post-32441","1":"product","2":"type-product","3":"status-publish","4":"has-post-thumbnail","6":"product_cat-pametni-dom","7":"product_cat-solarna-tehnika","8":"product_cat-vsi","10":"first","11":"instock","12":"taxable","13":"shipping-taxable","14":"purchasable","15":"product-type-simple"},"jetpack_sharing_enabled":true,"_links":{"self":[{"href":"https:\/\/kobra.si\/en\/wp-json\/wp\/v2\/product\/32441","targetHints":{"allow":["GET"]}}],"collection":[{"href":"https:\/\/kobra.si\/en\/wp-json\/wp\/v2\/product"}],"about":[{"href":"https:\/\/kobra.si\/en\/wp-json\/wp\/v2\/types\/product"}],"version-history":[{"count":1,"href":"https:\/\/kobra.si\/en\/wp-json\/wp\/v2\/product\/32441\/revisions"}],"predecessor-version":[{"id":33782,"href":"https:\/\/kobra.si\/en\/wp-json\/wp\/v2\/product\/32441\/revisions\/33782"}],"wp:featuredmedia":[{"embeddable":true,"href":"https:\/\/kobra.si\/en\/wp-json\/wp\/v2\/media\/32435"}],"wp:attachment":[{"href":"https:\/\/kobra.si\/en\/wp-json\/wp\/v2\/media?parent=32441"}],"wp:term":[{"taxonomy":"product_brand","embeddable":true,"href":"https:\/\/kobra.si\/en\/wp-json\/wp\/v2\/product_brand?post=32441"},{"taxonomy":"product_cat","embeddable":true,"href":"https:\/\/kobra.si\/en\/wp-json\/wp\/v2\/product_cat?post=32441"},{"taxonomy":"product_tag","embeddable":true,"href":"https:\/\/kobra.si\/en\/wp-json\/wp\/v2\/product_tag?post=32441"}],"curies":[{"name":"wp","href":"https:\/\/api.w.org\/{rel}","templated":true}]}}