{"id":32401,"date":"2025-07-31T11:01:29","date_gmt":"2025-07-31T09:01:29","guid":{"rendered":"https:\/\/kobra.si\/spletna-trgovina-kobra\/komplet-2x-ecoflow-250w-fotovoltaicni-panel-trdna-zasnova\/"},"modified":"2026-04-14T21:04:03","modified_gmt":"2026-04-14T19:04:03","slug":"komplet-2x-ecoflow-250w-fotovoltaicni-panel-trdna-zasnova","status":"publish","type":"product","link":"https:\/\/kobra.si\/en\/spletna-trgovina-kobra\/komplet-2x-ecoflow-250w-fotovoltaicni-panel-trdna-zasnova\/","title":{"rendered":"Komplet 2x EcoFlow 250W fotovoltai\u010dni panel Trdna zasnova"},"content":{"rendered":"<h3>Komplet 4x EcoFlow 250W fotonapetostnih panelov Trdna konstrukcija<\/h3>\n<p>Fotovoltai\u010dni paneli EcoFlow 250W W so odli\u010dna re\u0161itev za vse, ki \u017eelijo zmanj\u0161ati ra\u010dune za elektriko in postati neodvisni od nara\u0161\u010dajo\u010dih stro\u0161kov energije. Zaradi trdne, toge konstrukcije in visoke u\u010dinkovitosti vam paneli omogo\u010dajo pridobivanje energije tudi ob \u0161ibki son\u010dni svetlobi &#8211; idealni so za uporabo na vrtu, na balkonu ali na strehi. Paket vsebuje 4 kose izdelka.<\/p>\n<p>\n<img decoding=\"async\" alt=\"\" border=\"0\" src=\"https:\/\/assets.innpro.pl\/14178\/17678\/5.jpg\" title=\"\">\n<\/p>\n<h3>Visoka u\u010dinkovitost<\/h3>\n<p>S faktorjem pretvorbe 25 % in visoko mo\u010djo 250 W lahko paneli EcoFlow proizvajajo energijo tudi pri \u0161ibki svetlobi &#8211; na primer v obla\u010dnih jutrih ali zimskih dneh.<\/p>\n<p>\n<img decoding=\"async\" alt=\"\" border=\"0\" src=\"https:\/\/assets.innpro.pl\/14178\/17678\/3.jpg\" title=\"\">\n<\/p>\n<h3>Odpornost na vremenske vplive<\/h3>\n<p>Paneli so zasnovani tako, da so odporni na vremenske vplive. Imajo certifikat vodoodpornosti IP68, kar pomeni popolno za\u0161\u010dito pred prahom in de\u017ejem. To je zagotovilo za delovanje ne glede na vremenske razmere.<\/p>\n<p>\n<img decoding=\"async\" alt=\"\" border=\"0\" src=\"https:\/\/assets.innpro.pl\/14178\/17678\/1.jpg\" title=\"\">\n<\/p>\n<h3>Prilagodite sistem svojim potrebam<\/h3>\n<p>250W paneli EcoFlow lahko delujejo kot del ve\u010djega ekosistema STREAM, katerega zmogljivost je mogo\u010de pove\u010dati od 1,92 do kar 11,52 kWh. Tako lahko uporabnik po potrebi raz\u0161iri celoten sistem za shranjevanje energije, od preprostih balkonskih namestitev do kompleksnega napajanja celotne hi\u0161e.<\/p>\n<p>\n<img decoding=\"async\" alt=\"\" border=\"0\" src=\"https:\/\/assets.innpro.pl\/14178\/17678\/2.jpg\" title=\"\">\n<\/p>\n<div class=\"table-wrapper\">\n<h3><\/h3>\n<table>\n<tbody>\n<tr>\n<th>Proizvajalec<\/th>\n<td>EcoFlow<\/td>\n<\/tr>\n<tr>\n<th>Model<\/th>\n<td>EFSOLAR250W-R-D-LF-1<\/td>\n<\/tr>\n<tr>\n<th>Nazivna mo\u010d<\/th>\n<td>250 W<\/td>\n<\/tr>\n<tr>\n<th>Vrsta konstrukcije<\/th>\n<td>Trdna plo\u0161\u010da<\/td>\n<\/tr>\n<tr>\n<th>Konverzijski faktor<\/th>\n<td>25%<\/td>\n<\/tr>\n<tr>\n<th>Napetost prostega tokokroga (Voc)<\/th>\n<td>50 V<\/td>\n<\/tr>\n<tr>\n<th>Tok kratkega stika (Isc)<\/th>\n<td>6,3 A<\/td>\n<\/tr>\n<tr>\n<th>Optimalna delovna napetost (Vmp)<\/th>\n<td>43V<\/td>\n<\/tr>\n<tr>\n<th>Optimalni obratovalni tok (Imp)<\/th>\n<td>5,9 A<\/td>\n<\/tr>\n<tr>\n<th>Priporo\u010dena temperatura okolja<\/th>\n<td>-20 \u00b0C do 85 \u00b0C<\/td>\n<\/tr>\n<tr>\n<th>Temperaturni koeficient nazivne mo\u010di<\/th>\n<td>-0,30%\/\u00b0C<\/td>\n<\/tr>\n<tr>\n<th>Temperaturni koeficient napetosti odprtega tokokroga<\/th>\n<td>-0,25%\/\u00b0C<\/td>\n<\/tr>\n<tr>\n<th>Temperaturni koeficient toka kratkega stika<\/th>\n<td>+0,04%\/\u00b0C<\/td>\n<\/tr>\n<tr>\n<th>Najve\u010dja sistemska napetost<\/th>\n<td>150 V ENOSMERNEGA TOKA (IEC\/UL)<\/td>\n<\/tr>\n<tr>\n<th>Za\u0161\u010ditni razred<\/th>\n<td>IP68<\/td>\n<\/tr>\n<tr>\n<th>Weight<\/th>\n<td>Pribli\u017eno 10 kg<\/td>\n<\/tr>\n<tr>\n<th>Dimenzije<\/th>\n<td>1157 \u00d7 1165 \u00d7 20 mm<\/td>\n<\/tr>\n<tr>\n<th>Vrsta celice<\/th>\n<td>Monokristalni silicij TOPCon<\/td>\n<\/tr>\n<tr>\n<th>Vrsta priklju\u010dka<\/th>\n<td>LFB-30<\/td>\n<\/tr>\n<tr>\n<th>\u0160tevilo kosov v kompletu<\/th>\n<td>4<\/td>\n<\/tr>\n<\/tbody>\n<\/table>\n<\/div>","protected":false},"excerpt":{"rendered":"<p>Na zalogi pri zunanjem dobavitelju. Rok dobave 3-7 delovnih dni.<\/p>","protected":false},"featured_media":32397,"template":"","meta":{"_monsterinsights_skip_tracking":false,"_monsterinsights_sitenote_active":false,"_monsterinsights_sitenote_note":"","_monsterinsights_sitenote_category":0},"product_brand":[],"product_cat":[101,296,255],"product_tag":[],"class_list":{"0":"post-32401","1":"product","2":"type-product","3":"status-publish","4":"has-post-thumbnail","6":"product_cat-pametni-dom","7":"product_cat-solarna-tehnika","8":"product_cat-vsi","10":"first","11":"instock","12":"taxable","13":"shipping-taxable","14":"purchasable","15":"product-type-simple"},"jetpack_sharing_enabled":true,"_links":{"self":[{"href":"https:\/\/kobra.si\/en\/wp-json\/wp\/v2\/product\/32401","targetHints":{"allow":["GET"]}}],"collection":[{"href":"https:\/\/kobra.si\/en\/wp-json\/wp\/v2\/product"}],"about":[{"href":"https:\/\/kobra.si\/en\/wp-json\/wp\/v2\/types\/product"}],"version-history":[{"count":1,"href":"https:\/\/kobra.si\/en\/wp-json\/wp\/v2\/product\/32401\/revisions"}],"predecessor-version":[{"id":33786,"href":"https:\/\/kobra.si\/en\/wp-json\/wp\/v2\/product\/32401\/revisions\/33786"}],"wp:featuredmedia":[{"embeddable":true,"href":"https:\/\/kobra.si\/en\/wp-json\/wp\/v2\/media\/32397"}],"wp:attachment":[{"href":"https:\/\/kobra.si\/en\/wp-json\/wp\/v2\/media?parent=32401"}],"wp:term":[{"taxonomy":"product_brand","embeddable":true,"href":"https:\/\/kobra.si\/en\/wp-json\/wp\/v2\/product_brand?post=32401"},{"taxonomy":"product_cat","embeddable":true,"href":"https:\/\/kobra.si\/en\/wp-json\/wp\/v2\/product_cat?post=32401"},{"taxonomy":"product_tag","embeddable":true,"href":"https:\/\/kobra.si\/en\/wp-json\/wp\/v2\/product_tag?post=32401"}],"curies":[{"name":"wp","href":"https:\/\/api.w.org\/{rel}","templated":true}]}}