{"id":32378,"date":"2025-07-31T10:59:32","date_gmt":"2025-07-31T08:59:32","guid":{"rendered":"https:\/\/kobra.si\/spletna-trgovina-kobra\/komplet-2x-ecoflow-400w-fotovoltaicni-panel-toga-konstrukcija\/"},"modified":"2026-04-21T21:03:34","modified_gmt":"2026-04-21T19:03:34","slug":"komplet-2x-ecoflow-400w-fotovoltaicni-panel-toga-konstrukcija","status":"publish","type":"product","link":"https:\/\/kobra.si\/en\/spletna-trgovina-kobra\/komplet-2x-ecoflow-400w-fotovoltaicni-panel-toga-konstrukcija\/","title":{"rendered":"Komplet 2x EcoFlow 400W fotovoltai\u010dni panel (toga konstrukcija)"},"content":{"rendered":"<h3>Paket 2x EcoFlow 400W fotonapetostna plo\u0161\u010da.<\/h3>\n<p>Pridobite dostop do elektri\u010dne energije, ne glede na to, ali imate dostop do omre\u017eja ali ne. Fotonapetostni paneli se bodo uporabljali v gospodinjstvih. Zaradi premi\u0161ljene zasnove in uporabe sodobnih tehnolo\u0161kih re\u0161itev ga odlikuje visoka u\u010dinkovitost delovanja. Poleg tega se zaradi raznolikosti zdru\u017eljive dodatne opreme pove\u010da svoboda uporabe.<\/p>\n<p>\n<img decoding=\"async\" alt=\"Panel fotowoltaiczny EcoFlow 400W na szarym tle\" border=\"0\" src=\"https:\/\/assets.innpro.pl\/13627\/16760\/3.jpg\" title=\"\">\n<\/p>\n<h3>Resni\u010dni prihranki<\/h3>\n<p>Komplet dveh fotonapetostnih panelov z mo\u010djo 400 W vsak je pametna re\u0161itev za va\u0161 dom, ki letno proizvede do 842 kWh \u010diste son\u010dne energije. S tem lahko prihranite do 867<strong>,64 PLN pri<\/strong>ra\u010dunih za elektriko po trenutni ceni energije po tarifi G11 (1,03 PLN\/kWh)*. To je kompaktna nalo\u017eba, ki za\u010dne delovati na va\u0161 gospodinjski prora\u010dun \u017ee prvi dan, s \u010dimer se son\u010dna energija spremeni v oprijemljive finan\u010dne prihranke.<\/p>\n<p> *Zdravilo<em>: price-current.co.uk; PVGIS<\/em><\/p>\n<p>\n<img decoding=\"async\" alt=\"grafika z kobiet\u0105 i panelem fotowoltaicznym z opisem oszcz\u0119dno\u015bci\" border=\"0\" src=\"https:\/\/assets.innpro.pl\/13627\/16760\/13.jpg\" title=\"\">\n<\/p>\n<h3>U\u010dinkovitost in vzdr\u017eljivost<\/h3>\n<p>Izdelek odlikuje solidna izdelava, zato je odporen na neugodne vremenske razmere in vam bo dolgo slu\u017eil. Plo\u0161\u010de so zaklju\u010dene s prozorno stekleno prevleko, okvir pa je izdelan iz aluminija, odpornega proti koroziji. Poleg tega so monokristalne celice odgovorne za u\u010dinkovitost pretvorbe do 23 %. Delujejo s solarnimi pretvorniki, ki so name\u0161\u010deni tudi zunaj elektri\u010dnega omre\u017eja.<\/p>\n<p>\n<img decoding=\"async\" alt=\"dwa panele pv na szarym tle\" border=\"0\" src=\"https:\/\/assets.innpro.pl\/13627\/16760\/5.jpg\" title=\"\">\n<\/p>\n<h3>Quick and easy installation<\/h3>\n<p>Namestitev fotovoltai\u010dnih panelov EcoFlow vam ne bo povzro\u010dala te\u017eav. Zaradi predhodno izvrtanih lukenj jih boste uspe\u0161no namestili na tla ali na streho. \u0160e ve\u010d, kabel s priklju\u010dkom MC4 (Multi-Contact 4, standardni priklju\u010dek za fotonapetostne plo\u0161\u010de) bo olaj\u0161al namestitev.<\/p>\n<p>\n<img decoding=\"async\" alt=\"panel pv na szarym tle\" border=\"0\" src=\"https:\/\/assets.innpro.pl\/13627\/16760\/4.jpg\" title=\"\">\n<\/p>\n<h3>Vklju\u010deno<\/h3>\n<ul class=\"list-disc pl-5\">\n<li>fotonapetostni paneli x2<\/li>\n<\/ul>\n<div class=\"table-wrapper\">\n<h3><\/h3>\n<table>\n<tbody>\n<tr>\n<th>Proizvajalec<\/th>\n<td>EcoFlow<\/td>\n<\/tr>\n<tr>\n<th>Ime<\/th>\n<td>Fotonapetostni panel EcoFlow 400W (toga struktura)<\/td>\n<\/tr>\n<tr>\n<th>Mo\u010d<\/th>\n<td>400W<\/td>\n<\/tr>\n<tr>\n<th>Napetost odprtega tokokroga<\/th>\n<td>37,10 V<\/td>\n<\/tr>\n<tr>\n<th>Tok kratkega stika<\/th>\n<td>13,79 A<\/td>\n<\/tr>\n<tr>\n<th>Najve\u010dja delovna napetost<\/th>\n<td>31 V<\/td>\n<\/tr>\n<tr>\n<th>Najve\u010dji obratovalni tok<\/th>\n<td>12,90 A<\/td>\n<\/tr>\n<tr>\n<th>Najve\u010dja sistemska napetost<\/th>\n<td>1500 V DC (UL)<\/td>\n<\/tr>\n<tr>\n<th>Najve\u010dja jakost varovalke<\/th>\n<td>25 A<\/td>\n<\/tr>\n<tr>\n<th>Priklju\u010dek<\/th>\n<td>MC4<\/td>\n<\/tr>\n<tr>\n<th>U\u010dinkovitost pretvorbe<\/th>\n<td>23%<\/td>\n<\/tr>\n<tr>\n<th>Dimenzije<\/th>\n<td>1722 x 1134 x 35 mm<\/td>\n<\/tr>\n<tr>\n<th>Weight<\/th>\n<td>Pribli\u017eno 21,8 kg<\/td>\n<\/tr>\n<tr>\n<th>\u0160tevilo kosov v kompletu<\/th>\n<td>2<\/td>\n<\/tr>\n<\/tbody>\n<\/table>\n<\/div>","protected":false},"excerpt":{"rendered":"<p>Na zalogi pri zunanjem dobavitelju. Rok dobave 3-7 delovnih dni.<\/p>","protected":false},"featured_media":32372,"template":"","meta":{"_monsterinsights_skip_tracking":false,"_monsterinsights_sitenote_active":false,"_monsterinsights_sitenote_note":"","_monsterinsights_sitenote_category":0},"product_brand":[],"product_cat":[101,296,255],"product_tag":[],"class_list":{"0":"post-32378","1":"product","2":"type-product","3":"status-publish","4":"has-post-thumbnail","6":"product_cat-pametni-dom","7":"product_cat-solarna-tehnika","8":"product_cat-vsi","10":"first","11":"instock","12":"taxable","13":"shipping-taxable","14":"purchasable","15":"product-type-simple"},"jetpack_sharing_enabled":true,"_links":{"self":[{"href":"https:\/\/kobra.si\/en\/wp-json\/wp\/v2\/product\/32378","targetHints":{"allow":["GET"]}}],"collection":[{"href":"https:\/\/kobra.si\/en\/wp-json\/wp\/v2\/product"}],"about":[{"href":"https:\/\/kobra.si\/en\/wp-json\/wp\/v2\/types\/product"}],"version-history":[{"count":1,"href":"https:\/\/kobra.si\/en\/wp-json\/wp\/v2\/product\/32378\/revisions"}],"predecessor-version":[{"id":33789,"href":"https:\/\/kobra.si\/en\/wp-json\/wp\/v2\/product\/32378\/revisions\/33789"}],"wp:featuredmedia":[{"embeddable":true,"href":"https:\/\/kobra.si\/en\/wp-json\/wp\/v2\/media\/32372"}],"wp:attachment":[{"href":"https:\/\/kobra.si\/en\/wp-json\/wp\/v2\/media?parent=32378"}],"wp:term":[{"taxonomy":"product_brand","embeddable":true,"href":"https:\/\/kobra.si\/en\/wp-json\/wp\/v2\/product_brand?post=32378"},{"taxonomy":"product_cat","embeddable":true,"href":"https:\/\/kobra.si\/en\/wp-json\/wp\/v2\/product_cat?post=32378"},{"taxonomy":"product_tag","embeddable":true,"href":"https:\/\/kobra.si\/en\/wp-json\/wp\/v2\/product_tag?post=32378"}],"curies":[{"name":"wp","href":"https:\/\/api.w.org\/{rel}","templated":true}]}}