{"id":32371,"date":"2025-07-31T10:59:08","date_gmt":"2025-07-31T08:59:08","guid":{"rendered":"https:\/\/kobra.si\/spletna-trgovina-kobra\/ecoflow-delta-3-nepremocljiva-torba\/"},"modified":"2026-04-21T21:03:31","modified_gmt":"2026-04-21T19:03:31","slug":"ecoflow-delta-3-nepremocljiva-torba","status":"publish","type":"product","link":"https:\/\/kobra.si\/en\/spletna-trgovina-kobra\/ecoflow-delta-3-nepremocljiva-torba\/","title":{"rendered":"EcoFlow Delta 3 nepremo\u010dljiva torba"},"content":{"rendered":"<h3>EcoFlow Delta 3 nepremo\u010dljiva torba<\/h3>\n<p>Imate napajalno postajo DELTA 3? Poskrbite za njen varen prevoz! Vodotesna torba EcoFlow jo bo za\u0161\u010ditila pred vlago, prahom in po\u0161kodbami, hkrati pa jo bo olaj\u0161ala prena\u0161anje. Ponuja tudi dodatne \u017eepe, v katerih boste lahko priro\u010dno shranili kable in drugo dodatno opremo. Ne glede na to, ali se odpravljate v naravo, kampirate ali potujete z avtodomom, bo torba poskrbela za varnost va\u0161e opreme!<\/p>\n<p>\n<img decoding=\"async\" alt=\"\" border=\"0\" src=\"https:\/\/assets.innpro.pl\/13599\/16725\/1.jpg\" title=\"\">\n<\/p>\n<h3>Vodoodporna in trpe\u017ena<\/h3>\n<p>Torba je izdelana iz lahkega, vendar trpe\u017enega in vodoodpornega materiala. Tako lahko va\u0161o postajo in druge predmete za\u0161\u010diti pred de\u017ejem, umazanijo in praskami. Idealna je za izlete na teren, kjer so lahko razmere nepredvidljive.<\/p>\n<p>\n<img decoding=\"async\" alt=\"\" border=\"0\" src=\"https:\/\/assets.innpro.pl\/13599\/16725\/2.jpg\" title=\"\">\n<\/p>\n<h3>Prefinjen v vsaki podrobnosti<\/h3>\n<p>Torbo odlikuje minimalisti\u010dna, estetska zasnova, zato se odli\u010dno ujema s sodobnim slogom naprav EcoFlow. Poleg tega jo lahko nosite na dva na\u010dina &#8211; v roki ali na rami. Uporabljajte jo tako, kot vam je udobno!<\/p>\n<p>\n<img decoding=\"async\" alt=\"\" border=\"0\" src=\"https:\/\/assets.innpro.pl\/13599\/16725\/4.jpg\" title=\"\">\n<\/p>\n<h3>Prostor za dodatke vedno pri roki<\/h3>\n<p>Ve\u010d \u017eepov z zadrgo vam omogo\u010da priro\u010dno shranjevanje potrebnih kablov in druge dodatne opreme. Tako lahko preprosto poskrbite za red in imate vse vedno pri roki!<\/p>\n<p>\n<img decoding=\"async\" alt=\"\" border=\"0\" src=\"https:\/\/assets.innpro.pl\/13599\/16725\/5.jpg\" title=\"\">\n<\/p>\n<div class=\"table-wrapper\">\n<h3><\/h3>\n<table>\n<tbody>\n<tr>\n<th>Proizvajalec<\/th>\n<td>EcoFlow<\/td>\n<\/tr>\n<tr>\n<th>Model<\/th>\n<td>EFDELTA3-BAG<\/td>\n<\/tr>\n<tr>\n<th>Zdru\u017eljivost<\/th>\n<td>Prenosne elektrarne serije DELTA 3<\/td>\n<\/tr>\n<\/tbody>\n<\/table>\n<\/div>","protected":false},"excerpt":{"rendered":"<p>Na zalogi pri zunanjem dobavitelju. Rok dobave 3-7 delovnih dni.<\/p>","protected":false},"featured_media":32363,"template":"","meta":{"_monsterinsights_skip_tracking":false,"_monsterinsights_sitenote_active":false,"_monsterinsights_sitenote_note":"","_monsterinsights_sitenote_category":0},"product_brand":[],"product_cat":[101,296,255],"product_tag":[],"class_list":{"0":"post-32371","1":"product","2":"type-product","3":"status-publish","4":"has-post-thumbnail","6":"product_cat-pametni-dom","7":"product_cat-solarna-tehnika","8":"product_cat-vsi","10":"first","11":"instock","12":"taxable","13":"shipping-taxable","14":"purchasable","15":"product-type-simple"},"jetpack_sharing_enabled":true,"_links":{"self":[{"href":"https:\/\/kobra.si\/en\/wp-json\/wp\/v2\/product\/32371","targetHints":{"allow":["GET"]}}],"collection":[{"href":"https:\/\/kobra.si\/en\/wp-json\/wp\/v2\/product"}],"about":[{"href":"https:\/\/kobra.si\/en\/wp-json\/wp\/v2\/types\/product"}],"version-history":[{"count":1,"href":"https:\/\/kobra.si\/en\/wp-json\/wp\/v2\/product\/32371\/revisions"}],"predecessor-version":[{"id":33790,"href":"https:\/\/kobra.si\/en\/wp-json\/wp\/v2\/product\/32371\/revisions\/33790"}],"wp:featuredmedia":[{"embeddable":true,"href":"https:\/\/kobra.si\/en\/wp-json\/wp\/v2\/media\/32363"}],"wp:attachment":[{"href":"https:\/\/kobra.si\/en\/wp-json\/wp\/v2\/media?parent=32371"}],"wp:term":[{"taxonomy":"product_brand","embeddable":true,"href":"https:\/\/kobra.si\/en\/wp-json\/wp\/v2\/product_brand?post=32371"},{"taxonomy":"product_cat","embeddable":true,"href":"https:\/\/kobra.si\/en\/wp-json\/wp\/v2\/product_cat?post=32371"},{"taxonomy":"product_tag","embeddable":true,"href":"https:\/\/kobra.si\/en\/wp-json\/wp\/v2\/product_tag?post=32371"}],"curies":[{"name":"wp","href":"https:\/\/api.w.org\/{rel}","templated":true}]}}