{"id":32353,"date":"2025-07-31T10:58:43","date_gmt":"2025-07-31T08:58:43","guid":{"rendered":"https:\/\/kobra.si\/spletna-trgovina-kobra\/prenosna-elektrarna-ecoflow-river-3-max\/"},"modified":"2026-04-21T21:03:27","modified_gmt":"2026-04-21T19:03:27","slug":"prenosna-elektrarna-ecoflow-river-3-max","status":"publish","type":"product","link":"https:\/\/kobra.si\/en\/spletna-trgovina-kobra\/prenosna-elektrarna-ecoflow-river-3-max\/","title":{"rendered":"Prenosna elektrarna EcoFlow River 3 Max"},"content":{"rendered":"<h3>Prenosna elektrarna EcoFlow River 3 Max<\/h3>\n<p>RIVER 3 Max je kombinacija napajalne postaje EcoFlow RIVER 3 Plus in dodatne baterije, ki zagotavlja skupno zmogljivost do 572 Wh. Z izhodno mo\u010djo do 600 W (ali do 1 200 W v na\u010dinu X-Boost) lahko zlahka zagotovite napajanje najrazli\u010dnej\u0161ih naprav, uporaba polprevodnika GaN (galijev nitrid) naslednje generacije pa zagotavlja odli\u010dno energetsko u\u010dinkovitost in manj\u0161e toplotne izgube. Poleg tega je izdelek zaradi lahke in trpe\u017ene zasnove odli\u010den za potovanja. Omembe vredna je tudi funkcija UPS, ki omogo\u010da preklop na zasilno napajanje v manj kot 10 ms.<\/p>\n<p>\n<img decoding=\"async\" alt=\"\" border=\"0\" src=\"https:\/\/assets.innpro.pl\/13381\/16468\/4.jpg\" title=\"\">\n<\/p>\n<h3>Brezhibno napajanje osnovnih naprav<\/h3>\n<p>Postajo RIVER 3 Max odlikuje izhodna mo\u010d do 600 W, zaradi razpolo\u017eljivega na\u010dina X-Boost pa lahko prenese tudi obremenitve do 1200 W. Tako lahko brez te\u017eav priklju\u010dite ve\u010dino potrebnih naprav, od pametnih telefonov in prenosnih ra\u010dunalnikov do svetilk in potovalnih hladilnikov.<\/p>\n<p>\n<img decoding=\"async\" alt=\"\" border=\"0\" src=\"https:\/\/assets.innpro.pl\/13381\/16468\/3.jpg\" title=\"\">\n<\/p>\n<h3>Izkoristite prednosti tehnologije GaN<\/h3>\n<p>Naprave serije RIVER 3 uporabljajo inovativne polprevodnike GaN, zato ponujajo bolj\u0161e zmogljivosti kot standardne naprave na osnovi silicija. Galijev nitrid zagotavlja visoko energetsko u\u010dinkovitost in odli\u010dno prevodnost, poleg tega pa zmanj\u0161uje tveganje pregrevanja opreme in ohranja njeno kompaktno velikost. Dodatna prednost uporabljene tehnologije je tiho delovanje &#8211; raven hrupa modela RIVER 3 Max zna\u0161a le pribli\u017eno 30 dB, kar je pribli\u017eno enako kot pri \u0161epetu ali tiktakanju ure. Zato lahko postajo nemoteno uporabljate tudi pono\u010di!<\/p>\n<p>\n<img decoding=\"async\" alt=\"\" border=\"0\" src=\"https:\/\/assets.innpro.pl\/13381\/16468\/6.jpg\" title=\"\">\n<\/p>\n<h3>Na voljo je ve\u010d vti\u010dnic<\/h3>\n<p>Potrebujete na postajo priklju\u010diti ve\u010d naprav? Ni problema! RIVER 3 Max je opremljen s tremi vti\u010dnicami za izmeni\u010dni tok z mo\u010djo 600 W (ali 1200 W s funkcijo X-Boost), dvema priklju\u010dkoma USB-A s skupno mo\u010djo 24 W, enim priklju\u010dkom USB-C z mo\u010djo 100 W, enim priklju\u010dkom USB-C z mo\u010djo 140 W in eno 12,6-voltno avtomobilsko vti\u010dnico z mo\u010djo 126 W. Tako lahko priro\u010dno polnite pametne telefone in prenosne ra\u010dunalnike, uporabljate razsvetljavo in \u0161e ve\u010d!<\/p>\n<p>\n<img decoding=\"async\" alt=\"\" border=\"0\" src=\"https:\/\/assets.innpro.pl\/13381\/16468\/10.jpg\" title=\"\">\n<\/p>\n<h3>Zasilno napajanje UPS<\/h3>\n<p>Bodite pripravljeni na morebitne izpade elektri\u010dne energije. RIVER 3 Max ponuja funkcijo UPS, ki lahko v manj kot 10 ms preklopi na zasilno napajanje. Zdaj lahko preprosto poskrbite za neprekinjeno delovanje hladilnika ali ra\u010dunalnika! \u0160e ve\u010d, ko je postaja blizu izpraznitve, lahko obvesti stre\u017enik NAS ali osebni ra\u010dunalnik, tako da ima ta \u010das, da shrani podatke in se varno izklopi. Tak\u0161na re\u0161itev je odli\u010dna za doma\u010do pisarno!<\/p>\n<p>\n<img decoding=\"async\" alt=\"\" border=\"0\" src=\"https:\/\/assets.innpro.pl\/13381\/16468\/2.jpg\" title=\"\">\n<\/p>\n<h3>Ve\u010d mo\u017enosti polnjenja<\/h3>\n<p>Postajo EcoFlow RIVER 3 Max lahko polnite na ve\u010d na\u010dinov. Z vti\u010dnico za izmeni\u010dni tok jo boste napolnili v pribli\u017eno 1,5 ure. Pribli\u017eno toliko \u010dasa zadostuje tudi polnjenje z generatorjem elektri\u010dne energije. Napravo je mogo\u010de priklju\u010diti tudi na fotovoltai\u010dne panele z mo\u010djo do 220 W ali avtomobilski polnilnik. Tak\u0161na re\u0161itev je odli\u010dna za potovanja! Napravo RIVER 3 Max lahko polnite tudi prek vmesnika USB-C. S tolik\u0161no prilagodljivostjo lahko postajo preprosto pripravite za delovanje v skoraj vseh okoli\u0161\u010dinah!<\/p>\n<p>\n<img decoding=\"async\" alt=\"\" border=\"0\" src=\"https:\/\/assets.innpro.pl\/13381\/16468\/11.jpg\" title=\"\">\n<\/p>\n<h3>Slu\u017eila vam bo dolgo \u010dasa<\/h3>\n<p>Naprava RIVER 3 Max je opremljena z baterijo LiFePO4, ki omogo\u010da pribli\u017eno 3 000 ciklov polnjenja (do 80 % prvotne zmogljivosti). To pomeni do 10 let uporabe! Poleg tega tehnologija X-Guard zagotavlja zanesljivo za\u0161\u010dito pred prekomernim polnjenjem, kratkim stikom, prenapetostjo in drugimi nevarnostmi. Baterijo odlikuje tudi stopnja za\u0161\u010dite IP54 &#8211; ne prestra\u0161ita je voda ali prah. Postaja je odporna tudi na padce z vi\u0161ine do 1,5 metra &#8211; ne bojte se, da bi jo hitro po\u0161kodovali.<\/p>\n<p>\n<img decoding=\"async\" alt=\"\" border=\"0\" src=\"https:\/\/assets.innpro.pl\/13381\/16468\/5.jpg\" title=\"\">\n<\/p>\n<h3>Priro\u010dno upravljanje<\/h3>\n<p>Postaja je zdru\u017eljiva z aplikacijo EcoFlow, s katero jo lahko upravljate na daljavo. Z njeno pomo\u010djo lahko na primer preverite stopnjo napolnjenosti, izhodno mo\u010d in preostali \u010das delovanja ter prilagodite nastavitve. Prejemali boste tudi koristna obvestila, na primer v zvezi z izpadom elektri\u010dne energije. Naprava RIVER 3 Max ima vgrajen tudi barvni zaslon, ki omogo\u010da priro\u010den dostop do klju\u010dnih informacij, povezanih z njenim delovanjem.<\/p>\n<p>\n<img decoding=\"async\" alt=\"\" border=\"0\" src=\"https:\/\/assets.innpro.pl\/13381\/16468\/9.jpg\" title=\"\">\n<\/p>\n<h3>Velika zmogljivost, prenosna zasnova<\/h3>\n<p>Zmogljivost postaje RIVER 3 Max je kar 572 Wh, kar ji omogo\u010da dolgotrajno napajanje osnovnih naprav. Hkrati je izdelek presenetljivo lahek in majhen &#8211; tehta le pribli\u017eno 8 kg, njegove mere pa so 234 x 224 x 255 mm. Zato ga lahko brez te\u017eav vzamete s seboj na vrt, v avtodom ali na taborjenje!<\/p>\n<p>\n<img decoding=\"async\" alt=\"\" border=\"0\" src=\"https:\/\/assets.innpro.pl\/13381\/16468\/1.jpg\" title=\"\">\n<\/p>\n<h3>Vklju\u010deno<\/h3>\n<ul class=\"list-disc pl-5\">\n<li>Elektri\u010dna postaja RIVER 3 Max<\/li>\n<li>Kabel za polnjenje iz vti\u010dnice<\/li>\n<li>Kabel za polnjenje v avtomobilu<\/li>\n<li>Kabel USB-B na USB-A UPS<\/li>\n<li>Kratek priro\u010dnik za uporabo<\/li>\n<\/ul>\n<div class=\"table-wrapper\">\n<h3>General<\/h3>\n<table>\n<tbody>\n<tr>\n<th>Proizvajalec<\/th>\n<td>EcoFlow<\/td>\n<\/tr>\n<tr>\n<th>Model<\/th>\n<td>RIVER 3 Max<\/td>\n<\/tr>\n<tr>\n<th>Capacity<\/th>\n<td>572 Wh \/ 179200 mAh<\/td>\n<\/tr>\n<tr>\n<th>Dimenzije<\/th>\n<td>234 x 224 x 255 mm<\/td>\n<\/tr>\n<tr>\n<th>Weight<\/th>\n<td>8 kg<\/td>\n<\/tr>\n<\/tbody>\n<\/table>\n<h3>Baterija<\/h3>\n<table>\n<tbody>\n<tr>\n<th>Vrsta<\/th>\n<td>LFP (LiFePO4)<\/td>\n<\/tr>\n<tr>\n<th>\u017divljenjska doba<\/th>\n<td>Pribli\u017eno 3000 ciklov (do 80 % zmogljivosti)<\/td>\n<\/tr>\n<\/tbody>\n<\/table>\n<h3>Izhodi<\/h3>\n<table>\n<tbody>\n<tr>\n<th>AC<\/th>\n<td>3x 230 V ~50 Hz, najve\u010d 600 W (do 1200 W v na\u010dinu X-Boost)<\/td>\n<\/tr>\n<tr>\n<th>USB-A<\/th>\n<td>2x 5 V = 2,4 A, 12 W na vrata, skupaj 24 W<\/td>\n<\/tr>\n<tr>\n<th>USB-C<\/th>\n<td>1x 100 W 5\/9\/12\/15 V = najve\u010d 3 A, 20 V = najve\u010d 5 A; 1x 140 W 5\/9\/12\/15 V = najve\u010d 3 A, 20\/28 V = najve\u010d 5 A<\/td>\n<\/tr>\n<tr>\n<th>Avtomobilski izhod<\/th>\n<td>1x 12,6 V, 10 A, 126 W max.<\/td>\n<\/tr>\n<\/tbody>\n<\/table>\n<h3>Vhodi<\/h3>\n<table>\n<tbody>\n<tr>\n<th>Polnjenje z izmeni\u010dnim tokom<\/th>\n<td>200-240 V, najve\u010d 3 A, 50\/60 Hz, 650 W, 0-100 % v pribli\u017eno 1,5 h<\/td>\n<\/tr>\n<tr>\n<th>Polnjenje s fotovoltai\u010dnimi paneli<\/th>\n<td>11-55 V, 13 A, najve\u010d 220 W, 0-100 % v pribli\u017eno 3,2 h (45 W &#8211; 0-100 % v pribli\u017eno 15,6 h, 60 W &#8211; 0-100 % v pribli\u017eno 11,7 h, 110 W &#8211; 0-100 % v pribli\u017eno 6,4 h)<\/td>\n<\/tr>\n<tr>\n<th>Polnjenje v avtomobilu<\/th>\n<td>11-55 V, najve\u010d 8 A, najve\u010d 220 W, 0-100 % v pribli\u017eno 6,5 h<\/td>\n<\/tr>\n<tr>\n<th>Polnjenje z generatorjem elektri\u010dne energije<\/th>\n<td>200-240 V, najve\u010d 3 A, 50\/60 Hz, 650 W, 0-100 % v pribli\u017eno 1,5 h<\/td>\n<\/tr>\n<tr>\n<th>Polnjenje prek USB-C<\/th>\n<td>5\/9\/12\/15 V = najve\u010d 3 A, 20\/28 V = najve\u010d 5 A, najve\u010d 140 W, 0-100 % v pribli\u017eno 7 h<\/td>\n<\/tr>\n<\/tbody>\n<\/table>\n<h3>Druge<\/h3>\n<table>\n<tbody>\n<tr>\n<th>UPS<\/th>\n<td>&lt; 10 ms<\/td>\n<\/tr>\n<tr>\n<th>Dodatna baterija<\/th>\n<td>B300 (286 Wh)<\/td>\n<\/tr>\n<tr>\n<th>Uporaba<\/th>\n<td>EcoFlow, povezava Wi-Fi in Bluetooth<\/td>\n<\/tr>\n<tr>\n<th>Stopnja hrupa<\/th>\n<td>Pribli\u017eno 30 dB<\/td>\n<\/tr>\n<tr>\n<th>Razred vodotesnosti<\/th>\n<td>IP54 (samo baterija, celotna postaja ni vodotesna)<\/td>\n<\/tr>\n<\/tbody>\n<\/table>\n<h3>Pogoji delovanja<\/h3>\n<table>\n<tbody>\n<tr>\n<th>Optimalna delovna temperatura<\/th>\n<td>Od 20 \u00b0C do 30 \u00b0C<\/td>\n<\/tr>\n<tr>\n<th>Temperatura polnjenja<\/th>\n<td>Od 0 \u00b0C do 45 \u00b0C<\/td>\n<\/tr>\n<tr>\n<th>Temperatura praznjenja<\/th>\n<td>Od -10\u00b0C do 45\u00b0C<\/td>\n<\/tr>\n<tr>\n<th>Storage temperature<\/th>\n<td>Od 20 \u00b0C do 30 \u00b0C<\/td>\n<\/tr>\n<tr>\n<th>Delovna nadmorska vi\u0161ina<\/th>\n<td>\u2264 2000 m<\/td>\n<\/tr>\n<\/tbody>\n<\/table>\n<\/div>","protected":false},"excerpt":{"rendered":"<p>Na zalogi pri zunanjem dobavitelju. Rok dobave 3-7 delovnih dni.<\/p>","protected":false},"featured_media":32345,"template":"","meta":{"_monsterinsights_skip_tracking":false,"_monsterinsights_sitenote_active":false,"_monsterinsights_sitenote_note":"","_monsterinsights_sitenote_category":0},"product_brand":[],"product_cat":[101,296,255],"product_tag":[],"class_list":{"0":"post-32353","1":"product","2":"type-product","3":"status-publish","4":"has-post-thumbnail","6":"product_cat-pametni-dom","7":"product_cat-solarna-tehnika","8":"product_cat-vsi","10":"first","11":"instock","12":"taxable","13":"shipping-taxable","14":"purchasable","15":"product-type-simple"},"jetpack_sharing_enabled":true,"_links":{"self":[{"href":"https:\/\/kobra.si\/en\/wp-json\/wp\/v2\/product\/32353","targetHints":{"allow":["GET"]}}],"collection":[{"href":"https:\/\/kobra.si\/en\/wp-json\/wp\/v2\/product"}],"about":[{"href":"https:\/\/kobra.si\/en\/wp-json\/wp\/v2\/types\/product"}],"version-history":[{"count":1,"href":"https:\/\/kobra.si\/en\/wp-json\/wp\/v2\/product\/32353\/revisions"}],"predecessor-version":[{"id":33792,"href":"https:\/\/kobra.si\/en\/wp-json\/wp\/v2\/product\/32353\/revisions\/33792"}],"wp:featuredmedia":[{"embeddable":true,"href":"https:\/\/kobra.si\/en\/wp-json\/wp\/v2\/media\/32345"}],"wp:attachment":[{"href":"https:\/\/kobra.si\/en\/wp-json\/wp\/v2\/media?parent=32353"}],"wp:term":[{"taxonomy":"product_brand","embeddable":true,"href":"https:\/\/kobra.si\/en\/wp-json\/wp\/v2\/product_brand?post=32353"},{"taxonomy":"product_cat","embeddable":true,"href":"https:\/\/kobra.si\/en\/wp-json\/wp\/v2\/product_cat?post=32353"},{"taxonomy":"product_tag","embeddable":true,"href":"https:\/\/kobra.si\/en\/wp-json\/wp\/v2\/product_tag?post=32353"}],"curies":[{"name":"wp","href":"https:\/\/api.w.org\/{rel}","templated":true}]}}