{"id":32344,"date":"2025-07-31T10:58:18","date_gmt":"2025-07-31T08:58:18","guid":{"rendered":"https:\/\/kobra.si\/spletna-trgovina-kobra\/klobuk-ecoflow-power-hat-l-xl\/"},"modified":"2026-02-11T21:04:14","modified_gmt":"2026-02-11T20:04:14","slug":"klobuk-ecoflow-power-hat-l-xl","status":"publish","type":"product","link":"https:\/\/kobra.si\/en\/spletna-trgovina-kobra\/klobuk-ecoflow-power-hat-l-xl\/","title":{"rendered":"Klobuk EcoFlow Power Hat (L- XL)."},"content":{"rendered":"<h3>Klobuk EcoFlow Power Hat (L-XL)<\/h3>\n<p>Pridobite energetsko neodvisnost na terenu. EcoFlow Power Hat je pametno pokrivalo, ki zagotavlja za\u0161\u010dito pred soncem, hkrati pa omogo\u010da polnjenje naprav kjer koli. Rob je prekrit z visoko u\u010dinkovitimi 12W fotonapetostnimi plo\u0161\u010dami, zato lahko klobuk son\u010dno svetlobo pretvarja v elektri\u010dno energijo. Zaradi zlo\u017eljive zasnove in majhne te\u017ee ga je mogo\u010de enostavno spraviti v nahrbtnik, njegova vodoodpornost po standardu IP65 pa zagotavlja zanesljivost ne glede na vremenske razmere.<\/p>\n<p>\n<img decoding=\"async\" alt=\"\" border=\"0\" src=\"https:\/\/assets.innpro.pl\/13061\/15973\/2.jpg\" title=\"\">\n<\/p>\n<h3>Stalni vir energije<\/h3>\n<p>Celoten rob klobuka je opremljen s fotonapetostnimi plo\u0161\u010dami iz monokristalnega silicija s tehnologijo PERC, ki imajo 23-24-odstotno u\u010dinkovitost. Son\u010dna energija se zajema z vseh strani in se pretvarja v elektri\u010dno energijo. Tako lahko polnite svoj telefon, tabli\u010dni ra\u010dunalnik in druge naprave prek priklju\u010dkov USB-A in USB-C. Postanite neodvisni od tradicionalnih virov energije med dolgimi pohodi, kampiranjem ali delom na prostem!<\/p>\n<p>\n<img decoding=\"async\" alt=\"\" border=\"0\" src=\"https:\/\/assets.innpro.pl\/13061\/15973\/9.jpg\" title=\"\">\n<\/p>\n<h3>Zlo\u017eljiva zasnova<\/h3>\n<p>Napajalna kapa EcoFlow je zasnovana tako, da jo lahko preprosto zlo\u017eite in shranite v torbo ali stranski \u017eep nahrbtnika. Ko je izdelek zlo\u017een, ohrani kompaktno obliko, kar olaj\u0161a njegovo prena\u0161anje. Ko prispete na cilj, ga preprosto razgrnite in spet \u010drpajte energijo iz sonca.<\/p>\n<p>\n<img decoding=\"async\" alt=\"\" border=\"0\" src=\"https:\/\/assets.innpro.pl\/13061\/15973\/4.jpg\" title=\"\">\n<\/p>\n<h3>Odpornost na te\u017eke razmere<\/h3>\n<p>Ekstremne vremenske razmere niso ovira &#8211; klobuk izpolnjuje standard IP65, kar pomeni popolno za\u0161\u010dito pred prahom in odpornost na \u0161kropljenje. Zato bo klobuk EcoFlow Power Hat dobro deloval tako v son\u010dnih dneh kot tudi med nenadnim de\u017ejem.<\/p>\n<p>\n<img decoding=\"async\" alt=\"\" border=\"0\" src=\"https:\/\/assets.innpro.pl\/13061\/15973\/6.jpg\" title=\"\">\n<\/p>\n<h3>Udobje no\u0161enja<\/h3>\n<p>U\u017eivajte v udobju in funkcionalnosti, ne glede na to, ali hodite po gorskih poteh, jadrate ali se spro\u0161\u010date na pla\u017ei. Zaradi nastavljivega obsega lahko klobuk prilagodite obliki svoje glave (od 59 do 61 cm), zaradi lahke konstrukcije (370 g) pa ga lahko nosite ves dan, ne da bi se po\u010dutili neudobno. Snemljiv trak za brado pove\u010duje stabilnost, zato klobuk EcoFlow Power Hat ostane na mestu tudi v mo\u010dnem vetru.<\/p>\n<p>\n<img decoding=\"async\" alt=\"\" border=\"0\" src=\"https:\/\/assets.innpro.pl\/13061\/15973\/1.jpg\" title=\"\">\n<\/p>\n<div class=\"table-wrapper\">\n<h3><\/h3>\n<table>\n<tbody>\n<tr>\n<th>Proizvajalec:<\/th>\n<td>EcoFlow<\/td>\n<\/tr>\n<tr>\n<th>Model<\/th>\n<td>Power Hat<\/td>\n<\/tr>\n<tr>\n<th>Koda proizvajalca<\/th>\n<td>5020601004<\/td>\n<\/tr>\n<tr>\n<th>Velikost<\/th>\n<td>L-XL<\/td>\n<\/tr>\n<tr>\n<th>Zdru\u017eljiv obseg glave<\/th>\n<td>Od 59 do 61 cm (23,2-24 palcev)<\/td>\n<\/tr>\n<tr>\n<th>Nazivna mo\u010d<\/th>\n<td>STC12 W ( \u00b11 W)<\/td>\n<\/tr>\n<tr>\n<th>Tehnologija celic<\/th>\n<td>Monokristalni silicij (tehnologija PERC), u\u010dinkovitost 23-24 %<\/td>\n<\/tr>\n<tr>\n<th>Napetost odprtega tokokroga<\/th>\n<td>7,8 V<\/td>\n<\/tr>\n<tr>\n<th>Najve\u010dja delovna napetost<\/th>\n<td>6 V<\/td>\n<\/tr>\n<tr>\n<th>Najve\u010dji obratovalni tok<\/th>\n<td>2 A<\/td>\n<\/tr>\n<tr>\n<th>Tok kratkega stika<\/th>\n<td>2,2 A<\/td>\n<\/tr>\n<tr>\n<th>Izhodna vrata<\/th>\n<td>USB-A, USB-C<\/td>\n<\/tr>\n<tr>\n<th>Najve\u010dji izhod<\/th>\n<td>5 V\/2,4 A<\/td>\n<\/tr>\n<tr>\n<th>Weight<\/th>\n<td>370 g (13 oz)<\/td>\n<\/tr>\n<tr>\n<th>Vodotesnost<\/th>\n<td>IP65<\/td>\n<\/tr>\n<\/tbody>\n<\/table>\n<\/div>","protected":false},"excerpt":{"rendered":"<p>Na zalogi pri zunanjem dobavitelju. Rok dobave 3-7 delovnih dni.<\/p>","protected":false},"featured_media":32338,"template":"","meta":{"_monsterinsights_skip_tracking":false,"_monsterinsights_sitenote_active":false,"_monsterinsights_sitenote_note":"","_monsterinsights_sitenote_category":0},"product_brand":[],"product_cat":[101,296,255],"product_tag":[],"class_list":{"0":"post-32344","1":"product","2":"type-product","3":"status-publish","4":"has-post-thumbnail","6":"product_cat-pametni-dom","7":"product_cat-solarna-tehnika","8":"product_cat-vsi","10":"first","11":"instock","12":"taxable","13":"shipping-taxable","14":"purchasable","15":"product-type-simple"},"jetpack_sharing_enabled":true,"_links":{"self":[{"href":"https:\/\/kobra.si\/en\/wp-json\/wp\/v2\/product\/32344","targetHints":{"allow":["GET"]}}],"collection":[{"href":"https:\/\/kobra.si\/en\/wp-json\/wp\/v2\/product"}],"about":[{"href":"https:\/\/kobra.si\/en\/wp-json\/wp\/v2\/types\/product"}],"version-history":[{"count":1,"href":"https:\/\/kobra.si\/en\/wp-json\/wp\/v2\/product\/32344\/revisions"}],"predecessor-version":[{"id":33793,"href":"https:\/\/kobra.si\/en\/wp-json\/wp\/v2\/product\/32344\/revisions\/33793"}],"wp:featuredmedia":[{"embeddable":true,"href":"https:\/\/kobra.si\/en\/wp-json\/wp\/v2\/media\/32338"}],"wp:attachment":[{"href":"https:\/\/kobra.si\/en\/wp-json\/wp\/v2\/media?parent=32344"}],"wp:term":[{"taxonomy":"product_brand","embeddable":true,"href":"https:\/\/kobra.si\/en\/wp-json\/wp\/v2\/product_brand?post=32344"},{"taxonomy":"product_cat","embeddable":true,"href":"https:\/\/kobra.si\/en\/wp-json\/wp\/v2\/product_cat?post=32344"},{"taxonomy":"product_tag","embeddable":true,"href":"https:\/\/kobra.si\/en\/wp-json\/wp\/v2\/product_tag?post=32344"}],"curies":[{"name":"wp","href":"https:\/\/api.w.org\/{rel}","templated":true}]}}