{"id":32330,"date":"2025-07-31T10:56:11","date_gmt":"2025-07-31T08:56:11","guid":{"rendered":"https:\/\/kobra.si\/spletna-trgovina-kobra\/adapter-ecoflow-ev-stream-delta-pro-3\/"},"modified":"2026-04-20T21:04:51","modified_gmt":"2026-04-20T19:04:51","slug":"adapter-ecoflow-ev-stream-delta-pro-3","status":"publish","type":"product","link":"https:\/\/kobra.si\/en\/spletna-trgovina-kobra\/adapter-ecoflow-ev-stream-delta-pro-3\/","title":{"rendered":"Adapter EcoFlow EV-stream Delta Pro 3"},"content":{"rendered":"<h3>Adapter EcoFlow EV-stream Delta Pro 3<\/h3>\n<p>Adapter EcoFlow EV X-Stream omogo\u010da polnjenje elektri\u010dne postaje DELTA Pro 3 s polnilno postajo za elektri\u010dne avtomobile 2. stopnje. Ponuja mo\u010d do 7200 W in je zdru\u017eljiv s priklju\u010dki SAE J1772. Brez te\u017eav ga lahko uporabljate skoraj povsod po svetu! Idealen je za uporabnike postaje DELTA Pro 3, ki \u017eelijo hitro in udobno polniti doma ali na poti.<\/p>\n<p>\n<img decoding=\"async\" alt=\"\" border=\"0\" src=\"https:\/\/assets.innpro.pl\/13821\/17058\/4.jpg\" title=\"\">\n<\/p>\n<h3>Hitrost polnjenja, na katero se lahko zanesete<\/h3>\n<p>Adapter s podporo za polnjenje z izmeni\u010dnim tokom do 7200 W omogo\u010da hitro pripravo postaje DELTA Pro 3 za nadaljnjo uporabo &#8211; v gara\u017ei ali na postanku med potovanjem. To je prihranek \u010dasa in udobje, \u0161e posebej, ko na terenu potrebujete u\u010dinkovit vir napajanja.<\/p>\n<p>\n<img decoding=\"async\" alt=\"\" border=\"0\" src=\"https:\/\/assets.innpro.pl\/13821\/17058\/1.jpg\" title=\"\">\n<\/p>\n<h3>\u0160iroka zdru\u017eljivost<\/h3>\n<p>Adapter podpira priklju\u010dek tipa 1 (SAE J1772), kar pomeni, da lahko postajo DELTA Pro 3 priklju\u010dite na tiso\u010de polnilnikov ravni 2, ki so na voljo po vsem svetu. Tako se boste zlahka pripravili tudi na dalj\u0161a potovanja!<\/p>\n<p>\n<img decoding=\"async\" alt=\"\" border=\"0\" src=\"https:\/\/assets.innpro.pl\/13821\/17058\/3.jpg\" title=\"\">\n<\/p>\n<h3>Kompaktna zasnova in trdna izdelava<\/h3>\n<p>Zaradi dol\u017eine kabla pribli\u017eno 49 cm je adapter zelo enostaven za shranjevanje in prevoz. Zaradi kompaktne zasnove se bo pripomo\u010dek prilegal tudi v predal za rokavice va\u0161ega vozila, trpe\u017eno ohi\u0161je pa zagotavlja varnost med vsakodnevno uporabo.<\/p>\n<p>\n<img decoding=\"async\" alt=\"\" border=\"0\" src=\"https:\/\/assets.innpro.pl\/13821\/17058\/2.jpg\" title=\"\">\n<\/p>\n<div class=\"table-wrapper\">\n<h3><\/h3>\n<table>\n<tbody>\n<tr>\n<th>Proizvajalec<\/th>\n<td>EcoFlow<\/td>\n<\/tr>\n<tr>\n<th>Ime<\/th>\n<td>Adapter EV X-Stream<\/td>\n<\/tr>\n<tr>\n<th>Model<\/th>\n<td>5009604002<\/td>\n<\/tr>\n<tr>\n<th>Vhod za izmeni\u010dni tok<\/th>\n<td>120 V \/ 240 V, 30 A<\/td>\n<\/tr>\n<tr>\n<th>Izhod izmeni\u010dnega toka<\/th>\n<td>120 V \/ 240 V, 30 A<\/td>\n<\/tr>\n<tr>\n<th>Dol\u017eina<\/th>\n<td>490 mm<\/td>\n<\/tr>\n<tr>\n<th>Zdru\u017eljivost<\/th>\n<td>EcoFlow DELTA Pro 3<\/td>\n<\/tr>\n<\/tbody>\n<\/table>\n<\/div>","protected":false},"excerpt":{"rendered":"<p>Na zalogi pri zunanjem dobavitelju. Rok dobave 3-7 delovnih dni.<\/p>","protected":false},"featured_media":32328,"template":"","meta":{"_monsterinsights_skip_tracking":false,"_monsterinsights_sitenote_active":false,"_monsterinsights_sitenote_note":"","_monsterinsights_sitenote_category":0},"product_brand":[],"product_cat":[101,296,255],"product_tag":[],"class_list":{"0":"post-32330","1":"product","2":"type-product","3":"status-publish","4":"has-post-thumbnail","6":"product_cat-pametni-dom","7":"product_cat-solarna-tehnika","8":"product_cat-vsi","10":"first","11":"instock","12":"taxable","13":"shipping-taxable","14":"purchasable","15":"product-type-simple"},"jetpack_sharing_enabled":true,"_links":{"self":[{"href":"https:\/\/kobra.si\/en\/wp-json\/wp\/v2\/product\/32330","targetHints":{"allow":["GET"]}}],"collection":[{"href":"https:\/\/kobra.si\/en\/wp-json\/wp\/v2\/product"}],"about":[{"href":"https:\/\/kobra.si\/en\/wp-json\/wp\/v2\/types\/product"}],"version-history":[{"count":1,"href":"https:\/\/kobra.si\/en\/wp-json\/wp\/v2\/product\/32330\/revisions"}],"predecessor-version":[{"id":33795,"href":"https:\/\/kobra.si\/en\/wp-json\/wp\/v2\/product\/32330\/revisions\/33795"}],"wp:featuredmedia":[{"embeddable":true,"href":"https:\/\/kobra.si\/en\/wp-json\/wp\/v2\/media\/32328"}],"wp:attachment":[{"href":"https:\/\/kobra.si\/en\/wp-json\/wp\/v2\/media?parent=32330"}],"wp:term":[{"taxonomy":"product_brand","embeddable":true,"href":"https:\/\/kobra.si\/en\/wp-json\/wp\/v2\/product_brand?post=32330"},{"taxonomy":"product_cat","embeddable":true,"href":"https:\/\/kobra.si\/en\/wp-json\/wp\/v2\/product_cat?post=32330"},{"taxonomy":"product_tag","embeddable":true,"href":"https:\/\/kobra.si\/en\/wp-json\/wp\/v2\/product_tag?post=32330"}],"curies":[{"name":"wp","href":"https:\/\/api.w.org\/{rel}","templated":true}]}}