{"id":32327,"date":"2025-07-31T10:55:55","date_gmt":"2025-07-31T08:55:55","guid":{"rendered":"https:\/\/kobra.si\/spletna-trgovina-kobra\/paket-400w-soncne-plosce-trina-komplet-za-balkonsko-drzalo-ecoflow\/"},"modified":"2026-01-27T21:05:07","modified_gmt":"2026-01-27T20:05:07","slug":"paket-400w-soncne-plosce-trina-komplet-za-balkonsko-drzalo-ecoflow","status":"publish","type":"product","link":"https:\/\/kobra.si\/en\/spletna-trgovina-kobra\/paket-400w-soncne-plosce-trina-komplet-za-balkonsko-drzalo-ecoflow\/","title":{"rendered":"Paket 400W son\u010dne plo\u0161\u010de Trina + komplet za balkonsko dr\u017ealo EcoFlow"},"content":{"rendered":"<h3>Paket 400W son\u010dne plo\u0161\u010de Trina + komplet za balkonsko dr\u017ealo EcoFlow<\/h3>\n<p>Komplet EcoFlow s panelom Trina in balkonsko kljuko je idealna re\u0161itev za tiste, ki \u017eelijo uporabljati son\u010dno energijo v urbanih razmerah. Zahvaljujo\u010d 400W fotonapetostnemu panelu Trina in balkonskemu nosilcu EcoFlow je mogo\u010de namestiti solarni sistem tudi na majhne balkone. To je prakti\u010dna re\u0161itev, ki vam omogo\u010da zmanj\u0161anje ra\u010dunov za elektriko in u\u017eivanje brezpla\u010dne son\u010dne energije.<\/p>\n<p>\n<img decoding=\"async\" border=\"0\" src=\"https:\/\/assets.innpro.pl\/11857\/14028\/4.jpg\" title=\"\">\n<\/p>\n<h3>Robustna konstrukcija in enostavna namestitev<\/h3>\n<p>Komplet vklju\u010duje trpe\u017een balkonski nosilec velikosti 14 x 32 x 1213 mm in vse potrebne monta\u017ene elemente, kot so zati\u010di, objemke in za\u0161\u010ditne podlo\u017eke. Celoten komplet je zasnovan za hitro in enostavno namestitev. Zaradi najve\u010dje obremenitve 30 kg in visoke odpornosti proti vetru je namestitev stabilna in varna v vseh vremenskih razmerah. Prilo\u017eeno je tudi potrebno orodje, zato ni treba kupovati dodatne opreme.<\/p>\n<p>\n<img decoding=\"async\" border=\"0\" src=\"https:\/\/assets.innpro.pl\/11857\/14028\/7.jpg\" title=\"\">\n<\/p>\n<h3>Fotonapetostni panel Trina 400 W z visokim izkoristkom<\/h3>\n<p>Fotovoltai\u010dni panel Trina iz serije Vertex S odlikujeta mo\u010d 400 W in u\u010dinkovitost 21,1 %. Zahvaljujo\u010d monokristalni in ve\u010dplastni tehnologiji panel zagotavlja maksimalen izkoristek son\u010dne svetlobe in nizke izgube energije. Zaradi tega sistem u\u010dinkovito deluje tudi v manj ugodnih svetlobnih razmerah. Panel odlikuje tudi mehanska zmogljivost do 6 000 Pa pri pozitivni obremenitvi in 4 000 Pa pri negativni obremenitvi, kar zagotavlja njegovo zanesljivost.<\/p>\n<p>\n<img decoding=\"async\" border=\"0\" src=\"https:\/\/assets.innpro.pl\/11857\/14028\/8.jpg\" title=\"\">\n<\/p>\n<h3>Idealna re\u0161itev za stanovanja<\/h3>\n<p>Zaradi kompaktnih dimenzij in mo\u017enosti namestitve na balkonsko ograjo je komplet EcoFlow s panelom Trina idealna re\u0161itev za stanovanja v stanovanjskih blokih. Ne zahteva velikega prostora ali zapletenih monta\u017enih del. Sistem PowerStream (ki ga je treba kupiti posebej) omogo\u010da neposredno napajanje gospodinjskih aparatov in shranjevanje odve\u010dne energije v zdru\u017eljivih elektrarnah EcoFlow.<\/p>\n<p>\n<img decoding=\"async\" border=\"0\" src=\"https:\/\/assets.innpro.pl\/11857\/14028\/1.jpg\" title=\"\">\n<\/p>\n<h3>Zelena energija vsak dan<\/h3>\n<p>Uporaba son\u010dne energije ne omogo\u010da le zmanj\u0161anja stro\u0161kov elektri\u010dne energije, temve\u010d tudi skrb za okolje. Komplet EcoFlow s panelom Trina je korak k zelenemu \u017eivljenju in energetski neodvisnosti. Idealen bo za ljudi, ki \u017eelijo v vsakdanjem \u017eivljenju zdru\u017eiti var\u010devanje s sodobnimi tehnologijami.<\/p>\n<p>\n<img decoding=\"async\" border=\"0\" src=\"https:\/\/assets.innpro.pl\/11857\/14028\/5.jpg\" title=\"\">\n<\/p>\n<h3>Vklju\u010deno:<\/h3>\n<ul class=\"list-disc pl-5\">\n<li>Trina 400W panel x1<\/li>\n<li>Balkonski nosilec EcoFlow za 400W fotonapetostne panele x1<\/li>\n<\/ul>\n<div class=\"table-wrapper\">\n<h3>Splo\u0161no<\/h3>\n<table>\n<tbody>\n<tr>\n<th>Proizvajalec:<\/th>\n<td>EcoFlow<\/td>\n<\/tr>\n<\/tbody>\n<\/table>\n<h3>Balkonski nosilec EcoFlow za 400W fotovoltai\u010dne plo\u0161\u010de<\/h3>\n<table>\n<tbody>\n<tr>\n<th>Te\u017ea<\/th>\n<td>Pribli\u017eno 3,2 kg<\/td>\n<\/tr>\n<tr>\n<th>Najve\u010dja obremenitev<\/th>\n<td>30 kg<\/td>\n<\/tr>\n<tr>\n<th>Stopnja odpornosti proti vetru<\/th>\n<td>10<\/td>\n<\/tr>\n<\/tbody>\n<\/table>\n<h3>Trina 400W plo\u0161\u010da (elektri\u010dni podatki [STC])<\/h3>\n<table>\n<tbody>\n<tr>\n<th>Vrhunska mo\u010d-P MAX (Wp)*<\/th>\n<td>390 &#8211; 395 &#8211; 400 &#8211; 405<\/td>\n<\/tr>\n<tr>\n<th>Toleranca mo\u010di-P MAX (W)<\/th>\n<td>0~ +5<\/td>\n<\/tr>\n<tr>\n<th>Napetost najve\u010dje mo\u010di-VMPP (V)<\/th>\n<td>33.8 &#8211; 34.0 &#8211; 34.2 &#8211; 34.4<\/td>\n<\/tr>\n<tr>\n<th>Tok najve\u010dje mo\u010di-IMPP (A)<\/th>\n<td>11.54 &#8211; 11.62 &#8211; 11.70 &#8211; 11.77<\/td>\n<\/tr>\n<tr>\n<th>Napetost prostega tokokroga-VOC (V)<\/th>\n<td>40.8 &#8211; 41.0 &#8211; 41.2 &#8211; 41.4<\/td>\n<\/tr>\n<tr>\n<th>Tok kratkega stika-ISC (A)<\/th>\n<td>12.14 &#8211; 12.21 -12.28 &#8211; 12.34<\/td>\n<\/tr>\n<tr>\n<th>U\u010dinkovitost modula \u03b7m (%)<\/th>\n<td>20.3 &#8211; 20.5 &#8211; 20.8 &#8211; 21.1<\/td>\n<\/tr>\n<\/tbody>\n<\/table>\n<h3>Trina 400W panel (elektri\u010dni podatki [NOCT])<\/h3>\n<table>\n<tbody>\n<tr>\n<th>Najve\u010dja mo\u010d-P MAX (Wp)<\/th>\n<td>295 &#8211; 298 &#8211; 302 &#8211; 306<\/td>\n<\/tr>\n<tr>\n<th>Najve\u010dja mo\u010d-VMPP napetost (V)<\/th>\n<td>31.8 &#8211; 32.0 &#8211; 32.2 &#8211; 32.5<\/td>\n<\/tr>\n<tr>\n<th>Tok najve\u010dje mo\u010di-IMPP (A)<\/th>\n<td>9.26 &#8211; 9.32 &#8211; 9.38 &#8211; 9.41<\/td>\n<\/tr>\n<tr>\n<th>Napetost odprtega tokokroga-VOC (V)<\/th>\n<td>38.4 &#8211; 38.6 &#8211; 38.8 &#8211; 38.9<\/td>\n<\/tr>\n<tr>\n<th>Tok kratkega stika-ISC (A)<\/th>\n<td>9.78 &#8211; 9.84 &#8211; 9.90 &#8211; 9.95<\/td>\n<\/tr>\n<\/tbody>\n<\/table>\n<h3>Trina 400W plo\u0161\u010da (mehanski podatki)<\/h3>\n<table>\n<tbody>\n<tr>\n<th>Son\u010dne celice<\/th>\n<td>Monokristalni<\/td>\n<\/tr>\n<tr>\n<th>\u0160tevilo celic<\/th>\n<td>120 celic<\/td>\n<\/tr>\n<tr>\n<th>Dimenzije modula<\/th>\n<td>1754 \u00d7 1096 \u00d7 30 mm (69,06 \u00d7 43,15 \u00d7 1,18 palca)<\/td>\n<\/tr>\n<tr>\n<th>Te\u017ea<\/th>\n<td>21,0 kg (46,3 funtov)<\/td>\n<\/tr>\n<tr>\n<th>Steklo<\/th>\n<td>3,2 mm (0,13 palca), visoka prepustnost, premaz AR na toplotno utrjenem steklu<\/td>\n<\/tr>\n<tr>\n<th>Material ohi\u0161ja<\/th>\n<td>EVA\/POE<\/td>\n<\/tr>\n<tr>\n<th>Hrbtna plo\u010devina<\/th>\n<td>Bela<\/td>\n<\/tr>\n<tr>\n<th>Okvir<\/th>\n<td>30 mm (1,18 in) eloksiranega aluminija<\/td>\n<\/tr>\n<tr>\n<th>Spojna omarica<\/th>\n<td>Razred IP 68<\/td>\n<\/tr>\n<tr>\n<th>Kabli<\/th>\n<td>Kabel za fotovoltai\u010dno tehnologijo 4,0 mm (0,006 in), portret: 280\/280 mm (11,02\/11,02 in\u010da), dol\u017eina se lahko prilagodi<\/td>\n<\/tr>\n<tr>\n<th>Priklju\u010dek<\/th>\n<td>MC4 EVO2 \/ TS4<\/td>\n<\/tr>\n<\/tbody>\n<\/table>\n<h3>Trina 400W panel (temperaturne ocene)<\/h3>\n<table>\n<tbody>\n<tr>\n<th>NOCT (nazivna delovna temperatura celice).<\/th>\n<td>43 \u00b0C (\u00b12 \u00b0C)<\/td>\n<\/tr>\n<tr>\n<th>Temperaturni koeficient PMAX<\/th>\n<td>&#8211; 0.34%\/\u00b0C<\/td>\n<\/tr>\n<tr>\n<th>Temperaturni koeficient VOC<\/th>\n<td>&#8211; 0.25%\/\u00b0C<\/td>\n<\/tr>\n<tr>\n<th>Temperaturni koeficient ISC<\/th>\n<td>0.04%\/\u00b0C<\/td>\n<\/tr>\n<\/tbody>\n<\/table>\n<h3>Trina 400W plo\u0161\u010da (najve\u010dje nazivne vrednosti)<\/h3>\n<table>\n<tbody>\n<tr>\n<th>Delovna temperatura<\/th>\n<td>-40~+85\u00baC<\/td>\n<\/tr>\n<tr>\n<th>Najve\u010dja sistemska napetost<\/th>\n<td>1500 V DC (IEC), 1500 V DC (UL)<\/td>\n<\/tr>\n<tr>\n<th>Najve\u010dja napetost serijske varovalke<\/th>\n<td>20A<\/td>\n<\/tr>\n<\/tbody>\n<\/table>\n<\/div>\n","protected":false},"excerpt":{"rendered":"<p>Na zalogi pri zunanjem dobavitelju. Rok dobave 3-7 delovnih dni.<\/p>","protected":false},"featured_media":32324,"template":"","meta":{"_monsterinsights_skip_tracking":false,"_monsterinsights_sitenote_active":false,"_monsterinsights_sitenote_note":"","_monsterinsights_sitenote_category":0},"product_brand":[],"product_cat":[101,296,255],"product_tag":[],"class_list":{"0":"post-32327","1":"product","2":"type-product","3":"status-publish","4":"has-post-thumbnail","6":"product_cat-pametni-dom","7":"product_cat-solarna-tehnika","8":"product_cat-vsi","10":"first","11":"outofstock","12":"taxable","13":"shipping-taxable","14":"purchasable","15":"product-type-simple"},"jetpack_sharing_enabled":true,"_links":{"self":[{"href":"https:\/\/kobra.si\/en\/wp-json\/wp\/v2\/product\/32327","targetHints":{"allow":["GET"]}}],"collection":[{"href":"https:\/\/kobra.si\/en\/wp-json\/wp\/v2\/product"}],"about":[{"href":"https:\/\/kobra.si\/en\/wp-json\/wp\/v2\/types\/product"}],"version-history":[{"count":1,"href":"https:\/\/kobra.si\/en\/wp-json\/wp\/v2\/product\/32327\/revisions"}],"predecessor-version":[{"id":33796,"href":"https:\/\/kobra.si\/en\/wp-json\/wp\/v2\/product\/32327\/revisions\/33796"}],"wp:featuredmedia":[{"embeddable":true,"href":"https:\/\/kobra.si\/en\/wp-json\/wp\/v2\/media\/32324"}],"wp:attachment":[{"href":"https:\/\/kobra.si\/en\/wp-json\/wp\/v2\/media?parent=32327"}],"wp:term":[{"taxonomy":"product_brand","embeddable":true,"href":"https:\/\/kobra.si\/en\/wp-json\/wp\/v2\/product_brand?post=32327"},{"taxonomy":"product_cat","embeddable":true,"href":"https:\/\/kobra.si\/en\/wp-json\/wp\/v2\/product_cat?post=32327"},{"taxonomy":"product_tag","embeddable":true,"href":"https:\/\/kobra.si\/en\/wp-json\/wp\/v2\/product_tag?post=32327"}],"curies":[{"name":"wp","href":"https:\/\/api.w.org\/{rel}","templated":true}]}}