{"id":32323,"date":"2025-07-31T10:55:46","date_gmt":"2025-07-31T08:55:46","guid":{"rendered":"https:\/\/kobra.si\/spletna-trgovina-kobra\/ecoflow-delta-3-1500-prenosna-napajalna-postaja\/"},"modified":"2025-12-01T09:47:45","modified_gmt":"2025-12-01T08:47:45","slug":"ecoflow-delta-3-1500-prenosna-napajalna-postaja","status":"publish","type":"product","link":"https:\/\/kobra.si\/en\/spletna-trgovina-kobra\/ecoflow-delta-3-1500-prenosna-napajalna-postaja\/","title":{"rendered":"EcoFlow DELTA 3 1500 Prenosna napajalna postaja"},"content":{"rendered":"<h3>Prenosna elektrarna EcoFlow DELTA 3 1500<\/h3>\n<p>Bodite pripravljeni tudi na dalj\u0161e izpade elektri\u010dne energije in u\u017eivajte v zanesljivem delovanju svojih naprav. Prenosna napajalna postaja EcoFlow DELTA 3 1500 ponuja zmogljivost kar 1,5 kWh (z mo\u017enostjo raz\u0161iritve do 5,5 kWh) in mo\u010d do 1 800 W (ali 2 400 W s funkcijo X-Boost). Hkrati je presenetljivo priro\u010dna za prena\u0161anje &#8211; tehta pribli\u017eno 16,5 kg, njene mere pa so 400 x 212 x 282 mm. Omogo\u010da tudi povezavo kar 13 naprav hkrati in se zelo hitro polni &#8211; za 80-odstotno polnjenje potrebuje pribli\u017eno 60 minut. V 15 ms lahko preklopi tudi na zasilno napajanje in tako zagotovi neprekinjeno delovanje nujne opreme, njegovo delovanje pa olaj\u0161a posebna aplikacija.<\/p>\n<p>\n<img decoding=\"async\" alt=\"\" border=\"0\" src=\"https:\/\/assets.innpro.pl\/11098\/13088\/1.jpg\" title=\"\">\n<\/p>\n<h3>Zmogljivost 1,5 kWh z mo\u017enostjo raz\u0161iritve<\/h3>\n<p>Postajo odlikuje impresivna zmogljivost 1,5 kWh, zato zagotavlja dolgotrajno delovanje bistvene opreme. Na primer, televizor lahko napaja pribli\u017eno 12 ur, prenosni ra\u010dunalnik pa lahko napolnite pribli\u017eno 24-krat. Ali je to \u0161e vedno premalo? Izkoristite mo\u017enost raz\u0161iritve zmogljivosti postaje na kar 5,5 kWh! Naprava DELTA 3 1500 ni zdru\u017eljiva le z zanjo namenjenim baterijskim paketom, temve\u010d tudi z baterijami za naprave DELTA 2, DELTA 2 Max in DELTA Pro 3.<\/p>\n<p>\n<img decoding=\"async\" alt=\"\" border=\"0\" src=\"https:\/\/assets.innpro.pl\/11098\/13088\/9.jpg\" title=\"\">\n<\/p>\n<h3>\u0160iroke mo\u017enosti napajanja<\/h3>\n<p>DELTA 3 1500 zagotavlja do 1 800 W izhodne mo\u010di, v na\u010dinu X-Boost pa zlahka prenese obremenitve do 2 400 W. Tako lahko napaja ve\u010dino pogosto uporabljenih naprav, kot so na primer hladilnik, pametni telefon, televizor, zvo\u010dnik ali celo mikrovalovna pe\u010dica ali aparat za kavo. Poleg tega vam je na voljo 13 razli\u010dnih priklju\u010dkov &#8211; \u0161tiri vti\u010dnice za izmeni\u010dni tok (do 1800 W), dva priklju\u010dka za hitro polnjenje USB-A (do 18 W), dva priklju\u010dka USB-A (do 12 W), dva priklju\u010dka USB-C (do 100 W), avtomobilski izhod (12,6 V, do 126 W) in dva priklju\u010dka DC5521 (12,6 V, do 3 A). Tako lahko nanj hkrati priklju\u010dite kar 13 naprav!<\/p>\n<p>\n<img decoding=\"async\" alt=\"\" border=\"0\" src=\"https:\/\/assets.innpro.pl\/11098\/13088\/5.jpg\" title=\"\">\n<\/p>\n<h3>Hitro polnjenje<\/h3>\n<p>Ne \u010dakajte predolgo, da bo postaja spet pripravljena za uporabo. Zahvaljujo\u010d tehnologiji X-Stream lahko polnjenje postaje DELTA 3 1500 od 0 % do 80 % traja le pribli\u017eno 60 minut, od 0 % do 100 % pa pribli\u017eno 90 minut. To pomeni, da jo boste imeli v trenutku pripravljeno za napajanje va\u0161ih osnovnih naprav doma, v pisarni ali na kampiranju!<\/p>\n<p>\n<img decoding=\"async\" alt=\"\" border=\"0\" src=\"https:\/\/assets.innpro.pl\/11098\/13088\/12.jpg\" title=\"\">\n<\/p>\n<h3>Napravo boste polnili na ve\u010d na\u010dinov<\/h3>\n<p>Postajo lahko polnite na ve\u010d na\u010dinov, kar vam omogo\u010da, da jo preprosto pripravite za uporabo v skoraj vseh okoli\u0161\u010dinah. Z uporabo vti\u010dnice za izmeni\u010dni tok jo boste napolnili v pribli\u017eno 1,5 ure, z uporabo fotovoltai\u010dnih panelov z mo\u010djo do 500 W pa v pribli\u017eno 3,5 ure. Uporabite lahko tudi generator elektri\u010dne energije. Na voljo je tudi mo\u017enost polnjenja naprave DELTA 3.1500 iz alternatorja v avtomobilu &#8211; za to boste potrebovali pribli\u017eno 2,1 ure. Obstaja tudi mo\u017enost kombinacije fotonapetostnih panelov in vti\u010dnice za izmeni\u010dni tok &#8211; s tem se bo polna mo\u010d postaje obnovila v pribli\u017eno 1,5 ure.<\/p>\n<p>\n<img decoding=\"async\" alt=\"\" border=\"0\" src=\"https:\/\/assets.innpro.pl\/11098\/13088\/8.jpg\" title=\"\">\n<\/p>\n<h3>Zanesljivo zasilno napajanje<\/h3>\n<p>Izpad elektri\u010dne energije je pogosto nepredvidljiv, vendar se lahko nanj pripravite. Postaja DELTA 3 1500 podpira funkcijo UPS, ki ji omogo\u010da preklop na zasilno napajanje v samo 15 ms. Tako boste lahko poskrbeli za neprekinjeno delovanje nujne opreme, kot sta na primer hladilnik ali aparat CPAP.<\/p>\n<p>\n<img decoding=\"async\" alt=\"\" border=\"0\" src=\"https:\/\/assets.innpro.pl\/11098\/13088\/3.jpg\" title=\"\">\n<\/p>\n<h3>Visokokakovostna baterija<\/h3>\n<p>Postaja EcoFlow DELTA 3 1500 je opremljena z vrhunsko baterijo LFP, ki jo odlikuje \u017eivljenjska doba 3 000 ciklov polnjenja (do 70 % zmogljivosti). Zaradi tega vam lahko dobro slu\u017ei do 10 let! Poleg tega jo pred \u0161kropljenjem in prahom \u0161\u010diti stopnja za\u0161\u010dite IP54, za njeno zanesljivo delovanje pa je odgovoren inteligentni sistem upravljanja BMS. Omembe vredna je tudi za\u0161\u010dita pred toplotnim \u0161irjenjem, ki zmanj\u0161uje tveganje za nevarnosti, kot so na primer po\u017eari.<\/p>\n<p>\n<img decoding=\"async\" alt=\"\" border=\"0\" src=\"https:\/\/assets.innpro.pl\/11098\/13088\/7.jpg\" title=\"\">\n<\/p>\n<h3>Prenosna zasnova<\/h3>\n<p>Naprava DELTA 3 1500 zdru\u017euje zmogljive zmogljivosti s prenosno zasnovo. Naprava tehta pribli\u017eno 16,5 kg, njene mere pa so 400 x 212 x 282 mm. Zaradi tega vam njen prevoz ne bo povzro\u010dal nobenih te\u017eav! Brez te\u017eav jo lahko na primer odnesete na vrt, uporabite v doma\u010di delavnici ali jo spravite v prtlja\u017enik avtomobila.<\/p>\n<p>\n<img decoding=\"async\" alt=\"\" border=\"0\" src=\"https:\/\/assets.innpro.pl\/11098\/13088\/4.jpg\" title=\"\">\n<\/p>\n<h3>Priro\u010dno upravljanje z aplikacijo<\/h3>\n<p>Prenesite aplikacijo EcoFlow in u\u017eivajte v priro\u010dnem upravljanju postaje na daljavo. Zdaj lahko z nekaj kliki na pametnem telefonu na primer preverite trenutne parametre, izvedete posodobitev programske opreme ali spremenite nastavitve! Prilagodite lahko tudi porabo energije, da boste \u0161e u\u010dinkoviteje uporabljali elektri\u010dno energijo in prihranili pri ra\u010dunih.<\/p>\n<p>\n<img decoding=\"async\" alt=\"\" border=\"0\" src=\"https:\/\/assets.innpro.pl\/11098\/13088\/6.jpg\" title=\"\">\n<\/p>\n<h3>Vklju\u010deno<\/h3>\n<ul class=\"list-disc pl-5\">\n<li>Napajalna postaja EcoFlow DELTA 3 1500<\/li>\n<li>Kabel za polnjenje z izmeni\u010dnim tokom<\/li>\n<li>Avtomobilski polnilni kabel<\/li>\n<li>Kabel od DC5521 do DC5525<\/li>\n<li>priro\u010dnik za hiter zagon in garancijski list<\/li>\n<\/ul>\n<div class=\"table-wrapper\">\n<h3>General<\/h3>\n<table>\n<tbody>\n<tr>\n<th>Proizvajalec<\/th>\n<td>EcoFlow<\/td>\n<\/tr>\n<tr>\n<th>Model<\/th>\n<td>DELTA 3 1500<\/td>\n<\/tr>\n<tr>\n<th>Color<\/th>\n<td>Srebrna<\/td>\n<\/tr>\n<tr>\n<th>Capacity<\/th>\n<td>1536 Wh<\/td>\n<\/tr>\n<tr>\n<th>Weight<\/th>\n<td>\u2264 16,5 kg<\/td>\n<\/tr>\n<tr>\n<th>Dimenzije<\/th>\n<td>400 x 212 x 282 mm<\/td>\n<\/tr>\n<tr>\n<th>Uporaba<\/th>\n<td>Da<\/td>\n<\/tr>\n<tr>\n<th>Raz\u0161irljiva zmogljivost<\/th>\n<td>Da, do 5,5 kWh (zdru\u017eljivost z dodatnimi baterijami za EcoFlow DELTA 3, DELTA 2 Max, DELTA 2, DELTA Pro 3)<\/td>\n<\/tr>\n<\/tbody>\n<\/table>\n<h3>Izhodi<\/h3>\n<table>\n<tbody>\n<tr>\n<th>Skupno \u0161tevilo izhodnih priklju\u010dkov<\/th>\n<td>13<\/td>\n<\/tr>\n<tr>\n<th>AC<\/th>\n<td>4x 1800 W (najve\u010dja trenutna mo\u010d 3600 W)<\/td>\n<\/tr>\n<tr>\n<th>Najve\u010dja mo\u010d s funkcijo X-Boost<\/th>\n<td>2400 W<\/td>\n<\/tr>\n<tr>\n<th>USB-A (za hitro polnjenje)<\/th>\n<td>2x 18 W max.<\/td>\n<\/tr>\n<tr>\n<th>USB-A<\/th>\n<td>2x 12 W max.<\/td>\n<\/tr>\n<tr>\n<th>USB-C<\/th>\n<td>2x 100 W max.<\/td>\n<\/tr>\n<tr>\n<th>Avtomobilski izhod<\/th>\n<td>12,6 V 10 A, 126 W max.<\/td>\n<\/tr>\n<tr>\n<th>DC izhod 5521<\/th>\n<td>2x 12,6 V, 3 A max.<\/td>\n<\/tr>\n<\/tbody>\n<\/table>\n<h3>Vhodi<\/h3>\n<table>\n<tbody>\n<tr>\n<th>Polnjenje z izmeni\u010dnim tokom<\/th>\n<td>1500 W (pribli\u017eno 1,5 h)<\/td>\n<\/tr>\n<tr>\n<th>Polnjenje s fotovoltai\u010dnimi paneli<\/th>\n<td>Vhod za enosmerni tok 11-60 V, 1x 500 W max (pribli\u017eno 3,5 h)<\/td>\n<\/tr>\n<tr>\n<th>Polnjenje s pametnim generatorjem<\/th>\n<td>1500 W (pribli\u017eno 1,5 h)<\/td>\n<\/tr>\n<tr>\n<th>Polnjenje v avtomobilu<\/th>\n<td>800 W (pribli\u017eno 2,1 h)<\/td>\n<\/tr>\n<tr>\n<th>Polnjenje z izmeni\u010dnim tokom + fotovoltai\u010dni paneli<\/th>\n<td>1500 W (pribli\u017eno 1,5 min)<\/td>\n<\/tr>\n<\/tbody>\n<\/table>\n<h3>Baterija<\/h3>\n<table>\n<tbody>\n<tr>\n<th>Vrsta<\/th>\n<td>LFP<\/td>\n<\/tr>\n<tr>\n<th>\u017divljenjska doba<\/th>\n<td>Pribli\u017eno 3000 ciklov polnjenja (do 70 % zmogljivosti)<\/td>\n<\/tr>\n<\/tbody>\n<\/table>\n<h3>Drugo<\/h3>\n<table>\n<tbody>\n<tr>\n<th>Za\u0161\u010ditni razred baterije<\/th>\n<td>IP54<\/td>\n<\/tr>\n<tr>\n<th>UPS<\/th>\n<td>&lt; 15 ms<\/td>\n<\/tr>\n<tr>\n<th>Raven hrupa<\/th>\n<td>&lt; 35 dB (pri obremenitvi 600 W) \/ &lt; 45 dB (pri obremenitvi 1200 W)<\/td>\n<\/tr>\n<\/tbody>\n<\/table>\n<\/div>","protected":false},"excerpt":{"rendered":"<p>Na zalogi pri zunanjem dobavitelju. Rok dobave 3-7 delovnih dni.<\/p>","protected":false},"featured_media":32317,"template":"","meta":{"_monsterinsights_skip_tracking":false,"_monsterinsights_sitenote_active":false,"_monsterinsights_sitenote_note":"","_monsterinsights_sitenote_category":0},"product_brand":[],"product_cat":[101,296,255],"product_tag":[],"class_list":{"0":"post-32323","1":"product","2":"type-product","3":"status-publish","4":"has-post-thumbnail","6":"product_cat-pametni-dom","7":"product_cat-solarna-tehnika","8":"product_cat-vsi","10":"first","11":"outofstock","12":"taxable","13":"shipping-taxable","14":"purchasable","15":"product-type-simple"},"jetpack_sharing_enabled":true,"_links":{"self":[{"href":"https:\/\/kobra.si\/en\/wp-json\/wp\/v2\/product\/32323","targetHints":{"allow":["GET"]}}],"collection":[{"href":"https:\/\/kobra.si\/en\/wp-json\/wp\/v2\/product"}],"about":[{"href":"https:\/\/kobra.si\/en\/wp-json\/wp\/v2\/types\/product"}],"version-history":[{"count":1,"href":"https:\/\/kobra.si\/en\/wp-json\/wp\/v2\/product\/32323\/revisions"}],"predecessor-version":[{"id":33797,"href":"https:\/\/kobra.si\/en\/wp-json\/wp\/v2\/product\/32323\/revisions\/33797"}],"wp:featuredmedia":[{"embeddable":true,"href":"https:\/\/kobra.si\/en\/wp-json\/wp\/v2\/media\/32317"}],"wp:attachment":[{"href":"https:\/\/kobra.si\/en\/wp-json\/wp\/v2\/media?parent=32323"}],"wp:term":[{"taxonomy":"product_brand","embeddable":true,"href":"https:\/\/kobra.si\/en\/wp-json\/wp\/v2\/product_brand?post=32323"},{"taxonomy":"product_cat","embeddable":true,"href":"https:\/\/kobra.si\/en\/wp-json\/wp\/v2\/product_cat?post=32323"},{"taxonomy":"product_tag","embeddable":true,"href":"https:\/\/kobra.si\/en\/wp-json\/wp\/v2\/product_tag?post=32323"}],"curies":[{"name":"wp","href":"https:\/\/api.w.org\/{rel}","templated":true}]}}